{"id":90,"date":"2018-07-31T15:09:08","date_gmt":"2018-07-31T08:09:08","guid":{"rendered":"https:\/\/btfhandmadestore.com\/?page_id=90"},"modified":"2023-07-10T08:40:22","modified_gmt":"2023-07-10T01:40:22","slug":"phuong-thuc-thanh-toan","status":"publish","type":"page","link":"https:\/\/toangiamayvanphong.vn\/?page_id=90","title":{"rendered":"H\u00ecnh th\u1ee9c thanh to\u00e1n"},"content":{"rendered":"<h2 style=\"text-align: center;\"><span style=\"color: #008000;\"><strong><span style=\"color: #000000;\">THANH TO\u00c1N TR\u1ef0C TI\u1ebeP T\u1ea0I<\/span>\u00a0<\/strong><\/span><\/h2>\n<p style=\"text-align: center;\"><span style=\"color: #ed1c24;\"><strong>C\u00d4NG TY TNHH TM-DV \u0110\u1ea6U T\u01af &amp; PH\u00c1T TRI\u1ec2N C\u00d4NG NGH\u1ec6 TO\u00c0N GIA<\/strong><\/span><\/p>\n<p style=\"text-align: center;\"><span style=\"color: #000000;\"><strong>VPGD:<\/strong>\u00a0<em>S\u1ed1 nh\u00e0 11, ng\u00e1ch 1, ng\u00f5 88 ph\u1ed1 Gi\u00e1p Nh\u1ecb, Th\u1ecbnh Li\u1ec7t, Ho\u00e0ng Mai, H\u00e0 N\u1ed9i<\/em><\/span><br \/><span style=\"color: #000000;\"><strong>X\u01b0\u1edfng s\u1ea3n xu\u1ea5t:<\/strong><em>\u00a0L\u1ea1c \u0110\u1ea1o, V\u0103n L\u00e2m, H\u01b0ng Y\u00ean<\/em><\/span><\/p>\n<div class=\"icon-box featured-box icon-box-center text-center\" style=\"text-align: center;\">\n<div class=\"icon-box-img\">\n<div class=\"icon\">\n<div class=\"icon-inner\"><strong style=\"color: #000000; font-size: 14.4px;\">Tr\u1ee5 s\u1edf ch\u00ednh:<\/strong><span style=\"color: #000000; font-size: 14.4px;\">\u00a0S\u1ed1 nh\u00e0 11, ng\u00e1ch 1, ng\u00f5 88 ph\u1ed1 Gi\u00e1p Nh\u1ecb, Th\u1ecbnh Li\u1ec7t, Ho\u00e0ng Mai, H\u00e0 N\u1ed9i<\/span><\/div>\n<\/div>\n<\/div>\n<div class=\"icon-box-text last-reset\">\n<p><span style=\"color: #000000;\"><strong>X\u01b0\u1edfng s\u1ea3n xu\u1ea5t:<\/strong>\u00a0L\u1ea1c \u0110\u1ea1o, V\u0103n L\u00e2m, H\u01b0ng Y\u00ean<\/span><\/p>\n<\/div>\n<\/div>\n<div class=\"icon-box featured-box icon-box-center text-center\" style=\"text-align: center;\">\n<div class=\"icon-box-img\">\n<div class=\"icon\">\n<div class=\"icon-inner\"><strong style=\"color: #555555; font-size: 14.4px;\">Hotline mua h\u00e0ng:<\/strong><span style=\"color: #555555; font-size: 14.4px;\">\u00a0<\/span><strong style=\"color: #555555; font-size: 14.4px;\">094 3030 117<\/strong><\/div>\n<\/div>\n<\/div>\n<div class=\"icon-box-text last-reset\">\n<p><strong>Hotline ph\u1ea3n \u00e1nh d\u1ecbch v\u1ee5:094 3030 117<\/strong><\/p>\n<\/div>\n<\/div>\n<div class=\"icon-box featured-box icon-box-center text-center\" style=\"text-align: center;\">\n<div class=\"icon-box-img\">\n<div class=\"icon\">\n<div class=\"icon-inner\"><strong style=\"color: #555555; font-size: 14.4px;\">Email:<\/strong><span style=\"color: #555555; font-size: 14.4px;\">\u00a0\u00a0toangiamayvanphong@gmail.com<\/span><\/div>\n<\/div>\n<\/div>\n<\/div>\n<p><strong><span style=\"color: #ed1c24;\">Kh\u00e1ch h\u00e0ng c\u00f3 th\u1ec3 thanh to\u00e1n b\u1eb1ng ti\u1ec1n m\u1eb7t ho\u1eb7c chuy\u1ec3n kho\u1ea3n theo th\u00f4ng tin sau: <\/span><\/strong><\/p>\n<p><strong><span style=\"color: #000000;\">Chuy\u1ec3n kho\u1ea3n c\u00e1 nh\u00e2n<\/span><\/strong><\/p>\n<p>T\u00ean TK: <span style=\"color: #f99b1c;\">S\u00e1i V\u0103n Tuynh.<\/span> STK: 1991.000.000.3353 T\u1ea1i BIDV s\u1edf giao d\u1ecbch 1<\/p>\n<p>2.T\u00ean TK: <span style=\"color: #f99b1c;\">\u0110\u00e0o Th\u1ecb Ng\u1ecdc Anh.<\/span> STK: 116629631 T\u1ea1i VPBank CN Kinh \u0110\u00f4<\/p>\n<p>3.T\u00ean TK: <span style=\"color: #f99b1c;\">\u0110\u00e0o Th\u1ecb Ng\u1ecdc ANH<\/span>. STK: 0691000329663 t\u1ea1i VCB CN T\u00e2y H\u00e0 N\u1ed9i.Bank code Chi nh\u00e1nh l\u00e0 01203009&#8243;<\/p>\n<p>4.T\u00ean TK : <span style=\"color: #f99b1c;\">\u0110\u00e0o Th\u1ecb Ng\u1ecdc ANH<\/span>. STK: 29437677 t\u1ea1i ACB PGD Kim \u0110\u1ed3ng<\/p>\n<p><strong><span style=\"color: #000000;\">Chuy\u1ec3n kho\u1ea3n c\u00f4ng ty.<\/span><\/strong><\/p>\n<p>T\u00ean TK: <span style=\"color: #ff6600;\">C\u00d4NG TY TNHH TM-DV \u0110T &amp; PT C\u00d4NG NGH\u1ec6 TO\u00c0N GIA <\/span><\/p>\n<p>1. T\u00e0i kho\u1ea3n : 1500201096960 t\u1ea1i Ng\u00e2n h\u00e0ng N\u00f4ng nghi\u1ec7p v\u00e0 Ph\u00e1t tri\u1ec3n N\u00f4ng th\u00f4n Vi\u1ec7t Nam- CN H\u00e0 N\u1ed9i- PGD T\u00e2n Mai.<\/p>\n<p>2. T\u00e0i kho\u1ea3n: 17860 2737 &#8211; t\u1ea1i NH Vi\u1ec7t Nam Th\u1ecbnh V\u01b0\u1ee3ng (VPBANK)- CN H\u00e0 N\u1ed9i &#8211; PGD Nam H\u00e0 N\u1ed9i (L\u01b0u \u00fd: KH ttck xong xin ch\u1ee5p \u1ea3nh l\u1ec7nh chuy\u1ec3n ti\u1ec1n g\u1eedi ch\u00fang t\u00f4i v\u00e0o C\u00f4ng n\u1ee3 \u0111\u01b0\u1ee3c ch\u00ednh x\u00e1c!)<\/p>\n<p><span style=\"color: #0000ff;\">Xin c\u1ea3m \u01a1n!<\/span><\/p>\n","protected":false},"excerpt":{"rendered":"<p>THANH TO\u00c1N TR\u1ef0C TI\u1ebeP T\u1ea0I\u00a0 C\u00d4NG TY TNHH TM-DV \u0110\u1ea6U T\u01af &amp; PH\u00c1T TRI\u1ec2N C\u00d4NG NGH\u1ec6 TO\u00c0N GIA VPGD:\u00a0S\u1ed1 nh\u00e0 11, ng\u00e1ch 1, ng\u00f5 88 ph\u1ed1 Gi\u00e1p Nh\u1ecb, Th\u1ecbnh Li\u1ec7t, Ho\u00e0ng Mai, H\u00e0 N\u1ed9iX\u01b0\u1edfng s\u1ea3n xu\u1ea5t:\u00a0L\u1ea1c \u0110\u1ea1o, V\u0103n L\u00e2m, H\u01b0ng Y\u00ean Tr\u1ee5 s\u1edf ch\u00ednh:\u00a0S\u1ed1 nh\u00e0 11, ng\u00e1ch 1, ng\u00f5 88 ph\u1ed1 Gi\u00e1p Nh\u1ecb, Th\u1ecbnh Li\u1ec7t, &#8230;<\/p>\n","protected":false},"author":2,"featured_media":0,"parent":0,"menu_order":0,"comment_status":"closed","ping_status":"closed","template":"page-right-sidebar.php","meta":{"footnotes":""},"class_list":["post-90","page","type-page","status-publish","hentry"],"_links":{"self":[{"href":"https:\/\/toangiamayvanphong.vn\/index.php?rest_route=\/wp\/v2\/pages\/90","targetHints":{"allow":["GET"]}}],"collection":[{"href":"https:\/\/toangiamayvanphong.vn\/index.php?rest_route=\/wp\/v2\/pages"}],"about":[{"href":"https:\/\/toangiamayvanphong.vn\/index.php?rest_route=\/wp\/v2\/types\/page"}],"author":[{"embeddable":true,"href":"https:\/\/toangiamayvanphong.vn\/index.php?rest_route=\/wp\/v2\/users\/2"}],"replies":[{"embeddable":true,"href":"https:\/\/toangiamayvanphong.vn\/index.php?rest_route=%2Fwp%2Fv2%2Fcomments&post=90"}],"version-history":[{"count":10,"href":"https:\/\/toangiamayvanphong.vn\/index.php?rest_route=\/wp\/v2\/pages\/90\/revisions"}],"predecessor-version":[{"id":2625,"href":"https:\/\/toangiamayvanphong.vn\/index.php?rest_route=\/wp\/v2\/pages\/90\/revisions\/2625"}],"wp:attachment":[{"href":"https:\/\/toangiamayvanphong.vn\/index.php?rest_route=%2Fwp%2Fv2%2Fmedia&parent=90"}],"curies":[{"name":"wp","href":"https:\/\/api.w.org\/{rel}","templated":true}]}}