{"id":92,"date":"2018-07-31T15:09:16","date_gmt":"2018-07-31T08:09:16","guid":{"rendered":"https:\/\/btfhandmadestore.com\/?page_id=92"},"modified":"2024-03-24T07:59:38","modified_gmt":"2024-03-24T00:59:38","slug":"lien-he","status":"publish","type":"page","link":"https:\/\/toangiamayvanphong.vn\/?page_id=92","title":{"rendered":"Li\u00ean h\u1ec7"},"content":{"rendered":"<p style=\"text-align: center;\"><span style=\"color: #ff00ff;\">B\u1ea3n \u0111\u1ed3 \u0111\u01b0\u1eddng \u0111i:<\/span><\/p>\n<p><iframe loading=\"lazy\" style=\"border: 0;\" src=\"https:\/\/www.google.com\/maps\/embed?pb=!1m18!1m12!1m3!1d3725.4218804215666!2d105.84422897554732!3d20.975719380660372!2m3!1f0!2f0!3f0!3m2!1i1024!2i768!4f13.1!3m3!1m2!1s0x3135ad4f9ce26817%3A0x43f4cd413980bc37!2zQ8OUTkcgVFkgVE5ISCBUTS1EViDEkOG6plUgVMavICYgUEjDgVQgVFJJ4buCTiBDw5RORyBOR0jhu4YgVE_DgE4gR0lB!5e0!3m2!1svi!2s!4v1684480478317!5m2!1svi!2s\" width=\"2000\" height=\"350\" allowfullscreen=\"allowfullscreen\"><\/iframe><\/p>\n<p style=\"text-align: center;\"><span style=\"color: #ed1c24;\"><strong>C\u00d4NG TY TNHH TM-DV \u0110\u1ea6U T\u01af &amp; PH\u00c1T TRI\u1ec2N C\u00d4NG NGH\u1ec6 TO\u00c0N GIA<\/strong><\/span><br \/><strong><span style=\"color: #0000ff;\">VPGD<\/span>:<\/strong>\u00a0<em><span style=\"color: #000000;\">S\u1ed1 nh\u00e0 11, ng\u00e1ch 1, ng\u00f5 88 ph\u1ed1 Gi\u00e1p Nh\u1ecb, Th\u1ecbnh Li\u1ec7t, Ho\u00e0ng Mai, H\u00e0 N\u1ed9i<\/span><\/em><br \/><span style=\"color: #0000ff;\"><strong>X\u01b0\u1edfng s\u1ea3n xu\u1ea5t:<\/strong><\/span><em>\u00a0<span style=\"color: #000000;\">L\u1ea1c \u0110\u1ea1o, V\u0103n L\u00e2m, H\u01b0ng Y\u00ean<\/span><\/em><\/p>\n\n\t\t<div class=\"icon-box featured-box icon-box-center text-center\"  >\n\t\t\t\t\t<div class=\"icon-box-img\" style=\"width: 22px\">\n\t\t\t\t<div class=\"icon\">\n\t\t\t\t\t<div class=\"icon-inner\" >\n\t\t\t\t\t\t<img loading=\"lazy\" decoding=\"async\" width=\"18\" height=\"27\" src=\"https:\/\/toangiamayvanphong.vn\/wp-content\/uploads\/2018\/08\/icon-lienhe-1.png\" class=\"attachment-medium size-medium\" alt=\"\" \/>\t\t\t\t\t<\/div>\n\t\t\t\t<\/div>\n\t\t\t<\/div>\n\t\t\t\t<div class=\"icon-box-text last-reset\">\n\t\t\t\t\t\t\t\t\t\n<p><span style=\"font-size: 90%;\"><span style=\"color: #ff6600;\"><strong>Tr\u1ee5 s\u1edf ch\u00ednh:<\/strong><\/span> S\u1ed1 nh\u00e0 11, ng\u00e1ch 1, ng\u00f5 88 ph\u1ed1 Gi\u00e1p Nh\u1ecb, Th\u1ecbnh Li\u1ec7t, Ho\u00e0ng Mai, H\u00e0 N\u1ed9i<\/span><br \/><span style=\"color: #ff6600;\"><strong>X\u01b0\u1edfng s\u1ea3n xu\u1ea5t:<\/strong><\/span>&nbsp;L\u1ea1c \u0110\u1ea1o, V\u0103n L\u00e2m, H\u01b0ng Y\u00ean<\/p>\n\t\t<\/div>\n\t<\/div>\n\t\n\t\n\n\t\t<div class=\"icon-box featured-box icon-box-center text-center\"  >\n\t\t\t\t\t<div class=\"icon-box-img\" style=\"width: 20px\">\n\t\t\t\t<div class=\"icon\">\n\t\t\t\t\t<div class=\"icon-inner\" >\n\t\t\t\t\t\t<img loading=\"lazy\" decoding=\"async\" width=\"18\" height=\"26\" src=\"https:\/\/toangiamayvanphong.vn\/wp-content\/uploads\/2018\/08\/icon-lienhe-2.png\" class=\"attachment-medium size-medium\" alt=\"\" \/>\t\t\t\t\t<\/div>\n\t\t\t\t<\/div>\n\t\t\t<\/div>\n\t\t\t\t<div class=\"icon-box-text last-reset\">\n\t\t\t\t\t\t\t\t\t\n<p><span style=\"font-size: 90%;\"><strong>Hotline mua h\u00e0ng:<\/strong> <strong>094 3030 117<\/strong><br \/><strong>Hotline ph\u1ea3n \u00e1nh d\u1ecbch v\u1ee5:094 3030 117<\/strong><\/span><\/p>\n\t\t<\/div>\n\t<\/div>\n\t\n\t\n\n\t\t<div class=\"icon-box featured-box icon-box-center text-center\"  >\n\t\t\t\t\t<div class=\"icon-box-img\" style=\"width: 24px\">\n\t\t\t\t<div class=\"icon\">\n\t\t\t\t\t<div class=\"icon-inner\" >\n\t\t\t\t\t\t<img loading=\"lazy\" decoding=\"async\" width=\"25\" height=\"15\" src=\"https:\/\/toangiamayvanphong.vn\/wp-content\/uploads\/2018\/08\/icon-lienhe-3.png\" class=\"attachment-medium size-medium\" alt=\"\" \/>\t\t\t\t\t<\/div>\n\t\t\t\t<\/div>\n\t\t\t<\/div>\n\t\t\t\t<div class=\"icon-box-text last-reset\">\n\t\t\t\t\t\t\t\t\t\n<p><span style=\"font-size: 90%;\"><strong>Email:<\/strong> &nbsp;toangiamayvanphong@gmail.com<\/span><\/p>\n\t\t<\/div>\n\t<\/div>\n\t\n\t\n\n\t<div id=\"col-1520589250\" class=\"col small-12 large-12 small-col-first\"  >\n\t\t\t\t<div class=\"col-inner text-center\"  >\n\t\t\t\n\t\t\t\n<style id=\"wpforms-css-vars-3335\">\n\t\t\t\t#wpforms-3335 {\n\t\t\t\t\n\t\t\t}\n\t\t\t<\/style><div class=\"wpforms-container wpforms-container-full wpforms-render-modern\" id=\"wpforms-3335\"><form id=\"wpforms-form-3335\" class=\"wpforms-validate wpforms-form wpforms-ajax-form\" data-formid=\"3335\" method=\"post\" enctype=\"multipart\/form-data\" action=\"\/index.php?rest_route=%2Fwp%2Fv2%2Fpages%2F92\" data-token=\"6c7a35aa4566ad1fcc5790f2f4afdf76\" data-token-time=\"1778386032\"><noscript class=\"wpforms-error-noscript\">Vui l\u00f2ng b\u1eadt JavaScript trong tr\u00ecnh duy\u1ec7t c\u1ee7a b\u1ea1n \u0111\u1ec3 ho\u00e0n th\u00e0nh Form n\u00e0y.<\/noscript><div id=\"wpforms-error-noscript\" style=\"display: none;\">Vui l\u00f2ng b\u1eadt JavaScript trong tr\u00ecnh duy\u1ec7t c\u1ee7a b\u1ea1n \u0111\u1ec3 ho\u00e0n th\u00e0nh Form n\u00e0y.<\/div><div class=\"wpforms-field-container\"><div id=\"wpforms-3335-field_1-container\" class=\"wpforms-field wpforms-field-name\" data-field-id=\"1\"><fieldset><legend class=\"wpforms-field-label\">Name <span class=\"wpforms-required-label\" aria-hidden=\"true\">*<\/span><\/legend><div class=\"wpforms-field-row wpforms-field-medium\"><div class=\"wpforms-field-row-block wpforms-first wpforms-one-half\"><input type=\"text\" id=\"wpforms-3335-field_1\" class=\"wpforms-field-name-first wpforms-field-required\" name=\"wpforms[fields][1][first]\" aria-errormessage=\"wpforms-3335-field_1-error\" required><label for=\"wpforms-3335-field_1\" class=\"wpforms-field-sublabel after\">T\u00ean<\/label><\/div><div class=\"wpforms-field-row-block wpforms-one-half\"><input type=\"text\" id=\"wpforms-3335-field_1-last\" class=\"wpforms-field-name-last wpforms-field-required\" name=\"wpforms[fields][1][last]\" aria-errormessage=\"wpforms-3335-field_1-last-error\" required><label for=\"wpforms-3335-field_1-last\" class=\"wpforms-field-sublabel after\">H\u1ecd<\/label><\/div><\/div><\/fieldset><\/div><div id=\"wpforms-3335-field_7-container\" class=\"wpforms-field wpforms-field-email\" data-field-id=\"7\"><label class=\"wpforms-field-label\" for=\"wpforms-3335-field_7\">Email <span class=\"wpforms-required-label\" aria-hidden=\"true\">*<\/span><\/label><input type=\"email\" id=\"wpforms-3335-field_7\" class=\"wpforms-field-medium wpforms-field-required\" name=\"wpforms[fields][7]\" spellcheck=\"false\" aria-errormessage=\"wpforms-3335-field_7-error\" required><\/div><div id=\"wpforms-3335-field_2-container\" class=\"wpforms-field wpforms-field-radio\" data-field-id=\"2\"><fieldset><legend class=\"wpforms-field-label\">Can you make it?<\/legend><ul id=\"wpforms-3335-field_2\"><li class=\"choice-1 depth-1\"><input type=\"radio\" id=\"wpforms-3335-field_2_1\" name=\"wpforms[fields][2]\" value=\"Yes\" aria-errormessage=\"wpforms-3335-field_2_1-error\"  ><label class=\"wpforms-field-label-inline\" for=\"wpforms-3335-field_2_1\">Yes<\/label><\/li><li class=\"choice-2 depth-1\"><input type=\"radio\" id=\"wpforms-3335-field_2_2\" name=\"wpforms[fields][2]\" value=\"No\" aria-errormessage=\"wpforms-3335-field_2_2-error\"  ><label class=\"wpforms-field-label-inline\" for=\"wpforms-3335-field_2_2\">No<\/label><\/li><li class=\"choice-3 depth-1\"><input type=\"radio\" id=\"wpforms-3335-field_2_3\" name=\"wpforms[fields][2]\" value=\"Not sure\" aria-errormessage=\"wpforms-3335-field_2_3-error\"  ><label class=\"wpforms-field-label-inline\" for=\"wpforms-3335-field_2_3\">Not sure<\/label><\/li><\/ul><\/fieldset><\/div><div id=\"wpforms-3335-field_4-container\" class=\"wpforms-field wpforms-field-select wpforms-field-select-style-classic\" data-field-id=\"4\"><label class=\"wpforms-field-label\" for=\"wpforms-3335-field_4\">How many people will be joining you?<\/label><select id=\"wpforms-3335-field_4\" class=\"wpforms-field-medium\" name=\"wpforms[fields][4]\"><option value=\"Just me\"  class=\"choice-1 depth-1\"  >Just me<\/option><option value=\"+1\"  class=\"choice-2 depth-1\"  >+1<\/option><option value=\"+2\"  class=\"choice-3 depth-1\"  >+2<\/option><option value=\"+3\"  class=\"choice-4 depth-1\"  >+3<\/option><option value=\"+4 or more\"  class=\"choice-5 depth-1\"  >+4 or more<\/option><\/select><\/div><div id=\"wpforms-3335-field_5-container\" class=\"wpforms-field wpforms-field-radio\" data-field-id=\"5\"><fieldset><legend class=\"wpforms-field-label\">Are you bringing anything else?<\/legend><ul id=\"wpforms-3335-field_5\"><li class=\"choice-1 depth-1\"><input type=\"radio\" id=\"wpforms-3335-field_5_1\" name=\"wpforms[fields][5]\" value=\"Snacks\" aria-errormessage=\"wpforms-3335-field_5_1-error\"  ><label class=\"wpforms-field-label-inline\" for=\"wpforms-3335-field_5_1\">Snacks<\/label><\/li><li class=\"choice-2 depth-1\"><input type=\"radio\" id=\"wpforms-3335-field_5_2\" name=\"wpforms[fields][5]\" value=\"Desserts\" aria-errormessage=\"wpforms-3335-field_5_2-error\"  ><label class=\"wpforms-field-label-inline\" for=\"wpforms-3335-field_5_2\">Desserts<\/label><\/li><li class=\"choice-3 depth-1\"><input type=\"radio\" id=\"wpforms-3335-field_5_3\" name=\"wpforms[fields][5]\" value=\"Beverages\" aria-errormessage=\"wpforms-3335-field_5_3-error\"  ><label class=\"wpforms-field-label-inline\" for=\"wpforms-3335-field_5_3\">Beverages<\/label><\/li><\/ul><\/fieldset><\/div><div id=\"wpforms-3335-field_6-container\" class=\"wpforms-field wpforms-field-textarea\" data-field-id=\"6\"><label class=\"wpforms-field-label\" for=\"wpforms-3335-field_6\">Anything else we should know?<\/label><textarea id=\"wpforms-3335-field_6\" class=\"wpforms-field-medium\" name=\"wpforms[fields][6]\" aria-errormessage=\"wpforms-3335-field_6-error\" ><\/textarea><\/div><\/div><!-- .wpforms-field-container --><div class=\"wpforms-submit-container\" ><input type=\"hidden\" name=\"wpforms[id]\" value=\"3335\"><input type=\"hidden\" name=\"page_title\" value=\"\"><input type=\"hidden\" name=\"page_url\" value=\"https:\/\/toangiamayvanphong.vn\/index.php?rest_route=\/wp\/v2\/pages\/92\"><input type=\"hidden\" name=\"url_referer\" value=\"\"><button type=\"submit\" name=\"wpforms[submit]\" id=\"wpforms-submit-3335\" class=\"wpforms-submit\" data-alt-text=\"Sending...\" data-submit-text=\"Submit\" aria-live=\"assertive\" value=\"wpforms-submit\">Submit<\/button><img loading=\"lazy\" decoding=\"async\" src=\"https:\/\/toangiamayvanphong.vn\/wp-content\/plugins\/wpforms-lite\/assets\/images\/submit-spin.svg\" class=\"wpforms-submit-spinner\" style=\"display: none;\" width=\"26\" height=\"26\" alt=\"\u0110ang t\u1ea3i\"><\/div><\/form><\/div>  <!-- .wpforms-container -->\n\t\t<\/div>\n\t\t\t\t\t<\/div>\n\n\t\n","protected":false},"excerpt":{"rendered":"<p>B\u1ea3n \u0111\u1ed3 \u0111\u01b0\u1eddng \u0111i: C\u00d4NG TY TNHH TM-DV \u0110\u1ea6U T\u01af &amp; PH\u00c1T TRI\u1ec2N C\u00d4NG NGH\u1ec6 TO\u00c0N GIAVPGD:\u00a0S\u1ed1 nh\u00e0 11, ng\u00e1ch 1, ng\u00f5 88 ph\u1ed1 Gi\u00e1p Nh\u1ecb, Th\u1ecbnh Li\u1ec7t, Ho\u00e0ng Mai, H\u00e0 N\u1ed9iX\u01b0\u1edfng s\u1ea3n xu\u1ea5t:\u00a0L\u1ea1c \u0110\u1ea1o, V\u0103n L\u00e2m, H\u01b0ng Y\u00ean<\/p>\n","protected":false},"author":2,"featured_media":0,"parent":0,"menu_order":0,"comment_status":"closed","ping_status":"closed","template":"page-blank.php","meta":{"footnotes":""},"class_list":["post-92","page","type-page","status-publish","hentry"],"_links":{"self":[{"href":"https:\/\/toangiamayvanphong.vn\/index.php?rest_route=\/wp\/v2\/pages\/92","targetHints":{"allow":["GET"]}}],"collection":[{"href":"https:\/\/toangiamayvanphong.vn\/index.php?rest_route=\/wp\/v2\/pages"}],"about":[{"href":"https:\/\/toangiamayvanphong.vn\/index.php?rest_route=\/wp\/v2\/types\/page"}],"author":[{"embeddable":true,"href":"https:\/\/toangiamayvanphong.vn\/index.php?rest_route=\/wp\/v2\/users\/2"}],"replies":[{"embeddable":true,"href":"https:\/\/toangiamayvanphong.vn\/index.php?rest_route=%2Fwp%2Fv2%2Fcomments&post=92"}],"version-history":[{"count":23,"href":"https:\/\/toangiamayvanphong.vn\/index.php?rest_route=\/wp\/v2\/pages\/92\/revisions"}],"predecessor-version":[{"id":3337,"href":"https:\/\/toangiamayvanphong.vn\/index.php?rest_route=\/wp\/v2\/pages\/92\/revisions\/3337"}],"wp:attachment":[{"href":"https:\/\/toangiamayvanphong.vn\/index.php?rest_route=%2Fwp%2Fv2%2Fmedia&parent=92"}],"curies":[{"name":"wp","href":"https:\/\/api.w.org\/{rel}","templated":true}]}}