{"id":96,"date":"2018-07-31T15:09:30","date_gmt":"2018-07-31T08:09:30","guid":{"rendered":"https:\/\/btfhandmadestore.com\/?page_id=96"},"modified":"2023-07-08T22:05:40","modified_gmt":"2023-07-08T15:05:40","slug":"gioi-thieu","status":"publish","type":"page","link":"https:\/\/toangiamayvanphong.vn\/?page_id=96","title":{"rendered":"Gi\u1edbi thi\u1ec7u"},"content":{"rendered":"\n<div id=\"banner-1495819109\" class=\"banner has-hover has-parallax\">\n<div class=\"banner-inner fill\">\n<div class=\"banner-layers container\">\n<div id=\"text-box-1766694645\" class=\"text-box banner-layer x50 md-x50 lg-x50 y80 md-y80 lg-y80 res-text\">\n<div class=\"text-box-content text dark\">\n<div class=\"text-inner text-center\">\n<p><strong style=\"font-size: 14.4px;\">C\u00d4NG TY TNHH TM-DV \u0110\u1ea6U T\u01af &amp; PH\u00c1T TRI\u1ec2N CN <\/strong><strong style=\"font-size: 14.4px;\">TO\u00c0N GIA<\/strong><\/p>\n<\/div>\n<\/div>\n<\/div>\n<\/div>\n<\/div>\n<\/div>\n<div id=\"row-1388273600\" class=\"row\">\n<div id=\"col-244880547\" class=\"col small-12 large-12\">\n<div class=\"col-inner\">\n<p>Sau h\u01a1n\u00a0<strong>10<\/strong>\u00a0n\u0103m tri\u1ec3n khai m\u00f4 h\u00ecnh d\u1ecbch v\u1ee5 s\u1eeda ch\u1eefa m\u00e1y in t\u1ea1i nh\u00e0, \u0111\u1ebfn th\u1eddi \u0111i\u1ec3m hi\u1ec7n t\u1ea1i<strong>\u00a0<span style=\"color: #ff9900;\"><em>S\u1eecA CH\u1eeeA M\u00c1Y IN TO\u00c0N GIA<\/em><\/span><\/strong>\u00a0\u0111\u00e3 ph\u1ee5c v\u1ee5 h\u01a1n\u00a0<strong>100.000<\/strong>\u00a0kh\u00e1ch h\u00e0ng l\u00e0 c\u00e1 nh\u00e2n, t\u1ed5 ch\u1ee9c, doanh nghi\u1ec7p l\u1edbn, nh\u1ecf t\u1ea1i khu v\u1ef1c H\u00e0 N\u1ed9i.<\/p>\n<p><span style=\"color: #0000ff;\"><strong>CAM K\u1ebeT KH\u00c1CH H\u00c0NG KH\u00d4NG H\u00c0I L\u00d2NG KH\u00d4NG L\u1ea4Y TI\u1ec0N<\/strong><\/span><\/p>\n<p><span style=\"color: #000000;\">Qu\u00fd kh\u00e1ch \u0111ang c\u00f3 v\u1ea5n \u0111\u1ec1 v\u1ec1 l\u1ed7i m\u00e1y in, \u0111ang c\u1ea7n t\u01b0 v\u1ea5n xin vui l\u00f2ng li\u00ean h\u1ec7 <span style=\"color: #339966;\"><em>B\u1ea4M s\u1ed1\u00a0HOTLINE\u00a0B\u00caN D\u01af\u1edaI<\/em><\/span><\/span><\/p>\n<p><span style=\"color: #ed1c24;\">\u2014\u2013\u00a0<strong><em><u>094 3030 117 B\u1ea5m G\u1ecdi Ngay<\/u><\/em><\/strong><strong><em>\u00a0<\/em><\/strong><em>\u2014\u2013<\/em><\/span><\/p>\n<p><span style=\"color: #0000ff;\"><strong>L\u1ee2I \u00cdCH KH\u00c1CH H\u00c0NG KHI S\u1eec D\u1ee4NG D\u1ecaCH V\u1ee4 S\u1eecA CH\u1eeeA M\u00c1Y IN TO\u00c0N GIA HI\u1ec6N NAY<\/strong><\/span><\/p>\n<p><span style=\"color: #000000;\">\u2013 Ph\u1ee5c v\u1ee5 nhanh ch\u00f3ng. \u201d G\u1ecdi 15 ph\u00fat c\u00f3 m\u1eb7t \u201c<\/span><\/p>\n<p><span style=\"color: #000000;\">\u2013 Ti\u1ebft ki\u1ec7m th\u1eddi gian chi ph\u00ed. \u201d Ch\u1ec9 c\u1ea7n ng\u1ed3i t\u1ea1i b\u00e0n l\u00e0m vi\u1ec7c v\u00e0 b\u1ea5m g\u1ecdi<\/span>\u00a0<\/p>\n<p><strong><em><span style=\"color: #0000ff;\">Hotline<\/span>:<\/em><\/strong><em>\u00a0<span style=\"color: #ed1c24;\"><strong><u>094 3030 117\u2013\u00a00916 35 88 22<\/u> \u00a0<\/strong><\/span><\/em><\/p>\n<p><span style=\"color: #000000;\">\u2013 B\u1ea3o h\u00e0nh t\u1eadn n\u01a1i sau s\u1eeda ch\u1eefa.<\/span><\/p>\n<p><span style=\"color: #000000;\">\u2013 H\u1ed7 tr\u1ee3 t\u01b0 v\u1ea5n Mi\u1ec5n Ph\u00ed 24\/24h qua \u0111i\u1ec7n tho\u1ea1i ho\u1eb7c ph\u1ea7n m\u1ec1m ZALO, FACEBOOK, WEBSITE\u2026<\/span><\/p>\n<p><span style=\"color: #000000;\">\u2013 S\u1eeda m\u00e1y in nh\u01b0 m\u1edbi. \u201d S\u1eeda nhi\u1ec1u d\u00f2ng m\u00e1y in nh\u01b0 Canon\/ HP\/ Brother \/ Samsung \/ Xerox \/ M\u00e1y in m\u00e0u \u2026\u201d<\/span><\/p>\n<p><span style=\"color: #000000;\">\u2013 B\u1ea3n in N\u00c9T, kh\u00f4ng b\u1ecb nh\u00f2e.<\/span><\/p>\n<p><span style=\"color: #000000;\">\u2013 S\u1ed1 l\u01b0\u1ee3ng trang in t\u0103ng.<\/span><\/p>\n<p><span style=\"color: #000000;\">\u2013 M\u00e1y ho\u1ea1t \u0111\u1ed9ng \u00eam \u00e1i, tr\u01a1n chu.<\/span><\/p>\n<p><span style=\"color: #000000;\">\u2013 H\u1ed7 tr\u1ee3 v\u1ec7 sinh s\u1ea1ch s\u1ebd, kh\u00f4ng c\u00f2n M\u1ef0C r\u01a1i r\u1edbt g\u00e2y \u1ea3nh h\u01b0\u1edfng kh\u00f4ng t\u1ed1t v\u1edbi s\u1ee9c kh\u1ecfe.<\/span><\/p>\n<p><span style=\"color: #000000;\">\u2013 Gi\u00e1 \u01b0u \u0111\u00e3i khi kh\u00e1ch h\u00e0ng k\u00fd h\u1ee3p \u0111\u1ed3ng. Chu\u1ea9n gi\u00e1 nh\u1ea5t th\u1ecb tr\u01b0\u1eddng. \u201d K\u1ef9 thu\u1eadt s\u1eeda ch\u1eefa b\u00e1o gi\u00e1 t\u1ea1i n\u01a1i s\u1eeda ch\u1eefa \u201c<\/span><\/p>\n<p><span style=\"color: #000000;\">\u2013\u00a0B\u1ea3o d\u01b0\u1ee1ng mi\u1ec5n ph\u00ed trong qu\u00e1 tr\u00ecnh s\u1eeda ch\u1eefa m\u00e1y in.<\/span><\/p>\n<p><span style=\"color: #000000;\">S\u1ea3n Ph\u1ea9m D\u1ecbch V\u1ee5 Uy T\u00edn N\u0103m 2017 \u2013 \u0110\u1ea1t Top 100<\/span><\/p>\n<p><span style=\"color: #0000ff;\"><strong>CAM K\u1ebeT:<\/strong><\/span><\/p>\n<p><span style=\"color: #000000;\">\u2013 H\u1ec7 th\u1ed1ng m\u00e1y in lu\u00f4n ho\u1ea1t \u0111\u1ed9ng nh\u01b0 m\u1edbi.<\/span><\/p>\n<p><span style=\"color: #000000;\">\u2013 B\u1ea3n in n\u00e9t. Kh\u00f4ng b\u1ecb nh\u00f2e.<\/span><\/p>\n<p><span style=\"color: #000000;\">\u2013 In \u0111\u01b0\u1ee3c nhi\u1ec1u b\u1ea3n in h\u01a1n.<\/span><\/p>\n<p><span style=\"color: #000000;\">\u2013 M\u1ee9c gi\u00e1 \u01b0u \u0111\u00e3i k\u00e8m theo d\u1ecbch v\u1ee5 s\u1eeda ch\u1eefa m\u00e1y in 5 sao.<\/span><\/p>\n<p><span style=\"color: #000000;\">\u2013 D\u1ecbch v\u1ee5 chuy\u00ean nghi\u1ec7p, b\u00e0i b\u1ea3n.<\/span><\/p>\n<p><span style=\"color: #000000;\">B\u1ea1n ch\u01b0a t\u00ecm \u0111\u01b0\u1ee3c \u0111\u1ecba ch\u1ec9\u00a0<strong>UY T\u00cdN<\/strong>\u00a0\u0111\u1ec3 g\u1ecdi ho\u1eb7c b\u1ea1n\u00a0<strong>NG\u1ea0I<\/strong>\u00a0mang \u0111\u1ebfn c\u00e1c c\u1eeda h\u00e0ng s\u1eeda ch\u1eefa. S\u1eeda m\u00e1y in TO\u00c0N GIA l\u00e0 \u0111\u01a1n v\u1ecb chuy\u00ean s\u1eeda ch\u1eefa m\u00e1y in, \u0111\u1ed5 m\u1ef1c m\u00e1y in t\u1ea5t c\u1ea3 c\u00e1c d\u00f2ng m\u00e1y nh\u01b0: SAMSUNG, CANON, HP, PANASONIC\u2026 v\u1edbi gi\u00e1 r\u1ebb nh\u1ea5t, chuy\u00ean nghi\u1ec7p nh\u1ea5t, v\u00e0 ch\u1ea5t l\u01b0\u1ee3ng nh\u1ea5t.<\/span><\/p>\n<p><span style=\"color: #000000;\"><span style=\"color: #ff9900;\"><strong>V\u0102N PH\u00d2NG S\u1eecA CH\u1eeeA M\u00c1Y IN TO\u00c0N GIA T\u1ea0I H\u00c0 N\u1ed8I:<\/strong><\/span><strong>\u00a0<\/strong><\/span><\/p>\n<p><em><span style=\"color: #ed1c24;\"><strong>\u00a0 \u00a0 \u00a0 \u00a0 \u00a0 \u00a0 \u00a0 \u00a0 \u00a0 \u00a0 \u00a0 \u00a0 \u00a0 \u00a0 \u00a0 \u00a0 \u00a0 \u00a0 G\u1eccI 15P C\u00d3 M\u1eb6T<\/strong><\/span><\/em><\/p>\n<p><span style=\"color: #000000;\"><strong><span style=\"color: #0000ff;\">VPGD<\/span>: <span style=\"color: #f99b1c;\">S\u1ed1 11\/1\/Ng\u00f5 88 ph\u1ed1 Gi\u00e1p Nh\u1ecb, Th\u1ecbnh Li\u1ec7t, Ho\u00e0ng Mai, H\u00e0 N\u1ed9i<\/span><\/strong><\/span><\/p>\n<p><span style=\"color: #000000;\"><strong><span style=\"color: #0000ff;\">\u00a0X\u01b0\u1edfng s\u1ea3n xu\u1ea5t<\/span>: <span style=\"color: #f99b1c;\">L\u1ea1c \u0110\u1ea1o, V\u0103n L\u00e2m, H\u01b0ng Y\u00ean M\u1ecdi nhu c\u1ea7u Li\u00ean h\u1ec7:<\/span><\/strong><\/span><\/p>\n<p><span style=\"color: #000000;\"><strong>Hotline: <\/strong><\/span><span style=\"color: #000000;\"><strong>094 3030 117<\/strong><\/span><\/p>\n<p><span style=\"color: #000000;\"><strong>Ph\u00f2ng Kinh doanh v\u00e0 KT: <\/strong><span style=\"color: #ed1c24;\"><strong>0918 92 55 22<\/strong><\/span><\/span><\/p>\n<p><span style=\"color: #000000;\"><strong>Ph\u00f2ng K\u1ebf to\u00e1n:\u00a0<\/strong><span style=\"color: #ed1c24;\"><strong>0916 49 88 22<\/strong><\/span><\/span><\/p>\n<p><span style=\"color: #000000;\"><strong>Tell: <span style=\"color: #ed1c24;\">024 3995 0208 \/\u00a0<\/span><\/strong><span style=\"color: #ed1c24;\"><strong>0916 35 88 22<\/strong><\/span><\/span><\/p>\n<p><span style=\"color: #000000;\"><strong>Gmail:\u00a0<\/strong><strong><a style=\"color: #000000;\" href=\"mailto:toangiamayvanphong@gmail.com\">toangiamayvanphong@gmail.com<\/a><\/strong><\/span><\/p>\n<p><span style=\"color: #000000;\"><strong>Web:<a href=\"https:\/\/toangiamayvanphong.vn\/\">\u00a0<\/a><\/strong><span style=\"color: #0000ff;\"><strong><a style=\"color: #0000ff;\" href=\"https:\/\/toangiamayvanphong.vn\/\">https:\/\/toangiamayvanphong.vn\/<\/a><\/strong><\/span><\/span><\/p>\n<p><span style=\"color: #f99b1c;\"><strong>Chuy\u00ean s\u1eeda ch\u1eefa m\u00e1y in c\u00e1c d\u00f2ng:<\/strong><\/span><\/p>\n<p><span style=\"color: #000000;\">\u2013 <strong>S\u1eeda m\u00e1y in HP:<\/strong><\/span><\/p>\n<ul>\n<li><span style=\"color: #000000;\">Hp Laser\u00a0 5L \/ 6L \/ 3100\u00a0\/ 3150\u00a0\/ 1010\u00a0\/ 1015 \/ 1020 \/ 3015 \/ 3020 \/ 3030 \/ 3050 \/ 3055 \/ 1319F\u00a0\/ 1300 \/ 1000 \/ 1200 \/ 1220 \/ 2500 \/ 3300 \/ 3380 \/ 3330\u00a0\/ 1160 \/ 1320 \/ 3390 \/ 3392\u00a0\/<\/span><\/li>\n<li><span style=\"color: #000000;\">HP Laser jet P1005 \/1006\u00a0\/ P1505 \/ M1522 \/ M1122 -112\u00a0\/ P1102 \/ P1102w \/ P2035 \/ P2035 \/ P2055 \/ P2055d \/ P2055DN.<\/span><\/li>\n<\/ul>\n<p><span style=\"color: #000000;\">\u2013 S\u1eeda m\u00e1y in Canon:<\/span><\/p>\n<ul>\n<li><span style=\"color: #000000;\">Canon 2900\u00a0\/ 3300 \/ 1210\u00a0\/ 3300\u00a0\/ 3050\u00a0\/ 6230\u00a0\/ 151D\u00a0\/ MF3010\u00a0\/ MF211\u00a0\/ MF241\u00a0\/ MF215\u00a0\/ MF232\u00a0\/ MF252\u00a0\/ MF229\/ 6650 \/ 6680 \/ 5980\u00a0\/ 7018 \/7100 \u2026<\/span><\/li>\n<\/ul>\n<p><span style=\"color: #000000;\">\u2013 S\u1eeda m\u00e1y in Bother:\u00a0Hl2140, MF1500, MF7420 \u2026<\/span><\/p>\n<p><span style=\"color: #000000;\">\u2013 S\u1eeda m\u00e1y in Xerox:\u00a03435, 3435d, 3435dn, 2065, 3119\u2026<\/span><\/p>\n<p><span style=\"color: #000000;\">\u2013 S\u1eeda ch\u1eefa m\u00e1y in Lexmark:\u00a0E120, E150, E250, E320 \u2026<\/span><\/p>\n<p><span style=\"color: #000000;\">\u2013 S\u1eeda ch\u1eefa m\u00e1y in Panasonic:\u00a0KX Mb 1900, KX MB 263 \u2026<\/span><\/p>\n<p><span style=\"color: #000000;\">\u2013 S\u1eeda m\u00e1y in Samsung:\u00a01160, 1640\u2026<\/span><\/p>\n<p><span style=\"color: #000000;\">\u0110\u1ec3 \u0111\u00e1p \u1ee9ng v\u1edbi nhu c\u1ea7u c\u1ee7a kh\u00e1ch h\u00e0ng s\u1eed d\u1ee5ng d\u1ecbch v\u1ee5 s\u1eeda ch\u1eefa m\u00e1y in t\u1ea1i nh\u00e0 c\u1ea7n \u0111\u01b0\u1ee3c b\u1ea3o tr\u00ec, b\u1ea3o d\u01b0\u1ee1ng th\u01b0\u1eddng xuy\u00ean.\u00a0<span style=\"color: #ed1c24;\"><strong>TRUNG T\u00c2M S\u1eecA M\u00c1Y IN TO\u00c1N GIA<\/strong><\/span>\u00a0c\u00f3 c\u00e1c ch\u00ednh s\u00e1ch h\u1ed7 tr\u1ee3 kh\u00e1ch h\u00e0ng gi\u00fap cho h\u1ec7 th\u1ed1ng m\u00e1y in ho\u1ea1t \u0111\u1ed9ng hi\u1ec7u qu\u1ea3 nh\u1ea5t.<\/span><\/p>\n<p><span style=\"color: #000000;\">S\u1eeda m\u00e1y in hp<\/span><\/p>\n<p><span style=\"color: #0000ff;\"><strong>CAM K\u1ebeT S\u1eecA M\u00c1Y IN TO\u00c0N GIA<\/strong><\/span><\/p>\n<p><span style=\"color: #000000;\">\u2013 Th\u1eddi gian s\u1eeda ch\u1eefa m\u00e1y in t\u1ed1i \u0111a l\u00e0 trong v\u00f2ng 24 ti\u1ebfng \u0111\u1ed1i v\u1edbi tr\u01b0\u1eddng h\u1ee3p mang m\u00e1y v\u1ec1 c\u00f4ng ty.<\/span><\/p>\n<p><span style=\"color: #000000;\">\u2013 \u0110\u1ec3 \u0111\u1ea3m b\u1ea3o cho c\u00f4ng vi\u1ec7c c\u1ee7a b\u1ea1n \u0111\u01b0\u1ee3c di\u1ec5n ra b\u00ecnh th\u01b0\u1eddng s\u1eeda m\u00e1y in <span style=\"color: #ed1c24;\">TO\u00c0N GIA<\/span> s\u1ebd cho b\u1ea1n m\u01b0\u1ee3n m\u00e1y in c\u00f3 t\u00ednh n\u0103ng t\u01b0\u01a1ng \u0111\u01b0\u01a1ng.<\/span><\/p>\n<p><span style=\"color: #000000;\"><strong>\u2013\u00a0<\/strong>N\u1ebfu sau khi s\u1eeda ch\u1eefa m\u00e1y in v\u1eabn b\u1ecb l\u1ed7i c\u0169, s\u1eeda m\u00e1y in <span style=\"color: #ed1c24;\">TO\u00c0N GIA<\/span> s\u1ebd h\u1ed7 tr\u1ee3 s\u1eeda ch\u1eefa ho\u00e0n to\u00e0n mi\u1ec5n ph\u00ed cho kh\u00e1ch h\u00e0ng.<\/span><\/p>\n<p><span style=\"color: #000000;\">\u2013 N\u1ebfu kh\u00e1ch h\u00e0ng s\u1eed d\u1ee5ng d\u1ecbch v\u1ee5 c\u1ee7a ch\u00fang t\u00f4i th\u01b0\u1eddng xuy\u00ean, s\u1ebd \u0111\u01b0\u1ee3c \u01b0u ti\u00ean gi\u00e1 t\u1ed1t nh\u1ea5t.<\/span><\/p>\n<p><span style=\"color: #000000;\">\u2013 Kh\u00e1ch h\u00e0ng c\u00f2n \u0111\u01b0\u1ee3c h\u1ed7 tr\u1ee3 t\u01b0 v\u1ea5n k\u1ef9 thu\u1eadt 24\/7 ho\u00e0n to\u00e0n mi\u1ec5n ph\u00ed.<\/span><\/p>\n<p><span style=\"color: #000000;\">\u2013 Qu\u00fd kh\u00e1ch c\u00f3 nhu c\u1ea7u c\u1ea7n s\u1eeda m\u00e1y in, \u0111\u1ed5 m\u1ef1c m\u00e1y in ho\u1eb7c c\u1ea7n t\u01b0 v\u1ea5n xin vui l\u00f2ng g\u1ecdi theo s\u1ed1<span style=\"color: #ed1c24;\">\u00a0<\/span><strong><em><span style=\"color: #ed1c24;\">Hotline:\u00a0094 3030 117\u2013 0916 35 88 22<\/span>\u00a0<\/em><\/strong>\u0111\u1ec3 \u0111\u01b0\u1ee3c t\u01b0 v\u1ea5n.<\/span><\/p>\n<\/div>\n<\/div>\n<\/div>\n\n","protected":false},"excerpt":{"rendered":"","protected":false},"author":2,"featured_media":0,"parent":0,"menu_order":0,"comment_status":"closed","ping_status":"closed","template":"page-right-sidebar.php","meta":{"footnotes":""},"class_list":["post-96","page","type-page","status-publish","hentry"],"_links":{"self":[{"href":"https:\/\/toangiamayvanphong.vn\/index.php?rest_route=\/wp\/v2\/pages\/96","targetHints":{"allow":["GET"]}}],"collection":[{"href":"https:\/\/toangiamayvanphong.vn\/index.php?rest_route=\/wp\/v2\/pages"}],"about":[{"href":"https:\/\/toangiamayvanphong.vn\/index.php?rest_route=\/wp\/v2\/types\/page"}],"author":[{"embeddable":true,"href":"https:\/\/toangiamayvanphong.vn\/index.php?rest_route=\/wp\/v2\/users\/2"}],"replies":[{"embeddable":true,"href":"https:\/\/toangiamayvanphong.vn\/index.php?rest_route=%2Fwp%2Fv2%2Fcomments&post=96"}],"version-history":[{"count":10,"href":"https:\/\/toangiamayvanphong.vn\/index.php?rest_route=\/wp\/v2\/pages\/96\/revisions"}],"predecessor-version":[{"id":1716,"href":"https:\/\/toangiamayvanphong.vn\/index.php?rest_route=\/wp\/v2\/pages\/96\/revisions\/1716"}],"wp:attachment":[{"href":"https:\/\/toangiamayvanphong.vn\/index.php?rest_route=%2Fwp%2Fv2%2Fmedia&parent=96"}],"curies":[{"name":"wp","href":"https:\/\/api.w.org\/{rel}","templated":true}]}}