{"id":2263,"date":"2023-07-09T11:14:37","date_gmt":"2023-07-09T04:14:37","guid":{"rendered":"https:\/\/toangiamayvanphong.vn\/?post_type=product&#038;p=2263"},"modified":"2026-04-26T18:05:54","modified_gmt":"2026-04-26T11:05:54","slug":"hop-muc-cartridge-may-in-canon-2900","status":"publish","type":"product","link":"https:\/\/toangiamayvanphong.vn\/?product=hop-muc-cartridge-may-in-canon-2900","title":{"rendered":"H\u1ed9p m\u1ef1c\/ Cartridge m\u00e1y in Canon 2900"},"content":{"rendered":"<h2><em><strong>H\u1ed9p m\u1ef1c m\u00e1y in Canon 2900 Ch\u00ednh h\u00e3ng v\u00e0 th\u01b0\u01a1ng hi\u1ec7u TO\u00c0N GIA (TG)<\/strong><\/em><\/h2>\n<p>\u0110\u1ec3 bi\u1ebft n\u00ean ch\u1ecdn lo\u1ea1i m\u1ef1c ch\u00ednh h\u00e3ng hay th\u01b0\u01a1ng hi\u1ec7u TG. C\u00e1c B\u1ea1n c\u1ea7n x\u00e1c \u0111\u1ecbnh r\u00f5 nhu c\u1ea7u s\u1eed d\u1ee5ng m\u1ef1c m\u00e1y in c\u1ee7a m\u00ecnh.<\/p>\n<p>N\u1ebfu c\u00e1c b\u1ea1n d\u00f9ng \u0111\u1ec3 in \u1ea5n c\u00e1c lo\u1ea1i gi\u1ea5y qu\u00e1 d\u00e0y, Gi\u1ea5y b\u00f3ng (V\u00ed d\u1ee5: Gi\u1ea5y Khen, Gi\u1ea5y Decal, \u2026). Ho\u1eb7c c\u00e1c v\u0103n b\u1ea3n c\u1ea7n l\u01b0u tr\u1eef v\u00e0i ch\u1ee5c n\u0103m. Th\u00ec C\u00e1c B\u1ea1n n\u00ean mua\u00a0<b>cartridge 303 Ch\u00ednh H\u00e3ng nh\u01b0ng ph\u1ea3i ch\u1ecbu gi\u00e1 th\u00e0nh r\u1ea5t cao.<\/b><\/p>\n<p>Mua <strong>h\u1ed9p<\/strong> <strong>m\u1ef1c m\u00e1y in Canon 2900 th\u01b0\u01a1ng hi\u1ec7u TG<\/strong>\u00a0khi c\u00e1c b\u1ea1n ch\u1ec9 c\u1ea7n in \u1ea5n v\u0103n b\u1ea3n b\u00ecnh th\u01b0\u1eddng. \u0111\u01a1n h\u00e0ng, h\u1ee3p \u0111\u1ed3ng, \u2026. V\u00ec v\u1edbi s\u1ed1 l\u01b0\u1ee3ng b\u1ea3n in t\u01b0\u01a1ng \u0111\u01b0\u01a1ng nh\u01b0ng gi\u00e1 th\u00e0nh h\u1ed9p m\u1ef1c in t\u01b0\u01a1ng th\u00edch ch\u1ec9 ch\u01b0a \u0111\u1ebfn 1\/3 h\u1ed9p m\u1ef1c g\u1ed1c.<\/p>\n<p>L\u00e0 ng\u01b0\u1eddi s\u1eed d\u1ee5ng th\u00f4ng minh. B\u1ea1n h\u00e3y ch\u1ecdn cho m\u00ecnh s\u1ea3n ph\u1ea9m ph\u00f9 h\u1ee3p nh\u00e9.<\/p>\n<h3><em><strong>M\u1ef1c in Canon 2900 in \u0111\u01b0\u1ee3c bao nhi\u00eau trang?<\/strong><\/em><\/h3>\n<p>M\u1ef1c m\u00e1y in Canon 2900 c\u1ea3 t\u01b0\u01a1ng th\u00edch v\u00e0 ch\u00ednh h\u00e3ng \u0111\u1ec1u in \u0111\u01b0\u1ee3c 2000 trang (\u0111\u1ed9 ph\u1ee7 5%)\u00a0ti\u00eau chu\u1ea9n n\u0103ng su\u1ea5t ISO \/ IEC 19752<\/p>\n<h2><em><strong>C\u00e1ch thay m\u1ef1c m\u00e1y in Canon 2900<\/strong><\/em><\/h2>\n<p><img loading=\"lazy\" decoding=\"async\" class=\"aligncenter wp-image-154 size-full lazy-load-active\" title=\"6 b\u01b0\u1edbc thay h\u1ed9p m\u1ef1c m\u00e1y in Canon 2900 \" src=\"https:\/\/lenguyenaz.com\/wp-content\/uploads\/2019\/02\/cach-thay-muc-may-in-Canon-2900.png\" sizes=\"auto, (max-width: 700px) 100vw, 700px\" srcset=\"https:\/\/lenguyenaz.com\/wp-content\/uploads\/2019\/02\/cach-thay-muc-may-in-Canon-2900.png 700w, https:\/\/lenguyenaz.com\/wp-content\/uploads\/2019\/02\/cach-thay-muc-may-in-Canon-2900-300x144.png 300w, https:\/\/lenguyenaz.com\/wp-content\/uploads\/2019\/02\/cach-thay-muc-may-in-Canon-2900-600x289.png 600w\" alt=\"C\u00e1ch thay h\u1ed9p m\u1ef1c m\u00e1y in Canon 2900 \" width=\"700\" height=\"337\" data-src=\"https:\/\/lenguyenaz.com\/wp-content\/uploads\/2019\/02\/cach-thay-muc-may-in-Canon-2900.png\" data-srcset=\"https:\/\/lenguyenaz.com\/wp-content\/uploads\/2019\/02\/cach-thay-muc-may-in-Canon-2900.png 700w, https:\/\/lenguyenaz.com\/wp-content\/uploads\/2019\/02\/cach-thay-muc-may-in-Canon-2900-300x144.png 300w, https:\/\/lenguyenaz.com\/wp-content\/uploads\/2019\/02\/cach-thay-muc-may-in-Canon-2900-600x289.png 600w\" \/><\/p>\n<ol>\n<li>M\u1edf n\u1eafp m\u00e1y in cho \u0111\u1ebfn khi n\u1eafp \u0111\u01b0\u1ee3c c\u1ed1 \u0111\u1ecbnh.<\/li>\n<li>D\u00f9ng tay k\u00e9o\u00a0<strong>h\u1ed9p m\u1ef1c (<b>cartridge<\/b>)<\/strong>\u00a0c\u0169 ra kh\u1ecfi m\u00e1y in.<\/li>\n<li>Th\u00e1o h\u1ed9p m\u1ef1c m\u1edbi mua ra kh\u1ecfi h\u1ed9p gi\u1ea5y, bao h\u01a1i ch\u1ed1ng s\u1ed1c, \u2026<\/li>\n<li>L\u1eafc \u0111\u1ec1u h\u1ed9p m\u1ef1c kho\u1ea3ng 5 \u0111\u1ebfn 6 l\u1ea7n.<\/li>\n<li>K\u00e9o d\u00e2y seal (b\u0103ng b\u1ea3o v\u1ec7 h\u1ed9p m\u1ef1c) ra, K\u00e9o t\u1eeb t\u1eeb khi \u0111\u1ed9 d\u00e0i d\u00e2y seal b\u1eb1ng kho\u1ea3ng 2 l\u1ea7n h\u1ed9p m\u1ef1c th\u00ec k\u00e9o m\u1ea1nh ra nh\u00e9.<br \/>\nL\u01b0u \u00dd: K\u00e9o theo chi\u1ec1u ngang, kh\u00f4ng k\u00e9o c\u00e1c chi\u1ec1u c\u00f2n l\u1ea1i. Tr\u00e1nh \u0111\u1ec3 h\u1ed9p m\u1ef1c ti\u1ebfp x\u00fac tr\u1ef1c ti\u1ebfp v\u1edbi \u00e1nh n\u1eafng m\u1eb7t tr\u1eddi.<\/li>\n<li>Sau khi r\u00fat d\u00e2y seal xong. G\u1eafn h\u1ed9p m\u1ef1c v\u00e0o m\u00e1y in. Ch\u00fa \u00fd 2 r\u00e3nh 2 b\u00ean m\u00e1y in. Khi c\u1ed1 \u0111\u1ecbnh \u0111\u01b0\u1ee3c h\u1ed9p m\u1ef1c trong m\u00e1y. \u0110\u00f3ng n\u1eafp m\u00e1y in l\u1ea1i v\u00e0 \u0111\u1ee3i m\u00e1y kh\u1edfi \u0111\u1ed9ng. Sau \u0111\u00f3 in \u1ea5n th\u1eed.<\/li>\n<\/ol>\n<h2><em><strong>\u0110\u00e1nh gi\u00e1 v\u1ec1 m\u00e1y in Canon LBP 2900<\/strong><\/em><\/h2>\n<h3><em><strong>Thi\u1ebft k\u1ebf Canon LBP 2900<\/strong><\/em><\/h3>\n<p>Thi\u1ebft k\u1ebf c\u1ee7a LBP2900 \u0111\u01a1n gi\u1ea3n. Khi t\u1ea5t c\u1ea3 c\u00e1c khay \u0111\u01b0\u1ee3c g\u1ea5p l\u1ea1i,\u00a0<strong>Canon LBP-2900<\/strong>\u00a0ch\u1ec9 d\u00e0i kho\u1ea3ng 33cm, v\u00e0 d\u01b0\u1edbi 3 kg. Khay gi\u1ea5y ch\u1ee9a \u0111\u01b0\u1ee3c 150 t\u1edd. K\u1ebft n\u1ed1i \u0111\u01a1n gi\u1ea3n v\u1edbi 1 c\u1ed5ng USB. \u0110\u00e2y l\u00e0 m\u1ed9t thi\u1ebft b\u1ecb v\u0103n ph\u00f2ng \u0111\u01b0\u1ee3c s\u1eed d\u1ee5ng nhi\u1ec1u nh\u1ea5t t\u1ea1i th\u1ecb tr\u01b0\u1eddng Vi\u1ec7t Nam.<\/p>\n<h3><em><strong>\u01afu \u0111i\u1ec3m c\u1ee7a m\u00e1y in Canon 2900<\/strong><\/em><\/h3>\n<p>\u0110\u1ed1i v\u1edbi c\u00e1 nh\u00e2n ho\u1eb7c c\u00e1c v\u0103n ph\u00f2ng nh\u1ecf, Ch\u1ec9 c\u1ea7n m\u00e1y in \u0111\u01a1n n\u0103ng th\u00ec Canon 2900 l\u00e0 l\u1ef1a ch\u1ecdn t\u1ed1i \u01b0u c\u1ee7a B\u1ea1n. N\u00f3 in trung b\u00ecnh 12 trang m\u1ed7i ph\u00fat v\u1edbi ch\u1ea5t l\u01b0\u1ee3ng in 600\u00d7600. K\u1ebft c\u1ea5u m\u00e1y \u0111\u01a1n gi\u1ea3n. N\u00ean chi ph\u00ed s\u1eeda ch\u1eefa l\u00e0 r\u1ebb nh\u1ea5t so v\u1edbi t\u1ea5t c\u1ea3 d\u00f2ng m\u00e1y in c\u00f2n l\u1ea1i.<\/p>\n<h3><em><strong>Nh\u01b0\u1ee3c \u0111i\u1ec3m c\u1ee7a Canon 2900<\/strong><\/em><\/h3>\n<p>\u0110\u00e2y l\u00e0 m\u00e1y in \u0111\u00e1p \u1ee9ng t\u1ed1t nhu c\u1ea7u in \u1ea5n v\u00e0 \u0111\u1ed9 b\u1ec1n cao. Ngo\u00e0i ra n\u00f3 kh\u00f4ng c\u00f3 ch\u1ee9c n\u0103ng g\u00ec kh\u00e1c. kh\u00f4ng in \u0111\u1ea3o m\u1eb7t, kh\u00f4ng copy, kh\u00f4ng scan, fax\u2026.<\/p>\n","protected":false},"excerpt":{"rendered":"<p>1. S\u1ea3n ph\u1ea9m \u0111\u01b0\u1ee3c nh\u1eadp kh\u1ea9u Ph\u00e2n ph\u1ed1i \u0111\u1ed9c quy\u1ec1n b\u1edfi C\u00d4NG TY TO\u00c0N GIA<br \/>\nM\u00e3 h\u1ed9p m\u1ef1c: Cartridge 12A<br \/>\nS\u1ed1 trang in: 2000 trang in v\u1edbi \u0111\u1ed9 ph\u1ee7 5%<br \/>\nH\u1ed9p m\u1ef1c Q2612a &#8211; l\u1eafp cho Canon 2900 si\u00eau n\u00e9t c\u00f3 s\u1eb5n m\u1ef1c<br \/>\n2. V\u1ec1 ch\u1ea5t l\u01b0\u1ee3ng b\u1ea3n in<br \/>\nH\u1ed9p m\u1ef1c \u0111\u01b0\u1ee3c s\u1ea3n xu\u1ea5t b\u1edfi c\u00f4ng ngh\u1ec7 cao \u0111\u1ea3m b\u1ea3o gi\u00fap b\u1ea3n in ra r\u00f5 n\u00e9t, \u0111\u1ec1u, \u0111\u1eadm, \u0111\u1eb9p<br \/>\nS\u1ed1 trang in l\u00ean t\u1edbi 2000 Trang A4 v\u1edbi b\u1ea3n in c\u00f3 \u0111\u1ed9 ph\u1ee7 m\u1ef1c 5%<br \/>\nC\u00f4ng ngh\u1ec7 t\u01b0\u01a1ng th\u00edch, h\u1ed9p m\u1ef1c ph\u1ea7n n\u00e0o gi\u00fap m\u00e1y ho\u1ea1t \u0111\u1ed9ng \u00eam m\u01b0\u1ee3t h\u01a1n, kh\u00f4ng c\u00f3 s\u1ef1 c\u1ed1 khi in v\u00e0 gi\u00fap m\u00e1y ho\u1ea1t \u0111\u1ed9ng b\u1ec1n v\u00e0 d\u00e0i l\u00e2u h\u01a1n.<br \/>\n3. Li\u00ean ki\u1ec7n v\u00e0 ch\u1ea5t li\u1ec7u s\u1ea3n ph\u1ea9m<br \/>\nH\u1ed9p m\u1ef1c \u0111\u01b0\u1ee3c l\u1eafp r\u1eafp v\u1edbi nh\u1eefng linh ki\u1ec7n t\u1ed1t<br \/>\nC\u00f3 th\u1ec3 n\u1ea1p l\u1ea1i tr\u00ean 3 l\u1ea7n m\u00e0 kh\u00f4ng c\u1ea7n thay linh ki\u1ec7n c\u1ee7a s\u1ea3n ph\u1ea9m, gi\u00fap ti\u1ebft ki\u1ec7m \u0111\u01b0\u1ee3c chi ph\u00ed<br \/>\nNguy\u00ean li\u1ec7u c\u1ee7a h\u1ed9p m\u1ef1c \u0111\u1ea3m b\u1ea3o, kh\u00f4ng g\u00e2y h\u1ea1i cho s\u1ee9c kh\u1ecfe ng\u01b0\u1eddi ti\u00eau d\u00f9ng, v\u00e0 th\u00e2n thi\u1ec7n v\u1edbi m\u00f4i tr\u01b0\u1eddng.<br \/>\n4. V\u1ec1 gi\u00e1 th\u00e0nh s\u1ea3n ph\u1ea9m<br \/>\nTi\u1ebft ki\u1ec7m chi ph\u00ed cho kh\u00e1ch h\u00e0ng khi s\u1eed d\u1ee5ng s\u1ea3n ph\u1ea9m c\u1ee7a ch\u00fang t\u00f4i<br \/>\nS\u1ed1 ti\u1ec1n c\u1ee7a b\u1ea1n b\u1ecf ra ph\u00f9 h\u1ee3p, s\u1ea3n ph\u1ea9m t\u1ed1t \u0111\u00e1p \u1ee9ng nhu c\u1ea7u s\u1eed d\u1ee5ng<\/p>\n","protected":false},"featured_media":1502,"comment_status":"open","ping_status":"closed","template":"","meta":[],"product_brand":[],"product_cat":[128],"product_tag":[129,130,131,132],"class_list":{"0":"post-2263","1":"product","2":"type-product","3":"status-publish","4":"has-post-thumbnail","6":"product_cat-linh-kien-boc-may","7":"product_tag-12a","8":"product_tag-canon-2900","9":"product_tag-cartridge","10":"product_tag-hop-muc","12":"first","13":"instock","14":"taxable","15":"shipping-taxable","16":"product-type-simple"},"_links":{"self":[{"href":"https:\/\/toangiamayvanphong.vn\/index.php?rest_route=\/wp\/v2\/product\/2263","targetHints":{"allow":["GET"]}}],"collection":[{"href":"https:\/\/toangiamayvanphong.vn\/index.php?rest_route=\/wp\/v2\/product"}],"about":[{"href":"https:\/\/toangiamayvanphong.vn\/index.php?rest_route=\/wp\/v2\/types\/product"}],"replies":[{"embeddable":true,"href":"https:\/\/toangiamayvanphong.vn\/index.php?rest_route=%2Fwp%2Fv2%2Fcomments&post=2263"}],"wp:featuredmedia":[{"embeddable":true,"href":"https:\/\/toangiamayvanphong.vn\/index.php?rest_route=\/wp\/v2\/media\/1502"}],"wp:attachment":[{"href":"https:\/\/toangiamayvanphong.vn\/index.php?rest_route=%2Fwp%2Fv2%2Fmedia&parent=2263"}],"wp:term":[{"taxonomy":"product_brand","embeddable":true,"href":"https:\/\/toangiamayvanphong.vn\/index.php?rest_route=%2Fwp%2Fv2%2Fproduct_brand&post=2263"},{"taxonomy":"product_cat","embeddable":true,"href":"https:\/\/toangiamayvanphong.vn\/index.php?rest_route=%2Fwp%2Fv2%2Fproduct_cat&post=2263"},{"taxonomy":"product_tag","embeddable":true,"href":"https:\/\/toangiamayvanphong.vn\/index.php?rest_route=%2Fwp%2Fv2%2Fproduct_tag&post=2263"}],"curies":[{"name":"wp","href":"https:\/\/api.w.org\/{rel}","templated":true}]}}