{"id":2264,"date":"2023-07-09T11:14:38","date_gmt":"2023-07-09T04:14:38","guid":{"rendered":"https:\/\/toangiamayvanphong.vn\/?post_type=product&#038;p=2264"},"modified":"2026-04-26T18:05:23","modified_gmt":"2026-04-26T11:05:23","slug":"may-in-canon-2900","status":"publish","type":"product","link":"https:\/\/toangiamayvanphong.vn\/?product=may-in-canon-2900","title":{"rendered":"M\u00c1Y IN Canon 2900"},"content":{"rendered":"<table style=\"width: 100%;\" border=\"1\" width=\"100%\" cellspacing=\"0\" cellpadding=\"3\">\n<tbody>\n<tr>\n<td style=\"width: 35%;\" valign=\"top\" width=\"35%\"><strong class=\"header\">T\u1ed1c \u0111\u1ed9 in<\/strong><\/td>\n<td class=\"smallnormfont\" style=\"width: 65%;\" colspan=\"2\">12trang\/ph\u00fat (A4)<\/td>\n<\/tr>\n<tr>\n<td style=\"width: 35%;\" valign=\"top\"><strong class=\"header\">\u0110\u1ed9 ph\u00e2n gi\u1ea3i<\/strong><\/td>\n<td class=\"smallnormfont\" style=\"width: 25%;\" valign=\"top\" width=\"25%\">C\u00f4ng ngh\u1ec7 c\u1ea3i ti\u1ebfn \u0111\u1ed9 m\u1ecbn:<\/td>\n<td class=\"smallnormfont\" style=\"width: 40%;\" valign=\"top\" width=\"40%\">\u0110\u1ed9 ph\u00e2n gi\u1ea3i th\u1ef1c 600 x 600 dpi<br \/>\n(2400 x 600 dpi t\u01b0\u01a1ng \u0111\u01b0\u01a1ng v\u1edbi c\u00f4ng ngh\u1ec7 l\u1ecdc h\u00ecnh \u1ea3nh t\u1ef1 \u0111\u1ed9ng AIR)<\/td>\n<\/tr>\n<tr>\n<td style=\"width: 35%;\" valign=\"top\"><strong class=\"header\">Ng\u00f4n ng\u1eef in<\/strong><\/td>\n<td class=\"smallnormfont\" style=\"width: 65%;\" colspan=\"2\" valign=\"top\">CAPT (C\u00f4ng ngh\u1ec7 in c\u1ea3i ti\u1ebfn c\u1ee7a Canon)<\/td>\n<\/tr>\n<tr>\n<td style=\"width: 35%;\" valign=\"top\"><strong class=\"header\">B\u1ed9 nh\u1edb<\/strong><\/td>\n<td class=\"smallnormfont\" style=\"width: 65%;\" colspan=\"2\" valign=\"top\">D\u00f9ng b\u1ed9 nh\u1edb PC (b\u1ed9 nh\u1edb chu\u1ea9n 2MB tr\u00ean board)<\/td>\n<\/tr>\n<tr>\n<td style=\"width: 35%;\" valign=\"top\"><strong class=\"header\">Th\u1eddi gian l\u00e0m n\u00f3ng m\u00e1y<\/strong><\/td>\n<td class=\"smallnormfont\" style=\"width: 65%;\" colspan=\"2\" valign=\"top\">0 gi\u00e2y n\u1ebfu \u0111\u1ec3 ch\u1ebf \u0111\u1ed9 ch\u1edd (kh\u00f4ng \u0111\u1ebfn 10 gi\u00e2y sau khi b\u1eadt ngu\u1ed3n)<\/td>\n<\/tr>\n<tr>\n<td style=\"width: 35%;\" valign=\"top\"><strong class=\"header\">Th\u1eddi gian in b\u1ea3n \u0111\u1ea7u ti\u00ean<\/strong><\/td>\n<td class=\"smallnormfont\" style=\"width: 65%;\" colspan=\"2\" valign=\"top\">9,3 gi\u00e2y ho\u1eb7c nhanh h\u01a1n<\/td>\n<\/tr>\n<tr>\n<td style=\"width: 35%;\" rowspan=\"2\" valign=\"top\"><strong class=\"header\">Kh\u1ed5 gi\u1ea5y<\/strong><\/td>\n<td class=\"smallnormfont\" style=\"width: 25%;\" valign=\"top\">Khay tr\u01b0\u1edbc:<\/td>\n<td class=\"smallnormfont\" style=\"width: 40%;\" valign=\"top\">A4, B5, A5, LGL, LTR, Executive, Gi\u1ea5y in b\u00ec th\u01b0 C5\/COM10\/DL, Monarch<\/td>\n<\/tr>\n<tr>\n<td class=\"smallnormfont\" style=\"width: 25%;\" valign=\"top\">Khay tay:<\/td>\n<td class=\"smallnormfont\" style=\"width: 40%;\" valign=\"top\">Gi\u1ea5y ti\u00eau chu\u1ea9n (Chi\u1ec1u r\u1ed9ng: 76,2-215,9mm;<br \/>\nChi\u1ec1u d\u00e0i : 127,0-355,6mm )<\/td>\n<\/tr>\n<tr>\n<td style=\"width: 35%;\" rowspan=\"2\" valign=\"top\"><strong class=\"header\">Gi\u1ea5y v\u00e0o<\/strong><\/td>\n<td class=\"smallnormfont\" style=\"width: 25%;\" valign=\"top\">Khay tr\u01b0\u1edbc:<\/td>\n<td class=\"smallnormfont\" style=\"width: 40%;\" valign=\"top\">150 t\u1edd<\/td>\n<\/tr>\n<tr>\n<td class=\"smallnormfont\" style=\"width: 25%;\" valign=\"top\">Khay tay:<\/td>\n<td class=\"smallnormfont\" style=\"width: 40%;\" valign=\"top\">1 t\u1edd<\/td>\n<\/tr>\n<tr>\n<td style=\"width: 35%;\" valign=\"top\"><strong class=\"header\">Gi\u1ea5y ra<\/strong><\/td>\n<td class=\"smallnormfont\" style=\"width: 25%;\" valign=\"top\">M\u1eb7t in \u00fap xu\u1ed1ng d\u01b0\u1edbi:<\/td>\n<td class=\"smallnormfont\" style=\"width: 40%;\" valign=\"top\">100 t\u1edd<\/td>\n<\/tr>\n<tr>\n<td style=\"width: 35%;\" valign=\"top\"><strong class=\"header\">K\u00edch th\u01b0\u1edbc (W x D x H)<\/strong><\/td>\n<td class=\"smallnormfont\" style=\"width: 65%;\" colspan=\"2\" valign=\"top\">370 x 251 x 217mm<\/td>\n<\/tr>\n<tr>\n<td style=\"width: 35%;\" valign=\"top\"><strong class=\"header\">Tr\u1ecdng l\u01b0\u1ee3ng<\/strong><\/td>\n<td class=\"smallnormfont\" style=\"width: 65%;\" colspan=\"2\" valign=\"top\">x\u1ea5p x\u1ec9 5,7kg kh\u00f4ng bao g\u1ed3m h\u1ed9p m\u1ef1c in<\/td>\n<\/tr>\n<tr>\n<td style=\"width: 35%;\" valign=\"top\"><strong class=\"header\">H\u1ed7 tr\u1ee3 h\u1ec7 \u0111i\u1ec1u h\u00e0nh<\/strong><\/td>\n<td class=\"smallnormfont\" style=\"width: 65%;\" colspan=\"2\" valign=\"top\">Windows 98\/ME\/2000\/XP, Linux (CUPS)<\/td>\n<\/tr>\n<tr>\n<td style=\"width: 35%;\" valign=\"top\"><strong class=\"header\">Y\u00eau c\u1ea7u v\u1ec1 c\u00f4ng su\u1ea5t<\/strong><\/td>\n<td class=\"smallnormfont\" style=\"width: 65%;\" colspan=\"2\" valign=\"top\">220 \u2013 240V (+\/-10%), 50\/60Hz (+\/-2Hz)<\/td>\n<\/tr>\n<tr>\n<td style=\"width: 35%;\" valign=\"top\"><strong class=\"header\">Giao di\u1ec7n<\/strong><\/td>\n<td class=\"smallnormfont\" style=\"width: 65%;\" colspan=\"2\" valign=\"top\">C\u1ed5ng USB 2.0 t\u1ed1c \u0111\u1ed9 cao<\/td>\n<\/tr>\n<tr>\n<td style=\"width: 35%;\" valign=\"top\"><strong class=\"header\">C\u00e1c thi\u1ebft b\u1ecb \u0111i k\u00e8m chu\u1ea9n<\/strong><\/td>\n<td class=\"smallnormfont\" style=\"width: 65%;\" colspan=\"2\" valign=\"top\">LASER SHOT LBP2900, H\u1ed9p m\u1ef1c 303, CD-ROM ph\u1ea7n m\u1ec1m d\u00e0nh cho ng\u01b0\u1eddi s\u1eed d\u1ee5ng , s\u00e1ch h\u01b0\u1edbng d\u1eabn s\u1eed d\u1ee5ng, d\u00e2y c\u1eafm ngu\u1ed3n.<\/td>\n<\/tr>\n<tr>\n<td style=\"width: 35%;\" valign=\"top\"><strong class=\"header\">C\u00f4ng su\u1ea5t khuy\u1ebfn ngh\u1ecb\/th\u00e1ng<\/strong><\/td>\n<td class=\"smallnormfont\" style=\"width: 65%;\" colspan=\"2\" valign=\"top\">200 &#8211; 800 trang<\/td>\n<\/tr>\n<\/tbody>\n<\/table>\n<p>&nbsp;<\/p>\n<p><img loading=\"lazy\" decoding=\"async\" class=\"alignnone size-full wp-image-2595\" src=\"https:\/\/toangiamayvanphong.vn\/wp-content\/uploads\/2023\/05\/may-in-laser-canon-lbp2900-5.jpg\" width=\"750\" height=\"416\" alt=\"M\u00e1y in Laser Canon LBP2900 - Thi\u1ebft k\u1ebf \u0111\u01a1n gi\u1ea3n, g\u1ecdn g\u00e0ng\" title=\"M\u00e1y in Laser Canon LBP2900 - Thi\u1ebft k\u1ebf \u0111\u01a1n gi\u1ea3n, g\u1ecdn g\u00e0ng\" \/><\/p>\n<h3>T\u1ed1c \u0111\u1ed9 in nhanh<\/h3>\n<p>V\u1edbi 9.3 gi\u00e2y cho trang in \u0111\u1ea7u ti\u00ean, b\u1ea1n c\u00f3 ngay m\u1ed9t b\u1ea3n in ho\u00e0n h\u1ea3o m\u00e0 kh\u00f4ng c\u1ea7n ch\u1edd l\u00e2u. V\u1edbi t\u1ed1c \u0111\u1ed9 12 trang\/ph\u00fat t\u1eeb\u00a0<a title=\"M\u00e1y in\" href=\"https:\/\/www.thegioididong.com\/may-in\" target=\"_blank\" rel=\"noopener\">m\u00e1y in<\/a>\u00a0v\u1edbi gi\u1ea5y A4 b\u1ea1n v\u1eabn ho\u00e0n to\u00e0n \u0111\u00e1p \u1ee9ng nhu c\u1ea7u c\u00f4ng vi\u1ec7c h\u00e0ng ng\u00e0y c\u1ee7a m\u00ecnh.<\/p>\n<p><img loading=\"lazy\" decoding=\"async\" class=\"alignnone size-full wp-image-2596\" src=\"https:\/\/toangiamayvanphong.vn\/wp-content\/uploads\/2023\/05\/may-in-laser-canon-lbp2900-6.jpg\" width=\"750\" height=\"416\" alt=\"M\u00e1y in Laser Canon LBP2900 - T\u1ed1c \u0111\u1ed9 in nhanh ch\u00f3ng\" title=\"M\u00e1y in Laser Canon LBP2900 - T\u1ed1c \u0111\u1ed9 in nhanh ch\u00f3ng\" \/><\/p>\n<h3><a title=\"M\u00e1y in laser tr\u1eafng \u0111en\" href=\"https:\/\/www.thegioididong.com\/may-in-laser\" target=\"_blank\" rel=\"noopener\">M\u00e1y in laser tr\u1eafng \u0111en<\/a>\u00a0r\u00f5 n\u00e9t<\/h3>\n<p><a title=\"M\u00e1y in Canon\" href=\"https:\/\/www.thegioididong.com\/may-in-canon\" target=\"_blank\" rel=\"noopener\">M\u00e1y in Canon<\/a>\u00a0n\u00e0y\u00a0\u0111\u01b0\u1ee3c trang b\u1ecb \u0111\u1ed9 ph\u00e2n gi\u1ea3i 600 x 2400 dpi cho b\u1ea1n nh\u1eefng b\u1ea3n in r\u00f5 n\u00e9t m\u00e0 kh\u00f4ng c\u1ea7n lo l\u1eafng v\u1ea5n \u0111\u1ec1 m\u1edd b\u1ea3n in hay g\u1eb7p.<\/p>\n<p><img loading=\"lazy\" decoding=\"async\" class=\"alignnone size-full wp-image-2597\" src=\"https:\/\/toangiamayvanphong.vn\/wp-content\/uploads\/2023\/05\/may-in-laser-canon-lbp2900-10.jpg\" width=\"750\" height=\"416\" alt=\"M\u00e1y in Laser Canon LBP2900 - In laser tr\u1eafng \u0111en\" title=\"M\u00e1y in Laser Canon LBP2900 - In laser tr\u1eafng \u0111en\" \/><\/p>\n<h3>Khay n\u1ea1p gi\u1ea5y 150 t\u1edd c\u00f9ng khay ch\u1ee9a gi\u1ea5y \u0111\u00e3 in 100 t\u1edd ti\u1ec7n l\u1ee3i cho qu\u00e1 tr\u00ecnh s\u1eed d\u1ee5ng li\u00ean t\u1ee5c<\/h3>\n<p><img loading=\"lazy\" decoding=\"async\" class=\"alignnone size-full wp-image-2598\" src=\"https:\/\/toangiamayvanphong.vn\/wp-content\/uploads\/2023\/05\/may-in-laser-canon-lbp2900-8.jpg\" width=\"750\" height=\"416\" alt=\"M\u00e1y in Laser Canon LBP2900 - Khay ch\u1ee9a gi\u1ea5y\" title=\"M\u00e1y in Laser Canon LBP2900 - Khay ch\u1ee9a gi\u1ea5y\" \/><\/p>\n<h3>B\u1ea3ng \u0111i\u1ec1u khi\u1ec3n tr\u1ef1c quan, d\u1ec5 d\u00e0ng thao t\u00e1c<\/h3>\n<p><img loading=\"lazy\" decoding=\"async\" class=\"alignnone size-full wp-image-2599\" src=\"https:\/\/toangiamayvanphong.vn\/wp-content\/uploads\/2023\/05\/13may-in-laser-canon-lbp2900-1.jpg\" width=\"750\" height=\"416\" alt=\"M\u00e1y in Laser Canon LBP2900 - B\u1ea3ng \u0111i\u1ec1u khi\u1ec3n\" title=\"M\u00e1y in Laser Canon LBP2900 - B\u1ea3ng \u0111i\u1ec1u khi\u1ec3n\" \/><\/p>\n<h3>C\u1ed5ng k\u1ebft n\u1ed1i 2.0 d\u1ec5 d\u00e0ng k\u1ebft n\u1ed1i<\/h3>\n<p><img loading=\"lazy\" decoding=\"async\" class=\"alignnone size-full wp-image-2600\" src=\"https:\/\/toangiamayvanphong.vn\/wp-content\/uploads\/2023\/05\/may-in-laser-canon-lbp2900-15.jpg\" width=\"750\" height=\"416\" alt=\"M\u00e1y in Laser Canon LBP2900 - k\u1ebft n\u1ed1i\" title=\"M\u00e1y in Laser Canon LBP2900 - k\u1ebft n\u1ed1i\" \/><\/p>\n<h3>B\u1ea3o v\u1ec7 m\u00e1y in, k\u00e9o d\u00e0i th\u1eddi gian s\u1eed d\u1ee5ng v\u1edbi m\u1ef1c in ch\u00ednh h\u00e3ng c\u1ee7a\u00a0<a title=\"Cartridge Canon 303\" href=\"https:\/\/www.thegioididong.com\/muc-in\/hop-muc-cartridge-canon-303-danh-cho-canon-lbp2900\" target=\"_blank\" rel=\"noopener\">Cartridge Canon 303<\/a><\/h3>\n<p><img loading=\"lazy\" decoding=\"async\" class=\"alignnone size-full wp-image-2601\" src=\"https:\/\/toangiamayvanphong.vn\/wp-content\/uploads\/2023\/05\/may-in-laser-canon-lbp2900-11.jpg\" width=\"750\" height=\"416\" alt=\"M\u00e1y in Laser Canon LBP2900 - M\u1ef1c in ch\u00ednh h\u00e3ng \" title=\"M\u00e1y in Laser Canon LBP2900 - M\u1ef1c in ch\u00ednh h\u00e3ng \" \/><\/p>\n<h3>C\u00e1ch c\u00e0i \u0111\u1eb7t m\u00e1y in m\u1edbi mua v\u1ec1:<\/h3>\n<p><strong>B\u01b0\u1edbc 1<\/strong>: C\u1eafm d\u00e2y ngu\u1ed3n qua c\u1ed5ng ngu\u1ed3n m\u1eb7t sau c\u1ee7a m\u00e1y \u0111\u1ec3 c\u1ea5p \u0111i\u1ec7n.<\/p>\n<p><img loading=\"lazy\" decoding=\"async\" class=\"alignnone size-full wp-image-2602\" src=\"https:\/\/toangiamayvanphong.vn\/wp-content\/uploads\/2023\/05\/may-in-laser-canon-lbp2900-1-1.jpg\" width=\"750\" height=\"416\" alt=\"M\u00e1y in Laser Canon LBP2900 - C\u1eafm d\u00e2y ngu\u1ed3n\" title=\"M\u00e1y in Laser Canon LBP2900 - C\u1eafm d\u00e2y ngu\u1ed3n\" \/><\/p>\n<p><strong>B\u01b0\u1edbc 2<\/strong>: Cho gi\u1ea5y in v\u00e0o khay n\u1ea1p gi\u1ea5y in, m\u1edf khay gi\u1ea5y \u0111\u00e3 in \u0111\u1ec3 s\u1eb5n s\u00e0ng nh\u1eadn gi\u1ea5y in.<\/p>\n<p><img loading=\"lazy\" decoding=\"async\" class=\"alignnone size-full wp-image-2603\" src=\"https:\/\/toangiamayvanphong.vn\/wp-content\/uploads\/2023\/05\/may-in-laser-canon-lbp2900-2-1.jpg\" width=\"750\" height=\"416\" alt=\"M\u00e1y in Laser Canon LBP2900 - \u0110\u1eb7t c\u1ee1 gi\u1ea5y mu\u1ed1n in v\u00e0o khay n\u1ea1p gi\u1ea5y, m\u1edf khay ch\u1ee9a gi\u1ea5y in ra\" title=\"M\u00e1y in Laser Canon LBP2900 - \u0110\u1eb7t c\u1ee1 gi\u1ea5y mu\u1ed1n in v\u00e0o khay n\u1ea1p gi\u1ea5y, m\u1edf khay ch\u1ee9a gi\u1ea5y in ra\" \/><\/p>\n<p><strong>B\u01b0\u1edbc 3<\/strong>: \u0110\u1eb7t\u00a0<strong>h\u1ed9p m\u1ef1c in Cartridge 303<\/strong>\u00a0v\u00e0o \u0111\u00fang v\u1ecb tr\u00ed, \u0111\u00fang kh\u1edbp.<\/p>\n<p><img loading=\"lazy\" decoding=\"async\" class=\"alignnone size-full wp-image-2604\" src=\"https:\/\/toangiamayvanphong.vn\/wp-content\/uploads\/2023\/05\/may-in-laser-canon-lbp2900-4-1.jpg\" width=\"750\" height=\"416\" alt=\"M\u00e1y in Laser Canon LBP2900 - L\u1eafp h\u1ed9p m\u1ef1c in Cartridge 303 chuy\u00ean d\u1ee5ng v\u00e0o m\u00e1y\" title=\"M\u00e1y in Laser Canon LBP2900 - L\u1eafp h\u1ed9p m\u1ef1c in Cartridge 303 chuy\u00ean d\u1ee5ng v\u00e0o m\u00e1y\" \/><\/p>\n<p><strong>B\u01b0\u1edbc 4:<\/strong>\u00a0\u1ea4n v\u00e0o\u00a0<strong>n\u00fat ngu\u1ed3n<\/strong>\u00a0m\u1edf m\u00e1y, khi \u0111\u00e8n b\u00e1o ngu\u1ed3n s\u00e1ng th\u00ec m\u00e1y \u0111\u00e3 v\u00e0o \u0111i\u1ec7n.<\/p>\n<p><img loading=\"lazy\" decoding=\"async\" class=\"alignnone size-full wp-image-2605\" src=\"https:\/\/toangiamayvanphong.vn\/wp-content\/uploads\/2023\/05\/may-in-laser-canon-lbp2900-3-1.jpg\" width=\"750\" height=\"416\" alt=\"M\u00e1y in Laser Canon LBP2900 - Nh\u1ea5n n\u00fat ngu\u1ed3n \u0111\u1ec3 b\u1eadt m\u00e1y\" title=\"M\u00e1y in Laser Canon LBP2900 - Nh\u1ea5n n\u00fat ngu\u1ed3n \u0111\u1ec3 b\u1eadt m\u00e1y\" \/><\/p>\n<p><strong>B\u01b0\u1edbc 5<\/strong>: Li\u00ean k\u1ebft v\u1edbi laptop qua c\u00e1p<strong>\u00a0USB<\/strong>. T\u1ea3i driver v\u00e0 c\u00e0i \u0111\u1eb7t theo ch\u1ec9 d\u1eabn tr\u00ean m\u00e0n h\u00ecnh, ho\u00e0n t\u1ea5t c\u00e0i \u0111\u1eb7t driver v\u00e0 b\u1ea1n c\u00f3 th\u1ec3 b\u1eaft \u0111\u1ea7u in.<\/p>\n<p><img loading=\"lazy\" decoding=\"async\" class=\"alignnone size-full wp-image-2606\" src=\"https:\/\/toangiamayvanphong.vn\/wp-content\/uploads\/2023\/05\/may-in-laser-canon-lbp2900-5-1.jpg\" width=\"750\" height=\"416\" alt=\"M\u00e1y in Laser Canon LBP2900 - Ph\u1ed1i gh\u00e9p m\u00e1y in v\u1edbi m\u00e1y t\u00ednh qua d\u00e2y c\u00e1p USB. Ti\u1ebfn h\u00e0nh c\u00e0i \u0111\u1eb7t driver v\u00e0 th\u1ef1c hi\u1ec7n in \u1ea5n\" title=\"M\u00e1y in Laser Canon LBP2900 - Ph\u1ed1i gh\u00e9p m\u00e1y in v\u1edbi m\u00e1y t\u00ednh qua d\u00e2y c\u00e1p USB. Ti\u1ebfn h\u00e0nh c\u00e0i \u0111\u1eb7t driver v\u00e0 th\u1ef1c hi\u1ec7n in \u1ea5n\" \/><\/p>\n<p>&nbsp;<\/p>\n","protected":false},"excerpt":{"rendered":"<h3>Thi\u1ebft k\u1ebf \u0111\u01a1n gi\u1ea3n, g\u1ecdn g\u00e0ng<\/h3>\n<p><a title=\"https:\/\/www.thegioididong.com\/may-in\/may-in-laser-canon-lbp2900\" href=\"https:\/\/www.thegioididong.com\/may-in\/may-in-laser-canon-lbp2900\" target=\"_blank\" rel=\"noopener\">M\u00e1y in Laser Canon LBP2900<\/a>\u00a0\u0111\u01b0\u1ee3c\u00a0Canon\u00a0thi\u1ebft k\u1ebf theo h\u01b0\u1edbng \u0111\u01a1n gi\u1ea3n, g\u1ecdn g\u00e0ng. V\u1edbi k\u00edch th\u01b0\u1edbc nh\u1ecf g\u1ecdn b\u1ea1n c\u00f3 th\u1ec3 \u0111\u1eb7t nhi\u1ec1u v\u1ecb tr\u00ed kh\u00e1c nhau trong ph\u00f2ng l\u00e0m vi\u1ec7c c\u1ee7a m\u00ecnh.<\/p>\n","protected":false},"featured_media":1504,"comment_status":"open","ping_status":"closed","template":"","meta":[],"product_brand":[],"product_cat":[133],"product_tag":[134],"class_list":{"0":"post-2264","1":"product","2":"type-product","3":"status-publish","4":"has-post-thumbnail","6":"product_cat-may-in-den-trang","7":"product_tag-canon-2009","9":"first","10":"instock","11":"taxable","12":"shipping-taxable","13":"product-type-simple"},"_links":{"self":[{"href":"https:\/\/toangiamayvanphong.vn\/index.php?rest_route=\/wp\/v2\/product\/2264","targetHints":{"allow":["GET"]}}],"collection":[{"href":"https:\/\/toangiamayvanphong.vn\/index.php?rest_route=\/wp\/v2\/product"}],"about":[{"href":"https:\/\/toangiamayvanphong.vn\/index.php?rest_route=\/wp\/v2\/types\/product"}],"replies":[{"embeddable":true,"href":"https:\/\/toangiamayvanphong.vn\/index.php?rest_route=%2Fwp%2Fv2%2Fcomments&post=2264"}],"wp:featuredmedia":[{"embeddable":true,"href":"https:\/\/toangiamayvanphong.vn\/index.php?rest_route=\/wp\/v2\/media\/1504"}],"wp:attachment":[{"href":"https:\/\/toangiamayvanphong.vn\/index.php?rest_route=%2Fwp%2Fv2%2Fmedia&parent=2264"}],"wp:term":[{"taxonomy":"product_brand","embeddable":true,"href":"https:\/\/toangiamayvanphong.vn\/index.php?rest_route=%2Fwp%2Fv2%2Fproduct_brand&post=2264"},{"taxonomy":"product_cat","embeddable":true,"href":"https:\/\/toangiamayvanphong.vn\/index.php?rest_route=%2Fwp%2Fv2%2Fproduct_cat&post=2264"},{"taxonomy":"product_tag","embeddable":true,"href":"https:\/\/toangiamayvanphong.vn\/index.php?rest_route=%2Fwp%2Fv2%2Fproduct_tag&post=2264"}],"curies":[{"name":"wp","href":"https:\/\/api.w.org\/{rel}","templated":true}]}}