{"id":2265,"date":"2023-07-09T11:14:38","date_gmt":"2023-07-09T04:14:38","guid":{"rendered":"https:\/\/toangiamayvanphong.vn\/?post_type=product&#038;p=2265"},"modified":"2026-04-26T18:05:54","modified_gmt":"2026-04-26T11:05:54","slug":"may-in-3005-dn-cu","status":"publish","type":"product","link":"https:\/\/toangiamayvanphong.vn\/?product=may-in-3005-dn-cu","title":{"rendered":"M\u00e1y in 3005 DN( c\u0169)"},"content":{"rendered":"<p>H\u00e3ng s\u1ea3n xu\u1ea5t: HP<br \/>\nLo\u1ea1i m\u00e1y in: Laser \u0111en tr\u1eafng<br \/>\nC\u1ee1 gi\u1ea5:y A4, A5<br \/>\nIn 2 m\u1eb7t: C\u00f3<br \/>\n\u0110\u1ed9 ph\u00e2n gi\u1ea3i: 1200x1200dpi<br \/>\nK\u1ebft n\u1ed1i: USB, Lan Netkork,<br \/>\nT\u1ed1c \u0111\u1ed9 in: 35t\u1edd \/ ph\u00fat<br \/>\nKhay gi\u1ea5y 2 d\u01b0\u1edbi: 500t\u1edd<br \/>\nKhay gi\u1ea5y 1 tr\u00ean: 50t\u1edd<br \/>\nB\u1ed9 vi x\u1eed l\u00fd: 400MHz<br \/>\nB\u1ed9 nh\u1edb trong: 96 Mb (c\u00f3 kh\u1ea3 n\u0103ng n\u00e2ng c\u1ea5p l\u00ean 320MB)<br \/>\nM\u1ef1c in: HP 61A<br \/>\nC\u00f4ng su\u1ea5t 600 W<br \/>\nNgu\u1ed3n \u0111i\u1ec7n AC 220V 50\/60Hz<br \/>\nK\u00edch th\u01b0\u1edbc 424.2 x 408.9 x 309.9 mm<br \/>\nKh\u1ed1i l\u01b0\u1ee3ng 16.1Kg<br \/>\nH\u1ed7 tr\u1ee3 H\u1ec7 \u0111i\u1ec1u h\u00e0nh Windows 2000\/XP\/Vista\/2003 Server, windows 7, Windows 8, Win 10 32bit 64bit\/Linux.<\/p>\n","protected":false},"excerpt":{"rendered":"<p>H\u00e3ng s\u1ea3n xu\u1ea5t: HP<br \/>\nLo\u1ea1i m\u00e1y in: Laser \u0111en tr\u1eafng<br \/>\nC\u1ee1 gi\u1ea5:y A4, A5<br \/>\nIn 2 m\u1eb7t: C\u00f3<br \/>\n\u0110\u1ed9 ph\u00e2n gi\u1ea3i: 1200x1200dpi<br \/>\nK\u1ebft n\u1ed1i: USB, Lan Netkork,<br \/>\nT\u1ed1c \u0111\u1ed9 in: 35t\u1edd \/ ph\u00fat<br \/>\nKhay gi\u1ea5y 2 d\u01b0\u1edbi: 500t\u1edd<br \/>\nKhay gi\u1ea5y 1 tr\u00ean: 50t\u1edd<br \/>\nB\u1ed9 vi x\u1eed l\u00fd: 400MHz<br \/>\nB\u1ed9 nh\u1edb trong: 96 Mb (c\u00f3 kh\u1ea3 n\u0103ng n\u00e2ng c\u1ea5p l\u00ean 320MB)<br \/>\nM\u1ef1c in: HP 61A<br \/>\nC\u00f4ng su\u1ea5t 600 W<br \/>\nNgu\u1ed3n \u0111i\u1ec7n AC 220V 50\/60Hz<br \/>\nK\u00edch th\u01b0\u1edbc 424.2 x 408.9 x 309.9 mm<br \/>\nKh\u1ed1i l\u01b0\u1ee3ng 16.1Kg<br \/>\nH\u1ed7 tr\u1ee3 H\u1ec7 \u0111i\u1ec1u h\u00e0nh Windows 2000\/XP\/Vista\/2003 Server, windows 7, Windows 8, Win 10 32bit 64bit\/Linux.<\/p>\n","protected":false},"featured_media":1505,"comment_status":"open","ping_status":"closed","template":"","meta":[],"product_brand":[],"product_cat":[216],"product_tag":[],"class_list":{"0":"post-2265","1":"product","2":"type-product","3":"status-publish","4":"has-post-thumbnail","6":"product_cat-chua-phan-loai","8":"first","9":"instock","10":"taxable","11":"shipping-taxable","12":"product-type-simple"},"_links":{"self":[{"href":"https:\/\/toangiamayvanphong.vn\/index.php?rest_route=\/wp\/v2\/product\/2265","targetHints":{"allow":["GET"]}}],"collection":[{"href":"https:\/\/toangiamayvanphong.vn\/index.php?rest_route=\/wp\/v2\/product"}],"about":[{"href":"https:\/\/toangiamayvanphong.vn\/index.php?rest_route=\/wp\/v2\/types\/product"}],"replies":[{"embeddable":true,"href":"https:\/\/toangiamayvanphong.vn\/index.php?rest_route=%2Fwp%2Fv2%2Fcomments&post=2265"}],"wp:featuredmedia":[{"embeddable":true,"href":"https:\/\/toangiamayvanphong.vn\/index.php?rest_route=\/wp\/v2\/media\/1505"}],"wp:attachment":[{"href":"https:\/\/toangiamayvanphong.vn\/index.php?rest_route=%2Fwp%2Fv2%2Fmedia&parent=2265"}],"wp:term":[{"taxonomy":"product_brand","embeddable":true,"href":"https:\/\/toangiamayvanphong.vn\/index.php?rest_route=%2Fwp%2Fv2%2Fproduct_brand&post=2265"},{"taxonomy":"product_cat","embeddable":true,"href":"https:\/\/toangiamayvanphong.vn\/index.php?rest_route=%2Fwp%2Fv2%2Fproduct_cat&post=2265"},{"taxonomy":"product_tag","embeddable":true,"href":"https:\/\/toangiamayvanphong.vn\/index.php?rest_route=%2Fwp%2Fv2%2Fproduct_tag&post=2265"}],"curies":[{"name":"wp","href":"https:\/\/api.w.org\/{rel}","templated":true}]}}