{"id":2266,"date":"2023-07-09T11:14:38","date_gmt":"2023-07-09T04:14:38","guid":{"rendered":"https:\/\/toangiamayvanphong.vn\/?post_type=product&#038;p=2266"},"modified":"2026-04-26T18:05:54","modified_gmt":"2026-04-26T11:05:54","slug":"mo-to-motor-boc-may","status":"publish","type":"product","link":"https:\/\/toangiamayvanphong.vn\/?product=mo-to-motor-boc-may","title":{"rendered":"M\u00d4 T\u01a0\/ MOTOR B\u00d3C M\u00c1Y"},"content":{"rendered":"<p><span class=\"emoji-sizer emoji-outer \">?<\/span> <span class=\"emoji-sizer emoji-outer \">?<\/span><span class=\"text\"><span style=\"font-size: 18pt; color: #0000ff;\"><strong> #M\u00f4 #t\u01a1 c\u00e1c lo\u1ea1i.<\/strong> <\/span>R\u1ea5t h\u1ee3p cho c\u00e1c b\u00e1c DIY. B\u00f3c m\u00e1y x\u1ecbn m\u1ecbn <\/span><\/p>\n<p><span class=\"emoji-sizer emoji-outer \">?<\/span><span class=\"emoji-sizer emoji-outer \">?<\/span><span class=\"text\">?<strong><span style=\"font-size: 18pt; color: #ff0000;\">Gi\u00e1 Lh <\/span><\/strong><\/span><strong><span style=\"font-size: 18pt; color: #ff0000;\"><a class=\"text-is-phone-number\" style=\"color: #ff0000;\">094 3030 117<\/a><\/span><\/strong><span class=\"emoji-sizer emoji-outer \">?<\/span><span class=\"emoji-sizer emoji-outer \">?<\/span><span class=\"emoji-sizer emoji-outer \">?<\/span><\/p>\n<p><span class=\"text\"> T\u200br\u00e2n tr\u1ecdng! <\/span><\/p>\n<p><span class=\"text\">&#8212;&#8211;***&#8212;&#8211; <\/span><\/p>\n<p><span class=\"text\">C\u00d4NG TY TNHH TM-DV \u0110\u1ea6U T\u01af &amp; PH\u00c1T TRI\u1ec2N C\u00d4NG NGH\u1ec6 TO\u00c0N GIA <\/span><\/p>\n<p><span class=\"text\">VPGD: ng\u00f5 88 ph\u1ed1 Gi\u00e1p Nh\u1ecb, Th\u1ecbnh Li\u1ec7t, Ho\u00e0ng Mai, H\u00e0 N\u1ed9i<\/span><\/p>\n<p><span class=\"text\"> X\u01b0\u1edfng s\u1ea3n xu\u1ea5t: L\u1ea1c \u0110\u1ea1o, V\u0103n L\u00e2m, H\u01b0ng Y\u00ean M\u1ecdi nhu c\u1ea7u <\/span><\/p>\n<p><span class=\"text\">Li\u00ean h\u1ec7: (Call, Zalo, Gmail&#8230;.)<\/span><\/p>\n<p><span class=\"text\">Ph\u00f2ng Kinh doanh: <\/span><a class=\"text-is-phone-number\">0918 92 55 22<\/a><\/p>\n<p><span class=\"text\">Ph\u00f2ng K\u1ef9 thu\u1eadt: <\/span><a class=\"text-is-phone-number\">0918 26 55 22<\/a><\/p>\n<p><span class=\"text\">Ph\u00f2ng K\u1ebf to\u00e1n: <\/span><a class=\"text-is-phone-number\">0916 49 88 22<\/a><\/p>\n<p><span class=\"text\">Tell: 024 3995 0208 \/ <\/span><a class=\"text-is-phone-number\">0916 35 88 22<\/a><span class=\"text\">\u00a0<\/span><\/p>\n<p><span class=\"emoji-sizer emoji-outer \">?<\/span><span class=\"emoji-sizer emoji-outer \">?<\/span><span class=\"text\">?Hotline: <\/span><a class=\"text-is-phone-number\">094 3030 117<\/a><span class=\"emoji-sizer emoji-outer \">?<\/span><span class=\"emoji-sizer emoji-outer \">?<\/span><span class=\"emoji-sizer emoji-outer \">?<\/span><\/p>\n<p><span class=\"text\">Gmail: <\/span><a class=\"text-is-email\" href=\"mailto:toangiamayvanphong@gmail.com\" target=\"_blank\" rel=\"noopener\">toangiamayvanphong@gmail.com<\/a><\/p>\n","protected":false},"excerpt":{"rendered":"<p><span class=\"emoji-sizer emoji-outer \">?<\/span> <span class=\"emoji-sizer emoji-outer \">?<\/span><span class=\"text\" style=\"font-size: 12pt; color: #3366ff;\"><strong> #M\u00f4 #t\u01a1 c\u00e1c lo\u1ea1i.<\/strong> R\u1ea5t h\u1ee3p cho c\u00e1c b\u00e1c DIY. B\u00f3c m\u00e1y x\u1ecbn m\u1ecbn<\/span><\/p>\n<p>Th\u01b0\u01a1ng hi\u1ec7u:\u00a0 b\u00f3c m\u00e1y\u00a0 \u00a0 \u00a0 \u00a0 \u00a0 \u00a0 \u00a0 \u00a0 \u00a0 \u00a0 \u00a0 \u00a0 \u00a0 | T\u00ecnh tr\u1ea1ng : C\u00f2n h\u00e0ng<\/p>\n<div class=\"content_detail\">\n<p>Vui l\u00f2ng li\u00ean h\u1ec7 \u0111\u1ec3 l\u1ea5y gi\u00e1 g\u1ed1c v\u00e0 khuy\u1ebfn m\u1ea1i.<\/p>\n<hr \/>\n<p>&nbsp;<\/p>\n<\/div>\n","protected":false},"featured_media":1506,"comment_status":"open","ping_status":"closed","template":"","meta":[],"product_brand":[],"product_cat":[128],"product_tag":[136,137,138],"class_list":{"0":"post-2266","1":"product","2":"type-product","3":"status-publish","4":"has-post-thumbnail","6":"product_cat-linh-kien-boc-may","7":"product_tag-mo-to","8":"product_tag-mo-tor","9":"product_tag-motor","11":"first","12":"instock","13":"taxable","14":"shipping-taxable","15":"product-type-external"},"_links":{"self":[{"href":"https:\/\/toangiamayvanphong.vn\/index.php?rest_route=\/wp\/v2\/product\/2266","targetHints":{"allow":["GET"]}}],"collection":[{"href":"https:\/\/toangiamayvanphong.vn\/index.php?rest_route=\/wp\/v2\/product"}],"about":[{"href":"https:\/\/toangiamayvanphong.vn\/index.php?rest_route=\/wp\/v2\/types\/product"}],"replies":[{"embeddable":true,"href":"https:\/\/toangiamayvanphong.vn\/index.php?rest_route=%2Fwp%2Fv2%2Fcomments&post=2266"}],"wp:featuredmedia":[{"embeddable":true,"href":"https:\/\/toangiamayvanphong.vn\/index.php?rest_route=\/wp\/v2\/media\/1506"}],"wp:attachment":[{"href":"https:\/\/toangiamayvanphong.vn\/index.php?rest_route=%2Fwp%2Fv2%2Fmedia&parent=2266"}],"wp:term":[{"taxonomy":"product_brand","embeddable":true,"href":"https:\/\/toangiamayvanphong.vn\/index.php?rest_route=%2Fwp%2Fv2%2Fproduct_brand&post=2266"},{"taxonomy":"product_cat","embeddable":true,"href":"https:\/\/toangiamayvanphong.vn\/index.php?rest_route=%2Fwp%2Fv2%2Fproduct_cat&post=2266"},{"taxonomy":"product_tag","embeddable":true,"href":"https:\/\/toangiamayvanphong.vn\/index.php?rest_route=%2Fwp%2Fv2%2Fproduct_tag&post=2266"}],"curies":[{"name":"wp","href":"https:\/\/api.w.org\/{rel}","templated":true}]}}