{"id":2267,"date":"2023-07-09T11:14:38","date_gmt":"2023-07-09T04:14:38","guid":{"rendered":"https:\/\/toangiamayvanphong.vn\/?post_type=product&#038;p=2267"},"modified":"2026-04-26T18:05:54","modified_gmt":"2026-04-26T11:05:54","slug":"may-in-l1800-cu-moi","status":"publish","type":"product","link":"https:\/\/toangiamayvanphong.vn\/?product=may-in-l1800-cu-moi","title":{"rendered":"M\u00e1y in L1800 (c\u0169\/m\u1edbi)"},"content":{"rendered":"<h1 id=\"ftoc-heading-1\" class=\"ftwp-heading\"><strong>Gi\u1edbi Thi\u1ec7u M\u00e1y In Epson L1800 Ch\u00ednh H\u00e3ng<\/strong><\/h1>\n<p><img loading=\"lazy\" decoding=\"async\" class=\"aligncenter size-full wp-image-970\" src=\"https:\/\/toangiamayvanphong.vn\/wp-content\/uploads\/2022\/09\/tai-xuong-3.jpg\" alt=\"\" width=\"306\" height=\"165\" \/><\/p>\n<p>M\u1edbi \u0111\u00e2y, m\u1ed9t d\u00f2ng m\u00e1y in \u201ch\u1eadu b\u1ed1i\u201d \u0111\u01b0\u1ee3c ra m\u1eaft c\u1ee7a d\u00f2ng\u00a0<strong>m\u00e1y in Epson<\/strong>\u00a0v\u1edbi h\u00e0ng lo\u1ea1t c\u00e1c t\u00ednh n\u0103ng n\u1ed5i b\u1eadt \u0111\u00e1nh b\u1ea1i nh\u1eefng d\u00f2ng m\u00e1y in \u201cti\u1ec1n b\u1ed1i\u201d tr\u01b0\u1edbc \u0111\u00e2y.\u00a0<strong>M\u00e1y in Epson L1800<\/strong>\u00a0\u0111\u01b0\u1ee3c ch\u1ebf t\u1ea1o b\u1edfi c\u00f4ng ngh\u1ec7 ti\u00ean ti\u1ebfn c\u1ee7a Hoa K\u1ef3 c\u00f3 kh\u1ea3 n\u0103ng in \u0111\u01b0\u1ee3c kh\u1ed5 A3+.\u00a0<strong>M\u00e1y in Epson L1800<\/strong>\u00a0v\u1edbi h\u1ed9p m\u1ef1c 6 m\u00e0u \u0111\u1ec3 t\u1ea1o ra c\u00e1c b\u1ea3n in \u0111a s\u1eafc v\u00e0 ch\u1ea5t l\u01b0\u1ee3ng nh\u1ea5t.<\/p>\n<p><strong>M\u00e1y in Epson L1800<\/strong>\u00a0c\u00f3 thi\u1ebft k\u1ebf nh\u1ecf g\u1ecdn, d\u1ec5 di chuy\u1ec3n ph\u00f9 h\u1ee3p v\u1edbi nhi\u1ec1u \u0111\u1ed1i t\u01b0\u1ee3ng s\u1eed d\u1ee5ng.\u00a0<strong>M\u00e1y in Epson L1800<\/strong>\u00a0\u0111\u00e3 t\u00edch h\u1ee3p h\u1ec7 th\u1ed1ng b\u00ecnh m\u1ef1c c\u00f3 dung t\u00edch l\u1edbn cho ph\u00e9p in \u0111\u01b0\u1ee3c 1.800 \u1ea3nh k\u00edch th\u01b0\u1edbc 10x15cm2 v\u1edbi ch\u1ea5t l\u01b0\u1ee3ng tuy\u1ec7t \u0111\u1ed1i, m\u00e0u in s\u1eafc n\u00e9t. D\u00f2ng m\u00e1y n\u00e0y th\u00edch h\u1ee3p cho c\u00e1c x\u01b0\u1edfng in, cong ty qu\u1ea3ng c\u00e1o in thi\u1ec7p, l\u1ecbch, d\u1ecbch v\u1ee5 in \u1ea5n,\u2026<\/p>\n<p><b>To\u00e0n Gia <\/b>s\u1ebd \u0111i s\u00e2u h\u01a1n \u0111\u1ec3 t\u00ecm hi\u1ec3u v\u1ec1 d\u00f2ng m\u00e1y in \u0111\u1eddi m\u1edbi n\u00e0y ngay sau \u0111\u00e2y.<\/p>\n<h2 id=\"ftoc-heading-2\" class=\"ftwp-heading\"><strong>Th\u00f4ng S\u1ed1 K\u1ef9 Thu\u1eadt C\u1ee7a M\u00e1y In Epson L1800<\/strong><\/h2>\n<table border=\"1\">\n<tbody>\n<tr>\n<td><strong>Model<\/strong><\/td>\n<td><strong>Epson L1800<\/strong><\/td>\n<\/tr>\n<tr>\n<td>Lo\u1ea1i m\u00e1y<\/td>\n<td>M\u00e1y in phun m\u00e0u<\/td>\n<\/tr>\n<tr>\n<td>H\u00e3ng s\u1ea3n xu\u1ea5t<\/td>\n<td>Epson<\/td>\n<\/tr>\n<tr>\n<td>Gi\u00e1 b\u00e1n<\/td>\n<td><strong>Li\u00ean h\u1ec7<\/strong><\/td>\n<\/tr>\n<tr>\n<td>Ch\u1ee9c n\u0103ng<\/td>\n<td>Print<\/td>\n<\/tr>\n<tr>\n<td>Kh\u1ed5 gi\u1ea5y<\/td>\n<td>A3+, A3, B4, A4, A5, A6, B5, 10x15cm (4\u00d76), 13x18cm (5\u00d77\u201d), 16.9 wide size, letter (8.5\u00d711\u201d), Legal (8.5\u00d714\u201d), Half letter (5.5\u00d78.5\u201d), 9x13cm (3.5\u00d75\u201d), 12x20cm (5\u00d78\u201d), 20x25cm (8\u00d710\u201d), Envelopes: #10(4.125\u00d79.5\u201d), DL(110x220mm),C4 (229x324mm, C6(114x162mm).<\/td>\n<\/tr>\n<tr>\n<td>T\u1ed1c \u0111\u1ed9<\/td>\n<td>15 trang \u0111en A4\/ph\u00fat, 15 trang m\u00e0u A4\/ph\u00fat<\/td>\n<\/tr>\n<tr>\n<td>In \u0111\u1ea3o m\u1eb7t<\/td>\n<td>kh\u00f4ng<\/td>\n<\/tr>\n<tr>\n<td>\u0110\u1ed9 ph\u00e2n gi\u1ea3i<\/td>\n<td>5760\u00d71440 dpi<\/td>\n<\/tr>\n<tr>\n<td>C\u1ed5ng giao ti\u1ebfp<\/td>\n<td>USB<\/td>\n<\/tr>\n<tr>\n<td>D\u00f9ng m\u1ef1c<\/td>\n<td>Epson T6731\/T6732\/T6733\/T6734\/T6735\/T6736<\/td>\n<\/tr>\n<\/tbody>\n<\/table>\n<blockquote><p>&nbsp;<\/p><\/blockquote>\n<h2 id=\"ftoc-heading-3\" class=\"ftwp-heading\"><strong>T\u00ednh N\u0103ng C\u1ee7a M\u00e1y In Epson L1800<\/strong><\/h2>\n<p>&nbsp;<\/p>\n<h3 id=\"ftoc-heading-4\" class=\"ftwp-heading\"><strong>1 \u2013 M\u00e1y in Epson L1800 c\u00f3 ch\u1ee9c n\u0103ng h\u1ed7 tr\u1ee3 in k\u00edch th\u01b0\u1edbc A3+ v\u00e0 in tr\u00e0n l\u1ec1<\/strong><\/h3>\n<p>D\u00f2ng\u00a0<strong>m\u00e1y in Epson L1800<\/strong>\u00a0\u0111\u01b0\u1ee3c ch\u1ebf t\u1ea1o v\u1edbi t\u00ednh n\u0103ng \u0111\u1eb7c bi\u1ec7t \u0111\u00f3 l\u00e0 cho ph\u00e9p in \u1ea3nh tr\u00e0n l\u1ec1 ch\u1ea5t l\u01b0\u1ee3ng cao, k\u00edch th\u01b0\u1edbc gi\u1ea5y kh\u1ed5 A3+ gi\u00fap kh\u00e1ch h\u00e0ng c\u00f3 th\u1ec3 in \u1ea3nh tr\u00e0n vi\u1ec1n hay nh\u1eefng h\u00ecnh \u1ea3nh c\u00f3 k\u00edch th\u01b0\u1edbc l\u1edbn m\u00e0 kh\u00f4ng lo ng\u1ea1i b\u1ecb gi\u1edbi h\u1ea1n k\u00edch th\u01b0\u1edbc h\u00ecnh \u1ea3nh nh\u01b0 c\u00e1c d\u00f2ng m\u00e1y in \u0111\u1eddi tr\u01b0\u1edbc.<\/p>\n<h3 id=\"ftoc-heading-5\" class=\"ftwp-heading\"><strong>2 \u2013 M\u00e1y \u0111\u01b0\u1ee3c trang b\u1ecb \u0111\u1ea7u phun Micro Piezo th\u1ebf h\u1ec7 m\u1edbi<\/strong><\/h3>\n<p><strong>M\u00e1y in Epson L1800<\/strong>\u00a0\u0111\u01b0\u1ee3c trang b\u1ecb \u0111\u1ea7u phun c\u00f4ng ngh\u1ec7\u00a0<strong>Micro Piezo<\/strong>\u00a0ch\u00ednh h\u00e3ng n\u1ed5i ti\u1ebfng c\u1ee7a th\u01b0\u01a1ng hi\u1ec7u Epson. \u0110\u1ea7u phun n\u00e0y \u0111\u01b0\u1ee3c \u0111\u00e1nh gi\u00e1 cao v\u1ec1 ch\u1ea5t l\u01b0\u1ee3ng v\u00e0 cho \u0111\u1ebfn nay n\u00f3 v\u1eabn ch\u01b0a t\u00ecm th\u1ea5y \u0111\u1ed1i th\u1ee7 v\u01b0\u1ee3t m\u1eb7t tr\u00ean th\u1ecb tr\u01b0\u1eddng. S\u1ef1 c\u1ea3i ti\u1ebfn v\u1ec1 \u0111\u1ea7u phun \u0111\u00e3 gi\u00fap m\u00e1y in Epson L1800 t\u1ea1o ra c\u00e1c b\u1ea3n in \u0111\u1eb9p m\u1eaft, chi ti\u1ebft, s\u1eafc n\u00e9t v\u00e0 s\u1ed1ng \u0111\u1ed9ng kh\u00f4ng thua k\u00e9m g\u00ec b\u1ea3n g\u1ed1c.<\/p>\n<h3 id=\"ftoc-heading-6\" class=\"ftwp-heading\"><strong>3 \u2013 B\u1ea3n in ch\u1ea5t l\u01b0\u1ee3ng cao v\u1edbi \u0111\u1ed9 ph\u00e2n gi\u1ea3i 5760 x 1440<\/strong><\/h3>\n<p>Nh\u1eefng s\u1ea3n ph\u1ea9m in \u1ea5n \u0111\u01b0\u1ee3c t\u1ea1o ra t\u1eeb d\u00f2ng Epson L1800 \u0111\u00e3 khi\u1ebfn nhi\u1ec1u kh\u00e1ch h\u00e0ng ph\u1ea3i kinh ng\u1ea1c khi \u0111\u1ed9 ph\u00e2n gi\u1ea3i c\u1ee7a h\u00ecnh \u1ea3nh l\u00ean \u0111\u1ebfn 5760\u00d71440 dpi t\u1ea1o n\u00ean h\u00ecnh \u1ea3nh trung th\u1ef1c, s\u1eafc n\u00e9t \u0111\u1ebfn t\u1eebng chi ti\u1ebft. B\u00ean c\u1ea1nh \u0111\u00f3, t\u1ed1c \u0111\u1ed9 in c\u1ee7a m\u00e1y c\u0169ng khi\u1ebfn nhi\u1ec1u ng\u01b0\u1eddi kinh ng\u1ea1c, m\u00e1y c\u00f3 th\u1ec3 in 15 trang\/ph\u00fat<\/p>\n<h3 id=\"ftoc-heading-7\" class=\"ftwp-heading\"><strong>4 \u2013 H\u00ecnh \u1ea3nh v\u00e0 \u0111\u1ed3 h\u1ecda c\u00f3 m\u00e0u s\u1eafc sinh \u0111\u1ed9ng<\/strong><\/h3>\n<p>M\u00e1y c\u00f3 kh\u1ea3 n\u0103ng t\u00e1i t\u1ea1o h\u00ecnh \u1ea3nh nhanh ch\u00f3ng, tuy\u1ec7t v\u1eddi nh\u1edd v\u00e0o h\u1ec7 th\u1ed1ng 6 m\u00e0u m\u1ef1c \u0110\u1ecf, \u0110en, V\u00e0ng, Xanh, \u0110\u1ecf Nh\u1ea1t, Xanh nh\u1ea1t \u0111\u01b0\u1ee3c t\u00edch h\u1ee3p trong h\u1ec7 th\u1ed1ng m\u00e1y.<\/p>\n<h3 id=\"ftoc-heading-8\" class=\"ftwp-heading\"><strong>5 \u2013 B\u00ecnh m\u1ef1c c\u00f3 dung t\u00edch l\u1edbn gi\u00fap ti\u1ebft ki\u1ec7m chi ph\u00ed thay m\u1ef1c t\u1ed1i \u01b0u<\/strong><\/h3>\n<p>B\u00ecnh m\u1ef1c bao g\u1ed3m 6 m\u00e0u \u0111\u01b0\u1ee3c \u0111\u1ef1ng trong c\u00e1c h\u1ed9p m\u1ef1c c\u00f3 dung t\u00edch l\u1edbn \u0111\u1ec3 in \u0111\u01b0\u1ee3c s\u1ed1 l\u01b0\u1ee3ng h\u00ecnh \u1ea3nh t\u1ed1i \u0111a 1500 t\u1ea5m \u1ea3nh tr\u00e0n l\u1ec1 4R. Nh\u1edd v\u1eady m\u00e0 m\u00e1y in Epson L1800 gi\u00fap c\u00e1c nh\u00e0 \u0111\u1ea7u t\u01b0 ti\u1ebft ki\u1ec7m chi ph\u00ed thay m\u1ef1c m\u1ed9t c\u00e1ch \u0111\u00e1ng k\u1ec3.<\/p>\n<h3 id=\"ftoc-heading-9\" class=\"ftwp-heading\"><strong>6 \u2013 K\u1ebft n\u1ed1i USB v\u00e0 h\u1ec7 th\u1ed1ng 6 m\u00e0u m\u1ef1c<\/strong><\/h3>\n<p><strong>M\u00e1y in Epson L1800<\/strong>\u00a0c\u00f3 c\u1ed5ng k\u1ebft n\u1ed1i USB \u0111\u1ec3 m\u00e1y d\u1ec5 d\u00e0ng k\u1ebft n\u1ed1i v\u1edbi c\u00e1c thi\u1ebft b\u1ecb b\u00ean ngo\u00e0i cho qu\u00e1 tr\u00ecnh in \u1ea5n.<\/p>\n<h3 id=\"ftoc-heading-10\" class=\"ftwp-heading\"><strong>7 \u2013 T\u1ed1c \u0111\u1ed9 in nhanh ch\u00f3ng, h\u1ed7 tr\u1ee3 in \u0111\u01b0\u1ee3c tr\u00ean nhi\u1ec1u lo\u1ea1i gi\u1ea5y kh\u00e1c nhau<\/strong><\/h3>\n<p>T\u1ed1c \u0111\u1ed9 in c\u1ee7a m\u00e1y l\u00ean \u0111\u1ebfn 15ppm (ch\u1ebf \u0111\u1ed9 nh\u00e1p\/in) v\u00e0 45 gi\u00e2y \u0111\u1ed1i v\u1edbi in \u1ea3nh 4R tr\u00e0n l\u1ec1. M\u00e1y \u0111\u01b0\u1ee3c h\u1ed7 tr\u1ee3 in tr\u00ean nhi\u1ec1u lo\u1ea1i gi\u1ea5y kh\u00e1c nhau t\u1eeb \u1ea3nh 4R cho \u0111\u1ebfn gi\u1ea5y kh\u1ed5 A3+.<\/p>\n<p>Xem\u00a0<strong>\u0111\u00e1nh gi\u00e1 m\u00e1y in Epson L1800<\/strong>\u00a0trong video b\u00ean d\u01b0\u1edbi:<\/p>\n<div class=\"rll-youtube-player\" data-id=\"O9Rfy7N4RP0\" data-query=\"feature=oembed\">\n<div data-id=\"O9Rfy7N4RP0\" data-query=\"feature=oembed\">\n<p>&nbsp;<\/p>\n<div class=\"play\"><\/div>\n<\/div>\n<\/div>\n<h2 id=\"ftoc-heading-11\" class=\"ftwp-heading\"><strong>X\u1eed L\u00fd V\u1ea5n \u0110\u1ec1 Khi In \u0110\u1ed1i V\u1edbi M\u00e1y In Epson<\/strong><\/h2>\n<h3 id=\"ftoc-heading-12\" class=\"ftwp-heading\"><strong>Tr\u01b0\u1eddng h\u1ee3p m\u00e1y b\u00e1o h\u1ebft m\u1ef1c<\/strong><\/h3>\n<p>N\u1ebfu b\u1ea1n v\u1eeba n\u1ea1p m\u1ef1c v\u00e0o nh\u01b0ng m\u00e1y l\u1ea1i b\u00e1o h\u1ebft m\u1ef1c th\u00ec b\u1ea1n kh\u00f4ng c\u1ea7n lo ng\u1ea1i m\u00e1y c\u00f3 v\u1ea5n \u0111\u1ec1 tr\u1ee5c tr\u1eb7c. Khi \u0111\u00f3, b\u1ea1n ph\u1ea3i th\u01b0\u1eddng xuy\u00ean theo d\u00f5i t\u00ecnh tr\u1ea1ng h\u1ed9p m\u1ef1c \u0111\u1ec3 thay m\u1ef1c v\u00ec kh\u00f4ng bi\u1ebft khi n\u00e0o n\u00f3 s\u1ebd h\u1ebft \u0111\u1ec3 k\u1ecbp th\u1eddi \u0111\u1ed5 m\u1ef1c. N\u1ebfu g\u1eb7p tr\u01b0\u1eddng h\u1ee3p m\u1ef1c b\u00e1o \u0111\u1ea7y nh\u01b0ng v\u1eabn kh\u00f4ng in \u0111\u01b0\u1ee3c th\u00ec b\u1ea1n h\u00e3y ti\u1ebfn h\u00e0nh reset l\u1ea1i chip m\u1ef1c l\u00e0 \u0111\u01b0\u1ee3c.<\/p>\n<h3 id=\"ftoc-heading-13\" class=\"ftwp-heading\"><strong>Tr\u01b0\u1eddng h\u1ee3p m\u1ef1c b\u1ecb tr\u00e0o<\/strong><\/h3>\n<p>Khi b\u1ea1n l\u1ee1 b\u01a1m qu\u00e1 nhi\u1ec1u m\u1ef1c khi\u1ebfn m\u1ef1c b\u1ecb tr\u00e0o ra ngo\u00e0i b\u1ea1n h\u00e3y l\u1ea5y gi\u1ea5y th\u1ea5m d\u1ea7u \u0111\u1ec3 lau s\u1ea1ch c\u00e1c b\u1ea3n m\u1ea1ch \u0111\u1ed3ng, ph\u1ea7n m\u1ef1c b\u1ecb tr\u00e0o n\u00ean b\u1ecf \u0111i ch\u1ee9 kh\u00f4ng n\u00ean h\u00fat l\u1ea1i \u0111\u1ec3 ti\u1ebfp t\u1ee5c s\u1eed d\u1ee5ng. \u0110\u1ec3 h\u1ea1n ch\u1ebf tr\u00e0o m\u1ef1c th\u00ec b\u1ea1n n\u00ean b\u01a1m m\u1ef1c v\u1eeba \u0111\u1ee7, kh\u00f4ng qu\u00e1 \u0111\u1ea7y \u0111\u1ec3 tr\u00e1nh tr\u00e0o g\u00e2y l\u00e3ng ph\u00ed m\u1ef1c.<\/p>\n<h3 id=\"ftoc-heading-14\" class=\"ftwp-heading\"><strong>Tr\u01b0\u1eddng h\u1ee3p \u0111\u1ed5 sai m\u00e0u m\u1ef1c<\/strong><\/h3>\n<p>Vi\u1ec7c \u0111\u1ed5 sai m\u00e0u m\u1ef1c s\u1ebd khi\u1ebfn b\u1ea3n in b\u1ecb l\u1ec7ch m\u00e0u, khi \u0111\u00f3 b\u1ea1n h\u00e3y r\u00fat h\u1ebft m\u1ef1c ra ngo\u00e0i r\u1ed3i tr\u00e1ng s\u1ea1ch b\u00ecnh sau \u0111\u00f3 n\u1ea1p l\u1ea1i m\u1ef1c m\u1edbi cho \u0111\u00fang v\u1edbi m\u00e0u quy \u0111\u1ecbnh trong h\u1ed9p m\u1ef1c.<\/p>\n<p><strong>M\u00e1y in Epson L1800<\/strong> \u0111\u01b0\u1ee3c ph\u00e2n ph\u1ed1i ch\u00ednh h\u00e3ng t\u1ea1i To\u00e0n Gia v\u1edbi m\u1ee9c gi\u00e1 khuy\u1ebfn m\u00e3i bao r\u1ebb tr\u00ean th\u1ecb tr\u01b0\u1eddng. M\u00e1y in Epson L1800 \u0111\u01b0\u1ee3c l\u1eafp \u0111\u1eb7t v\u1edbi nhi\u1ec1u lo\u1ea1i m\u1ef1c \u0111\u1ec3 \u0111\u00e1p \u1ee9ng nhu c\u1ea7u in \u1ea5n c\u1ee7a c\u00e1c doanh nghi\u1ec7p. \u0110\u1eb7t mua m\u00e1y in Epson L1800 theo hotline 094 3030 117 \u00a0\u0111\u1ec3 \u0111\u01b0\u1ee3c nh\u1eadn m\u1ee9c gi\u00e1 \u01b0u \u0111\u00e3i ngay h\u00f4m nay v\u00e0 \u0111\u01b0\u1ee3c mi\u1ec5n ph\u00ed v\u1eadn chuy\u1ec3n trong n\u1ed9i\u00a0 HN<\/p>\n","protected":false},"excerpt":{"rendered":"<div class=\"text-14 text-700 mb-2\">Th\u00f4ng s\u1ed1 k\u1ef9 thu\u1eadt c\u01a1 b\u1ea3n<\/div>\n<div>\n<p>\u2013 T\u00ednh n\u0103ng: In phun m\u00e0u<br \/>\n\u2013 Kh\u1ed5 gi\u1ea5y: A3\/A4\/A5<br \/>\n\u2013 T\u1ed1c \u0111\u1ed9 in: 15 trang \u0111en\/ph\u00fat, 15 trang m\u00e0u\/ph\u00fat<br \/>\n\u2013 \u0110\u1ed9 ph\u00e2n gi\u1ea3i: 5760 x 1440 dpi<br \/>\n\u2013 In \u0111\u1ea3o m\u1eb7t: Kh\u00f4ng<br \/>\n\u2013 C\u1ed5ng giao ti\u1ebfp: USB<br \/>\n\u2013 Du\u0300ng m\u1ef1c: Dye, Dye UV, Pigmen UV, M\u1ef1c chuy\u1ec3n nhi\u1ec7t<\/p>\n<\/div>\n","protected":false},"featured_media":1510,"comment_status":"open","ping_status":"closed","template":"","meta":[],"product_brand":[],"product_cat":[139],"product_tag":[140],"class_list":{"0":"post-2267","1":"product","2":"type-product","3":"status-publish","4":"has-post-thumbnail","6":"product_cat-may-in-mau","7":"product_tag-l1800","9":"first","10":"instock","11":"sold-individually","12":"taxable","13":"shipping-taxable","14":"product-type-simple"},"_links":{"self":[{"href":"https:\/\/toangiamayvanphong.vn\/index.php?rest_route=\/wp\/v2\/product\/2267","targetHints":{"allow":["GET"]}}],"collection":[{"href":"https:\/\/toangiamayvanphong.vn\/index.php?rest_route=\/wp\/v2\/product"}],"about":[{"href":"https:\/\/toangiamayvanphong.vn\/index.php?rest_route=\/wp\/v2\/types\/product"}],"replies":[{"embeddable":true,"href":"https:\/\/toangiamayvanphong.vn\/index.php?rest_route=%2Fwp%2Fv2%2Fcomments&post=2267"}],"wp:featuredmedia":[{"embeddable":true,"href":"https:\/\/toangiamayvanphong.vn\/index.php?rest_route=\/wp\/v2\/media\/1510"}],"wp:attachment":[{"href":"https:\/\/toangiamayvanphong.vn\/index.php?rest_route=%2Fwp%2Fv2%2Fmedia&parent=2267"}],"wp:term":[{"taxonomy":"product_brand","embeddable":true,"href":"https:\/\/toangiamayvanphong.vn\/index.php?rest_route=%2Fwp%2Fv2%2Fproduct_brand&post=2267"},{"taxonomy":"product_cat","embeddable":true,"href":"https:\/\/toangiamayvanphong.vn\/index.php?rest_route=%2Fwp%2Fv2%2Fproduct_cat&post=2267"},{"taxonomy":"product_tag","embeddable":true,"href":"https:\/\/toangiamayvanphong.vn\/index.php?rest_route=%2Fwp%2Fv2%2Fproduct_tag&post=2267"}],"curies":[{"name":"wp","href":"https:\/\/api.w.org\/{rel}","templated":true}]}}