{"id":2269,"date":"2023-07-09T11:14:38","date_gmt":"2023-07-09T04:14:38","guid":{"rendered":"https:\/\/toangiamayvanphong.vn\/?post_type=product&#038;p=2269"},"modified":"2026-04-26T18:05:47","modified_gmt":"2026-04-26T11:05:47","slug":"bien-ap-boc-may","status":"publish","type":"product","link":"https:\/\/toangiamayvanphong.vn\/?product=bien-ap-boc-may","title":{"rendered":"BI\u1ebeN \u00c1P B\u00d3C M\u00c1Y"},"content":{"rendered":"<p><strong><span style=\"font-size: 18pt; color: #0000ff;\"><span class=\"emoji-sizer emoji-outer \">?<\/span> <span class=\"emoji-sizer emoji-outer \">?<\/span><span class=\"text\"> #Bi\u1ebfn #\u00e1p #m\u1ef1c b\u00f3c m\u00e1y nh\u01b0 k\u1eb9o b\u1ea3y s\u1eafc c\u1ea7u v\u1ed3ng <\/span><\/span><\/strong><\/p>\n<p><strong><span style=\"font-size: 18pt; color: #ff0000;\"><span class=\"emoji-sizer emoji-outer \">?<\/span><span class=\"emoji-sizer emoji-outer \">?<\/span><span class=\"text\">?Gi\u00e1 Lh <\/span><a class=\"text-is-phone-number\" style=\"color: #ff0000;\">094 3030 117<\/a><span class=\"emoji-sizer emoji-outer \">?<\/span><span class=\"emoji-sizer emoji-outer \">?<\/span><span class=\"emoji-sizer emoji-outer \">?<\/span><\/span><\/strong><\/p>\n<p><span class=\"text\">T\u200br\u00e2n tr\u1ecdng!<\/span><\/p>\n<p><span class=\"text\"> &#8212;&#8211;***&#8212;&#8211;<\/span><\/p>\n<p><span class=\"text\"> C\u00d4NG TY TNHH TM-DV \u0110\u1ea6U T\u01af &amp; PH\u00c1T TRI\u1ec2N C\u00d4NG NGH\u1ec6 TO\u00c0N GIA <\/span><\/p>\n<p><span class=\"text\">VPGD: ng\u00f5 88 ph\u1ed1 Gi\u00e1p Nh\u1ecb, Th\u1ecbnh Li\u1ec7t, Ho\u00e0ng Mai, H\u00e0 N\u1ed9i <\/span><\/p>\n<p><span class=\"text\">X\u01b0\u1edfng s\u1ea3n xu\u1ea5t: L\u1ea1c \u0110\u1ea1o, V\u0103n L\u00e2m, H\u01b0ng Y\u00ean <\/span><\/p>\n<p><span class=\"text\">M\u1ecdi nhu c\u1ea7u Li\u00ean h\u1ec7:<\/span><\/p>\n<p><span class=\"text\"> Ph\u00f2ng Kinh doanh: <\/span><a class=\"text-is-phone-number\">0918 92 55 22<\/a><\/p>\n<p><span class=\"text\"> Ph\u00f2ng K\u1ef9 thu\u1eadt: <\/span><a class=\"text-is-phone-number\">0918 26 55 22<\/a><\/p>\n<p><span class=\"text\"> Ph\u00f2ng K\u1ebf to\u00e1n: <\/span><a class=\"text-is-phone-number\">0916 49 88 22<\/a><\/p>\n<p><span class=\"text\">Tell: 024 3995 0208 \/ <\/span><a class=\"text-is-phone-number\">0916 35 88 22<\/a><span class=\"text\">\u00a0<\/span><\/p>\n<p><span class=\"emoji-sizer emoji-outer \">?<\/span><span class=\"emoji-sizer emoji-outer \">?<\/span><span class=\"text\">?Hotline: <\/span><a class=\"text-is-phone-number\">094 3030 117<\/a><span class=\"emoji-sizer emoji-outer \">?<\/span><span class=\"emoji-sizer emoji-outer \">?<\/span><span class=\"emoji-sizer emoji-outer \">?<\/span><\/p>\n<p><span class=\"text\"> Gmail: <\/span><a class=\"text-is-email\" href=\"mailto:toangiamayvanphong@gmail.com\" target=\"_blank\" rel=\"noopener\">toangiamayvanphong@gmail.com<\/a><\/p>\n","protected":false},"excerpt":{"rendered":"<p><strong><span style=\"font-size: 18pt; color: #0000ff;\"><span class=\"emoji-sizer emoji-outer \">?<\/span> <span class=\"emoji-sizer emoji-outer \">?<\/span><span class=\"text\" style=\"font-size: 12pt;\"> #Bi\u1ebfn #\u00e1p #m\u1ef1c b\u00f3c m\u00e1y nh\u01b0 k\u1eb9o b\u1ea3y s\u1eafc c\u1ea7u v\u1ed3ng <\/span><\/span><\/strong><\/p>\n<p>Th\u01b0\u01a1ng hi\u1ec7u:\u00a0 b\u00f3c m\u00e1y\u00a0 \u00a0 \u00a0 \u00a0 \u00a0 \u00a0 \u00a0 \u00a0 \u00a0 \u00a0 \u00a0 \u00a0 \u00a0 | T\u00ecnh tr\u1ea1ng : C\u00f2n h\u00e0ng<\/p>\n<div class=\"content_detail\">\n<p>Vui l\u00f2ng li\u00ean h\u1ec7 \u0111\u1ec3 l\u1ea5y gi\u00e1 g\u1ed1c v\u00e0 khuy\u1ebfn m\u1ea1i.<\/p>\n<hr \/>\n<p>Sa\u0309n ph\u00e2\u0309m \u0111\u01b0\u01a1\u0323c ba\u0301n ta\u0323i :<\/p>\n<p><span class=\"text\">C\u00d4NG TY TNHH TM-DV \u0110\u1ea6U T\u01af &amp; PH\u00c1T TRI\u1ec2N C\u00d4NG NGH\u1ec6 TO\u00c0N GIA<\/span><\/p>\n<p><span class=\"text\">VPGD: ng\u00f5 88 ph\u1ed1 Gi\u00e1p Nh\u1ecb, Th\u1ecbnh Li\u1ec7t, Ho\u00e0ng Mai, H\u00e0 N\u1ed9i<\/span><\/p>\n<p><span class=\"text\">X\u01b0\u1edfng s\u1ea3n xu\u1ea5t: L\u1ea1c \u0110\u1ea1o, V\u0103n L\u00e2m, H\u01b0ng Y\u00ean<\/span><\/p>\n<p><span class=\"text\">M\u1ecdi nhu c\u1ea7u Li\u00ean h\u1ec7:<\/span><\/p>\n<p><span style=\"color: #ff0000;\"><span class=\"emoji-sizer emoji-outer \"><img decoding=\"async\" class=\"emoji\" role=\"img\" draggable=\"false\" src=\"https:\/\/s.w.org\/images\/core\/emoji\/14.0.0\/svg\/1f525.svg\" alt=\"?\" \/><\/span><span class=\"emoji-sizer emoji-outer \"><img decoding=\"async\" class=\"emoji\" role=\"img\" draggable=\"false\" src=\"https:\/\/s.w.org\/images\/core\/emoji\/14.0.0\/svg\/1f525.svg\" alt=\"?\" \/><\/span><span class=\"text\"><img decoding=\"async\" class=\"emoji\" role=\"img\" draggable=\"false\" src=\"https:\/\/s.w.org\/images\/core\/emoji\/14.0.0\/svg\/1f525.svg\" alt=\"?\" \/><strong>Hotline:\u00a0<\/strong><\/span><a class=\"text-is-phone-number\" style=\"color: #ff0000;\"><strong>094 3030 117<\/strong><\/a><span class=\"emoji-sizer emoji-outer \"><img decoding=\"async\" class=\"emoji\" role=\"img\" draggable=\"false\" src=\"https:\/\/s.w.org\/images\/core\/emoji\/14.0.0\/svg\/1f525.svg\" alt=\"?\" \/><\/span><span class=\"emoji-sizer emoji-outer \"><img decoding=\"async\" class=\"emoji\" role=\"img\" draggable=\"false\" src=\"https:\/\/s.w.org\/images\/core\/emoji\/14.0.0\/svg\/1f525.svg\" alt=\"?\" \/><\/span><span class=\"emoji-sizer emoji-outer \"><img decoding=\"async\" class=\"emoji\" role=\"img\" draggable=\"false\" src=\"https:\/\/s.w.org\/images\/core\/emoji\/14.0.0\/svg\/1f525.svg\" alt=\"?\" \/><\/span><\/span><\/p>\n<p><span class=\"text\">Ph\u00f2ng Kinh doanh:\u00a0<\/span><a class=\"text-is-phone-number\">0918 92 55 22<\/a><\/p>\n<p><span class=\"text\">Ph\u00f2ng K\u1ef9 thu\u1eadt:\u00a0<\/span><a class=\"text-is-phone-number\">0918 26 55 22<\/a><\/p>\n<p><span class=\"text\">Ph\u00f2ng K\u1ebf to\u00e1n:\u00a0<\/span><a class=\"text-is-phone-number\">0916 49 88 22<\/a><\/p>\n<p><span class=\"text\">Tell: 024 3995 0208 \/\u00a0<\/span><a class=\"text-is-phone-number\">0916 35 88 22<\/a><span class=\"text\">\u00a0<\/span><\/p>\n<p><span class=\"text\">Gmail:\u00a0<\/span><a class=\"text-is-email\" href=\"mailto:toangiamayvanphong@gmail.com\" target=\"_blank\" rel=\"noopener\">toangiamayvanphong@gmail.com<\/a><\/p>\n<p>Web: https:\/\/toangiamayvanphong.vn\/<\/p>\n<\/div>\n","protected":false},"featured_media":1523,"comment_status":"open","ping_status":"closed","template":"","meta":[],"product_brand":[],"product_cat":[128],"product_tag":[143],"class_list":{"0":"post-2269","1":"product","2":"type-product","3":"status-publish","4":"has-post-thumbnail","6":"product_cat-linh-kien-boc-may","7":"product_tag-bien-ap","9":"first","10":"instock","11":"taxable","12":"shipping-taxable","13":"product-type-simple"},"_links":{"self":[{"href":"https:\/\/toangiamayvanphong.vn\/index.php?rest_route=\/wp\/v2\/product\/2269","targetHints":{"allow":["GET"]}}],"collection":[{"href":"https:\/\/toangiamayvanphong.vn\/index.php?rest_route=\/wp\/v2\/product"}],"about":[{"href":"https:\/\/toangiamayvanphong.vn\/index.php?rest_route=\/wp\/v2\/types\/product"}],"replies":[{"embeddable":true,"href":"https:\/\/toangiamayvanphong.vn\/index.php?rest_route=%2Fwp%2Fv2%2Fcomments&post=2269"}],"wp:featuredmedia":[{"embeddable":true,"href":"https:\/\/toangiamayvanphong.vn\/index.php?rest_route=\/wp\/v2\/media\/1523"}],"wp:attachment":[{"href":"https:\/\/toangiamayvanphong.vn\/index.php?rest_route=%2Fwp%2Fv2%2Fmedia&parent=2269"}],"wp:term":[{"taxonomy":"product_brand","embeddable":true,"href":"https:\/\/toangiamayvanphong.vn\/index.php?rest_route=%2Fwp%2Fv2%2Fproduct_brand&post=2269"},{"taxonomy":"product_cat","embeddable":true,"href":"https:\/\/toangiamayvanphong.vn\/index.php?rest_route=%2Fwp%2Fv2%2Fproduct_cat&post=2269"},{"taxonomy":"product_tag","embeddable":true,"href":"https:\/\/toangiamayvanphong.vn\/index.php?rest_route=%2Fwp%2Fv2%2Fproduct_tag&post=2269"}],"curies":[{"name":"wp","href":"https:\/\/api.w.org\/{rel}","templated":true}]}}