{"id":2274,"date":"2023-07-09T11:14:39","date_gmt":"2023-07-09T04:14:39","guid":{"rendered":"https:\/\/toangiamayvanphong.vn\/?post_type=product&#038;p=2274"},"modified":"2023-07-09T11:14:41","modified_gmt":"2023-07-09T04:14:41","slug":"muc-do-17a-30a-17x-30x-hut-hang","status":"publish","type":"product","link":"https:\/\/toangiamayvanphong.vn\/?product=muc-do-17a-30a-17x-30x-hut-hang","title":{"rendered":"M\u1ef0C \u0110\u1ed4 17A\/30A-17X\/30X H\u00daT H\u00c3NG"},"content":{"rendered":"<p><strong><span class=\"emoji-sizer emoji-outer \"><img decoding=\"async\" class=\"emoji\" role=\"img\" draggable=\"false\" src=\"https:\/\/s.w.org\/images\/core\/emoji\/14.0.0\/svg\/1f308.svg\" alt=\"?\" \/><\/span>\u00a0<span class=\"emoji-sizer emoji-outer \"><img decoding=\"async\" class=\"emoji\" role=\"img\" draggable=\"false\" src=\"https:\/\/s.w.org\/images\/core\/emoji\/14.0.0\/svg\/1f308.svg\" alt=\"?\" \/><\/span><span class=\"text\" style=\"font-size: 18pt; color: #0000ff;\"> #M\u1ef1c #\u0111\u1ed5 #17A\/30A-17X\/30X #h\u00fat #h\u00e3ng\u00a0<\/span><\/strong><\/p>\n<p><span class=\"text\">N\u1ebfu nh\u01b0 b\u1ea1n l\u00e0 th\u1ee3 th\u00ec \u1eaft h\u1eb3n c\u0169ng kinh qua d\u00f2ng m\u00e1y s\u1eed d\u1ee5ng m\u1ef1c 17A\/30A\/30X. v\u00e0 c\u1ea3m nh\u1eadn c\u1ee7a mn ntn? -->&gt; D\u00f2ng m\u00e1y, h\u00f4p m\u1ef1c &#8221; r\u1ea5t kh\u00f3 chi\u1ec1u&#8221;, &#8220;khoai nh\u1ea5t qu\u1ea3 \u0111\u1ea5t&#8221;, &#8220;chu\u1ed1i c\u1ea3 n\u1ea3i&#8221;&#8230;..<\/span><\/p>\n<p><span class=\"emoji-sizer emoji-outer \">?<\/span><span class=\"emoji-sizer emoji-outer \">?<\/span><span class=\"text\">?M\u1ef1c #\u0111\u1ed5 #17A\/ #30A\/ #30X #h\u00fat #h\u00e3ng c\u1ee7a Cty To\u00e0n Gia l\u00e0 s\u1ea3n ph\u1ea9m m\u1ef1c \u0111\u1ed5 ch\u1ea5t l\u01b0\u1ee3ng cao, s\u1ebd l\u00e0m b\u1ea1n ho\u00e0n to\u00e0n h\u00e0i l\u00f2ng v\u1ec1 ch\u1ea5t l\u01b0\u1ee3ng c\u1ee7a nh\u1eefng b\u1ea3n in \u0111\u01b0\u1ee3c t\u1ea1o ra v\u1edbi \u0111\u1ed9 s\u1eafc n\u00e9t cao, \u0111\u1eb9p m\u00e0u, chuy\u00ean nghi\u1ec7p nh\u01b0 m\u1ef1c ch\u00ednh h\u00e3ng.<\/span><\/p>\n<p><span class=\"text\"> \u0110\u1ea3m b\u1ea3o kh\u00f4ng lem, nh\u00f2e, \u0111\u1ed9 b\u1ec1n m\u00e0u cao gi\u00fap t\u00e0i li\u1ec7u l\u01b0u tr\u1eef l\u00e2u d\u00e0i m\u00e0 kh\u00f4ng lo b\u1ecb phai m\u00e0u. <\/span><\/p>\n<p><span class=\"text\">Ch\u00fang t\u00f4i c\u00f3 #gi\u1ea3i #ph\u00e1p #\u0111\u1ed3ng #b\u1ed9 gi\u1ea3i quy\u1ebft \u0111\u1ea7y \u0111\u1ee7 cho c\u00e1c d\u00f2ng m\u00e1y 17A\/30A\/30X : h\u1ed9p m\u1ef1c (cartrigde) c\u00f3 ch\u00edp, kh\u00f4ng ch\u00edp; xu, tr\u1ee5c t\u1eeb,&#8230;<\/span><\/p>\n<div dir=\"auto\"><a class=\"x1i10hfl xjbqb8w x6umtig x1b1mbwd xaqea5y xav7gou x9f619 x1ypdohk xt0psk2 xe8uvvx xdj266r x11i5rnm xat24cr x1mh8g0r xexx8yu x4uap5 x18d9i69 xkhd6sd x16tdsg8 x1hl2dhg xggy1nq x1a2a7pz xt0b8zv x1qq9wsj xo1l8bm\" tabindex=\"0\" role=\"link\" href=\"https:\/\/www.facebook.com\/hashtag\/c%E1%BB%A5m?__eep__=6&amp;__cft__[0]=AZV9sxF-Fn78lgMkHxzN_hMrhOjLpay8wVemcJD9I3LO9l_lNxXy97cvzIjj-EbDgTzGUOixEDW1EokibNyVWIoDnDM0zhkoe6RrajDm19Nq3BHrthXbQwdWqbukJYBxDpvH9vlEyL_EhAmSSPq3xdEAOS7-CHZVvNezUhxpPoiRIw&amp;__tn__=*NK-R\">#C\u1ee5m<\/a> <a class=\"x1i10hfl xjbqb8w x6umtig x1b1mbwd xaqea5y xav7gou x9f619 x1ypdohk xt0psk2 xe8uvvx xdj266r x11i5rnm xat24cr x1mh8g0r xexx8yu x4uap5 x18d9i69 xkhd6sd x16tdsg8 x1hl2dhg xggy1nq x1a2a7pz xt0b8zv x1qq9wsj xo1l8bm\" tabindex=\"0\" role=\"link\" href=\"https:\/\/www.facebook.com\/hashtag\/drum?__eep__=6&amp;__cft__[0]=AZV9sxF-Fn78lgMkHxzN_hMrhOjLpay8wVemcJD9I3LO9l_lNxXy97cvzIjj-EbDgTzGUOixEDW1EokibNyVWIoDnDM0zhkoe6RrajDm19Nq3BHrthXbQwdWqbukJYBxDpvH9vlEyL_EhAmSSPq3xdEAOS7-CHZVvNezUhxpPoiRIw&amp;__tn__=*NK-R\">#drum<\/a> <a class=\"x1i10hfl xjbqb8w x6umtig x1b1mbwd xaqea5y xav7gou x9f619 x1ypdohk xt0psk2 xe8uvvx xdj266r x11i5rnm xat24cr x1mh8g0r xexx8yu x4uap5 x18d9i69 xkhd6sd x16tdsg8 x1hl2dhg xggy1nq x1a2a7pz xt0b8zv x1qq9wsj xo1l8bm\" tabindex=\"0\" role=\"link\" href=\"https:\/\/www.facebook.com\/hashtag\/hp?__eep__=6&amp;__cft__[0]=AZV9sxF-Fn78lgMkHxzN_hMrhOjLpay8wVemcJD9I3LO9l_lNxXy97cvzIjj-EbDgTzGUOixEDW1EokibNyVWIoDnDM0zhkoe6RrajDm19Nq3BHrthXbQwdWqbukJYBxDpvH9vlEyL_EhAmSSPq3xdEAOS7-CHZVvNezUhxpPoiRIw&amp;__tn__=*NK-R\">#HP<\/a> <a class=\"x1i10hfl xjbqb8w x6umtig x1b1mbwd xaqea5y xav7gou x9f619 x1ypdohk xt0psk2 xe8uvvx xdj266r x11i5rnm xat24cr x1mh8g0r xexx8yu x4uap5 x18d9i69 xkhd6sd x16tdsg8 x1hl2dhg xggy1nq x1a2a7pz xt0b8zv x1qq9wsj xo1l8bm\" tabindex=\"0\" role=\"link\" href=\"https:\/\/www.facebook.com\/hashtag\/32a?__eep__=6&amp;__cft__[0]=AZV9sxF-Fn78lgMkHxzN_hMrhOjLpay8wVemcJD9I3LO9l_lNxXy97cvzIjj-EbDgTzGUOixEDW1EokibNyVWIoDnDM0zhkoe6RrajDm19Nq3BHrthXbQwdWqbukJYBxDpvH9vlEyL_EhAmSSPq3xdEAOS7-CHZVvNezUhxpPoiRIw&amp;__tn__=*NK-R\">#32A<\/a> (CF232A) d\u00f9ng cho m\u00e1y in M227 v\u00e0 M203. Ri\u00eang v\u1edbi d\u00f2ng m\u00e1y in n\u00e0y th\u00ec c\u1ee5m drum n\u1eb1m ri\u00eang h\u1ed9p m\u1ef1c n\u1eb1m ri\u00eang. N\u00ean sau khi mua m\u00e1y in, b\u1ea1n c\u1ea7n ph\u1ea3i mua th\u00eam h\u1ed9p m\u1ef1c in HP 30A (CF230A) v\u00e0 c\u1ee5m drum HP 32A (CF232A). H\u1ed9p m\u1ef1c l\u00e0 n\u01a1i ch\u1ee9a b\u1ed9t (m\u1ef1c) \u0111\u01b0\u1ee3c s\u1eed d\u1ee5ng \u0111\u1ec3 t\u1ea1o ch\u1eef v\u00e0 h\u00ecnh \u1ea3nh.<\/div>\n<div dir=\"auto\">&#8212;-&gt;&gt;C\u00f4ng ty To\u00e0n Gia cung c\u1ea5p ch\u1ecdn b\u1ed9 <a class=\"x1i10hfl xjbqb8w x6umtig x1b1mbwd xaqea5y xav7gou x9f619 x1ypdohk xt0psk2 xe8uvvx xdj266r x11i5rnm xat24cr x1mh8g0r xexx8yu x4uap5 x18d9i69 xkhd6sd x16tdsg8 x1hl2dhg xggy1nq x1a2a7pz xt0b8zv x1qq9wsj xo1l8bm\" tabindex=\"0\" role=\"link\" href=\"https:\/\/www.facebook.com\/hashtag\/m%E1%BB%B1c?__eep__=6&amp;__cft__[0]=AZV9sxF-Fn78lgMkHxzN_hMrhOjLpay8wVemcJD9I3LO9l_lNxXy97cvzIjj-EbDgTzGUOixEDW1EokibNyVWIoDnDM0zhkoe6RrajDm19Nq3BHrthXbQwdWqbukJYBxDpvH9vlEyL_EhAmSSPq3xdEAOS7-CHZVvNezUhxpPoiRIw&amp;__tn__=*NK-R\">#m\u1ef1c<\/a> <a class=\"x1i10hfl xjbqb8w x6umtig x1b1mbwd xaqea5y xav7gou x9f619 x1ypdohk xt0psk2 xe8uvvx xdj266r x11i5rnm xat24cr x1mh8g0r xexx8yu x4uap5 x18d9i69 xkhd6sd x16tdsg8 x1hl2dhg xggy1nq x1a2a7pz xt0b8zv x1qq9wsj xo1l8bm\" tabindex=\"0\" role=\"link\" href=\"https:\/\/www.facebook.com\/hashtag\/%C4%91%E1%BB%95?__eep__=6&amp;__cft__[0]=AZV9sxF-Fn78lgMkHxzN_hMrhOjLpay8wVemcJD9I3LO9l_lNxXy97cvzIjj-EbDgTzGUOixEDW1EokibNyVWIoDnDM0zhkoe6RrajDm19Nq3BHrthXbQwdWqbukJYBxDpvH9vlEyL_EhAmSSPq3xdEAOS7-CHZVvNezUhxpPoiRIw&amp;__tn__=*NK-R\">#\u0111\u1ed5<\/a> <a class=\"x1i10hfl xjbqb8w x6umtig x1b1mbwd xaqea5y xav7gou x9f619 x1ypdohk xt0psk2 xe8uvvx xdj266r x11i5rnm xat24cr x1mh8g0r xexx8yu x4uap5 x18d9i69 xkhd6sd x16tdsg8 x1hl2dhg xggy1nq x1a2a7pz xt0b8zv x1qq9wsj xo1l8bm\" tabindex=\"0\" role=\"link\" href=\"https:\/\/www.facebook.com\/hashtag\/17a?__eep__=6&amp;__cft__[0]=AZV9sxF-Fn78lgMkHxzN_hMrhOjLpay8wVemcJD9I3LO9l_lNxXy97cvzIjj-EbDgTzGUOixEDW1EokibNyVWIoDnDM0zhkoe6RrajDm19Nq3BHrthXbQwdWqbukJYBxDpvH9vlEyL_EhAmSSPq3xdEAOS7-CHZVvNezUhxpPoiRIw&amp;__tn__=*NK-R\">#17A<\/a>\/30A\/30X h\u00fat h\u00e3ng+ <a class=\"x1i10hfl xjbqb8w x6umtig x1b1mbwd xaqea5y xav7gou x9f619 x1ypdohk xt0psk2 xe8uvvx xdj266r x11i5rnm xat24cr x1mh8g0r xexx8yu x4uap5 x18d9i69 xkhd6sd x16tdsg8 x1hl2dhg xggy1nq x1a2a7pz xt0b8zv x1qq9wsj xo1l8bm\" tabindex=\"0\" role=\"link\" href=\"https:\/\/www.facebook.com\/hashtag\/c%E1%BB%A5m?__eep__=6&amp;__cft__[0]=AZV9sxF-Fn78lgMkHxzN_hMrhOjLpay8wVemcJD9I3LO9l_lNxXy97cvzIjj-EbDgTzGUOixEDW1EokibNyVWIoDnDM0zhkoe6RrajDm19Nq3BHrthXbQwdWqbukJYBxDpvH9vlEyL_EhAmSSPq3xdEAOS7-CHZVvNezUhxpPoiRIw&amp;__tn__=*NK-R\">#c\u1ee5m<\/a> <a class=\"x1i10hfl xjbqb8w x6umtig x1b1mbwd xaqea5y xav7gou x9f619 x1ypdohk xt0psk2 xe8uvvx xdj266r x11i5rnm xat24cr x1mh8g0r xexx8yu x4uap5 x18d9i69 xkhd6sd x16tdsg8 x1hl2dhg xggy1nq x1a2a7pz xt0b8zv x1qq9wsj xo1l8bm\" tabindex=\"0\" role=\"link\" href=\"https:\/\/www.facebook.com\/hashtag\/tr%E1%BB%91ng?__eep__=6&amp;__cft__[0]=AZV9sxF-Fn78lgMkHxzN_hMrhOjLpay8wVemcJD9I3LO9l_lNxXy97cvzIjj-EbDgTzGUOixEDW1EokibNyVWIoDnDM0zhkoe6RrajDm19Nq3BHrthXbQwdWqbukJYBxDpvH9vlEyL_EhAmSSPq3xdEAOS7-CHZVvNezUhxpPoiRIw&amp;__tn__=*NK-R\">#tr\u1ed1ng<\/a> <a class=\"x1i10hfl xjbqb8w x6umtig x1b1mbwd xaqea5y xav7gou x9f619 x1ypdohk xt0psk2 xe8uvvx xdj266r x11i5rnm xat24cr x1mh8g0r xexx8yu x4uap5 x18d9i69 xkhd6sd x16tdsg8 x1hl2dhg xggy1nq x1a2a7pz xt0b8zv x1qq9wsj xo1l8bm\" tabindex=\"0\" role=\"link\" href=\"https:\/\/www.facebook.com\/hashtag\/32a?__eep__=6&amp;__cft__[0]=AZV9sxF-Fn78lgMkHxzN_hMrhOjLpay8wVemcJD9I3LO9l_lNxXy97cvzIjj-EbDgTzGUOixEDW1EokibNyVWIoDnDM0zhkoe6RrajDm19Nq3BHrthXbQwdWqbukJYBxDpvH9vlEyL_EhAmSSPq3xdEAOS7-CHZVvNezUhxpPoiRIw&amp;__tn__=*NK-R\">#32A<\/a>+ <a class=\"x1i10hfl xjbqb8w x6umtig x1b1mbwd xaqea5y xav7gou x9f619 x1ypdohk xt0psk2 xe8uvvx xdj266r x11i5rnm xat24cr x1mh8g0r xexx8yu x4uap5 x18d9i69 xkhd6sd x16tdsg8 x1hl2dhg xggy1nq x1a2a7pz xt0b8zv x1qq9wsj xo1l8bm\" tabindex=\"0\" role=\"link\" href=\"https:\/\/www.facebook.com\/hashtag\/h%E1%BB%99p?__eep__=6&amp;__cft__[0]=AZV9sxF-Fn78lgMkHxzN_hMrhOjLpay8wVemcJD9I3LO9l_lNxXy97cvzIjj-EbDgTzGUOixEDW1EokibNyVWIoDnDM0zhkoe6RrajDm19Nq3BHrthXbQwdWqbukJYBxDpvH9vlEyL_EhAmSSPq3xdEAOS7-CHZVvNezUhxpPoiRIw&amp;__tn__=*NK-R\">#h\u1ed9p<\/a> <a class=\"x1i10hfl xjbqb8w x6umtig x1b1mbwd xaqea5y xav7gou x9f619 x1ypdohk xt0psk2 xe8uvvx xdj266r x11i5rnm xat24cr x1mh8g0r xexx8yu x4uap5 x18d9i69 xkhd6sd x16tdsg8 x1hl2dhg xggy1nq x1a2a7pz xt0b8zv x1qq9wsj xo1l8bm\" tabindex=\"0\" role=\"link\" href=\"https:\/\/www.facebook.com\/hashtag\/m%E1%BB%B1c?__eep__=6&amp;__cft__[0]=AZV9sxF-Fn78lgMkHxzN_hMrhOjLpay8wVemcJD9I3LO9l_lNxXy97cvzIjj-EbDgTzGUOixEDW1EokibNyVWIoDnDM0zhkoe6RrajDm19Nq3BHrthXbQwdWqbukJYBxDpvH9vlEyL_EhAmSSPq3xdEAOS7-CHZVvNezUhxpPoiRIw&amp;__tn__=*NK-R\">#m\u1ef1c<\/a> <a class=\"x1i10hfl xjbqb8w x6umtig x1b1mbwd xaqea5y xav7gou x9f619 x1ypdohk xt0psk2 xe8uvvx xdj266r x11i5rnm xat24cr x1mh8g0r xexx8yu x4uap5 x18d9i69 xkhd6sd x16tdsg8 x1hl2dhg xggy1nq x1a2a7pz xt0b8zv x1qq9wsj xo1l8bm\" tabindex=\"0\" role=\"link\" href=\"https:\/\/www.facebook.com\/hashtag\/30a?__eep__=6&amp;__cft__[0]=AZV9sxF-Fn78lgMkHxzN_hMrhOjLpay8wVemcJD9I3LO9l_lNxXy97cvzIjj-EbDgTzGUOixEDW1EokibNyVWIoDnDM0zhkoe6RrajDm19Nq3BHrthXbQwdWqbukJYBxDpvH9vlEyL_EhAmSSPq3xdEAOS7-CHZVvNezUhxpPoiRIw&amp;__tn__=*NK-R\">#30A<\/a>\/30X<\/div>\n<p><span class=\"text\">P\/S: gi\u1ea3i th\u00edch t\u1eeb ng\u1eef &#8221; m\u1ef1c h\u00fat h\u00e3ng&#8221; l\u00e0 m\u1ef1c \u0111\u01b0\u1ee3c h\u00fat t\u1eeb c\u00e1c b\u1ea7u m\u1ef1c nguy\u00ean si\u00eau cu\u1ea3 c\u00e1c h\u1ed9p m\u1ef1c ch\u00ednh h\u00e3ng..<\/span><\/p>\n<p><span style=\"font-size: 18pt;\"><strong><span class=\"emoji-sizer emoji-outer \"><img decoding=\"async\" class=\"emoji\" role=\"img\" draggable=\"false\" src=\"https:\/\/s.w.org\/images\/core\/emoji\/14.0.0\/svg\/1f525.svg\" alt=\"?\" \/><\/span><span class=\"emoji-sizer emoji-outer \"><img decoding=\"async\" class=\"emoji\" role=\"img\" draggable=\"false\" src=\"https:\/\/s.w.org\/images\/core\/emoji\/14.0.0\/svg\/1f525.svg\" alt=\"?\" \/><\/span><span class=\"text\"><img decoding=\"async\" class=\"emoji\" role=\"img\" draggable=\"false\" src=\"https:\/\/s.w.org\/images\/core\/emoji\/14.0.0\/svg\/1f525.svg\" alt=\"?\" \/><span style=\"color: #ff0000;\">Gi\u00e1 Lh\u00a0<\/span><\/span><span style=\"color: #ff0000;\"><a class=\"text-is-phone-number\" style=\"color: #ff0000;\">094 3030 117<\/a><span class=\"emoji-sizer emoji-outer \"><img decoding=\"async\" class=\"emoji\" role=\"img\" draggable=\"false\" src=\"https:\/\/s.w.org\/images\/core\/emoji\/14.0.0\/svg\/1f525.svg\" alt=\"?\" \/><\/span><span class=\"emoji-sizer emoji-outer \"><img decoding=\"async\" class=\"emoji\" role=\"img\" draggable=\"false\" src=\"https:\/\/s.w.org\/images\/core\/emoji\/14.0.0\/svg\/1f525.svg\" alt=\"?\" \/><\/span><span class=\"emoji-sizer emoji-outer \"><img decoding=\"async\" class=\"emoji\" role=\"img\" draggable=\"false\" src=\"https:\/\/s.w.org\/images\/core\/emoji\/14.0.0\/svg\/1f525.svg\" alt=\"?\" \/><\/span><\/span><\/strong><\/span><\/p>\n<p><span class=\"text\">T\u200br\u00e2n tr\u1ecdng!<\/span><\/p>\n<p><span class=\"text\">\u2014\u2013***\u2014\u2013<\/span><\/p>\n<p><span class=\"text\">C\u00d4NG TY TNHH TM-DV \u0110\u1ea6U T\u01af &amp; PH\u00c1T TRI\u1ec2N C\u00d4NG NGH\u1ec6 TO\u00c0N GIA<\/span><\/p>\n<p><span class=\"text\">VPGD: ng\u00f5 88 ph\u1ed1 Gi\u00e1p Nh\u1ecb, Th\u1ecbnh Li\u1ec7t, Ho\u00e0ng Mai, H\u00e0 N\u1ed9i<\/span><\/p>\n<p><span class=\"text\">X\u01b0\u1edfng s\u1ea3n xu\u1ea5t: L\u1ea1c \u0110\u1ea1o, V\u0103n L\u00e2m, H\u01b0ng Y\u00ean<\/span><\/p>\n<p><span class=\"text\">M\u1ecdi nhu c\u1ea7u Li\u00ean h\u1ec7:<\/span><\/p>\n<p><span class=\"text\">Ph\u00f2ng Kinh doanh:\u00a0<\/span><a class=\"text-is-phone-number\">0918 92 55 22<\/a><\/p>\n<p><span class=\"text\">Ph\u00f2ng K\u1ef9 thu\u1eadt:\u00a0<\/span><a class=\"text-is-phone-number\">0918 26 55 22<\/a><\/p>\n<p><span class=\"text\">Ph\u00f2ng K\u1ebf to\u00e1n:\u00a0<\/span><a class=\"text-is-phone-number\">0916 49 88 22<\/a><\/p>\n<p><span class=\"text\">Tell: 024 3995 0208 \/\u00a0<\/span><a class=\"text-is-phone-number\">0916 35 88 22<\/a><span class=\"text\">\u00a0<\/span><\/p>\n<p><span class=\"emoji-sizer emoji-outer \"><img decoding=\"async\" class=\"emoji\" role=\"img\" draggable=\"false\" src=\"https:\/\/s.w.org\/images\/core\/emoji\/14.0.0\/svg\/1f525.svg\" alt=\"?\" \/><\/span><span class=\"emoji-sizer emoji-outer \"><img decoding=\"async\" class=\"emoji\" role=\"img\" draggable=\"false\" src=\"https:\/\/s.w.org\/images\/core\/emoji\/14.0.0\/svg\/1f525.svg\" alt=\"?\" \/><\/span><span class=\"text\"><img decoding=\"async\" class=\"emoji\" role=\"img\" draggable=\"false\" src=\"https:\/\/s.w.org\/images\/core\/emoji\/14.0.0\/svg\/1f525.svg\" alt=\"?\" \/>Hotline:\u00a0<\/span><a class=\"text-is-phone-number\">094 3030 117<\/a><span class=\"emoji-sizer emoji-outer \"><img decoding=\"async\" class=\"emoji\" role=\"img\" draggable=\"false\" src=\"https:\/\/s.w.org\/images\/core\/emoji\/14.0.0\/svg\/1f525.svg\" alt=\"?\" \/><\/span><span class=\"emoji-sizer emoji-outer \"><img decoding=\"async\" class=\"emoji\" role=\"img\" draggable=\"false\" src=\"https:\/\/s.w.org\/images\/core\/emoji\/14.0.0\/svg\/1f525.svg\" alt=\"?\" \/><\/span><span class=\"emoji-sizer emoji-outer \"><img decoding=\"async\" class=\"emoji\" role=\"img\" draggable=\"false\" src=\"https:\/\/s.w.org\/images\/core\/emoji\/14.0.0\/svg\/1f525.svg\" alt=\"?\" \/><\/span><\/p>\n<p><span class=\"text\">Gmail:\u00a0<\/span><a class=\"text-is-email\" href=\"mailto:toangiamayvanphong@gmail.com\" target=\"_blank\" rel=\"noopener\">toangiamayvanphong@gmail.com<\/a><\/p>\n","protected":false},"excerpt":{"rendered":"<p><strong><span class=\"emoji-sizer emoji-outer \"><img decoding=\"async\" class=\"emoji\" role=\"img\" draggable=\"false\" src=\"https:\/\/s.w.org\/images\/core\/emoji\/14.0.0\/svg\/1f308.svg\" alt=\"?\" \/><\/span>\u00a0<span class=\"emoji-sizer emoji-outer \"><img decoding=\"async\" class=\"emoji\" role=\"img\" draggable=\"false\" src=\"https:\/\/s.w.org\/images\/core\/emoji\/14.0.0\/svg\/1f308.svg\" alt=\"?\" \/><span class=\"text\" style=\"font-size: 18pt; color: #0000ff;\">#M\u1ef1c #\u0111\u1ed5 #17A\/30A-17X\/30X #h\u00fat #h\u00e3ng\u00a0<\/span><\/span><\/strong><\/p>\n<ul>\n<li><em><span class=\"text\">M\u1ef1c \u0111\u01b0\u1ee3c tri\u1ebft t\u1eeb c\u00e1c b\u1ea7u m\u1ef1c h\u00e3ng nguy\u00ean si\u00eau <\/span><\/em><\/li>\n<li><em><span class=\"text\">\u0110\u1ed5 cho &#8230;&#8230;&#8230;&#8230;&#8230;&#8230;&#8230;&#8230;&#8230;&#8230;&#8230;<\/span><\/em><\/li>\n<\/ul>\n<p><span style=\"font-size: 18pt;\"><strong><span class=\"emoji-sizer emoji-outer \"><img decoding=\"async\" class=\"emoji\" role=\"img\" draggable=\"false\" src=\"https:\/\/s.w.org\/images\/core\/emoji\/14.0.0\/svg\/1f525.svg\" alt=\"?\" \/><\/span><span class=\"emoji-sizer emoji-outer \"><img decoding=\"async\" class=\"emoji\" role=\"img\" draggable=\"false\" src=\"https:\/\/s.w.org\/images\/core\/emoji\/14.0.0\/svg\/1f525.svg\" alt=\"?\" \/><\/span><span class=\"text\"><img decoding=\"async\" class=\"emoji\" role=\"img\" draggable=\"false\" src=\"https:\/\/s.w.org\/images\/core\/emoji\/14.0.0\/svg\/1f525.svg\" alt=\"?\" \/><span style=\"color: #ff0000;\">Gi\u00e1 Lh\u00a0<\/span><\/span><span style=\"color: #ff0000;\"><a class=\"text-is-phone-number\" style=\"color: #ff0000;\">094 3030 117<\/a><span class=\"emoji-sizer emoji-outer \"><img decoding=\"async\" class=\"emoji\" role=\"img\" draggable=\"false\" src=\"https:\/\/s.w.org\/images\/core\/emoji\/14.0.0\/svg\/1f525.svg\" alt=\"?\" \/><\/span><span class=\"emoji-sizer emoji-outer \"><img decoding=\"async\" class=\"emoji\" role=\"img\" draggable=\"false\" src=\"https:\/\/s.w.org\/images\/core\/emoji\/14.0.0\/svg\/1f525.svg\" alt=\"?\" \/><\/span><span class=\"emoji-sizer emoji-outer \"><img decoding=\"async\" class=\"emoji\" role=\"img\" draggable=\"false\" src=\"https:\/\/s.w.org\/images\/core\/emoji\/14.0.0\/svg\/1f525.svg\" alt=\"?\" \/><\/span><\/span><\/strong><\/span><\/p>\n","protected":false},"featured_media":1543,"comment_status":"open","ping_status":"closed","template":"","meta":[],"product_brand":[],"product_cat":[145],"product_tag":[146,147],"class_list":{"0":"post-2274","1":"product","2":"type-product","3":"status-publish","4":"has-post-thumbnail","6":"product_cat-muc-in-laze-den-trang","7":"product_tag-do-muc","8":"product_tag-muc-do","10":"first","11":"instock","12":"taxable","13":"shipping-taxable","14":"product-type-simple"},"_links":{"self":[{"href":"https:\/\/toangiamayvanphong.vn\/index.php?rest_route=\/wp\/v2\/product\/2274","targetHints":{"allow":["GET"]}}],"collection":[{"href":"https:\/\/toangiamayvanphong.vn\/index.php?rest_route=\/wp\/v2\/product"}],"about":[{"href":"https:\/\/toangiamayvanphong.vn\/index.php?rest_route=\/wp\/v2\/types\/product"}],"replies":[{"embeddable":true,"href":"https:\/\/toangiamayvanphong.vn\/index.php?rest_route=%2Fwp%2Fv2%2Fcomments&post=2274"}],"wp:featuredmedia":[{"embeddable":true,"href":"https:\/\/toangiamayvanphong.vn\/index.php?rest_route=\/wp\/v2\/media\/1543"}],"wp:attachment":[{"href":"https:\/\/toangiamayvanphong.vn\/index.php?rest_route=%2Fwp%2Fv2%2Fmedia&parent=2274"}],"wp:term":[{"taxonomy":"product_brand","embeddable":true,"href":"https:\/\/toangiamayvanphong.vn\/index.php?rest_route=%2Fwp%2Fv2%2Fproduct_brand&post=2274"},{"taxonomy":"product_cat","embeddable":true,"href":"https:\/\/toangiamayvanphong.vn\/index.php?rest_route=%2Fwp%2Fv2%2Fproduct_cat&post=2274"},{"taxonomy":"product_tag","embeddable":true,"href":"https:\/\/toangiamayvanphong.vn\/index.php?rest_route=%2Fwp%2Fv2%2Fproduct_tag&post=2274"}],"curies":[{"name":"wp","href":"https:\/\/api.w.org\/{rel}","templated":true}]}}