{"id":2275,"date":"2023-07-09T11:14:39","date_gmt":"2023-07-09T04:14:39","guid":{"rendered":"https:\/\/toangiamayvanphong.vn\/?post_type=product&#038;p=2275"},"modified":"2023-07-09T11:14:41","modified_gmt":"2023-07-09T04:14:41","slug":"muc-laze-mau-hp-canon-hut-hang-cymk","status":"publish","type":"product","link":"https:\/\/toangiamayvanphong.vn\/?product=muc-laze-mau-hp-canon-hut-hang-cymk","title":{"rendered":"M\u1ef0C LAZE M\u00c0U HP-CANON  H\u00daT H\u00c3NG (C,Y,M,K)"},"content":{"rendered":"<p><strong><span class=\"emoji-sizer emoji-outer \"><img decoding=\"async\" class=\"emoji\" role=\"img\" draggable=\"false\" src=\"https:\/\/s.w.org\/images\/core\/emoji\/14.0.0\/svg\/1f308.svg\" alt=\"?\" \/><\/span>\u00a0<span class=\"emoji-sizer emoji-outer \"><img decoding=\"async\" class=\"emoji\" role=\"img\" draggable=\"false\" src=\"https:\/\/s.w.org\/images\/core\/emoji\/14.0.0\/svg\/1f308.svg\" alt=\"?\" \/><\/span><span class=\"text\" style=\"font-size: 18pt; color: #0000ff;\"> #M\u1ef1c #\u0111\u1ed5 #HP-CANON LAZE M\u00c0U #h\u00fat #h\u00e3ng (C,Y,M,K)<\/span><\/strong><\/p>\n<ul>\n<li><em><span class=\"text\">M\u1ef1c \u0111\u01b0\u1ee3c tri\u1ebft t\u1eeb c\u00e1c b\u1ea7u m\u1ef1c h\u00e3ng nguy\u00ean si\u00eau <\/span><\/em><\/li>\n<li><em><span class=\"text\">\u0110\u1ed5 cho \u0111\u1ed5 cho cartrigde 201A,410,&#8230; chu\u1ea9n x\u1ecbn, M\u1ef0C S\u00c1NH M\u1ecaN NH\u01af N\u01af\u1edaC, ch\u1ea5t l\u01b0\u1ee3ng ok 100%, cam k\u1ebft l\u00ean chu\u1ea9n m\u00e0u, \u00edt m\u1ef1c th\u1ea3i.<\/span><\/em><\/li>\n<\/ul>\n<p><span class=\"text\">1.M\u1ef0C LAZE M\u00c0U HP-CANON H\u00daT H\u00c3NG \u0111\u1ed5 cho cartrigde 201A,410,&#8230; chu\u1ea9n x\u1ecbn, ch\u1ea5t l\u01b0\u1ee3ng \u0111\u1ea3m b\u1ea3o, cam k\u1ebft l\u00ean chu\u1ea9n m\u00e0u, \u00edt m\u1ef1c th\u1ea3i. G\u00eda: xx (m\u00e0u\/l\u1ecd 70g) ho\u1eb7c kg <\/span><\/p>\n<p><span class=\"text\">2.PH\u00d4I CARTRIGDE LAZE M\u00c0U (h\u00e0ng h\u00e3ng 1 n\u01b0\u1edbc, c\u00f3 \u0111\u1ea7y \u0111\u1ee7 v\u1ecf h\u1ed9p, v\u1ecf nh\u1ef1a \u1ed1p b\u1ea3o v\u1ec7,..): 201A,410,&#8230;<\/span><\/p>\n<p><span style=\"font-size: 18pt;\"><strong><span class=\"emoji-sizer emoji-outer \"><img decoding=\"async\" class=\"emoji\" role=\"img\" draggable=\"false\" src=\"https:\/\/s.w.org\/images\/core\/emoji\/14.0.0\/svg\/1f525.svg\" alt=\"?\" \/><\/span><span class=\"emoji-sizer emoji-outer \"><img decoding=\"async\" class=\"emoji\" role=\"img\" draggable=\"false\" src=\"https:\/\/s.w.org\/images\/core\/emoji\/14.0.0\/svg\/1f525.svg\" alt=\"?\" \/><\/span><span class=\"text\"><img decoding=\"async\" class=\"emoji\" role=\"img\" draggable=\"false\" src=\"https:\/\/s.w.org\/images\/core\/emoji\/14.0.0\/svg\/1f525.svg\" alt=\"?\" \/><span style=\"color: #ff0000;\">Gi\u00e1 Lh\u00a0<\/span><\/span><span style=\"color: #ff0000;\"><a class=\"text-is-phone-number\" style=\"color: #ff0000;\">094 3030 117<\/a><span class=\"emoji-sizer emoji-outer \"><img decoding=\"async\" class=\"emoji\" role=\"img\" draggable=\"false\" src=\"https:\/\/s.w.org\/images\/core\/emoji\/14.0.0\/svg\/1f525.svg\" alt=\"?\" \/><\/span><span class=\"emoji-sizer emoji-outer \"><img decoding=\"async\" class=\"emoji\" role=\"img\" draggable=\"false\" src=\"https:\/\/s.w.org\/images\/core\/emoji\/14.0.0\/svg\/1f525.svg\" alt=\"?\" \/><\/span><span class=\"emoji-sizer emoji-outer \"><img decoding=\"async\" class=\"emoji\" role=\"img\" draggable=\"false\" src=\"https:\/\/s.w.org\/images\/core\/emoji\/14.0.0\/svg\/1f525.svg\" alt=\"?\" \/><\/span><\/span><\/strong><\/span><\/p>\n<p><span class=\"text\">T\u200br\u00e2n tr\u1ecdng!<\/span><\/p>\n<p><span class=\"text\">\u2014\u2013***\u2014\u2013<\/span><\/p>\n<p><span class=\"text\">C\u00d4NG TY TNHH TM-DV \u0110\u1ea6U T\u01af &amp; PH\u00c1T TRI\u1ec2N C\u00d4NG NGH\u1ec6 TO\u00c0N GIA<\/span><\/p>\n<p><span class=\"text\">VPGD: ng\u00f5 88 ph\u1ed1 Gi\u00e1p Nh\u1ecb, Th\u1ecbnh Li\u1ec7t, Ho\u00e0ng Mai, H\u00e0 N\u1ed9i<\/span><\/p>\n<p><span class=\"text\">X\u01b0\u1edfng s\u1ea3n xu\u1ea5t: L\u1ea1c \u0110\u1ea1o, V\u0103n L\u00e2m, H\u01b0ng Y\u00ean<\/span><\/p>\n<p><span class=\"text\">M\u1ecdi nhu c\u1ea7u Li\u00ean h\u1ec7:<\/span><\/p>\n<p><span class=\"text\">Ph\u00f2ng Kinh doanh:\u00a0<\/span><a class=\"text-is-phone-number\">0918 92 55 22<\/a><\/p>\n<p><span class=\"text\">Ph\u00f2ng K\u1ef9 thu\u1eadt:\u00a0<\/span><a class=\"text-is-phone-number\">0918 26 55 22<\/a><\/p>\n<p><span class=\"text\">Ph\u00f2ng K\u1ebf to\u00e1n:\u00a0<\/span><a class=\"text-is-phone-number\">0916 49 88 22<\/a><\/p>\n<p><span class=\"text\">Tell: 024 3995 0208 \/\u00a0<\/span><a class=\"text-is-phone-number\">0916 35 88 22<\/a><span class=\"text\">\u00a0<\/span><\/p>\n<p><span class=\"emoji-sizer emoji-outer \"><img decoding=\"async\" class=\"emoji\" role=\"img\" draggable=\"false\" src=\"https:\/\/s.w.org\/images\/core\/emoji\/14.0.0\/svg\/1f525.svg\" alt=\"?\" \/><\/span><span class=\"emoji-sizer emoji-outer \"><img decoding=\"async\" class=\"emoji\" role=\"img\" draggable=\"false\" src=\"https:\/\/s.w.org\/images\/core\/emoji\/14.0.0\/svg\/1f525.svg\" alt=\"?\" \/><\/span><span class=\"text\"><img decoding=\"async\" class=\"emoji\" role=\"img\" draggable=\"false\" src=\"https:\/\/s.w.org\/images\/core\/emoji\/14.0.0\/svg\/1f525.svg\" alt=\"?\" \/>Hotline:\u00a0<\/span><a class=\"text-is-phone-number\">094 3030 117<\/a><span class=\"emoji-sizer emoji-outer \"><img decoding=\"async\" class=\"emoji\" role=\"img\" draggable=\"false\" src=\"https:\/\/s.w.org\/images\/core\/emoji\/14.0.0\/svg\/1f525.svg\" alt=\"?\" \/><\/span><span class=\"emoji-sizer emoji-outer \"><img decoding=\"async\" class=\"emoji\" role=\"img\" draggable=\"false\" src=\"https:\/\/s.w.org\/images\/core\/emoji\/14.0.0\/svg\/1f525.svg\" alt=\"?\" \/><\/span><span class=\"emoji-sizer emoji-outer \"><img decoding=\"async\" class=\"emoji\" role=\"img\" draggable=\"false\" src=\"https:\/\/s.w.org\/images\/core\/emoji\/14.0.0\/svg\/1f525.svg\" alt=\"?\" \/><\/span><\/p>\n<p><span class=\"text\">Gmail:\u00a0<\/span><a class=\"text-is-email\" href=\"mailto:toangiamayvanphong@gmail.com\" target=\"_blank\" rel=\"noopener\">toangiamayvanphong@gmail.com<\/a><\/p>\n","protected":false},"excerpt":{"rendered":"<p><strong><span class=\"emoji-sizer emoji-outer \"><img decoding=\"async\" class=\"emoji\" role=\"img\" draggable=\"false\" src=\"https:\/\/s.w.org\/images\/core\/emoji\/14.0.0\/svg\/1f308.svg\" alt=\"?\" \/><\/span>\u00a0<span class=\"emoji-sizer emoji-outer \"><img decoding=\"async\" class=\"emoji\" role=\"img\" draggable=\"false\" src=\"https:\/\/s.w.org\/images\/core\/emoji\/14.0.0\/svg\/1f308.svg\" alt=\"?\" \/><span class=\"text\" style=\"font-size: 18pt; color: #0000ff;\">#M\u1ef1c LAZE M\u00c0U HP-CANON\u00a0 #h\u00fat #h\u00e3ng (C,Y,M,K)<\/span><\/span><\/strong><\/p>\n<ul>\n<li><em><span class=\"text\">M\u1ef1c \u0111\u01b0\u1ee3c tri\u1ebft t\u1eeb c\u00e1c b\u1ea7u m\u1ef1c h\u00e3ng nguy\u00ean si\u00eau <\/span><\/em><\/li>\n<li><em><span class=\"text\">\u0110\u1ed5 cho &#8230;&#8230;&#8230;&#8230;&#8230;&#8230;&#8230;&#8230;&#8230;&#8230;&#8230;<\/span><\/em><\/li>\n<\/ul>\n<p><span style=\"font-size: 18pt;\"><strong><span class=\"emoji-sizer emoji-outer \"><img decoding=\"async\" class=\"emoji\" role=\"img\" draggable=\"false\" src=\"https:\/\/s.w.org\/images\/core\/emoji\/14.0.0\/svg\/1f525.svg\" alt=\"?\" \/><\/span><span class=\"emoji-sizer emoji-outer \"><img decoding=\"async\" class=\"emoji\" role=\"img\" draggable=\"false\" src=\"https:\/\/s.w.org\/images\/core\/emoji\/14.0.0\/svg\/1f525.svg\" alt=\"?\" \/><\/span><span class=\"text\"><img decoding=\"async\" class=\"emoji\" role=\"img\" draggable=\"false\" src=\"https:\/\/s.w.org\/images\/core\/emoji\/14.0.0\/svg\/1f525.svg\" alt=\"?\" \/><span style=\"color: #ff0000;\">Gi\u00e1 Lh\u00a0<\/span><\/span><span style=\"color: #ff0000;\"><a class=\"text-is-phone-number\" style=\"color: #ff0000;\">094 3030 117<\/a><span class=\"emoji-sizer emoji-outer \"><img decoding=\"async\" class=\"emoji\" role=\"img\" draggable=\"false\" src=\"https:\/\/s.w.org\/images\/core\/emoji\/14.0.0\/svg\/1f525.svg\" alt=\"?\" \/><\/span><span class=\"emoji-sizer emoji-outer \"><img decoding=\"async\" class=\"emoji\" role=\"img\" draggable=\"false\" src=\"https:\/\/s.w.org\/images\/core\/emoji\/14.0.0\/svg\/1f525.svg\" alt=\"?\" \/><\/span><span class=\"emoji-sizer emoji-outer \"><img decoding=\"async\" class=\"emoji\" role=\"img\" draggable=\"false\" src=\"https:\/\/s.w.org\/images\/core\/emoji\/14.0.0\/svg\/1f525.svg\" alt=\"?\" \/><\/span><\/span><\/strong><\/span><\/p>\n","protected":false},"featured_media":1547,"comment_status":"open","ping_status":"closed","template":"","meta":[],"product_brand":[],"product_cat":[148],"product_tag":[146,147],"class_list":{"0":"post-2275","1":"product","2":"type-product","3":"status-publish","4":"has-post-thumbnail","6":"product_cat-muc-mau-hut-hang","7":"product_tag-do-muc","8":"product_tag-muc-do","10":"first","11":"instock","12":"taxable","13":"shipping-taxable","14":"product-type-simple"},"_links":{"self":[{"href":"https:\/\/toangiamayvanphong.vn\/index.php?rest_route=\/wp\/v2\/product\/2275","targetHints":{"allow":["GET"]}}],"collection":[{"href":"https:\/\/toangiamayvanphong.vn\/index.php?rest_route=\/wp\/v2\/product"}],"about":[{"href":"https:\/\/toangiamayvanphong.vn\/index.php?rest_route=\/wp\/v2\/types\/product"}],"replies":[{"embeddable":true,"href":"https:\/\/toangiamayvanphong.vn\/index.php?rest_route=%2Fwp%2Fv2%2Fcomments&post=2275"}],"wp:featuredmedia":[{"embeddable":true,"href":"https:\/\/toangiamayvanphong.vn\/index.php?rest_route=\/wp\/v2\/media\/1547"}],"wp:attachment":[{"href":"https:\/\/toangiamayvanphong.vn\/index.php?rest_route=%2Fwp%2Fv2%2Fmedia&parent=2275"}],"wp:term":[{"taxonomy":"product_brand","embeddable":true,"href":"https:\/\/toangiamayvanphong.vn\/index.php?rest_route=%2Fwp%2Fv2%2Fproduct_brand&post=2275"},{"taxonomy":"product_cat","embeddable":true,"href":"https:\/\/toangiamayvanphong.vn\/index.php?rest_route=%2Fwp%2Fv2%2Fproduct_cat&post=2275"},{"taxonomy":"product_tag","embeddable":true,"href":"https:\/\/toangiamayvanphong.vn\/index.php?rest_route=%2Fwp%2Fv2%2Fproduct_tag&post=2275"}],"curies":[{"name":"wp","href":"https:\/\/api.w.org\/{rel}","templated":true}]}}