{"id":2308,"date":"2023-07-09T11:14:44","date_gmt":"2023-07-09T04:14:44","guid":{"rendered":"https:\/\/toangiamayvanphong.vn\/?post_type=product&#038;p=2308"},"modified":"2023-07-09T11:14:47","modified_gmt":"2023-07-09T04:14:47","slug":"but-bi-thien-long-tl-023","status":"publish","type":"product","link":"https:\/\/toangiamayvanphong.vn\/?product=but-bi-thien-long-tl-023","title":{"rendered":"B\u00fat bi Thi\u00ean Long TL-023"},"content":{"rendered":"<p><strong><span class=\"emoji-sizer emoji-outer \">?<\/span><span class=\"emoji-sizer emoji-outer \">?<\/span><span class=\"text\">?<span style=\"color: #0000ff;\">B\u00fat bi Thi\u00ean Long TL-023<\/span><\/span><\/strong><\/p>\n<div class=\"rte product_getcontent py-3 pos-relative\">\n<div id=\"content\">\n<p style=\"font-weight: bold;\"><em>Th\u00f4ng s\u1ed1 k\u0129 thu\u1eadt :<\/em><\/p>\n<table id=\"tblGeneralAttribute\" class=\"table table-bordered\" style=\"border-style: solid; border-color: #eeeeee; box-sizing: border-box; border-collapse: collapse; border-spacing: 0px; width: 35.1704%; min-width: 500px; max-width: 100%; margin-bottom: 20px; color: #333333; font-size: 13px; height: 151px;\">\n<tbody style=\"box-sizing: border-box;\">\n<tr class=\"row-info\" style=\"box-sizing: border-box;\">\n<td style=\"border-style: solid; border-color: #eeeeee; box-sizing: border-box; padding: 8px; vertical-align: top; width: 31.4%; background-color: #f7f7f7 !important; height: 38px;\"><span style=\"box-sizing: border-box; font-family: Roboto-Medium, sans-serif; font-size: 10pt; color: #000000;\">Th\u01b0\u01a1ng hi\u1ec7u<\/span><\/td>\n<td style=\"border-style: solid; border-color: #eeeeee; box-sizing: border-box; padding: 8px; vertical-align: top; width: 68.4%; height: 38px;\"><span style=\"color: #000000;\"><span style=\"font-size: 13.3333px;\">Thi\u00ean Long<\/span><\/span><\/td>\n<\/tr>\n<tr class=\"row-info\" style=\"box-sizing: border-box;\">\n<td style=\"border-style: solid; border-color: #eeeeee; box-sizing: border-box; padding: 8px; vertical-align: top; width: 31.4%; background-color: #f7f7f7 !important; height: 38px;\"><span style=\"color: #000000; font-family: Roboto-Medium, sans-serif;\"><span style=\"font-size: 13.3333px;\">\u0110\u01b0\u1eddng k\u00ednh vi\u00ean bi<\/span><\/span><\/td>\n<td style=\"border-style: solid; border-color: #eeeeee; box-sizing: border-box; padding: 8px; vertical-align: top; width: 68.4%; height: 38px;\"><span style=\"font-size: 10pt; color: #000000;\">0.8 mm<\/span><\/td>\n<\/tr>\n<tr class=\"row-info\" style=\"box-sizing: border-box;\">\n<td style=\"border-style: solid; border-color: #eeeeee; box-sizing: border-box; padding: 8px; vertical-align: top; width: 31.4%; background-color: #f7f7f7 !important; height: 38px;\"><span style=\"color: #000000; font-family: Roboto-Medium, sans-serif;\"><span style=\"font-size: 13.3333px;\">\u0110\u00f3ng g\u00f3i<\/span><\/span><\/td>\n<td style=\"border-style: solid; border-color: #eeeeee; box-sizing: border-box; padding: 8px; vertical-align: top; width: 68.4%; height: 38px;\">20 c\u00e2y \/ h\u1ed9p<\/td>\n<\/tr>\n<tr class=\"row-info\" style=\"box-sizing: border-box;\">\n<td style=\"border-style: solid; border-color: #eeeeee; box-sizing: border-box; padding: 8px; vertical-align: top; width: 31.4%; background-color: #f7f7f7 !important; height: 37px;\">Tr\u1ecdng l\u01b0\u1ee3ng<\/td>\n<td style=\"border-style: solid; border-color: #eeeeee; box-sizing: border-box; padding: 8px; vertical-align: top; width: 68.4%; height: 37px;\">9 gram<\/td>\n<\/tr>\n<\/tbody>\n<\/table>\n<p>M\u00e0u m\u1ef1c: xanh, \u0111\u1ecf, \u0111en<\/p>\n<p>B\u00fat c\u00f3 thi\u1ebft k\u1ebf \u0111\u01a1n gi\u1ea3n, th\u00e2n tr\u00f2n, d\u1ec5 c\u1ea7m n\u1eafm. Th\u00e2n b\u00fat nh\u1ef1a trong.<\/p>\n<\/div>\n<\/div>\n<p>***Tr\u00e2n Tr\u1ecdng***<\/p>\n<p>C\u00d4NG TY TNHH TM-DV \u0110\u1ea6U T\u01af &amp; PH\u00c1T TRI\u1ec2N C\u00d4NG NGH\u1ec6 TO\u00c0N GIA<\/p>\n<p>VPGD: ng\u00f5 88 ph\u1ed1 Gi\u00e1p Nh\u1ecb, Th\u1ecbnh Li\u1ec7t, Ho\u00e0ng Mai, H\u00e0 N\u1ed9i<\/p>\n<p>X\u01b0\u1edfng s\u1ea3n xu\u1ea5t: L\u1ea1c \u0110\u1ea1o, V\u0103n L\u00e2m, H\u01b0ng Y\u00ean<\/p>\n<p>M\u1ecdi nhu c\u1ea7u Li\u00ean h\u1ec7:<\/p>\n<p>???Hotline: 094 3030 117???<\/p>\n<p>Ph\u00f2ng Kinh doanh: 0918 92 55 22<\/p>\n<p>Ph\u00f2ng K\u1ef9 thu\u1eadt: 0918 26 55 22<\/p>\n<p>Ph\u00f2ng K\u1ebf to\u00e1n: 0916 49 88 22<\/p>\n<p>Tell: 024 3995 0208 \/ 0916 35 88 22<\/p>\n<p>Gmail: <a href=\"mailto:toangiamayvanphong@gmail.com\">toangiamayvanphong@gmail.com<\/a><\/p>\n<p>Web: <u>https:\/\/toangiamayvanphong.vn\/<\/u><\/p>\n","protected":false},"excerpt":{"rendered":"<p><strong><span class=\"emoji-sizer emoji-outer \">?<\/span><span class=\"emoji-sizer emoji-outer \">?<\/span><span class=\"text\">?<span style=\"color: #0000ff;\">B\u00fat bi Thi\u00ean Long TL-023<\/span><\/span><\/strong><\/p>\n<div class=\"rte product_getcontent py-3 pos-relative\">\n<div id=\"content\">\n<p style=\"font-weight: bold;\"><em>Th\u00f4ng s\u1ed1 k\u0129 thu\u1eadt :<\/em><\/p>\n<table id=\"tblGeneralAttribute\" class=\"table table-bordered\" style=\"border-style: solid; border-color: #eeeeee; box-sizing: border-box; border-collapse: collapse; border-spacing: 0px; width: 35.1704%; min-width: 500px; max-width: 100%; margin-bottom: 20px; color: #333333; font-size: 13px; height: 154px;\">\n<tbody style=\"box-sizing: border-box;\">\n<tr class=\"row-info\" style=\"box-sizing: border-box;\">\n<td style=\"border-style: solid; border-color: #eeeeee; box-sizing: border-box; padding: 8px; vertical-align: top; width: 31.4%; background-color: #f7f7f7 !important;\"><span style=\"box-sizing: border-box; font-family: Roboto-Medium, sans-serif; font-size: 10pt; color: #000000;\">Th\u01b0\u01a1ng hi\u1ec7u<\/span><\/td>\n<td style=\"border-style: solid; border-color: #eeeeee; box-sizing: border-box; padding: 8px; vertical-align: top; width: 68.4%;\"><span style=\"color: #000000;\"><span style=\"font-size: 13.3333px;\">Thi\u00ean Long<\/span><\/span><\/td>\n<\/tr>\n<tr class=\"row-info\" style=\"box-sizing: border-box;\">\n<td style=\"border-style: solid; border-color: #eeeeee; box-sizing: border-box; padding: 8px; vertical-align: top; width: 31.4%; background-color: #f7f7f7 !important;\"><span style=\"color: #000000; font-family: Roboto-Medium, sans-serif;\"><span style=\"font-size: 13.3333px;\">\u0110\u01b0\u1eddng k\u00ednh vi\u00ean bi<\/span><\/span><\/td>\n<td style=\"border-style: solid; border-color: #eeeeee; box-sizing: border-box; padding: 8px; vertical-align: top; width: 68.4%;\"><span style=\"font-size: 10pt; color: #000000;\">0.8 mm<\/span><\/td>\n<\/tr>\n<tr class=\"row-info\" style=\"box-sizing: border-box;\">\n<td style=\"border-style: solid; border-color: #eeeeee; box-sizing: border-box; padding: 8px; vertical-align: top; width: 31.4%; background-color: #f7f7f7 !important;\"><span style=\"color: #000000; font-family: Roboto-Medium, sans-serif;\"><span style=\"font-size: 13.3333px;\">\u0110\u00f3ng g\u00f3i<\/span><\/span><\/td>\n<td style=\"border-style: solid; border-color: #eeeeee; box-sizing: border-box; padding: 8px; vertical-align: top; width: 68.4%;\">20 c\u00e2y \/ h\u1ed9p<\/td>\n<\/tr>\n<tr class=\"row-info\" style=\"box-sizing: border-box;\">\n<td style=\"border-style: solid; border-color: #eeeeee; box-sizing: border-box; padding: 8px; vertical-align: top; width: 31.4%; background-color: #f7f7f7 !important;\">Tr\u1ecdng l\u01b0\u1ee3ng<\/td>\n<td style=\"border-style: solid; border-color: #eeeeee; box-sizing: border-box; padding: 8px; vertical-align: top; width: 68.4%;\">9 gram<\/td>\n<\/tr>\n<\/tbody>\n<\/table>\n<p>M\u00e0u m\u1ef1c: xanh, \u0111\u1ecf, \u0111en<\/p>\n<p>B\u00fat c\u00f3 thi\u1ebft k\u1ebf \u0111\u01a1n gi\u1ea3n, th\u00e2n tr\u00f2n, d\u1ec5 c\u1ea7m n\u1eafm. Th\u00e2n b\u00fat nh\u1ef1a trong.<\/p>\n<\/div>\n<\/div>\n<p>Th\u01b0\u01a1ng hi\u1ec7u:\u00a0 M\u1edaI 100%\u00a0 \u00a0 \u00a0 \u00a0 \u00a0 \u00a0 | T\u00ecnh tr\u1ea1ng : C\u00f2n h\u00e0ng<\/p>\n<p>Vui l\u00f2ng li\u00ean h\u1ec7 \u0111\u1ec3 l\u1ea5y gi\u00e1 g\u1ed1c v\u00e0 khuy\u1ebfn m\u1ea1i<\/p>\n<hr \/>\n<p>Sa\u0309n ph\u00e2\u0309m \u0111\u01b0\u01a1\u0323c ba\u0301n ta\u0323i :<\/p>\n<p>C\u00d4NG TY TNHH TM-DV \u0110\u1ea6U T\u01af &amp; PH\u00c1T TRI\u1ec2N C\u00d4NG NGH\u1ec6 TO\u00c0N GIA<\/p>\n<p>VPGD: ng\u00f5 88 ph\u1ed1 Gi\u00e1p Nh\u1ecb, Th\u1ecbnh Li\u1ec7t, Ho\u00e0ng Mai, H\u00e0 N\u1ed9i<\/p>\n<p>X\u01b0\u1edfng s\u1ea3n xu\u1ea5t: L\u1ea1c \u0110\u1ea1o, V\u0103n L\u00e2m, H\u01b0ng Y\u00ean<\/p>\n<p>M\u1ecdi nhu c\u1ea7u Li\u00ean h\u1ec7:<\/p>\n<p><span style=\"color: #ff0000;\">???Hotline: 094 3030 117???<\/span><\/p>\n<p>Ph\u00f2ng Kinh doanh: 0918 92 55 22<\/p>\n<p>Ph\u00f2ng K\u1ef9 thu\u1eadt: 0918 26 55 22<\/p>\n<p>Ph\u00f2ng K\u1ebf to\u00e1n: 0916 49 88 22<\/p>\n<p>Tell: 024 3995 0208 \/ 0916 35 88 22<\/p>\n<p>Gmail: <a href=\"mailto:toangiamayvanphong@gmail.com\">toangiamayvanphong@gmail.com<\/a><\/p>\n<p>Web: <u>https:\/\/toangiamayvanphong.vn\/<\/u><\/p>\n<p>&nbsp;<\/p>\n","protected":false},"featured_media":1791,"comment_status":"open","ping_status":"closed","template":"","meta":[],"product_brand":[],"product_cat":[158],"product_tag":[204,207],"class_list":{"0":"post-2308","1":"product","2":"type-product","3":"status-publish","4":"has-post-thumbnail","6":"product_cat-van-phong-pham","7":"product_tag-but-bi","8":"product_tag-but-bi-tl023","10":"first","11":"instock","12":"taxable","13":"shipping-taxable","14":"product-type-simple"},"_links":{"self":[{"href":"https:\/\/toangiamayvanphong.vn\/index.php?rest_route=\/wp\/v2\/product\/2308","targetHints":{"allow":["GET"]}}],"collection":[{"href":"https:\/\/toangiamayvanphong.vn\/index.php?rest_route=\/wp\/v2\/product"}],"about":[{"href":"https:\/\/toangiamayvanphong.vn\/index.php?rest_route=\/wp\/v2\/types\/product"}],"replies":[{"embeddable":true,"href":"https:\/\/toangiamayvanphong.vn\/index.php?rest_route=%2Fwp%2Fv2%2Fcomments&post=2308"}],"wp:featuredmedia":[{"embeddable":true,"href":"https:\/\/toangiamayvanphong.vn\/index.php?rest_route=\/wp\/v2\/media\/1791"}],"wp:attachment":[{"href":"https:\/\/toangiamayvanphong.vn\/index.php?rest_route=%2Fwp%2Fv2%2Fmedia&parent=2308"}],"wp:term":[{"taxonomy":"product_brand","embeddable":true,"href":"https:\/\/toangiamayvanphong.vn\/index.php?rest_route=%2Fwp%2Fv2%2Fproduct_brand&post=2308"},{"taxonomy":"product_cat","embeddable":true,"href":"https:\/\/toangiamayvanphong.vn\/index.php?rest_route=%2Fwp%2Fv2%2Fproduct_cat&post=2308"},{"taxonomy":"product_tag","embeddable":true,"href":"https:\/\/toangiamayvanphong.vn\/index.php?rest_route=%2Fwp%2Fv2%2Fproduct_tag&post=2308"}],"curies":[{"name":"wp","href":"https:\/\/api.w.org\/{rel}","templated":true}]}}