{"id":2320,"date":"2023-07-09T11:14:45","date_gmt":"2023-07-09T04:14:45","guid":{"rendered":"https:\/\/toangiamayvanphong.vn\/?post_type=product&#038;p=2320"},"modified":"2023-07-09T11:14:48","modified_gmt":"2023-07-09T04:14:48","slug":"film-korea-che-ban-a3-tap","status":"publish","type":"product","link":"https:\/\/toangiamayvanphong.vn\/?product=film-korea-che-ban-a3-tap","title":{"rendered":"Film KOREA ch\u1ebf b\u1ea3n A3 t\u1eadp"},"content":{"rendered":"<p><strong><span class=\"emoji-sizer emoji-outer \">?<\/span><span class=\"emoji-sizer emoji-outer \">?<\/span><span class=\"text\">?<span style=\"color: #0000ff;\">Film KOREA ch\u1ebf b\u1ea3n A3 t\u1eadp<\/span><\/span><\/strong><\/p>\n<p>Film chuy\u00ean d\u1ee5ng cho c\u00f4ng ngh\u1ec7 in \u1ea3nh tr\u00ean nhi\u1ec1u lo\u1ea1i v\u1ea3i, in l\u01b0\u1edbi, in offset,&#8230;<\/p>\n<p>-Xu\u1ea5t x\u1ee9: KOREA<\/p>\n<p>&#8211; K\u00edch th\u01b0\u1edbc:\u00a0 Kh\u1ed5 A3 (297 x 420mm)<\/p>\n<p>-Quy c\u00e1ch: 100 t\u1edd\/t\u1eadp<\/p>\n<div dir=\"auto\">C\u00f4ng ty To\u00e0n Gia v\u1edbi h\u01a1n 10 n\u0103m kinh nghi\u1ec7m cung c\u1ea5p tr\u1ecdn b\u1ed9 <a class=\"x1i10hfl xjbqb8w x6umtig x1b1mbwd xaqea5y xav7gou x9f619 x1ypdohk xt0psk2 xe8uvvx xdj266r x11i5rnm xat24cr x1mh8g0r xexx8yu x4uap5 x18d9i69 xkhd6sd x16tdsg8 x1hl2dhg xggy1nq x1a2a7pz xt0b8zv x1qq9wsj xo1l8bm\" tabindex=\"0\" role=\"link\" href=\"https:\/\/www.facebook.com\/hashtag\/in?__eep__=6&amp;__cft__[0]=AZW2073_pn_wFMlf2Dw1EiITWxsby9GV2S181HJID_vQKsUQyNWU1CPEao2rhnsxgBjd73LMj-Byyerx7m7mKiwupzG5Ziuhnlfhn_FdIFDpLvgPl_FQAEkNAmeSTruzGlQIuyNHWxvSI8G_9KQ_sMuo-yqCD3h8paJznxv0TB521A&amp;__tn__=*NK-R\">#in<\/a> <a class=\"x1i10hfl xjbqb8w x6umtig x1b1mbwd xaqea5y xav7gou x9f619 x1ypdohk xt0psk2 xe8uvvx xdj266r x11i5rnm xat24cr x1mh8g0r xexx8yu x4uap5 x18d9i69 xkhd6sd x16tdsg8 x1hl2dhg xggy1nq x1a2a7pz xt0b8zv x1qq9wsj xo1l8bm\" tabindex=\"0\" role=\"link\" href=\"https:\/\/www.facebook.com\/hashtag\/film?__eep__=6&amp;__cft__[0]=AZW2073_pn_wFMlf2Dw1EiITWxsby9GV2S181HJID_vQKsUQyNWU1CPEao2rhnsxgBjd73LMj-Byyerx7m7mKiwupzG5Ziuhnlfhn_FdIFDpLvgPl_FQAEkNAmeSTruzGlQIuyNHWxvSI8G_9KQ_sMuo-yqCD3h8paJznxv0TB521A&amp;__tn__=*NK-R\">#film<\/a> <a class=\"x1i10hfl xjbqb8w x6umtig x1b1mbwd xaqea5y xav7gou x9f619 x1ypdohk xt0psk2 xe8uvvx xdj266r x11i5rnm xat24cr x1mh8g0r xexx8yu x4uap5 x18d9i69 xkhd6sd x16tdsg8 x1hl2dhg xggy1nq x1a2a7pz xt0b8zv x1qq9wsj xo1l8bm\" tabindex=\"0\" role=\"link\" href=\"https:\/\/www.facebook.com\/hashtag\/ch%E1%BA%BF?__eep__=6&amp;__cft__[0]=AZW2073_pn_wFMlf2Dw1EiITWxsby9GV2S181HJID_vQKsUQyNWU1CPEao2rhnsxgBjd73LMj-Byyerx7m7mKiwupzG5Ziuhnlfhn_FdIFDpLvgPl_FQAEkNAmeSTruzGlQIuyNHWxvSI8G_9KQ_sMuo-yqCD3h8paJznxv0TB521A&amp;__tn__=*NK-R\">#ch\u1ebf<\/a> <a class=\"x1i10hfl xjbqb8w x6umtig x1b1mbwd xaqea5y xav7gou x9f619 x1ypdohk xt0psk2 xe8uvvx xdj266r x11i5rnm xat24cr x1mh8g0r xexx8yu x4uap5 x18d9i69 xkhd6sd x16tdsg8 x1hl2dhg xggy1nq x1a2a7pz xt0b8zv x1qq9wsj xo1l8bm\" tabindex=\"0\" role=\"link\" href=\"https:\/\/www.facebook.com\/hashtag\/b%E1%BA%A3n?__eep__=6&amp;__cft__[0]=AZW2073_pn_wFMlf2Dw1EiITWxsby9GV2S181HJID_vQKsUQyNWU1CPEao2rhnsxgBjd73LMj-Byyerx7m7mKiwupzG5Ziuhnlfhn_FdIFDpLvgPl_FQAEkNAmeSTruzGlQIuyNHWxvSI8G_9KQ_sMuo-yqCD3h8paJznxv0TB521A&amp;__tn__=*NK-R\">#b\u1ea3n<\/a>: ch\u1ebf b\u1ea3ng k\u1ebdm ho\u1eb7c khung k\u00e9o l\u1ee5a&#8230;..:<\/div>\n<div dir=\"auto\">1. <a class=\"x1i10hfl xjbqb8w x6umtig x1b1mbwd xaqea5y xav7gou x9f619 x1ypdohk xt0psk2 xe8uvvx xdj266r x11i5rnm xat24cr x1mh8g0r xexx8yu x4uap5 x18d9i69 xkhd6sd x16tdsg8 x1hl2dhg xggy1nq x1a2a7pz xt0b8zv x1qq9wsj xo1l8bm\" tabindex=\"0\" role=\"link\" href=\"https:\/\/www.facebook.com\/hashtag\/m%C3%A1y?__eep__=6&amp;__cft__[0]=AZW2073_pn_wFMlf2Dw1EiITWxsby9GV2S181HJID_vQKsUQyNWU1CPEao2rhnsxgBjd73LMj-Byyerx7m7mKiwupzG5Ziuhnlfhn_FdIFDpLvgPl_FQAEkNAmeSTruzGlQIuyNHWxvSI8G_9KQ_sMuo-yqCD3h8paJznxv0TB521A&amp;__tn__=*NK-R\">#M\u00e1y<\/a> <a class=\"x1i10hfl xjbqb8w x6umtig x1b1mbwd xaqea5y xav7gou x9f619 x1ypdohk xt0psk2 xe8uvvx xdj266r x11i5rnm xat24cr x1mh8g0r xexx8yu x4uap5 x18d9i69 xkhd6sd x16tdsg8 x1hl2dhg xggy1nq x1a2a7pz xt0b8zv x1qq9wsj xo1l8bm\" tabindex=\"0\" role=\"link\" href=\"https:\/\/www.facebook.com\/hashtag\/in?__eep__=6&amp;__cft__[0]=AZW2073_pn_wFMlf2Dw1EiITWxsby9GV2S181HJID_vQKsUQyNWU1CPEao2rhnsxgBjd73LMj-Byyerx7m7mKiwupzG5Ziuhnlfhn_FdIFDpLvgPl_FQAEkNAmeSTruzGlQIuyNHWxvSI8G_9KQ_sMuo-yqCD3h8paJznxv0TB521A&amp;__tn__=*NK-R\">#in<\/a> <a class=\"x1i10hfl xjbqb8w x6umtig x1b1mbwd xaqea5y xav7gou x9f619 x1ypdohk xt0psk2 xe8uvvx xdj266r x11i5rnm xat24cr x1mh8g0r xexx8yu x4uap5 x18d9i69 xkhd6sd x16tdsg8 x1hl2dhg xggy1nq x1a2a7pz xt0b8zv x1qq9wsj xo1l8bm\" tabindex=\"0\" role=\"link\" href=\"https:\/\/www.facebook.com\/hashtag\/film?__eep__=6&amp;__cft__[0]=AZW2073_pn_wFMlf2Dw1EiITWxsby9GV2S181HJID_vQKsUQyNWU1CPEao2rhnsxgBjd73LMj-Byyerx7m7mKiwupzG5Ziuhnlfhn_FdIFDpLvgPl_FQAEkNAmeSTruzGlQIuyNHWxvSI8G_9KQ_sMuo-yqCD3h8paJznxv0TB521A&amp;__tn__=*NK-R\">#film<\/a> A4, A3,&#8230;<\/div>\n<div dir=\"auto\">2. <a class=\"x1i10hfl xjbqb8w x6umtig x1b1mbwd xaqea5y xav7gou x9f619 x1ypdohk xt0psk2 xe8uvvx xdj266r x11i5rnm xat24cr x1mh8g0r xexx8yu x4uap5 x18d9i69 xkhd6sd x16tdsg8 x1hl2dhg xggy1nq x1a2a7pz xt0b8zv x1qq9wsj xo1l8bm\" tabindex=\"0\" role=\"link\" href=\"https:\/\/www.facebook.com\/hashtag\/v%E1%BA%ADt?__eep__=6&amp;__cft__[0]=AZW2073_pn_wFMlf2Dw1EiITWxsby9GV2S181HJID_vQKsUQyNWU1CPEao2rhnsxgBjd73LMj-Byyerx7m7mKiwupzG5Ziuhnlfhn_FdIFDpLvgPl_FQAEkNAmeSTruzGlQIuyNHWxvSI8G_9KQ_sMuo-yqCD3h8paJznxv0TB521A&amp;__tn__=*NK-R\">#V\u1eadt<\/a> <a class=\"x1i10hfl xjbqb8w x6umtig x1b1mbwd xaqea5y xav7gou x9f619 x1ypdohk xt0psk2 xe8uvvx xdj266r x11i5rnm xat24cr x1mh8g0r xexx8yu x4uap5 x18d9i69 xkhd6sd x16tdsg8 x1hl2dhg xggy1nq x1a2a7pz xt0b8zv x1qq9wsj xo1l8bm\" tabindex=\"0\" role=\"link\" href=\"https:\/\/www.facebook.com\/hashtag\/t%C6%B0?__eep__=6&amp;__cft__[0]=AZW2073_pn_wFMlf2Dw1EiITWxsby9GV2S181HJID_vQKsUQyNWU1CPEao2rhnsxgBjd73LMj-Byyerx7m7mKiwupzG5Ziuhnlfhn_FdIFDpLvgPl_FQAEkNAmeSTruzGlQIuyNHWxvSI8G_9KQ_sMuo-yqCD3h8paJznxv0TB521A&amp;__tn__=*NK-R\">#t\u01b0<\/a> ng\u00e0nh ch\u1ebf b\u1ea3n: <a class=\"x1i10hfl xjbqb8w x6umtig x1b1mbwd xaqea5y xav7gou x9f619 x1ypdohk xt0psk2 xe8uvvx xdj266r x11i5rnm xat24cr x1mh8g0r xexx8yu x4uap5 x18d9i69 xkhd6sd x16tdsg8 x1hl2dhg xggy1nq x1a2a7pz xt0b8zv x1qq9wsj xo1l8bm\" tabindex=\"0\" role=\"link\" href=\"https:\/\/www.facebook.com\/hashtag\/film?__eep__=6&amp;__cft__[0]=AZW2073_pn_wFMlf2Dw1EiITWxsby9GV2S181HJID_vQKsUQyNWU1CPEao2rhnsxgBjd73LMj-Byyerx7m7mKiwupzG5Ziuhnlfhn_FdIFDpLvgPl_FQAEkNAmeSTruzGlQIuyNHWxvSI8G_9KQ_sMuo-yqCD3h8paJznxv0TB521A&amp;__tn__=*NK-R\">#film<\/a> <a class=\"x1i10hfl xjbqb8w x6umtig x1b1mbwd xaqea5y xav7gou x9f619 x1ypdohk xt0psk2 xe8uvvx xdj266r x11i5rnm xat24cr x1mh8g0r xexx8yu x4uap5 x18d9i69 xkhd6sd x16tdsg8 x1hl2dhg xggy1nq x1a2a7pz xt0b8zv x1qq9wsj xo1l8bm\" tabindex=\"0\" role=\"link\" href=\"https:\/\/www.facebook.com\/hashtag\/in?__eep__=6&amp;__cft__[0]=AZW2073_pn_wFMlf2Dw1EiITWxsby9GV2S181HJID_vQKsUQyNWU1CPEao2rhnsxgBjd73LMj-Byyerx7m7mKiwupzG5Ziuhnlfhn_FdIFDpLvgPl_FQAEkNAmeSTruzGlQIuyNHWxvSI8G_9KQ_sMuo-yqCD3h8paJznxv0TB521A&amp;__tn__=*NK-R\">#in<\/a>, <a class=\"x1i10hfl xjbqb8w x6umtig x1b1mbwd xaqea5y xav7gou x9f619 x1ypdohk xt0psk2 xe8uvvx xdj266r x11i5rnm xat24cr x1mh8g0r xexx8yu x4uap5 x18d9i69 xkhd6sd x16tdsg8 x1hl2dhg xggy1nq x1a2a7pz xt0b8zv x1qq9wsj xo1l8bm\" tabindex=\"0\" role=\"link\" href=\"https:\/\/www.facebook.com\/hashtag\/m%E1%BB%B1c?__eep__=6&amp;__cft__[0]=AZW2073_pn_wFMlf2Dw1EiITWxsby9GV2S181HJID_vQKsUQyNWU1CPEao2rhnsxgBjd73LMj-Byyerx7m7mKiwupzG5Ziuhnlfhn_FdIFDpLvgPl_FQAEkNAmeSTruzGlQIuyNHWxvSI8G_9KQ_sMuo-yqCD3h8paJznxv0TB521A&amp;__tn__=*NK-R\">#m\u1ef1c<\/a> <a class=\"x1i10hfl xjbqb8w x6umtig x1b1mbwd xaqea5y xav7gou x9f619 x1ypdohk xt0psk2 xe8uvvx xdj266r x11i5rnm xat24cr x1mh8g0r xexx8yu x4uap5 x18d9i69 xkhd6sd x16tdsg8 x1hl2dhg xggy1nq x1a2a7pz xt0b8zv x1qq9wsj xo1l8bm\" tabindex=\"0\" role=\"link\" href=\"https:\/\/www.facebook.com\/hashtag\/in?__eep__=6&amp;__cft__[0]=AZW2073_pn_wFMlf2Dw1EiITWxsby9GV2S181HJID_vQKsUQyNWU1CPEao2rhnsxgBjd73LMj-Byyerx7m7mKiwupzG5Ziuhnlfhn_FdIFDpLvgPl_FQAEkNAmeSTruzGlQIuyNHWxvSI8G_9KQ_sMuo-yqCD3h8paJznxv0TB521A&amp;__tn__=*NK-R\">#in<\/a> film,<\/div>\n<div dir=\"auto\">3. <a class=\"x1i10hfl xjbqb8w x6umtig x1b1mbwd xaqea5y xav7gou x9f619 x1ypdohk xt0psk2 xe8uvvx xdj266r x11i5rnm xat24cr x1mh8g0r xexx8yu x4uap5 x18d9i69 xkhd6sd x16tdsg8 x1hl2dhg xggy1nq x1a2a7pz xt0b8zv x1qq9wsj xo1l8bm\" tabindex=\"0\" role=\"link\" href=\"https:\/\/www.facebook.com\/hashtag\/pm?__eep__=6&amp;__cft__[0]=AZW2073_pn_wFMlf2Dw1EiITWxsby9GV2S181HJID_vQKsUQyNWU1CPEao2rhnsxgBjd73LMj-Byyerx7m7mKiwupzG5Ziuhnlfhn_FdIFDpLvgPl_FQAEkNAmeSTruzGlQIuyNHWxvSI8G_9KQ_sMuo-yqCD3h8paJznxv0TB521A&amp;__tn__=*NK-R\">#PM<\/a> <a class=\"x1i10hfl xjbqb8w x6umtig x1b1mbwd xaqea5y xav7gou x9f619 x1ypdohk xt0psk2 xe8uvvx xdj266r x11i5rnm xat24cr x1mh8g0r xexx8yu x4uap5 x18d9i69 xkhd6sd x16tdsg8 x1hl2dhg xggy1nq x1a2a7pz xt0b8zv x1qq9wsj xo1l8bm\" tabindex=\"0\" role=\"link\" href=\"https:\/\/www.facebook.com\/hashtag\/zip?__eep__=6&amp;__cft__[0]=AZW2073_pn_wFMlf2Dw1EiITWxsby9GV2S181HJID_vQKsUQyNWU1CPEao2rhnsxgBjd73LMj-Byyerx7m7mKiwupzG5Ziuhnlfhn_FdIFDpLvgPl_FQAEkNAmeSTruzGlQIuyNHWxvSI8G_9KQ_sMuo-yqCD3h8paJznxv0TB521A&amp;__tn__=*NK-R\">#zip<\/a> c\u00f3 th\u1ec3 gi\u00fap in \u0111\u01b0\u1ee3c b\u1ea3n film l\u1edbn 0.33m*1.2m (gi\u00fap ti\u1ebft ki\u1ec7m chi ph\u00ed out film kh\u1ed5 l\u1edbn b\u00ean ngo\u00e0i.<\/div>\n<div dir=\"auto\">4. <a class=\"x1i10hfl xjbqb8w x6umtig x1b1mbwd xaqea5y xav7gou x9f619 x1ypdohk xt0psk2 xe8uvvx xdj266r x11i5rnm xat24cr x1mh8g0r xexx8yu x4uap5 x18d9i69 xkhd6sd x16tdsg8 x1hl2dhg xggy1nq x1a2a7pz xt0b8zv x1qq9wsj xo1l8bm\" tabindex=\"0\" role=\"link\" href=\"https:\/\/www.facebook.com\/hashtag\/k%E1%BB%B9?__eep__=6&amp;__cft__[0]=AZW2073_pn_wFMlf2Dw1EiITWxsby9GV2S181HJID_vQKsUQyNWU1CPEao2rhnsxgBjd73LMj-Byyerx7m7mKiwupzG5Ziuhnlfhn_FdIFDpLvgPl_FQAEkNAmeSTruzGlQIuyNHWxvSI8G_9KQ_sMuo-yqCD3h8paJznxv0TB521A&amp;__tn__=*NK-R\">#K\u1ef9<\/a> <a class=\"x1i10hfl xjbqb8w x6umtig x1b1mbwd xaqea5y xav7gou x9f619 x1ypdohk xt0psk2 xe8uvvx xdj266r x11i5rnm xat24cr x1mh8g0r xexx8yu x4uap5 x18d9i69 xkhd6sd x16tdsg8 x1hl2dhg xggy1nq x1a2a7pz xt0b8zv x1qq9wsj xo1l8bm\" tabindex=\"0\" role=\"link\" href=\"https:\/\/www.facebook.com\/hashtag\/thu%E1%BA%ADt?__eep__=6&amp;__cft__[0]=AZW2073_pn_wFMlf2Dw1EiITWxsby9GV2S181HJID_vQKsUQyNWU1CPEao2rhnsxgBjd73LMj-Byyerx7m7mKiwupzG5Ziuhnlfhn_FdIFDpLvgPl_FQAEkNAmeSTruzGlQIuyNHWxvSI8G_9KQ_sMuo-yqCD3h8paJznxv0TB521A&amp;__tn__=*NK-R\">#thu\u1eadt<\/a> vi\u00ean m\u00e1y t\u00ednh, m\u00e1y in h\u1ed7 tr\u1ee3 24\/7<\/div>\n<p>***Tr\u00e2n Tr\u1ecdng***<\/p>\n<p>C\u00d4NG TY TNHH TM-DV \u0110\u1ea6U T\u01af &amp; PH\u00c1T TRI\u1ec2N C\u00d4NG NGH\u1ec6 TO\u00c0N GIA<\/p>\n<p>VPGD: ng\u00f5 88 ph\u1ed1 Gi\u00e1p Nh\u1ecb, Th\u1ecbnh Li\u1ec7t, Ho\u00e0ng Mai, H\u00e0 N\u1ed9i<\/p>\n<p>X\u01b0\u1edfng s\u1ea3n xu\u1ea5t: L\u1ea1c \u0110\u1ea1o, V\u0103n L\u00e2m, H\u01b0ng Y\u00ean<\/p>\n<p>M\u1ecdi nhu c\u1ea7u Li\u00ean h\u1ec7:<\/p>\n<p>???Hotline: 094 3030 117???<\/p>\n<p>Ph\u00f2ng Kinh doanh: 0918 92 55 22<\/p>\n<p>Ph\u00f2ng K\u1ef9 thu\u1eadt: 0918 26 55 22<\/p>\n<p>Ph\u00f2ng K\u1ebf to\u00e1n: 0916 49 88 22<\/p>\n<p>Tell: 024 3995 0208 \/ 0916 35 88 22<\/p>\n<p>Gmail: <a href=\"mailto:toangiamayvanphong@gmail.com\">toangiamayvanphong@gmail.com<\/a><\/p>\n<p>Web: <u>https:\/\/toangiamayvanphong.vn\/<\/u><\/p>\n","protected":false},"excerpt":{"rendered":"<div class=\"rte product_getcontent py-3 pos-relative\">\n<div id=\"content\">\n<p><strong><span class=\"emoji-sizer emoji-outer \">?<\/span><span class=\"emoji-sizer emoji-outer \">?<\/span><span class=\"text\">?<span style=\"color: #0000ff;\">Film KOREA ch\u1ebf b\u1ea3n A3 t\u1eadp<\/span><\/span><\/strong><\/p>\n<p>Film chuy\u00ean d\u1ee5ng cho c\u00f4ng ngh\u1ec7 in \u1ea3nh tr\u00ean nhi\u1ec1u lo\u1ea1i v\u1ea3i, in l\u01b0\u1edbi, in offset,&#8230;<\/p>\n<p>-Xu\u1ea5t x\u1ee9: KOREA<\/p>\n<p>&#8211; K\u00edch th\u01b0\u1edbc:\u00a0 Kh\u1ed5 A3 (297 x 420mm)<\/p>\n<p>-Quy c\u00e1ch: 100 t\u1edd\/t\u1eadp<\/p>\n<\/div>\n<\/div>\n<p>Th\u01b0\u01a1ng hi\u1ec7u:\u00a0 M\u1edaI 100%\u00a0 \u00a0 \u00a0 \u00a0 \u00a0 \u00a0 | T\u00ecnh tr\u1ea1ng : C\u00f2n h\u00e0ng<\/p>\n<p>Vui l\u00f2ng li\u00ean h\u1ec7 \u0111\u1ec3 l\u1ea5y gi\u00e1 g\u1ed1c v\u00e0 khuy\u1ebfn m\u1ea1i<\/p>\n<hr \/>\n<p>Sa\u0309n ph\u00e2\u0309m \u0111\u01b0\u01a1\u0323c ba\u0301n ta\u0323i :<\/p>\n<p>C\u00d4NG TY TNHH TM-DV \u0110\u1ea6U T\u01af &amp; PH\u00c1T TRI\u1ec2N C\u00d4NG NGH\u1ec6 TO\u00c0N GIA<\/p>\n<p>VPGD: ng\u00f5 88 ph\u1ed1 Gi\u00e1p Nh\u1ecb, Th\u1ecbnh Li\u1ec7t, Ho\u00e0ng Mai, H\u00e0 N\u1ed9i<\/p>\n<p>X\u01b0\u1edfng s\u1ea3n xu\u1ea5t: L\u1ea1c \u0110\u1ea1o, V\u0103n L\u00e2m, H\u01b0ng Y\u00ean<\/p>\n<p>M\u1ecdi nhu c\u1ea7u Li\u00ean h\u1ec7:<\/p>\n<p><span style=\"color: #ff0000;\">???Hotline: 094 3030 117???<\/span><\/p>\n<p>Ph\u00f2ng Kinh doanh: 0918 92 55 22<\/p>\n<p>Ph\u00f2ng K\u1ef9 thu\u1eadt: 0918 26 55 22<\/p>\n<p>Ph\u00f2ng K\u1ebf to\u00e1n: 0916 49 88 22<\/p>\n<p>Tell: 024 3995 0208 \/ 0916 35 88 22<\/p>\n<p>Gmail: <a href=\"mailto:toangiamayvanphong@gmail.com\">toangiamayvanphong@gmail.com<\/a><\/p>\n<p>Web: <u>https:\/\/toangiamayvanphong.vn\/<\/u><\/p>\n<p>&nbsp;<\/p>\n","protected":false},"featured_media":1827,"comment_status":"open","ping_status":"closed","template":"","meta":[],"product_brand":[],"product_cat":[158],"product_tag":[212,213],"class_list":{"0":"post-2320","1":"product","2":"type-product","3":"status-publish","4":"has-post-thumbnail","6":"product_cat-van-phong-pham","7":"product_tag-film-in-che-ban","8":"product_tag-in-offset","10":"first","11":"instock","12":"taxable","13":"shipping-taxable","14":"product-type-simple"},"_links":{"self":[{"href":"https:\/\/toangiamayvanphong.vn\/index.php?rest_route=\/wp\/v2\/product\/2320","targetHints":{"allow":["GET"]}}],"collection":[{"href":"https:\/\/toangiamayvanphong.vn\/index.php?rest_route=\/wp\/v2\/product"}],"about":[{"href":"https:\/\/toangiamayvanphong.vn\/index.php?rest_route=\/wp\/v2\/types\/product"}],"replies":[{"embeddable":true,"href":"https:\/\/toangiamayvanphong.vn\/index.php?rest_route=%2Fwp%2Fv2%2Fcomments&post=2320"}],"wp:featuredmedia":[{"embeddable":true,"href":"https:\/\/toangiamayvanphong.vn\/index.php?rest_route=\/wp\/v2\/media\/1827"}],"wp:attachment":[{"href":"https:\/\/toangiamayvanphong.vn\/index.php?rest_route=%2Fwp%2Fv2%2Fmedia&parent=2320"}],"wp:term":[{"taxonomy":"product_brand","embeddable":true,"href":"https:\/\/toangiamayvanphong.vn\/index.php?rest_route=%2Fwp%2Fv2%2Fproduct_brand&post=2320"},{"taxonomy":"product_cat","embeddable":true,"href":"https:\/\/toangiamayvanphong.vn\/index.php?rest_route=%2Fwp%2Fv2%2Fproduct_cat&post=2320"},{"taxonomy":"product_tag","embeddable":true,"href":"https:\/\/toangiamayvanphong.vn\/index.php?rest_route=%2Fwp%2Fv2%2Fproduct_tag&post=2320"}],"curies":[{"name":"wp","href":"https:\/\/api.w.org\/{rel}","templated":true}]}}