{"id":2325,"date":"2023-07-09T11:14:49","date_gmt":"2023-07-09T04:14:49","guid":{"rendered":"https:\/\/toangiamayvanphong.vn\/?post_type=product&#038;p=2325"},"modified":"2026-04-26T18:05:35","modified_gmt":"2026-04-26T11:05:35","slug":"may-in-film-che-ban-epson-l1800","status":"publish","type":"product","link":"https:\/\/toangiamayvanphong.vn\/?product=may-in-film-che-ban-epson-l1800","title":{"rendered":"M\u00c1Y IN FILM CH\u1ebe B\u1ea2N EPSON L1800"},"content":{"rendered":"<p><strong><span class=\"emoji-sizer emoji-outer \">?<\/span><span class=\"emoji-sizer emoji-outer \">?<\/span><span class=\"text\">?<span style=\"color: #0000ff;\">M\u00c1Y IN FILM CH\u1ebe B\u1ea2N EPSON L1800<\/span><\/span><\/strong><\/p>\n<table>\n<tbody>\n<tr>\n<td>\u00a0<strong>T\u00cdNH N\u0102NG K\u1ef8 THU\u1eacT:<\/strong><\/p>\n<table style=\"width: 99.1668%;\" width=\"508\">\n<tbody>\n<tr>\n<td style=\"width: 19.9211%;\" width=\"102\">S\u1ea3n ph\u1ea9m<\/td>\n<td style=\"width: 221.781%;\" width=\"406\">Ma\u0301y in phun ma\u0300u<\/td>\n<\/tr>\n<tr>\n<td style=\"width: 19.9211%;\" width=\"102\">H\u00e3ng s\u1ea3n xu\u1ea5t<\/td>\n<td style=\"width: 221.781%;\" width=\"406\">Epson<\/td>\n<\/tr>\n<tr>\n<td style=\"width: 19.9211%;\" width=\"102\">Model<\/td>\n<td style=\"width: 221.781%;\" width=\"406\">L1800<\/td>\n<\/tr>\n<tr>\n<td style=\"width: 19.9211%;\" width=\"102\">Ch\u1ee9c n\u0103ng<\/td>\n<td style=\"width: 221.781%;\" width=\"406\">Print<\/td>\n<\/tr>\n<tr>\n<td style=\"width: 19.9211%;\" width=\"102\">Kh\u1ed5 gi\u1ea5y<\/td>\n<td style=\"width: 221.781%;\" width=\"406\">A3+, A3, B4, A4, A5, A6, B5, 10x15cm (4&#215;6), 13x18cm (5&#215;7&#8243;), 16:9 wide size,Letter (8.5&#215;11&#8243;), Legal (8.5&#215;14&#8243;), Half Letter (5.5&#215;8.5&#8243;), 9x13cm (3.5&#215;5&#8243;), 13x20cm(5&#215;8&#8243;), 20x25cm(8&#215;10&#8243;), Envelopes: #10(4.125&#215;9.5&#8243;);DL(110x220mm), C4 (229x324mm, C6(114x162mm)<\/p>\n<p><strong>&#8211; \u0110\u1eb7c bi\u1ec7t ph\u1ea7n m\u1ec1m Zip c\u00f3 th\u1ec3 gi\u00fap in \u0111\u01b0\u1ee3c b\u1ea3n film l\u1edbn 0.33m*1.2m (gi\u00fap ti\u1ebft ki\u1ec7m chi ph\u00ed out film kh\u1ed5 l\u1edbn b\u00ean ngo\u00e0i)<\/strong><\/td>\n<\/tr>\n<tr>\n<td style=\"width: 19.9211%;\" width=\"102\">B\u00f4\u0323 nh\u01a1\u0301<\/td>\n<td style=\"width: 221.781%;\" width=\"406\"><\/td>\n<\/tr>\n<tr>\n<td style=\"width: 19.9211%;\" width=\"102\">T\u1ed1c \u0111\u1ed9<\/td>\n<td style=\"width: 221.781%;\" width=\"406\">15 trang \u0111en A4\/phu\u0301t, 15 trang ma\u0300u A4\/phu\u0301t.<\/td>\n<\/tr>\n<tr>\n<td style=\"width: 19.9211%;\" width=\"102\">In \u0111\u1ea3o m\u1eb7t<\/td>\n<td style=\"width: 221.781%;\" width=\"406\">Kh\u00f4ng<\/td>\n<\/tr>\n<tr>\n<td style=\"width: 19.9211%;\" width=\"102\">\u0110\u1ed9 ph\u00e2n gi\u1ea3i<\/td>\n<td style=\"width: 221.781%;\" width=\"406\">5760 x 1440 dpi<\/td>\n<\/tr>\n<tr>\n<td style=\"width: 19.9211%;\" width=\"102\">C\u1ed5ng giao ti\u1ebfp<\/td>\n<td style=\"width: 221.781%;\" width=\"406\">USB<\/td>\n<\/tr>\n<tr>\n<td style=\"width: 19.9211%;\" width=\"102\">M\u1ef1c in<\/td>\n<td style=\"width: 221.781%;\" width=\"406\">S\u1eed d\u1ee5ng m\u1ef1c in phim ch\u1ebf b\u1ea3n xu\u1ea5t x\u1ee9 H\u00e0n Qu\u1ed1c; in b\u1ec7t, in Tram\u2026 v\u1edbi \u0111\u1ed9 s\u1eafc n\u00e9t cao<\/td>\n<\/tr>\n<tr>\n<td style=\"width: 19.9211%;\" width=\"102\">M\u00f4 ta\u0309 kha\u0301c<\/td>\n<td style=\"width: 221.781%;\" width=\"406\">\u0110\u00f4\u0323 ph\u00e2n gia\u0309i 5760x1440dpi, 5 bi\u0300nh m\u01b0\u0323c l\u01a1\u0301n r\u01a1\u0300i in \u0111\u01b0\u01a1\u0323c 12,800 trang (2 bi\u0300nh \u0111en). Ki\u0301ch th\u01b0\u01a1\u0301c gio\u0323t m\u01b0\u0323c nho\u0309 3pl.<\/td>\n<\/tr>\n<\/tbody>\n<\/table>\n<p><strong>\u00a0\u00a0\u00a0\u00a0\u00a0\u00a0 <\/strong><strong>B\u1ea2O H\u00c0NH:<\/strong><\/p>\n<p>M\u00e1y in s\u1eed d\u1ee5ng c\u00f4ng ngh\u1ec7 in phim ch\u1ebf b\u1ea3n \u0111\u01b0\u1ee3c b\u1ea3o h\u00e0nh 03 th\u00e1ng. C\u00f4ng ty ch\u00fang t\u00f4i b\u1ea3o h\u00e0nh thi\u1ebft b\u1ecb theo ti\u00eau chu\u1ea9n c\u1ee7a nh\u00e0 s\u1ea3n xu\u1ea5t v\u00e0 ch\u1ec9 b\u1ea3o h\u00e0nh c\u00e1c l\u1ed7i c\u1ee7a nh\u00e0 s\u1ea3n xu\u1ea5t trong tr\u01b0\u1eddng h\u1ee3p c\u00e1c thi\u1ebft b\u1ecb v\u00e0 ph\u1ee5 ki\u1ec7n \u0111\u01b0\u1ee3c s\u1eed d\u1ee5ng trong \u0111i\u1ec1u ki\u1ec7n b\u00ecnh th\u01b0\u1eddng;<\/td>\n<\/tr>\n<\/tbody>\n<\/table>\n<p>&nbsp;<\/p>\n<p>***Tr\u00e2n Tr\u1ecdng***<\/p>\n<p>C\u00d4NG TY TNHH TM-DV \u0110\u1ea6U T\u01af &amp; PH\u00c1T TRI\u1ec2N C\u00d4NG NGH\u1ec6 TO\u00c0N GIA<\/p>\n<p>VPGD: ng\u00f5 88 ph\u1ed1 Gi\u00e1p Nh\u1ecb, Th\u1ecbnh Li\u1ec7t, Ho\u00e0ng Mai, H\u00e0 N\u1ed9i<\/p>\n<p>X\u01b0\u1edfng s\u1ea3n xu\u1ea5t: L\u1ea1c \u0110\u1ea1o, V\u0103n L\u00e2m, H\u01b0ng Y\u00ean<\/p>\n<p>M\u1ecdi nhu c\u1ea7u Li\u00ean h\u1ec7:<\/p>\n<p>???Hotline: 094 3030 117???<\/p>\n<p>Ph\u00f2ng Kinh doanh: 0918 92 55 22<\/p>\n<p>Ph\u00f2ng K\u1ef9 thu\u1eadt: 0918 26 55 22<\/p>\n<p>Ph\u00f2ng K\u1ebf to\u00e1n: 0916 49 88 22<\/p>\n<p>Tell: 024 3995 0208 \/ 0916 35 88 22<\/p>\n<p>Gmail: <a href=\"mailto:toangiamayvanphong@gmail.com\">toangiamayvanphong@gmail.com<\/a><\/p>\n<p>Web: <u>https:\/\/toangiamayvanphong.vn\/<\/u><\/p>\n","protected":false},"excerpt":{"rendered":"<div class=\"rte product_getcontent py-3 pos-relative\">\n<div id=\"content\">\n<p><strong><span class=\"emoji-sizer emoji-outer \">?<\/span><span class=\"emoji-sizer emoji-outer \">?<\/span><span class=\"text\">?<span style=\"color: #0000ff;\">M\u00c1Y IN FILM CH\u1ebe B\u1ea2N EPSON L1800<\/span><\/span><\/strong><\/p>\n<table>\n<tbody>\n<tr>\n<td>\u00a0<strong>T\u00cdNH N\u0102NG K\u1ef8 THU\u1eacT:<\/strong><\/p>\n<table style=\"width: 99.1668%;\" width=\"508\">\n<tbody>\n<tr>\n<td style=\"width: 19.9211%;\" width=\"102\">S\u1ea3n ph\u1ea9m<\/td>\n<td style=\"width: 221.781%;\" width=\"406\">Ma\u0301y in phun ma\u0300u<\/td>\n<\/tr>\n<tr>\n<td style=\"width: 19.9211%;\" width=\"102\">H\u00e3ng s\u1ea3n xu\u1ea5t<\/td>\n<td style=\"width: 221.781%;\" width=\"406\">Epson<\/td>\n<\/tr>\n<tr>\n<td style=\"width: 19.9211%;\" width=\"102\">Model<\/td>\n<td style=\"width: 221.781%;\" width=\"406\">L1800<\/td>\n<\/tr>\n<tr>\n<td style=\"width: 19.9211%;\" width=\"102\">Ch\u1ee9c n\u0103ng<\/td>\n<td style=\"width: 221.781%;\" width=\"406\">Print<\/td>\n<\/tr>\n<tr>\n<td style=\"width: 19.9211%;\" width=\"102\">Kh\u1ed5 gi\u1ea5y<\/td>\n<td style=\"width: 221.781%;\" width=\"406\">A3+, A3, B4, A4, A5, A6, B5, 10x15cm (4&#215;6), 13x18cm (5&#215;7&#8243;), 16:9 wide size,Letter (8.5&#215;11&#8243;), Legal (8.5&#215;14&#8243;), Half Letter (5.5&#215;8.5&#8243;), 9x13cm (3.5&#215;5&#8243;), 13x20cm(5&#215;8&#8243;), 20x25cm(8&#215;10&#8243;), Envelopes: #10(4.125&#215;9.5&#8243;);DL(110x220mm), C4 (229x324mm, C6(114x162mm)<\/p>\n<p><strong>&#8211; \u0110\u1eb7c bi\u1ec7t ph\u1ea7n m\u1ec1m Zip c\u00f3 th\u1ec3 gi\u00fap in \u0111\u01b0\u1ee3c b\u1ea3n film l\u1edbn 0.33m*1.2m (gi\u00fap ti\u1ebft ki\u1ec7m chi ph\u00ed out film kh\u1ed5 l\u1edbn b\u00ean ngo\u00e0i)<\/strong><\/td>\n<\/tr>\n<tr>\n<td style=\"width: 19.9211%;\" width=\"102\">B\u00f4\u0323 nh\u01a1\u0301<\/td>\n<td style=\"width: 221.781%;\" width=\"406\"><\/td>\n<\/tr>\n<tr>\n<td style=\"width: 19.9211%;\" width=\"102\">T\u1ed1c \u0111\u1ed9<\/td>\n<td style=\"width: 221.781%;\" width=\"406\">15 trang \u0111en A4\/phu\u0301t, 15 trang ma\u0300u A4\/phu\u0301t.<\/td>\n<\/tr>\n<tr>\n<td style=\"width: 19.9211%;\" width=\"102\">In \u0111\u1ea3o m\u1eb7t<\/td>\n<td style=\"width: 221.781%;\" width=\"406\">Kh\u00f4ng<\/td>\n<\/tr>\n<tr>\n<td style=\"width: 19.9211%;\" width=\"102\">\u0110\u1ed9 ph\u00e2n gi\u1ea3i<\/td>\n<td style=\"width: 221.781%;\" width=\"406\">5760 x 1440 dpi<\/td>\n<\/tr>\n<tr>\n<td style=\"width: 19.9211%;\" width=\"102\">C\u1ed5ng giao ti\u1ebfp<\/td>\n<td style=\"width: 221.781%;\" width=\"406\">USB<\/td>\n<\/tr>\n<tr>\n<td style=\"width: 19.9211%;\" width=\"102\">M\u1ef1c in<\/td>\n<td style=\"width: 221.781%;\" width=\"406\">S\u1eed d\u1ee5ng m\u1ef1c in phim ch\u1ebf b\u1ea3n xu\u1ea5t x\u1ee9 H\u00e0n Qu\u1ed1c; in b\u1ec7t, in Tram\u2026 v\u1edbi \u0111\u1ed9 s\u1eafc n\u00e9t cao<\/td>\n<\/tr>\n<tr>\n<td style=\"width: 19.9211%;\" width=\"102\">M\u00f4 ta\u0309 kha\u0301c<\/td>\n<td style=\"width: 221.781%;\" width=\"406\">\u0110\u00f4\u0323 ph\u00e2n gia\u0309i 5760x1440dpi, 5 bi\u0300nh m\u01b0\u0323c l\u01a1\u0301n r\u01a1\u0300i in \u0111\u01b0\u01a1\u0323c 12,800 trang (2 bi\u0300nh \u0111en). Ki\u0301ch th\u01b0\u01a1\u0301c gio\u0323t m\u01b0\u0323c nho\u0309 3pl.<\/td>\n<\/tr>\n<\/tbody>\n<\/table>\n<p><strong>\u00a0\u00a0\u00a0\u00a0\u00a0\u00a0 <\/strong><strong>B\u1ea2O H\u00c0NH:<\/strong><\/p>\n<p>M\u00e1y in s\u1eed d\u1ee5ng c\u00f4ng ngh\u1ec7 in phim ch\u1ebf b\u1ea3n \u0111\u01b0\u1ee3c b\u1ea3o h\u00e0nh 03 th\u00e1ng. C\u00f4ng ty ch\u00fang t\u00f4i b\u1ea3o h\u00e0nh thi\u1ebft b\u1ecb theo ti\u00eau chu\u1ea9n c\u1ee7a nh\u00e0 s\u1ea3n xu\u1ea5t v\u00e0 ch\u1ec9 b\u1ea3o h\u00e0nh c\u00e1c l\u1ed7i c\u1ee7a nh\u00e0 s\u1ea3n xu\u1ea5t trong tr\u01b0\u1eddng h\u1ee3p c\u00e1c thi\u1ebft b\u1ecb v\u00e0 ph\u1ee5 ki\u1ec7n \u0111\u01b0\u1ee3c s\u1eed d\u1ee5ng trong \u0111i\u1ec1u ki\u1ec7n b\u00ecnh th\u01b0\u1eddng;<\/td>\n<\/tr>\n<\/tbody>\n<\/table>\n<p>&nbsp;<\/p>\n<\/div>\n<\/div>\n<p>Vui l\u00f2ng li\u00ean h\u1ec7 \u0111\u1ec3 l\u1ea5y gi\u00e1 g\u1ed1c v\u00e0 khuy\u1ebfn m\u1ea1i<\/p>\n<hr \/>\n<p>Sa\u0309n ph\u00e2\u0309m \u0111\u01b0\u01a1\u0323c ba\u0301n ta\u0323i :<\/p>\n<p>C\u00d4NG TY TNHH TM-DV \u0110\u1ea6U T\u01af &amp; PH\u00c1T TRI\u1ec2N C\u00d4NG NGH\u1ec6 TO\u00c0N GIA<\/p>\n<p>VPGD: ng\u00f5 88 ph\u1ed1 Gi\u00e1p Nh\u1ecb, Th\u1ecbnh Li\u1ec7t, Ho\u00e0ng Mai, H\u00e0 N\u1ed9i<\/p>\n<p>X\u01b0\u1edfng s\u1ea3n xu\u1ea5t: L\u1ea1c \u0110\u1ea1o, V\u0103n L\u00e2m, H\u01b0ng Y\u00ean<\/p>\n<p>M\u1ecdi nhu c\u1ea7u Li\u00ean h\u1ec7:<\/p>\n<p><span style=\"color: #ff0000;\">???Hotline: 094 3030 117???<\/span><\/p>\n<p>Ph\u00f2ng Kinh doanh: 0918 92 55 22<\/p>\n<p>Ph\u00f2ng K\u1ef9 thu\u1eadt: 0918 26 55 22<\/p>\n<p>Ph\u00f2ng K\u1ebf to\u00e1n: 0916 49 88 22<\/p>\n<p>Tell: 024 3995 0208 \/ 0916 35 88 22<\/p>\n<p>Gmail: <a href=\"mailto:toangiamayvanphong@gmail.com\">toangiamayvanphong@gmail.com<\/a><\/p>\n<p>Web: <u>https:\/\/toangiamayvanphong.vn\/<\/u><\/p>\n<p>&nbsp;<\/p>\n","protected":false},"featured_media":1834,"comment_status":"open","ping_status":"closed","template":"","meta":[],"product_brand":[],"product_cat":[214,158],"product_tag":[212,213],"class_list":{"0":"post-2325","1":"product","2":"type-product","3":"status-publish","4":"has-post-thumbnail","6":"product_cat-may-in-film","7":"product_cat-van-phong-pham","8":"product_tag-film-in-che-ban","9":"product_tag-in-offset","11":"first","12":"instock","13":"taxable","14":"shipping-taxable","15":"product-type-simple"},"_links":{"self":[{"href":"https:\/\/toangiamayvanphong.vn\/index.php?rest_route=\/wp\/v2\/product\/2325","targetHints":{"allow":["GET"]}}],"collection":[{"href":"https:\/\/toangiamayvanphong.vn\/index.php?rest_route=\/wp\/v2\/product"}],"about":[{"href":"https:\/\/toangiamayvanphong.vn\/index.php?rest_route=\/wp\/v2\/types\/product"}],"replies":[{"embeddable":true,"href":"https:\/\/toangiamayvanphong.vn\/index.php?rest_route=%2Fwp%2Fv2%2Fcomments&post=2325"}],"wp:featuredmedia":[{"embeddable":true,"href":"https:\/\/toangiamayvanphong.vn\/index.php?rest_route=\/wp\/v2\/media\/1834"}],"wp:attachment":[{"href":"https:\/\/toangiamayvanphong.vn\/index.php?rest_route=%2Fwp%2Fv2%2Fmedia&parent=2325"}],"wp:term":[{"taxonomy":"product_brand","embeddable":true,"href":"https:\/\/toangiamayvanphong.vn\/index.php?rest_route=%2Fwp%2Fv2%2Fproduct_brand&post=2325"},{"taxonomy":"product_cat","embeddable":true,"href":"https:\/\/toangiamayvanphong.vn\/index.php?rest_route=%2Fwp%2Fv2%2Fproduct_cat&post=2325"},{"taxonomy":"product_tag","embeddable":true,"href":"https:\/\/toangiamayvanphong.vn\/index.php?rest_route=%2Fwp%2Fv2%2Fproduct_tag&post=2325"}],"curies":[{"name":"wp","href":"https:\/\/api.w.org\/{rel}","templated":true}]}}