{"id":2328,"date":"2023-07-09T11:14:49","date_gmt":"2023-07-09T04:14:49","guid":{"rendered":"https:\/\/toangiamayvanphong.vn\/?post_type=product&#038;p=2328"},"modified":"2023-07-09T11:14:52","modified_gmt":"2023-07-09T04:14:52","slug":"but-chi-staedtler-134-2b","status":"publish","type":"product","link":"https:\/\/toangiamayvanphong.vn\/?product=but-chi-staedtler-134-2b","title":{"rendered":"B\u00fat ch\u00ec Staedtler 134 2B"},"content":{"rendered":"<p><strong><span class=\"emoji-sizer emoji-outer \">?<\/span><span class=\"emoji-sizer emoji-outer \">?<\/span><span class=\"text\">?B\u00fat ch\u00ec Staedtler 134 2B<\/span><\/strong><\/p>\n<p>B\u00fat ch\u00ec Staedtler 134 2B, HB\u00a0 c\u00f3 l\u00f5i ch\u00ec b\u1ec1n, kh\u00f3 g\u00e3y khi s\u1eed d\u1ee5ng, gi\u00fap ng\u01b0\u1eddi d\u00f9ng th\u1ef1c hi\u1ec7n c\u00e1c n\u00e9t v\u1ebd li\u1ec1n m\u1ea1ch, kh\u00f4ng \u0111\u1ee9t \u0111o\u1ea1n.<\/p>\n<p>\u0110\u1ea7u ch\u00ec 2B c\u00f3 n\u00e9t v\u1ebd s\u1eafc n\u00e9t, \u0111\u1eadm m\u00e0u. \u0110u\u00f4i b\u00fat ch\u00ec c\u00f3 g\u1eafn t\u1ea9y, gi\u00fap ng\u01b0\u1eddi d\u00f9ng thu\u1eadn ti\u1ec7n khi c\u1ea7n x\u00f3a.<\/p>\n<p>B\u00fat ch\u00ec Staedtler 134 2B\u00a0 \u0111\u00e3 g\u1ecdt s\u1eb5n, ti\u1ec7n l\u1ee3i khi c\u1ea7n d\u00f9ng.<\/p>\n<p>***Tr\u00e2n Tr\u1ecdng***<\/p>\n<p>C\u00d4NG TY TNHH TM-DV \u0110\u1ea6U T\u01af &amp; PH\u00c1T TRI\u1ec2N C\u00d4NG NGH\u1ec6 TO\u00c0N GIA<\/p>\n<p>VPGD: ng\u00f5 88 ph\u1ed1 Gi\u00e1p Nh\u1ecb, Th\u1ecbnh Li\u1ec7t, Ho\u00e0ng Mai, H\u00e0 N\u1ed9i<\/p>\n<p>X\u01b0\u1edfng s\u1ea3n xu\u1ea5t: L\u1ea1c \u0110\u1ea1o, V\u0103n L\u00e2m, H\u01b0ng Y\u00ean<\/p>\n<p>M\u1ecdi nhu c\u1ea7u Li\u00ean h\u1ec7:<\/p>\n<p>???Hotline: 094 3030 117???<\/p>\n<p>Ph\u00f2ng Kinh doanh: 0918 92 55 22<\/p>\n<p>Ph\u00f2ng K\u1ef9 thu\u1eadt: 0918 26 55 22<\/p>\n<p>Ph\u00f2ng K\u1ebf to\u00e1n: 0916 49 88 22<\/p>\n<p>Tell: 024 3995 0208 \/ 0916 35 88 22<\/p>\n<p>Gmail: <a href=\"mailto:toangiamayvanphong@gmail.com\">toangiamayvanphong@gmail.com<\/a><\/p>\n<p>Web: <u>https:\/\/toangiamayvanphong.vn\/<\/u><\/p>\n","protected":false},"excerpt":{"rendered":"<p><strong><span class=\"emoji-sizer emoji-outer \">?<\/span><span class=\"emoji-sizer emoji-outer \">?<\/span><span class=\"text\">?B\u00fat ch\u00ec Staedtler 134 2B<\/span><\/strong><\/p>\n<p>B\u00fat ch\u00ec Staedtler 134 2B, HB\u00a0 c\u00f3 l\u00f5i ch\u00ec b\u1ec1n, kh\u00f3 g\u00e3y khi s\u1eed d\u1ee5ng, gi\u00fap ng\u01b0\u1eddi d\u00f9ng th\u1ef1c hi\u1ec7n c\u00e1c n\u00e9t v\u1ebd li\u1ec1n m\u1ea1ch, kh\u00f4ng \u0111\u1ee9t \u0111o\u1ea1n.<\/p>\n<p>\u0110\u1ea7u ch\u00ec 2B c\u00f3 n\u00e9t v\u1ebd s\u1eafc n\u00e9t, \u0111\u1eadm m\u00e0u. \u0110u\u00f4i b\u00fat ch\u00ec c\u00f3 g\u1eafn t\u1ea9y, gi\u00fap ng\u01b0\u1eddi d\u00f9ng thu\u1eadn ti\u1ec7n khi c\u1ea7n x\u00f3a.<\/p>\n<p>B\u00fat ch\u00ec Staedtler 134 2B\u00a0 \u0111\u00e3 g\u1ecdt s\u1eb5n, ti\u1ec7n l\u1ee3i khi c\u1ea7n d\u00f9ng.<\/p>\n<p>Th\u01b0\u01a1ng hi\u1ec7u:\u00a0 M\u1edaI 100%\u00a0 \u00a0 \u00a0 \u00a0 \u00a0 \u00a0 | T\u00ecnh tr\u1ea1ng : C\u00f2n h\u00e0ng<\/p>\n<p>Vui l\u00f2ng li\u00ean h\u1ec7 \u0111\u1ec3 l\u1ea5y gi\u00e1 g\u1ed1c v\u00e0 khuy\u1ebfn m\u1ea1i<\/p>\n<hr \/>\n<p>Sa\u0309n ph\u00e2\u0309m \u0111\u01b0\u01a1\u0323c ba\u0301n ta\u0323i :<\/p>\n<p>C\u00d4NG TY TNHH TM-DV \u0110\u1ea6U T\u01af &amp; PH\u00c1T TRI\u1ec2N C\u00d4NG NGH\u1ec6 TO\u00c0N GIA<\/p>\n<p>VPGD: ng\u00f5 88 ph\u1ed1 Gi\u00e1p Nh\u1ecb, Th\u1ecbnh Li\u1ec7t, Ho\u00e0ng Mai, H\u00e0 N\u1ed9i<\/p>\n<p>X\u01b0\u1edfng s\u1ea3n xu\u1ea5t: L\u1ea1c \u0110\u1ea1o, V\u0103n L\u00e2m, H\u01b0ng Y\u00ean<\/p>\n<p>M\u1ecdi nhu c\u1ea7u Li\u00ean h\u1ec7:<\/p>\n<p><span style=\"color: #ff0000;\">???Hotline: 094 3030 117???<\/span><\/p>\n<p>Ph\u00f2ng Kinh doanh: 0918 92 55 22<\/p>\n<p>Ph\u00f2ng K\u1ef9 thu\u1eadt: 0918 26 55 22<\/p>\n<p>Ph\u00f2ng K\u1ebf to\u00e1n: 0916 49 88 22<\/p>\n<p>Tell: 024 3995 0208 \/ 0916 35 88 22<\/p>\n<p>Gmail: <a href=\"mailto:toangiamayvanphong@gmail.com\">toangiamayvanphong@gmail.com<\/a><\/p>\n<p>Web: <u>https:\/\/toangiamayvanphong.vn\/<\/u><\/p>\n<p>&nbsp;<\/p>\n","protected":false},"featured_media":1838,"comment_status":"open","ping_status":"closed","template":"","meta":[],"product_brand":[],"product_cat":[158],"product_tag":[221],"class_list":{"0":"post-2328","1":"product","2":"type-product","3":"status-publish","4":"has-post-thumbnail","6":"product_cat-van-phong-pham","7":"product_tag-but-chi","9":"first","10":"instock","11":"taxable","12":"shipping-taxable","13":"product-type-simple"},"_links":{"self":[{"href":"https:\/\/toangiamayvanphong.vn\/index.php?rest_route=\/wp\/v2\/product\/2328","targetHints":{"allow":["GET"]}}],"collection":[{"href":"https:\/\/toangiamayvanphong.vn\/index.php?rest_route=\/wp\/v2\/product"}],"about":[{"href":"https:\/\/toangiamayvanphong.vn\/index.php?rest_route=\/wp\/v2\/types\/product"}],"replies":[{"embeddable":true,"href":"https:\/\/toangiamayvanphong.vn\/index.php?rest_route=%2Fwp%2Fv2%2Fcomments&post=2328"}],"wp:featuredmedia":[{"embeddable":true,"href":"https:\/\/toangiamayvanphong.vn\/index.php?rest_route=\/wp\/v2\/media\/1838"}],"wp:attachment":[{"href":"https:\/\/toangiamayvanphong.vn\/index.php?rest_route=%2Fwp%2Fv2%2Fmedia&parent=2328"}],"wp:term":[{"taxonomy":"product_brand","embeddable":true,"href":"https:\/\/toangiamayvanphong.vn\/index.php?rest_route=%2Fwp%2Fv2%2Fproduct_brand&post=2328"},{"taxonomy":"product_cat","embeddable":true,"href":"https:\/\/toangiamayvanphong.vn\/index.php?rest_route=%2Fwp%2Fv2%2Fproduct_cat&post=2328"},{"taxonomy":"product_tag","embeddable":true,"href":"https:\/\/toangiamayvanphong.vn\/index.php?rest_route=%2Fwp%2Fv2%2Fproduct_tag&post=2328"}],"curies":[{"name":"wp","href":"https:\/\/api.w.org\/{rel}","templated":true}]}}