{"id":2329,"date":"2023-07-09T11:14:49","date_gmt":"2023-07-09T04:14:49","guid":{"rendered":"https:\/\/toangiamayvanphong.vn\/?post_type=product&#038;p=2329"},"modified":"2023-07-09T11:14:52","modified_gmt":"2023-07-09T04:14:52","slug":"bang-dinh-si-xanh-5cm-day","status":"publish","type":"product","link":"https:\/\/toangiamayvanphong.vn\/?product=bang-dinh-si-xanh-5cm-day","title":{"rendered":"B\u0102NG D\u00cdNH SI (XANH) 5CM D\u00c0Y"},"content":{"rendered":"<p><span class=\"emoji-sizer emoji-outer \">?<\/span><span class=\"emoji-sizer emoji-outer \">?<\/span><span class=\"text\">?B\u0102NG D\u00cdNH SI (XANH) 5CM D\u00c0Y<\/span><\/p>\n<p>S\u1ea3n ph\u1ea9m r\u1ea5t h\u1eefu d\u1ee5ng trong c\u00e1c c\u00f4ng vi\u1ec7c v\u0103n ph\u00f2ng nh\u01b0 \u0111\u00f3ng g\u00e1y s\u1ed5 s\u00e1ch, d\u00e1n b\u00eca nh\u00e3n, trang tr\u00ed n\u1ed9i th\u1ea5t v\u0103n ph\u00f2ng.<\/p>\n<p>&#8211; M\u1eb7t b\u0103ng d\u00ednh c\u00f3 thi\u1ebft k\u1ebf \u0111\u1eb7c bi\u1ec7t b\u1edfi c\u00e1c \u0111\u01b0\u1eddng ngang x\u1ebfp l\u1edbp gi\u00fap d\u1ec5 d\u00e0ng d\u00e1n v\u00e0 c\u1eaft.<\/p>\n<p>&#8211; Ch\u1ea5t d\u00ednh \u0111\u01b0\u1ee3c l\u00e0m t\u1eeb cao su t\u1ef1 nhi\u00ean.<\/p>\n<p>&#8211; Ch\u1ed1ng n\u01b0\u1edbc t\u1ed1t<\/p>\n<p>&#8211; K\u00edch th\u01b0\u1edbc: 3cm<\/p>\n<p>&#8211; \u0110\u00f3ng g\u00f3i: 6 cu\u1ed9n\/c\u00e2y<\/p>\n<p>***Tr\u00e2n Tr\u1ecdng***<\/p>\n<p>C\u00d4NG TY TNHH TM-DV \u0110\u1ea6U T\u01af &amp; PH\u00c1T TRI\u1ec2N C\u00d4NG NGH\u1ec6 TO\u00c0N GIA<\/p>\n<p>VPGD: ng\u00f5 88 ph\u1ed1 Gi\u00e1p Nh\u1ecb, Th\u1ecbnh Li\u1ec7t, Ho\u00e0ng Mai, H\u00e0 N\u1ed9i<\/p>\n<p>X\u01b0\u1edfng s\u1ea3n xu\u1ea5t: L\u1ea1c \u0110\u1ea1o, V\u0103n L\u00e2m, H\u01b0ng Y\u00ean<\/p>\n<p>M\u1ecdi nhu c\u1ea7u Li\u00ean h\u1ec7:<\/p>\n<p>???Hotline: 094 3030 117???<\/p>\n<p>Ph\u00f2ng Kinh doanh: 0918 92 55 22<\/p>\n<p>Ph\u00f2ng K\u1ef9 thu\u1eadt: 0918 26 55 22<\/p>\n<p>Ph\u00f2ng K\u1ebf to\u00e1n: 0916 49 88 22<\/p>\n<p>Tell: 024 3995 0208 \/ 0916 35 88 22<\/p>\n<p>Gmail: <a href=\"mailto:toangiamayvanphong@gmail.com\">toangiamayvanphong@gmail.com<\/a><\/p>\n<p>Web: <u>https:\/\/toangiamayvanphong.vn\/<\/u><\/p>\n","protected":false},"excerpt":{"rendered":"<p><span class=\"emoji-sizer emoji-outer \">?<\/span><span class=\"emoji-sizer emoji-outer \">?<\/span><span class=\"text\">?B\u0102NG D\u00cdNH SI (XANH) 5CM D\u00c0Y<\/span><\/p>\n<p>S\u1ea3n ph\u1ea9m r\u1ea5t h\u1eefu d\u1ee5ng trong c\u00e1c c\u00f4ng vi\u1ec7c v\u0103n ph\u00f2ng nh\u01b0 \u0111\u00f3ng g\u00e1y s\u1ed5 s\u00e1ch, d\u00e1n b\u00eca nh\u00e3n, trang tr\u00ed n\u1ed9i th\u1ea5t v\u0103n ph\u00f2ng.<\/p>\n<p>&#8211; M\u1eb7t b\u0103ng d\u00ednh c\u00f3 thi\u1ebft k\u1ebf \u0111\u1eb7c bi\u1ec7t b\u1edfi c\u00e1c \u0111\u01b0\u1eddng ngang x\u1ebfp l\u1edbp gi\u00fap d\u1ec5 d\u00e0ng d\u00e1n v\u00e0 c\u1eaft.<\/p>\n<p>&#8211; Ch\u1ea5t d\u00ednh \u0111\u01b0\u1ee3c l\u00e0m t\u1eeb cao su t\u1ef1 nhi\u00ean.<\/p>\n<p>&#8211; Ch\u1ed1ng n\u01b0\u1edbc t\u1ed1t<\/p>\n<p>&#8211; K\u00edch th\u01b0\u1edbc: 3cm<\/p>\n<p>&#8211; \u0110\u00f3ng g\u00f3i: 6 cu\u1ed9n\/c\u00e2y<\/p>\n<p>Th\u01b0\u01a1ng hi\u1ec7u:\u00a0 M\u1edaI 100%\u00a0 \u00a0 \u00a0 \u00a0 \u00a0 \u00a0 | T\u00ecnh tr\u1ea1ng : C\u00f2n h\u00e0ng<\/p>\n<p>Vui l\u00f2ng li\u00ean h\u1ec7 \u0111\u1ec3 l\u1ea5y gi\u00e1 g\u1ed1c v\u00e0 khuy\u1ebfn m\u1ea1i<\/p>\n<hr \/>\n<p>Sa\u0309n ph\u00e2\u0309m \u0111\u01b0\u01a1\u0323c ba\u0301n ta\u0323i :<\/p>\n<p>C\u00d4NG TY TNHH TM-DV \u0110\u1ea6U T\u01af &amp; PH\u00c1T TRI\u1ec2N C\u00d4NG NGH\u1ec6 TO\u00c0N GIA<\/p>\n<p>VPGD: ng\u00f5 88 ph\u1ed1 Gi\u00e1p Nh\u1ecb, Th\u1ecbnh Li\u1ec7t, Ho\u00e0ng Mai, H\u00e0 N\u1ed9i<\/p>\n<p>X\u01b0\u1edfng s\u1ea3n xu\u1ea5t: L\u1ea1c \u0110\u1ea1o, V\u0103n L\u00e2m, H\u01b0ng Y\u00ean<\/p>\n<p>M\u1ecdi nhu c\u1ea7u Li\u00ean h\u1ec7:<\/p>\n<p><span style=\"color: #ff0000;\">???Hotline: 094 3030 117???<\/span><\/p>\n<p>Ph\u00f2ng Kinh doanh: 0918 92 55 22<\/p>\n<p>Ph\u00f2ng K\u1ef9 thu\u1eadt: 0918 26 55 22<\/p>\n<p>Ph\u00f2ng K\u1ebf to\u00e1n: 0916 49 88 22<\/p>\n<p>Tell: 024 3995 0208 \/ 0916 35 88 22<\/p>\n<p>Gmail: <a href=\"mailto:toangiamayvanphong@gmail.com\">toangiamayvanphong@gmail.com<\/a><\/p>\n<p>Web: <u>https:\/\/toangiamayvanphong.vn\/<\/u><\/p>\n<p>&nbsp;<\/p>\n","protected":false},"featured_media":1839,"comment_status":"open","ping_status":"closed","template":"","meta":[],"product_brand":[],"product_cat":[158],"product_tag":[222],"class_list":{"0":"post-2329","1":"product","2":"type-product","3":"status-publish","4":"has-post-thumbnail","6":"product_cat-van-phong-pham","7":"product_tag-bang-dinh-gay","9":"first","10":"instock","11":"taxable","12":"shipping-taxable","13":"product-type-simple"},"_links":{"self":[{"href":"https:\/\/toangiamayvanphong.vn\/index.php?rest_route=\/wp\/v2\/product\/2329","targetHints":{"allow":["GET"]}}],"collection":[{"href":"https:\/\/toangiamayvanphong.vn\/index.php?rest_route=\/wp\/v2\/product"}],"about":[{"href":"https:\/\/toangiamayvanphong.vn\/index.php?rest_route=\/wp\/v2\/types\/product"}],"replies":[{"embeddable":true,"href":"https:\/\/toangiamayvanphong.vn\/index.php?rest_route=%2Fwp%2Fv2%2Fcomments&post=2329"}],"wp:featuredmedia":[{"embeddable":true,"href":"https:\/\/toangiamayvanphong.vn\/index.php?rest_route=\/wp\/v2\/media\/1839"}],"wp:attachment":[{"href":"https:\/\/toangiamayvanphong.vn\/index.php?rest_route=%2Fwp%2Fv2%2Fmedia&parent=2329"}],"wp:term":[{"taxonomy":"product_brand","embeddable":true,"href":"https:\/\/toangiamayvanphong.vn\/index.php?rest_route=%2Fwp%2Fv2%2Fproduct_brand&post=2329"},{"taxonomy":"product_cat","embeddable":true,"href":"https:\/\/toangiamayvanphong.vn\/index.php?rest_route=%2Fwp%2Fv2%2Fproduct_cat&post=2329"},{"taxonomy":"product_tag","embeddable":true,"href":"https:\/\/toangiamayvanphong.vn\/index.php?rest_route=%2Fwp%2Fv2%2Fproduct_tag&post=2329"}],"curies":[{"name":"wp","href":"https:\/\/api.w.org\/{rel}","templated":true}]}}