{"id":2330,"date":"2023-07-09T11:14:50","date_gmt":"2023-07-09T04:14:50","guid":{"rendered":"https:\/\/toangiamayvanphong.vn\/?post_type=product&#038;p=2330"},"modified":"2023-07-09T11:14:52","modified_gmt":"2023-07-09T04:14:52","slug":"bia-mica-trung-a4","status":"publish","type":"product","link":"https:\/\/toangiamayvanphong.vn\/?product=bia-mica-trung-a4","title":{"rendered":"???B\u00eca mica trung A4"},"content":{"rendered":"<p><span class=\"emoji-sizer emoji-outer \">?<\/span><span class=\"emoji-sizer emoji-outer \">?<\/span><span class=\"text\">?<strong>B\u00eca mica trung A4<\/strong><\/span><\/p>\n<p>&#8211; \u0110\u01b0\u1ee3c s\u1eed d\u1ee5ng nhi\u1ec1u trong \u0111\u00f3ng s\u00e1ch, v\u1edbi \u0111\u1eb7c t\u00ednh d\u1ebbo dai \u0111\u1ed9 b\u00ean cao, gi\u00fap b\u1ea3o v\u1ec7 quy\u1ec3n s\u00e1ch an to\u00e0n khi s\u1eed d\u1ee5ng.<\/p>\n<p>-D\u00f9ng \u0111\u1ec3 \u0111\u00f3ng s\u00e1ch, \u0111\u00f3ng g\u00e1y xo\u1eafn t\u00e0i li\u1ec7u th\u1eadt g\u1ecdn \u0111\u1eb9p. K\u00edch th\u01b0\u1edbc<a href=\"https:\/\/vanphongpham247.vn\/danh-muc\/giay-in-a4\/\">\u00a0gi\u1ea5y A4<\/a>\u00a0th\u00f4ng d\u1ee5ng ph\u00f9 h\u1ee3p v\u1edbi h\u1ea7u h\u1ebft c\u00e1c lo\u1ea1i t\u00e0i li\u1ec7u d\u00f9ng trong c\u00e1c v\u0103n ph\u00f2ng. \u0111\u1ed3ng th\u1eddi t\u1ea1o \u0111\u01b0\u1ee3c t\u00ednh th\u1ea9m m\u1ef9 cao cho ng\u01b0\u1eddi d\u00f9ng.<\/p>\n<p>-V\u1edbi ch\u1ea5t li\u1ec7u t\u1ed1t c\u00f9ng, <strong>b\u00eca mica trung\u00a0<\/strong>s\u1ebd l\u00e0 s\u1ef1 l\u1ef1a ch\u1ecdn h\u1ee3p l\u00fd nh\u1ea5t cho cu\u1ed1n t\u00e0i li\u1ec7u d\u1ec5 nh\u00ecn. M\u1ed9t cu\u1ed1n t\u00e0i li\u1ec7u s\u1ebd \u0111\u1eb9p h\u01a1n, thu h\u00fat h\u01a1n khi \u0111\u01b0\u1ee3c \u0111\u00f3ng b\u1edfi nh\u1eefng trang b\u00eca mica nh\u01b0 th\u1ebf v\u00e0 t\u00f9y v\u00e0o t\u1eebng lo\u1ea1i t\u00e0i li\u1ec7u m\u00e0 b\u1ea1n c\u00f3 th\u1ec3 l\u1ef1a ch\u1ecdn cho m\u00ecnh lo\u1ea1i b\u00eca mica d\u00e0y, m\u1ecfng, trung sao cho ph\u00f9 h\u1ee3p nh\u1ea5t.<\/p>\n<p>***Tr\u00e2n Tr\u1ecdng***<\/p>\n<p>C\u00d4NG TY TNHH TM-DV \u0110\u1ea6U T\u01af &amp; PH\u00c1T TRI\u1ec2N C\u00d4NG NGH\u1ec6 TO\u00c0N GIA<\/p>\n<p>VPGD: ng\u00f5 88 ph\u1ed1 Gi\u00e1p Nh\u1ecb, Th\u1ecbnh Li\u1ec7t, Ho\u00e0ng Mai, H\u00e0 N\u1ed9i<\/p>\n<p>X\u01b0\u1edfng s\u1ea3n xu\u1ea5t: L\u1ea1c \u0110\u1ea1o, V\u0103n L\u00e2m, H\u01b0ng Y\u00ean<\/p>\n<p>M\u1ecdi nhu c\u1ea7u Li\u00ean h\u1ec7:<\/p>\n<p>???Hotline: 094 3030 117???<\/p>\n<p>Ph\u00f2ng Kinh doanh: 0918 92 55 22<\/p>\n<p>Ph\u00f2ng K\u1ef9 thu\u1eadt: 0918 26 55 22<\/p>\n<p>Ph\u00f2ng K\u1ebf to\u00e1n: 0916 49 88 22<\/p>\n<p>Tell: 024 3995 0208 \/ 0916 35 88 22<\/p>\n<p>Gmail: <a href=\"mailto:toangiamayvanphong@gmail.com\">toangiamayvanphong@gmail.com<\/a><\/p>\n<p>Web: <u>https:\/\/toangiamayvanphong.vn\/<\/u><\/p>\n","protected":false},"excerpt":{"rendered":"<p><span class=\"emoji-sizer emoji-outer \">?<\/span><span class=\"emoji-sizer emoji-outer \">?<\/span><span class=\"text\">?<strong>B\u00eca mica trung A4<\/strong><\/span><\/p>\n<p>&#8211; \u0110\u01b0\u1ee3c s\u1eed d\u1ee5ng nhi\u1ec1u trong \u0111\u00f3ng s\u00e1ch, v\u1edbi \u0111\u1eb7c t\u00ednh d\u1ebbo dai \u0111\u1ed9 b\u00ean cao, gi\u00fap b\u1ea3o v\u1ec7 quy\u1ec3n s\u00e1ch an to\u00e0n khi s\u1eed d\u1ee5ng.<\/p>\n<p>-D\u00f9ng \u0111\u1ec3 \u0111\u00f3ng s\u00e1ch, \u0111\u00f3ng g\u00e1y xo\u1eafn t\u00e0i li\u1ec7u th\u1eadt g\u1ecdn \u0111\u1eb9p. K\u00edch th\u01b0\u1edbc<a href=\"https:\/\/vanphongpham247.vn\/danh-muc\/giay-in-a4\/\">\u00a0gi\u1ea5y A4<\/a>\u00a0th\u00f4ng d\u1ee5ng ph\u00f9 h\u1ee3p v\u1edbi h\u1ea7u h\u1ebft c\u00e1c lo\u1ea1i t\u00e0i li\u1ec7u d\u00f9ng trong c\u00e1c v\u0103n ph\u00f2ng. \u0111\u1ed3ng th\u1eddi t\u1ea1o \u0111\u01b0\u1ee3c t\u00ednh th\u1ea9m m\u1ef9 cao cho ng\u01b0\u1eddi d\u00f9ng.<\/p>\n<p>-V\u1edbi ch\u1ea5t li\u1ec7u t\u1ed1t c\u00f9ng, <strong>b\u00eca mica trung\u00a0<\/strong>s\u1ebd l\u00e0 s\u1ef1 l\u1ef1a ch\u1ecdn h\u1ee3p l\u00fd nh\u1ea5t cho cu\u1ed1n t\u00e0i li\u1ec7u d\u1ec5 nh\u00ecn. M\u1ed9t cu\u1ed1n t\u00e0i li\u1ec7u s\u1ebd \u0111\u1eb9p h\u01a1n, thu h\u00fat h\u01a1n khi \u0111\u01b0\u1ee3c \u0111\u00f3ng b\u1edfi nh\u1eefng trang b\u00eca mica nh\u01b0 th\u1ebf v\u00e0 t\u00f9y v\u00e0o t\u1eebng lo\u1ea1i t\u00e0i li\u1ec7u m\u00e0 b\u1ea1n c\u00f3 th\u1ec3 l\u1ef1a ch\u1ecdn cho m\u00ecnh lo\u1ea1i b\u00eca mica d\u00e0y, m\u1ecfng, trung sao cho ph\u00f9 h\u1ee3p nh\u1ea5t.<\/p>\n<p>Th\u01b0\u01a1ng hi\u1ec7u:\u00a0 M\u1edaI 100%\u00a0 \u00a0 \u00a0 \u00a0 \u00a0 \u00a0 | T\u00ecnh tr\u1ea1ng : C\u00f2n h\u00e0ng<\/p>\n<p>Vui l\u00f2ng li\u00ean h\u1ec7 \u0111\u1ec3 l\u1ea5y gi\u00e1 g\u1ed1c v\u00e0 khuy\u1ebfn m\u1ea1i<\/p>\n<hr \/>\n<p>Sa\u0309n ph\u00e2\u0309m \u0111\u01b0\u01a1\u0323c ba\u0301n ta\u0323i :<\/p>\n<p>C\u00d4NG TY TNHH TM-DV \u0110\u1ea6U T\u01af &amp; PH\u00c1T TRI\u1ec2N C\u00d4NG NGH\u1ec6 TO\u00c0N GIA<\/p>\n<p>VPGD: ng\u00f5 88 ph\u1ed1 Gi\u00e1p Nh\u1ecb, Th\u1ecbnh Li\u1ec7t, Ho\u00e0ng Mai, H\u00e0 N\u1ed9i<\/p>\n<p>X\u01b0\u1edfng s\u1ea3n xu\u1ea5t: L\u1ea1c \u0110\u1ea1o, V\u0103n L\u00e2m, H\u01b0ng Y\u00ean<\/p>\n<p>M\u1ecdi nhu c\u1ea7u Li\u00ean h\u1ec7:<\/p>\n<p><span style=\"color: #ff0000;\">???Hotline: 094 3030 117???<\/span><\/p>\n<p>Ph\u00f2ng Kinh doanh: 0918 92 55 22<\/p>\n<p>Ph\u00f2ng K\u1ef9 thu\u1eadt: 0918 26 55 22<\/p>\n<p>Ph\u00f2ng K\u1ebf to\u00e1n: 0916 49 88 22<\/p>\n<p>Tell: 024 3995 0208 \/ 0916 35 88 22<\/p>\n<p>Gmail: <a href=\"mailto:toangiamayvanphong@gmail.com\">toangiamayvanphong@gmail.com<\/a><\/p>\n<p>Web: <u>https:\/\/toangiamayvanphong.vn\/<\/u><\/p>\n<p>&nbsp;<\/p>\n","protected":false},"featured_media":1840,"comment_status":"open","ping_status":"closed","template":"","meta":[],"product_brand":[],"product_cat":[158],"product_tag":[223],"class_list":{"0":"post-2330","1":"product","2":"type-product","3":"status-publish","4":"has-post-thumbnail","6":"product_cat-van-phong-pham","7":"product_tag-bia-mika","9":"first","10":"instock","11":"taxable","12":"shipping-taxable","13":"product-type-simple"},"_links":{"self":[{"href":"https:\/\/toangiamayvanphong.vn\/index.php?rest_route=\/wp\/v2\/product\/2330","targetHints":{"allow":["GET"]}}],"collection":[{"href":"https:\/\/toangiamayvanphong.vn\/index.php?rest_route=\/wp\/v2\/product"}],"about":[{"href":"https:\/\/toangiamayvanphong.vn\/index.php?rest_route=\/wp\/v2\/types\/product"}],"replies":[{"embeddable":true,"href":"https:\/\/toangiamayvanphong.vn\/index.php?rest_route=%2Fwp%2Fv2%2Fcomments&post=2330"}],"wp:featuredmedia":[{"embeddable":true,"href":"https:\/\/toangiamayvanphong.vn\/index.php?rest_route=\/wp\/v2\/media\/1840"}],"wp:attachment":[{"href":"https:\/\/toangiamayvanphong.vn\/index.php?rest_route=%2Fwp%2Fv2%2Fmedia&parent=2330"}],"wp:term":[{"taxonomy":"product_brand","embeddable":true,"href":"https:\/\/toangiamayvanphong.vn\/index.php?rest_route=%2Fwp%2Fv2%2Fproduct_brand&post=2330"},{"taxonomy":"product_cat","embeddable":true,"href":"https:\/\/toangiamayvanphong.vn\/index.php?rest_route=%2Fwp%2Fv2%2Fproduct_cat&post=2330"},{"taxonomy":"product_tag","embeddable":true,"href":"https:\/\/toangiamayvanphong.vn\/index.php?rest_route=%2Fwp%2Fv2%2Fproduct_tag&post=2330"}],"curies":[{"name":"wp","href":"https:\/\/api.w.org\/{rel}","templated":true}]}}