{"id":2331,"date":"2023-07-09T11:14:50","date_gmt":"2023-07-09T04:14:50","guid":{"rendered":"https:\/\/toangiamayvanphong.vn\/?post_type=product&#038;p=2331"},"modified":"2023-07-09T11:14:52","modified_gmt":"2023-07-09T04:14:52","slug":"tui-clear-bag-kho-f-loai-day","status":"publish","type":"product","link":"https:\/\/toangiamayvanphong.vn\/?product=tui-clear-bag-kho-f-loai-day","title":{"rendered":"T\u00fai Clear Bag Kh\u1ed5 F Lo\u1ea1i D\u00e0y"},"content":{"rendered":"<p><strong><span class=\"emoji-sizer emoji-outer \">?<\/span><span class=\"emoji-sizer emoji-outer \">?<\/span><span class=\"text\">?T\u00fai Clear Bag Kh\u1ed5 F Lo\u1ea1i D\u00e0y<\/span><\/strong><\/p>\n<p>-T\u00fai Clear Bag l\u00e0 lo\u1ea1i t\u00fai \u0111\u1ef1ng t\u00e0i li\u1ec7u kh\u1ed5 l\u1edbn.<\/p>\n<ul>\n<li>T\u00fai \u0111\u01b0\u1ee3c l\u00e0m b\u1eb1ng ch\u1ea5t li\u1ec7u nh\u1ef1a d\u1ebbo, kh\u00f4ng \u0111\u1ed9c h\u1ea1i, th\u1eddi gian s\u1eed d\u1ee5ng \u0111\u01b0\u1ee3c l\u00e2u d\u00e0i.<\/li>\n<li>T\u00fai Clear Bag kh\u1ed5 F c\u00f3 k\u00edch th\u01b0\u1edbc l\u1edbn v\u00e0 th\u01b0\u1eddng d\u00e0y d\u1eb7n h\u01a1n kh\u1ed5 A. &#8230;<\/li>\n<li>T\u00fai \u0111\u1ef1ng t\u00e0i li\u1ec7u c\u00f3 n\u1eafp c\u00fac \u0111\u00f3ng ti\u1ec7n l\u1ee3i, c\u00f3 \u0111\u1ed9 b\u1ec1n cao, tr\u00e1nh g\u00e2y th\u1ea5t tho\u00e1t t\u00e0i li\u1ec7u.<\/li>\n<li>\u0110\u01b0\u1ee3c thi\u1ebft k\u1ebf h\u1ee3p l\u00fd, t\u1ed1i \u01b0u c\u00f4ng n\u0103ng s\u1eed d\u1ee5ng, \u0111\u1ec3 \u0111\u01b0\u1ee3c nhi\u1ec1u gi\u1ea5y t\u1edd, t\u00e0i li\u1ec7u &#8230; m\u00e0 khi l\u1ea5y ra cho v\u00e0o r\u1ea5t d\u1ec5 d\u00e0ng.<\/li>\n<li>Gi\u1eef cho t\u00e0i li\u1ec7u b\u00ean trong ph\u1eb3ng, kh\u00f4ng cong v\u00eanh, \u0111\u01b0\u1ee3c kh\u00f4 r\u00e1o, kh\u00f4ng b\u1ee5i b\u1ea9n!<\/li>\n<li>M\u00e0u s\u1eafc trong su\u1ed1t, nh\u00ecn th\u1ea5y r\u00f5 t\u00e0i li\u1ec7u b\u00ean trong.<\/li>\n<li>\u00cdt tr\u1ea7y x\u01b0\u1edbc, ch\u1eafc b\u1ec1n<\/li>\n<li>D\u1ec5 lau ch\u00f9i v\u1ec7 sinh<\/li>\n<li>S\u1ea3n ph\u1ea9m c\u00f3 th\u1ec3 s\u1eed d\u1ee5ng v\u1edbi nhi\u1ec1u m\u1ee5c \u0111\u00edch l\u01b0u tr\u1eef t\u00e0i li\u1ec7u, h\u1ecdc t\u1eadp,..<\/li>\n<\/ul>\n<p>***Tr\u00e2n Tr\u1ecdng***<\/p>\n<p>C\u00d4NG TY TNHH TM-DV \u0110\u1ea6U T\u01af &amp; PH\u00c1T TRI\u1ec2N C\u00d4NG NGH\u1ec6 TO\u00c0N GIA<\/p>\n<p>VPGD: ng\u00f5 88 ph\u1ed1 Gi\u00e1p Nh\u1ecb, Th\u1ecbnh Li\u1ec7t, Ho\u00e0ng Mai, H\u00e0 N\u1ed9i<\/p>\n<p>X\u01b0\u1edfng s\u1ea3n xu\u1ea5t: L\u1ea1c \u0110\u1ea1o, V\u0103n L\u00e2m, H\u01b0ng Y\u00ean<\/p>\n<p>M\u1ecdi nhu c\u1ea7u Li\u00ean h\u1ec7:<\/p>\n<p>???Hotline: 094 3030 117???<\/p>\n<p>Ph\u00f2ng Kinh doanh: 0918 92 55 22<\/p>\n<p>Ph\u00f2ng K\u1ef9 thu\u1eadt: 0918 26 55 22<\/p>\n<p>Ph\u00f2ng K\u1ebf to\u00e1n: 0916 49 88 22<\/p>\n<p>Tell: 024 3995 0208 \/ 0916 35 88 22<\/p>\n<p>Gmail: <a href=\"mailto:toangiamayvanphong@gmail.com\">toangiamayvanphong@gmail.com<\/a><\/p>\n<p>Web: <u>https:\/\/toangiamayvanphong.vn\/<\/u><\/p>\n","protected":false},"excerpt":{"rendered":"<p><strong><span class=\"emoji-sizer emoji-outer \">?<\/span><span class=\"emoji-sizer emoji-outer \">?<\/span><span class=\"text\">?T\u00fai Clear Bag Kh\u1ed5 F Lo\u1ea1i D\u00e0y<\/span><\/strong><\/p>\n<p>-T\u00fai Clear Bag l\u00e0 lo\u1ea1i t\u00fai \u0111\u1ef1ng t\u00e0i li\u1ec7u kh\u1ed5 l\u1edbn.<\/p>\n<ul>\n<li>T\u00fai \u0111\u01b0\u1ee3c l\u00e0m b\u1eb1ng ch\u1ea5t li\u1ec7u nh\u1ef1a d\u1ebbo, kh\u00f4ng \u0111\u1ed9c h\u1ea1i, th\u1eddi gian s\u1eed d\u1ee5ng \u0111\u01b0\u1ee3c l\u00e2u d\u00e0i.<\/li>\n<li>T\u00fai Clear Bag kh\u1ed5 F c\u00f3 k\u00edch th\u01b0\u1edbc l\u1edbn v\u00e0 th\u01b0\u1eddng d\u00e0y d\u1eb7n h\u01a1n kh\u1ed5 A. &#8230;<\/li>\n<li>T\u00fai \u0111\u1ef1ng t\u00e0i li\u1ec7u c\u00f3 n\u1eafp c\u00fac \u0111\u00f3ng ti\u1ec7n l\u1ee3i, c\u00f3 \u0111\u1ed9 b\u1ec1n cao, tr\u00e1nh g\u00e2y th\u1ea5t tho\u00e1t t\u00e0i li\u1ec7u.<\/li>\n<li>\u0110\u01b0\u1ee3c thi\u1ebft k\u1ebf h\u1ee3p l\u00fd, t\u1ed1i \u01b0u c\u00f4ng n\u0103ng s\u1eed d\u1ee5ng, \u0111\u1ec3 \u0111\u01b0\u1ee3c nhi\u1ec1u gi\u1ea5y t\u1edd, t\u00e0i li\u1ec7u &#8230; m\u00e0 khi l\u1ea5y ra cho v\u00e0o r\u1ea5t d\u1ec5 d\u00e0ng.<\/li>\n<li>Gi\u1eef cho t\u00e0i li\u1ec7u b\u00ean trong ph\u1eb3ng, kh\u00f4ng cong v\u00eanh, \u0111\u01b0\u1ee3c kh\u00f4 r\u00e1o, kh\u00f4ng b\u1ee5i b\u1ea9n!<\/li>\n<li>M\u00e0u s\u1eafc trong su\u1ed1t, nh\u00ecn th\u1ea5y r\u00f5 t\u00e0i li\u1ec7u b\u00ean trong.<\/li>\n<li>\u00cdt tr\u1ea7y x\u01b0\u1edbc, ch\u1eafc b\u1ec1n<\/li>\n<li>D\u1ec5 lau ch\u00f9i v\u1ec7 sinh<\/li>\n<li>S\u1ea3n ph\u1ea9m c\u00f3 th\u1ec3 s\u1eed d\u1ee5ng v\u1edbi nhi\u1ec1u m\u1ee5c \u0111\u00edch l\u01b0u tr\u1eef t\u00e0i li\u1ec7u, h\u1ecdc t\u1eadp,..<\/li>\n<\/ul>\n<p>Th\u01b0\u01a1ng hi\u1ec7u:\u00a0 M\u1edaI 100%\u00a0 \u00a0 \u00a0 \u00a0 \u00a0 \u00a0 | T\u00ecnh tr\u1ea1ng : C\u00f2n h\u00e0ng<\/p>\n<p>Vui l\u00f2ng li\u00ean h\u1ec7 \u0111\u1ec3 l\u1ea5y gi\u00e1 g\u1ed1c v\u00e0 khuy\u1ebfn m\u1ea1i<\/p>\n<hr \/>\n<p>Sa\u0309n ph\u00e2\u0309m \u0111\u01b0\u01a1\u0323c ba\u0301n ta\u0323i :<\/p>\n<p>C\u00d4NG TY TNHH TM-DV \u0110\u1ea6U T\u01af &amp; PH\u00c1T TRI\u1ec2N C\u00d4NG NGH\u1ec6 TO\u00c0N GIA<\/p>\n<p>VPGD: ng\u00f5 88 ph\u1ed1 Gi\u00e1p Nh\u1ecb, Th\u1ecbnh Li\u1ec7t, Ho\u00e0ng Mai, H\u00e0 N\u1ed9i<\/p>\n<p>X\u01b0\u1edfng s\u1ea3n xu\u1ea5t: L\u1ea1c \u0110\u1ea1o, V\u0103n L\u00e2m, H\u01b0ng Y\u00ean<\/p>\n<p>M\u1ecdi nhu c\u1ea7u Li\u00ean h\u1ec7:<\/p>\n<p><span style=\"color: #ff0000;\">???Hotline: 094 3030 117???<\/span><\/p>\n<p>Ph\u00f2ng Kinh doanh: 0918 92 55 22<\/p>\n<p>Ph\u00f2ng K\u1ef9 thu\u1eadt: 0918 26 55 22<\/p>\n<p>Ph\u00f2ng K\u1ebf to\u00e1n: 0916 49 88 22<\/p>\n<p>Tell: 024 3995 0208 \/ 0916 35 88 22<\/p>\n<p>Gmail: <a href=\"mailto:toangiamayvanphong@gmail.com\">toangiamayvanphong@gmail.com<\/a><\/p>\n<p>Web: <u>https:\/\/toangiamayvanphong.vn\/<\/u><\/p>\n<p>&nbsp;<\/p>\n","protected":false},"featured_media":1841,"comment_status":"open","ping_status":"closed","template":"","meta":[],"product_brand":[],"product_cat":[158],"product_tag":[224],"class_list":{"0":"post-2331","1":"product","2":"type-product","3":"status-publish","4":"has-post-thumbnail","6":"product_cat-van-phong-pham","7":"product_tag-tui-clear","9":"first","10":"instock","11":"taxable","12":"shipping-taxable","13":"product-type-simple"},"_links":{"self":[{"href":"https:\/\/toangiamayvanphong.vn\/index.php?rest_route=\/wp\/v2\/product\/2331","targetHints":{"allow":["GET"]}}],"collection":[{"href":"https:\/\/toangiamayvanphong.vn\/index.php?rest_route=\/wp\/v2\/product"}],"about":[{"href":"https:\/\/toangiamayvanphong.vn\/index.php?rest_route=\/wp\/v2\/types\/product"}],"replies":[{"embeddable":true,"href":"https:\/\/toangiamayvanphong.vn\/index.php?rest_route=%2Fwp%2Fv2%2Fcomments&post=2331"}],"wp:featuredmedia":[{"embeddable":true,"href":"https:\/\/toangiamayvanphong.vn\/index.php?rest_route=\/wp\/v2\/media\/1841"}],"wp:attachment":[{"href":"https:\/\/toangiamayvanphong.vn\/index.php?rest_route=%2Fwp%2Fv2%2Fmedia&parent=2331"}],"wp:term":[{"taxonomy":"product_brand","embeddable":true,"href":"https:\/\/toangiamayvanphong.vn\/index.php?rest_route=%2Fwp%2Fv2%2Fproduct_brand&post=2331"},{"taxonomy":"product_cat","embeddable":true,"href":"https:\/\/toangiamayvanphong.vn\/index.php?rest_route=%2Fwp%2Fv2%2Fproduct_cat&post=2331"},{"taxonomy":"product_tag","embeddable":true,"href":"https:\/\/toangiamayvanphong.vn\/index.php?rest_route=%2Fwp%2Fv2%2Fproduct_tag&post=2331"}],"curies":[{"name":"wp","href":"https:\/\/api.w.org\/{rel}","templated":true}]}}