{"id":2332,"date":"2023-07-09T11:14:50","date_gmt":"2023-07-09T04:14:50","guid":{"rendered":"https:\/\/toangiamayvanphong.vn\/?post_type=product&#038;p=2332"},"modified":"2023-07-09T11:14:52","modified_gmt":"2023-07-09T04:14:52","slug":"so-bia-da-a6","status":"publish","type":"product","link":"https:\/\/toangiamayvanphong.vn\/?product=so-bia-da-a6","title":{"rendered":"S\u1ed5 b\u00eca da A6"},"content":{"rendered":"<p><span class=\"emoji-sizer emoji-outer \">?<\/span><span class=\"emoji-sizer emoji-outer \">?<\/span><span class=\"text\">?S\u1ed5 b\u00eca da A6<\/span><\/p>\n<p>S\u1ed5 da c\u00f3 b\u1ec1 m\u1eb7t gi\u1ea5y nh\u1eb5n m\u1ecbn, \u0111\u1ed9 tr\u1eafng s\u00e1ng t\u1ef1 nhi\u00ean, gi\u00fap n\u00e9t ch\u1eef thanh tho\u00e1t, kh\u00f4ng b\u1ecb nh\u00f2e m\u1ef1c, cho c\u1ea3m gi\u00e1c vi\u1ebft \u00eam tay.<\/p>\n<p>&#8211; \u0110\u1eb7c bi\u1ec7t, v\u1edbi kh\u1ea3 n\u0103ng ch\u1ed1ng l\u00f3a, s\u1ea3n ph\u1ea9m gi\u00fap b\u1ea3o v\u1ec7, ch\u1ed1ng m\u1ecfi m\u1eaft cho ng\u01b0\u1eddi vi\u1ebft.<\/p>\n<p>&#8211; \u0110\u01b0\u1eddng k\u1ebb r\u00f5 n\u00e9t, s\u1eed d\u1ee5ng \u0111\u01b0\u1ee3c v\u1edbi nhi\u1ec1u lo\u1ea1i b\u00fat kh\u00e1c nhau.<\/p>\n<p>&#8211; M\u1ed7i trang s\u1ed5 \u0111\u01b0\u1ee3c in r\u00f5 ng\u00e0y, th\u00e1ng gi\u00fap b\u1ea1n ghi ch\u00e9p, s\u1eafp x\u1ebfp c\u00f4ng vi\u1ec7c h\u00e0ng ng\u00e0y m\u1ed9t c\u00e1ch khoa h\u1ecdc v\u00e0 qu\u1ea3n l\u00fd th\u1eddi gian trong ng\u00e0y m\u1ed9t c\u00e1ch hi\u1ec7u qu\u1ea3.<\/p>\n<p>&#8211; V\u1edbi thi\u1ebft k\u1ebf b\u00eca gi\u1ea3 da \u0111\u1ec7m m\u00fat th\u1ec3 hi\u1ec7n phong c\u00e1ch l\u1ecbch thi\u1ec7p, sang tr\u1ecdng. kh\u00f4ng ch\u1ec9 \u0111\u00e1p \u1ee9ng t\u1ed1i \u0111a m\u1ee5c \u0111\u00edch ghi ch\u00fa c\u00f4ng vi\u1ec7c, ti\u1ec7n l\u1ee3i khi s\u1eed d\u1ee5ng m\u00e0 c\u00f2n mang \u0111\u1ebfn phong c\u00e1ch chuy\u00ean nghi\u1ec7p cho ng\u01b0\u1eddi d\u00f9ng.<\/p>\n<p>***Tr\u00e2n Tr\u1ecdng***<\/p>\n<p>C\u00d4NG TY TNHH TM-DV \u0110\u1ea6U T\u01af &amp; PH\u00c1T TRI\u1ec2N C\u00d4NG NGH\u1ec6 TO\u00c0N GIA<\/p>\n<p>VPGD: ng\u00f5 88 ph\u1ed1 Gi\u00e1p Nh\u1ecb, Th\u1ecbnh Li\u1ec7t, Ho\u00e0ng Mai, H\u00e0 N\u1ed9i<\/p>\n<p>X\u01b0\u1edfng s\u1ea3n xu\u1ea5t: L\u1ea1c \u0110\u1ea1o, V\u0103n L\u00e2m, H\u01b0ng Y\u00ean<\/p>\n<p>M\u1ecdi nhu c\u1ea7u Li\u00ean h\u1ec7:<\/p>\n<p>???Hotline: 094 3030 117???<\/p>\n<p>Ph\u00f2ng Kinh doanh: 0918 92 55 22<\/p>\n<p>Ph\u00f2ng K\u1ef9 thu\u1eadt: 0918 26 55 22<\/p>\n<p>Ph\u00f2ng K\u1ebf to\u00e1n: 0916 49 88 22<\/p>\n<p>Tell: 024 3995 0208 \/ 0916 35 88 22<\/p>\n<p>Gmail: <a href=\"mailto:toangiamayvanphong@gmail.com\">toangiamayvanphong@gmail.com<\/a><\/p>\n<p>Web: <u>https:\/\/toangiamayvanphong.vn\/<\/u><\/p>\n","protected":false},"excerpt":{"rendered":"<p><span class=\"emoji-sizer emoji-outer \">?<\/span><span class=\"emoji-sizer emoji-outer \">?<\/span><span class=\"text\">?S\u1ed5 b\u00eca da A6<\/span><\/p>\n<p>S\u1ed5 da c\u00f3 b\u1ec1 m\u1eb7t gi\u1ea5y nh\u1eb5n m\u1ecbn, \u0111\u1ed9 tr\u1eafng s\u00e1ng t\u1ef1 nhi\u00ean, gi\u00fap n\u00e9t ch\u1eef thanh tho\u00e1t, kh\u00f4ng b\u1ecb nh\u00f2e m\u1ef1c, cho c\u1ea3m gi\u00e1c vi\u1ebft \u00eam tay.<\/p>\n<p>&#8211; \u0110\u1eb7c bi\u1ec7t, v\u1edbi kh\u1ea3 n\u0103ng ch\u1ed1ng l\u00f3a, s\u1ea3n ph\u1ea9m gi\u00fap b\u1ea3o v\u1ec7, ch\u1ed1ng m\u1ecfi m\u1eaft cho ng\u01b0\u1eddi vi\u1ebft.<\/p>\n<p>&#8211; \u0110\u01b0\u1eddng k\u1ebb r\u00f5 n\u00e9t, s\u1eed d\u1ee5ng \u0111\u01b0\u1ee3c v\u1edbi nhi\u1ec1u lo\u1ea1i b\u00fat kh\u00e1c nhau.<\/p>\n<p>&#8211; M\u1ed7i trang s\u1ed5 \u0111\u01b0\u1ee3c in r\u00f5 ng\u00e0y, th\u00e1ng gi\u00fap b\u1ea1n ghi ch\u00e9p, s\u1eafp x\u1ebfp c\u00f4ng vi\u1ec7c h\u00e0ng ng\u00e0y m\u1ed9t c\u00e1ch khoa h\u1ecdc v\u00e0 qu\u1ea3n l\u00fd th\u1eddi gian trong ng\u00e0y m\u1ed9t c\u00e1ch hi\u1ec7u qu\u1ea3.<\/p>\n<p>&#8211; V\u1edbi thi\u1ebft k\u1ebf b\u00eca gi\u1ea3 da \u0111\u1ec7m m\u00fat th\u1ec3 hi\u1ec7n phong c\u00e1ch l\u1ecbch thi\u1ec7p, sang tr\u1ecdng. kh\u00f4ng ch\u1ec9 \u0111\u00e1p \u1ee9ng t\u1ed1i \u0111a m\u1ee5c \u0111\u00edch ghi ch\u00fa c\u00f4ng vi\u1ec7c, ti\u1ec7n l\u1ee3i khi s\u1eed d\u1ee5ng m\u00e0 c\u00f2n mang \u0111\u1ebfn phong c\u00e1ch chuy\u00ean nghi\u1ec7p cho ng\u01b0\u1eddi d\u00f9ng.<\/p>\n<p>Th\u01b0\u01a1ng hi\u1ec7u:\u00a0 M\u1edaI 100%\u00a0 \u00a0 \u00a0 \u00a0 \u00a0 \u00a0 | T\u00ecnh tr\u1ea1ng : C\u00f2n h\u00e0ng<\/p>\n<p>Vui l\u00f2ng li\u00ean h\u1ec7 \u0111\u1ec3 l\u1ea5y gi\u00e1 g\u1ed1c v\u00e0 khuy\u1ebfn m\u1ea1i<\/p>\n<hr \/>\n<p>Sa\u0309n ph\u00e2\u0309m \u0111\u01b0\u01a1\u0323c ba\u0301n ta\u0323i :<\/p>\n<p>C\u00d4NG TY TNHH TM-DV \u0110\u1ea6U T\u01af &amp; PH\u00c1T TRI\u1ec2N C\u00d4NG NGH\u1ec6 TO\u00c0N GIA<\/p>\n<p>VPGD: ng\u00f5 88 ph\u1ed1 Gi\u00e1p Nh\u1ecb, Th\u1ecbnh Li\u1ec7t, Ho\u00e0ng Mai, H\u00e0 N\u1ed9i<\/p>\n<p>X\u01b0\u1edfng s\u1ea3n xu\u1ea5t: L\u1ea1c \u0110\u1ea1o, V\u0103n L\u00e2m, H\u01b0ng Y\u00ean<\/p>\n<p>M\u1ecdi nhu c\u1ea7u Li\u00ean h\u1ec7:<\/p>\n<p><span style=\"color: #ff0000;\">???Hotline: 094 3030 117???<\/span><\/p>\n<p>Ph\u00f2ng Kinh doanh: 0918 92 55 22<\/p>\n<p>Ph\u00f2ng K\u1ef9 thu\u1eadt: 0918 26 55 22<\/p>\n<p>Ph\u00f2ng K\u1ebf to\u00e1n: 0916 49 88 22<\/p>\n<p>Tell: 024 3995 0208 \/ 0916 35 88 22<\/p>\n<p>Gmail: <a href=\"mailto:toangiamayvanphong@gmail.com\">toangiamayvanphong@gmail.com<\/a><\/p>\n<p>Web: <u>https:\/\/toangiamayvanphong.vn\/<\/u><\/p>\n<p>&nbsp;<\/p>\n","protected":false},"featured_media":1842,"comment_status":"open","ping_status":"closed","template":"","meta":[],"product_brand":[],"product_cat":[158],"product_tag":[225,226],"class_list":{"0":"post-2332","1":"product","2":"type-product","3":"status-publish","4":"has-post-thumbnail","6":"product_cat-van-phong-pham","7":"product_tag-so-da","8":"product_tag-so-tay","10":"first","11":"instock","12":"taxable","13":"shipping-taxable","14":"product-type-simple"},"_links":{"self":[{"href":"https:\/\/toangiamayvanphong.vn\/index.php?rest_route=\/wp\/v2\/product\/2332","targetHints":{"allow":["GET"]}}],"collection":[{"href":"https:\/\/toangiamayvanphong.vn\/index.php?rest_route=\/wp\/v2\/product"}],"about":[{"href":"https:\/\/toangiamayvanphong.vn\/index.php?rest_route=\/wp\/v2\/types\/product"}],"replies":[{"embeddable":true,"href":"https:\/\/toangiamayvanphong.vn\/index.php?rest_route=%2Fwp%2Fv2%2Fcomments&post=2332"}],"wp:featuredmedia":[{"embeddable":true,"href":"https:\/\/toangiamayvanphong.vn\/index.php?rest_route=\/wp\/v2\/media\/1842"}],"wp:attachment":[{"href":"https:\/\/toangiamayvanphong.vn\/index.php?rest_route=%2Fwp%2Fv2%2Fmedia&parent=2332"}],"wp:term":[{"taxonomy":"product_brand","embeddable":true,"href":"https:\/\/toangiamayvanphong.vn\/index.php?rest_route=%2Fwp%2Fv2%2Fproduct_brand&post=2332"},{"taxonomy":"product_cat","embeddable":true,"href":"https:\/\/toangiamayvanphong.vn\/index.php?rest_route=%2Fwp%2Fv2%2Fproduct_cat&post=2332"},{"taxonomy":"product_tag","embeddable":true,"href":"https:\/\/toangiamayvanphong.vn\/index.php?rest_route=%2Fwp%2Fv2%2Fproduct_tag&post=2332"}],"curies":[{"name":"wp","href":"https:\/\/api.w.org\/{rel}","templated":true}]}}