{"id":2333,"date":"2023-07-09T11:14:50","date_gmt":"2023-07-09T04:14:50","guid":{"rendered":"https:\/\/toangiamayvanphong.vn\/?post_type=product&#038;p=2333"},"modified":"2023-07-09T11:14:52","modified_gmt":"2023-07-09T04:14:52","slug":"so-lo-xo-a6-hai-tien-200-trang","status":"publish","type":"product","link":"https:\/\/toangiamayvanphong.vn\/?product=so-lo-xo-a6-hai-tien-200-trang","title":{"rendered":"S\u1ed5 l\u00f2 xo A6 H\u1ea3i Ti\u1ebfn 200 trang"},"content":{"rendered":"<p><span class=\"emoji-sizer emoji-outer \">?<\/span><span class=\"emoji-sizer emoji-outer \">?<\/span><span class=\"text\">?S\u1ed5 l\u00f2 xo A6 H\u1ea3i Ti\u1ebfn 200 trang<\/span><\/p>\n<p>Gi\u1ea5y vi\u1ebft \u00eam tay, kh\u00f4ng th\u1ea5m m\u1ef1c S\u1ed5 l\u00f2 xo A6 H\u1ea3i Ti\u1ebfn 200 trang (10 quy\u1ec3n\/l\u1ed1c)c\u00f3 m\u1eb7t gi\u1ea5y l\u00e1ng m\u1ecbn, vi\u1ebft \u00eam tay, cho n\u00e9t ch\u1eef \u0111\u1eb9p.<\/p>\n<p>&#8211; Gi\u1ea5y vi\u1ebft kh\u00f4ng nh\u00f2e, kh\u00f4ng th\u1ea5m m\u1ef1c ra trang sau. Ch\u1ea5t li\u1ec7u gi\u1ea5y kh\u00f4ng b\u1ee5i, \u0111\u1ea3m b\u1ea3o s\u1ee9c kh\u1ecfe cho ng\u01b0\u1eddi s\u1eed d\u1ee5ng. Ru\u1ed9t s\u1ed5 thi\u1ebft k\u1ebf khoa h\u1ecdc, h\u1ee3p l\u00fd, s\u1eed d\u1ee5ng t\u1ed1i \u0111a di\u1ec7n t\u00edch. S\u1ed5 c\u00f3 \u0111\u1ecbnh l\u01b0\u1ee3ng gi\u1ea5y 70g\/m2, \u0103n m\u1ef1c t\u1ed1t v\u1edbi h\u1ea7u h\u1ebft c\u00e1c lo\u1ea1i b\u00fat.<\/p>\n<p>-S\u1ed5 l\u00f2 xo H\u1ea3i Ti\u1ebfn \u0111\u01b0\u1ee3c nhi\u1ec1u h\u1ecdc sinh, sinh vi\u00ean, nh\u00e2n vi\u00ean v\u0103n ph\u00f2ng y\u00eau th\u00edch Thi\u1ebft k\u1ebf g\u00e1y l\u00f2 xo ti\u1ec7n d\u1ee5ng<\/p>\n<p>-S\u1ed5 thi\u1ebft k\u1ebf g\u00e1y l\u00f2 xo ti\u1ec7n l\u1ee3i, d\u1ec5 d\u00e0ng l\u1eadt m\u1edf c\u00e1c trang, \u0111\u1ed3ng th\u1eddi gi\u1eef cho ru\u1ed9t gi\u1ea5y b\u00ean trong c\u1ed1 \u0111\u1ecbnh.<\/p>\n<p>-Ngo\u00e0i ra, n\u1ebfu nh\u01b0 mu\u1ed1n x\u00e9 b\u1ecf gi\u1ea5y, g\u00e1y l\u00f2 xo cho ph\u00e9p vi\u1ec7c thao t\u00e1c d\u1ec5 d\u00e0ng v\u00e0 g\u1ecdn g\u00e0ng h\u01a1n, kh\u00f4ng g\u00e2y \u1ea3nh h\u01b0\u1edfng \u0111\u1ebfn c\u00e1c ph\u1ea7n kh\u00e1c c\u1ee7a s\u1ed5. Gi\u1ea5y k\u1ebb s\u1eb5n nh\u1eefng h\u00e0ng ngang, gi\u00fap b\u1ea1n vi\u1ebft ch\u1eef ngay ng\u1eafn.<\/p>\n<p>-D\u00f9ng ghi ch\u00e9p, l\u00e0m qu\u00e0 t\u1eb7ng B\u00eca s\u1ed5 in nh\u1eefng th\u00f4ng tin c\u01a1 b\u1ea3n m\u00e3 s\u1ea3n ph\u1ea9m, s\u1ed1 trang, th\u01b0\u01a1ng hi\u1ec7u&#8230; c\u00f9ng m\u00e0u s\u1eafc n\u1ed5i b\u1eadt.<\/p>\n<p>B\u1ea1n c\u00f3 th\u1ec3 s\u1eed d\u1ee5ng s\u1ed5 \u0111\u1ec3 ghi ch\u00e9p, vi\u1ebft l\u1ea1i nh\u1eefng \u0111o\u1ea1n th\u01a1, v\u0103n t\u00e2m \u0111\u1eafc hay t\u00f4 v\u1ebd nh\u1eefng \u00fd t\u01b0\u1edfng, d\u1eef li\u1ec7u c\u00e1 nh\u00e2n m\u1ed9t c\u00e1ch d\u1ec5 d\u00e0ng. Ngo\u00e0i ra, b\u1ea1n c\u0169ng c\u00f3 th\u1ec3 d\u00f9ng s\u1ed5 l\u00f2 xo A6 H\u1ea3i Ti\u1ebfn 200 trang (10 quy\u1ec3n\/l\u1ed1c) l\u00e0m qu\u00e0 t\u1eb7ng \u00fd ngh\u0129a cho b\u1ea1n b\u00e8, ng\u01b0\u1eddi th\u00e2n trong c\u00e1c d\u1ecbp \u0111\u1eb7c bi\u1ec7t.<\/p>\n<p>***Tr\u00e2n Tr\u1ecdng***<\/p>\n<p>C\u00d4NG TY TNHH TM-DV \u0110\u1ea6U T\u01af &amp; PH\u00c1T TRI\u1ec2N C\u00d4NG NGH\u1ec6 TO\u00c0N GIA<\/p>\n<p>VPGD: ng\u00f5 88 ph\u1ed1 Gi\u00e1p Nh\u1ecb, Th\u1ecbnh Li\u1ec7t, Ho\u00e0ng Mai, H\u00e0 N\u1ed9i<\/p>\n<p>X\u01b0\u1edfng s\u1ea3n xu\u1ea5t: L\u1ea1c \u0110\u1ea1o, V\u0103n L\u00e2m, H\u01b0ng Y\u00ean<\/p>\n<p>M\u1ecdi nhu c\u1ea7u Li\u00ean h\u1ec7:<\/p>\n<p>???Hotline: 094 3030 117???<\/p>\n<p>Ph\u00f2ng Kinh doanh: 0918 92 55 22<\/p>\n<p>Ph\u00f2ng K\u1ef9 thu\u1eadt: 0918 26 55 22<\/p>\n<p>Ph\u00f2ng K\u1ebf to\u00e1n: 0916 49 88 22<\/p>\n<p>Tell: 024 3995 0208 \/ 0916 35 88 22<\/p>\n<p>Gmail: <a href=\"mailto:toangiamayvanphong@gmail.com\">toangiamayvanphong@gmail.com<\/a><\/p>\n<p>Web: <u>https:\/\/toangiamayvanphong.vn\/<\/u><\/p>\n","protected":false},"excerpt":{"rendered":"<p><span class=\"emoji-sizer emoji-outer \">?<\/span><span class=\"emoji-sizer emoji-outer \">?<\/span><span class=\"text\">?S\u1ed5 l\u00f2 xo A6 H\u1ea3i Ti\u1ebfn 200 trang<\/span><\/p>\n<p>Gi\u1ea5y vi\u1ebft \u00eam tay, kh\u00f4ng th\u1ea5m m\u1ef1c S\u1ed5 l\u00f2 xo A6 H\u1ea3i Ti\u1ebfn 200 trang (10 quy\u1ec3n\/l\u1ed1c)c\u00f3 m\u1eb7t gi\u1ea5y l\u00e1ng m\u1ecbn, vi\u1ebft \u00eam tay, cho n\u00e9t ch\u1eef \u0111\u1eb9p.<\/p>\n<p>&#8211; Gi\u1ea5y vi\u1ebft kh\u00f4ng nh\u00f2e, kh\u00f4ng th\u1ea5m m\u1ef1c ra trang sau. Ch\u1ea5t li\u1ec7u gi\u1ea5y kh\u00f4ng b\u1ee5i, \u0111\u1ea3m b\u1ea3o s\u1ee9c kh\u1ecfe cho ng\u01b0\u1eddi s\u1eed d\u1ee5ng. Ru\u1ed9t s\u1ed5 thi\u1ebft k\u1ebf khoa h\u1ecdc, h\u1ee3p l\u00fd, s\u1eed d\u1ee5ng t\u1ed1i \u0111a di\u1ec7n t\u00edch. S\u1ed5 c\u00f3 \u0111\u1ecbnh l\u01b0\u1ee3ng gi\u1ea5y 70g\/m2, \u0103n m\u1ef1c t\u1ed1t v\u1edbi h\u1ea7u h\u1ebft c\u00e1c lo\u1ea1i b\u00fat.<\/p>\n<p>-S\u1ed5 l\u00f2 xo H\u1ea3i Ti\u1ebfn \u0111\u01b0\u1ee3c nhi\u1ec1u h\u1ecdc sinh, sinh vi\u00ean, nh\u00e2n vi\u00ean v\u0103n ph\u00f2ng y\u00eau th\u00edch Thi\u1ebft k\u1ebf g\u00e1y l\u00f2 xo ti\u1ec7n d\u1ee5ng<\/p>\n<p>-S\u1ed5 thi\u1ebft k\u1ebf g\u00e1y l\u00f2 xo ti\u1ec7n l\u1ee3i, d\u1ec5 d\u00e0ng l\u1eadt m\u1edf c\u00e1c trang, \u0111\u1ed3ng th\u1eddi gi\u1eef cho ru\u1ed9t gi\u1ea5y b\u00ean trong c\u1ed1 \u0111\u1ecbnh.<\/p>\n<p>-Ngo\u00e0i ra, n\u1ebfu nh\u01b0 mu\u1ed1n x\u00e9 b\u1ecf gi\u1ea5y, g\u00e1y l\u00f2 xo cho ph\u00e9p vi\u1ec7c thao t\u00e1c d\u1ec5 d\u00e0ng v\u00e0 g\u1ecdn g\u00e0ng h\u01a1n, kh\u00f4ng g\u00e2y \u1ea3nh h\u01b0\u1edfng \u0111\u1ebfn c\u00e1c ph\u1ea7n kh\u00e1c c\u1ee7a s\u1ed5. Gi\u1ea5y k\u1ebb s\u1eb5n nh\u1eefng h\u00e0ng ngang, gi\u00fap b\u1ea1n vi\u1ebft ch\u1eef ngay ng\u1eafn.<\/p>\n<p>-D\u00f9ng ghi ch\u00e9p, l\u00e0m qu\u00e0 t\u1eb7ng B\u00eca s\u1ed5 in nh\u1eefng th\u00f4ng tin c\u01a1 b\u1ea3n m\u00e3 s\u1ea3n ph\u1ea9m, s\u1ed1 trang, th\u01b0\u01a1ng hi\u1ec7u&#8230; c\u00f9ng m\u00e0u s\u1eafc n\u1ed5i b\u1eadt.<\/p>\n<p>B\u1ea1n c\u00f3 th\u1ec3 s\u1eed d\u1ee5ng s\u1ed5 \u0111\u1ec3 ghi ch\u00e9p, vi\u1ebft l\u1ea1i nh\u1eefng \u0111o\u1ea1n th\u01a1, v\u0103n t\u00e2m \u0111\u1eafc hay t\u00f4 v\u1ebd nh\u1eefng \u00fd t\u01b0\u1edfng, d\u1eef li\u1ec7u c\u00e1 nh\u00e2n m\u1ed9t c\u00e1ch d\u1ec5 d\u00e0ng. Ngo\u00e0i ra, b\u1ea1n c\u0169ng c\u00f3 th\u1ec3 d\u00f9ng s\u1ed5 l\u00f2 xo A6 H\u1ea3i Ti\u1ebfn 200 trang (10 quy\u1ec3n\/l\u1ed1c) l\u00e0m qu\u00e0 t\u1eb7ng \u00fd ngh\u0129a cho b\u1ea1n b\u00e8, ng\u01b0\u1eddi th\u00e2n trong c\u00e1c d\u1ecbp \u0111\u1eb7c bi\u1ec7t.<\/p>\n<p>Th\u01b0\u01a1ng hi\u1ec7u:\u00a0 M\u1edaI 100%\u00a0 \u00a0 \u00a0 \u00a0 \u00a0 \u00a0 | T\u00ecnh tr\u1ea1ng : C\u00f2n h\u00e0ng<\/p>\n<p>Vui l\u00f2ng li\u00ean h\u1ec7 \u0111\u1ec3 l\u1ea5y gi\u00e1 g\u1ed1c v\u00e0 khuy\u1ebfn m\u1ea1i<\/p>\n<hr \/>\n<p>Sa\u0309n ph\u00e2\u0309m \u0111\u01b0\u01a1\u0323c ba\u0301n ta\u0323i :<\/p>\n<p>C\u00d4NG TY TNHH TM-DV \u0110\u1ea6U T\u01af &amp; PH\u00c1T TRI\u1ec2N C\u00d4NG NGH\u1ec6 TO\u00c0N GIA<\/p>\n<p>VPGD: ng\u00f5 88 ph\u1ed1 Gi\u00e1p Nh\u1ecb, Th\u1ecbnh Li\u1ec7t, Ho\u00e0ng Mai, H\u00e0 N\u1ed9i<\/p>\n<p>X\u01b0\u1edfng s\u1ea3n xu\u1ea5t: L\u1ea1c \u0110\u1ea1o, V\u0103n L\u00e2m, H\u01b0ng Y\u00ean<\/p>\n<p>M\u1ecdi nhu c\u1ea7u Li\u00ean h\u1ec7:<\/p>\n<p><span style=\"color: #ff0000;\">???Hotline: 094 3030 117???<\/span><\/p>\n<p>Ph\u00f2ng Kinh doanh: 0918 92 55 22<\/p>\n<p>Ph\u00f2ng K\u1ef9 thu\u1eadt: 0918 26 55 22<\/p>\n<p>Ph\u00f2ng K\u1ebf to\u00e1n: 0916 49 88 22<\/p>\n<p>Tell: 024 3995 0208 \/ 0916 35 88 22<\/p>\n<p>Gmail: <a href=\"mailto:toangiamayvanphong@gmail.com\">toangiamayvanphong@gmail.com<\/a><\/p>\n<p>Web: <u>https:\/\/toangiamayvanphong.vn\/<\/u><\/p>\n<p>&nbsp;<\/p>\n","protected":false},"featured_media":1843,"comment_status":"open","ping_status":"closed","template":"","meta":[],"product_brand":[],"product_cat":[158],"product_tag":[227,226],"class_list":{"0":"post-2333","1":"product","2":"type-product","3":"status-publish","4":"has-post-thumbnail","6":"product_cat-van-phong-pham","7":"product_tag-so-lo-xo","8":"product_tag-so-tay","10":"first","11":"instock","12":"taxable","13":"shipping-taxable","14":"product-type-simple"},"_links":{"self":[{"href":"https:\/\/toangiamayvanphong.vn\/index.php?rest_route=\/wp\/v2\/product\/2333","targetHints":{"allow":["GET"]}}],"collection":[{"href":"https:\/\/toangiamayvanphong.vn\/index.php?rest_route=\/wp\/v2\/product"}],"about":[{"href":"https:\/\/toangiamayvanphong.vn\/index.php?rest_route=\/wp\/v2\/types\/product"}],"replies":[{"embeddable":true,"href":"https:\/\/toangiamayvanphong.vn\/index.php?rest_route=%2Fwp%2Fv2%2Fcomments&post=2333"}],"wp:featuredmedia":[{"embeddable":true,"href":"https:\/\/toangiamayvanphong.vn\/index.php?rest_route=\/wp\/v2\/media\/1843"}],"wp:attachment":[{"href":"https:\/\/toangiamayvanphong.vn\/index.php?rest_route=%2Fwp%2Fv2%2Fmedia&parent=2333"}],"wp:term":[{"taxonomy":"product_brand","embeddable":true,"href":"https:\/\/toangiamayvanphong.vn\/index.php?rest_route=%2Fwp%2Fv2%2Fproduct_brand&post=2333"},{"taxonomy":"product_cat","embeddable":true,"href":"https:\/\/toangiamayvanphong.vn\/index.php?rest_route=%2Fwp%2Fv2%2Fproduct_cat&post=2333"},{"taxonomy":"product_tag","embeddable":true,"href":"https:\/\/toangiamayvanphong.vn\/index.php?rest_route=%2Fwp%2Fv2%2Fproduct_tag&post=2333"}],"curies":[{"name":"wp","href":"https:\/\/api.w.org\/{rel}","templated":true}]}}