{"id":2335,"date":"2023-07-09T11:14:50","date_gmt":"2023-07-09T04:14:50","guid":{"rendered":"https:\/\/toangiamayvanphong.vn\/?post_type=product&#038;p=2335"},"modified":"2023-07-09T11:14:52","modified_gmt":"2023-07-09T04:14:52","slug":"got-chi-deli-hinh-cau-vong","status":"publish","type":"product","link":"https:\/\/toangiamayvanphong.vn\/?product=got-chi-deli-hinh-cau-vong","title":{"rendered":"G\u1eccT CH\u00cc DELI H\u00ccNH C\u1ea6U V\u1ed2NG"},"content":{"rendered":"<p><strong><span class=\"emoji-sizer emoji-outer \">?<\/span><span class=\"emoji-sizer emoji-outer \">?<\/span><span class=\"text\">?G\u1eccT CH\u00cc DELI H\u00ccNH C\u1ea6U V\u1ed2NG<\/span><\/strong><\/p>\n<p>\u2714\ufe0fG\u1ecdt b\u00fat ch\u00ec Deli \u0111\u01b0\u1ee3c thi\u1ebft k\u1ebf h\u00ecnh tr\u00f2n v\u1edbi t\u00f4ng m\u00e0u ch\u1ee7 \u0111\u1ea1o l\u00e0 m\u00e0u \u0111\u1ecf r\u1ea5t sinh \u0111\u1ed9ng, n\u1ed5i b\u1eadt.<\/p>\n<p>\u2714\ufe0fN\u1eafp gi\u1eef v\u1ee5n ch\u00ec c\u00f3 th\u1ec3 gi\u1eef cho tay b\u1ea1n s\u1ea1ch s\u1ebd<\/p>\n<p>\u2714\ufe0fL\u01b0\u1ee1i dao s\u1eafc b\u00e9n \u0111\u1ec3 \u0111\u1ea3m b\u1ea3o \u0111\u1ed9 s\u1eafc n\u00e9t<\/p>\n<p>\u2714\ufe0fV\u1ecb tr\u00ed l\u01b0\u1ee1i c\u1eaft ch\u00ednh x\u00e1c tr\u00e1nh ph\u00e1 v\u1ee1 ch\u00ec<\/p>\n<p>\u2714\ufe0f2 \u0111\u1ea7u g\u1ecdt ch\u00ec \u1edf c\u00e1c k\u00edch c\u1ee1 kh\u00e1c nhau<\/p>\n<p>\u2714\ufe0fV\u1edbi g\u1ecdt b\u00fat ch\u00ec n\u00e0y, b\u1ea1n ch\u1ec9 c\u1ea7n \u0111\u01b0a \u0111\u1ea7u b\u00fat ch\u00ec v\u00e0o v\u00e0 quay tay c\u1ea7m, chi\u1ebfc b\u00fat ch\u00ec c\u1ee7a b\u1ea1n \u0111\u00e3 \u0111\u01b0\u1ee3c chu\u1ed1t nh\u1ecdn r\u1ea5t \u0111\u01a1n gi\u1ea3n, nhanh ch\u00f3ng gi\u00fap b\u1ea1n ti\u1ebft ki\u1ec7m th\u1eddi gian v\u00e0 c\u00f4ng s\u1ee9c.<\/p>\n<p>\u2714\ufe0fK\u00edch th\u01b0\u1edbc nh\u1ecf g\u1ecdn, v\u1eeba v\u1eb7n v\u1edbi tay c\u1ea7m n\u00ean b\u1ea1n d\u1ec5 d\u00e0ng mang theo khi \u0111i h\u1ecdc m\u00e0 kh\u00f4ng chi\u1ebfm qu\u00e1 nhi\u1ec1u di\u1ec7n t\u00edch.<\/p>\n<p>***Tr\u00e2n Tr\u1ecdng***<\/p>\n<p>C\u00d4NG TY TNHH TM-DV \u0110\u1ea6U T\u01af &amp; PH\u00c1T TRI\u1ec2N C\u00d4NG NGH\u1ec6 TO\u00c0N GIA<\/p>\n<p>VPGD: ng\u00f5 88 ph\u1ed1 Gi\u00e1p Nh\u1ecb, Th\u1ecbnh Li\u1ec7t, Ho\u00e0ng Mai, H\u00e0 N\u1ed9i<\/p>\n<p>X\u01b0\u1edfng s\u1ea3n xu\u1ea5t: L\u1ea1c \u0110\u1ea1o, V\u0103n L\u00e2m, H\u01b0ng Y\u00ean<\/p>\n<p>M\u1ecdi nhu c\u1ea7u Li\u00ean h\u1ec7:<\/p>\n<p>???Hotline: 094 3030 117???<\/p>\n<p>Ph\u00f2ng Kinh doanh: 0918 92 55 22<\/p>\n<p>Ph\u00f2ng K\u1ef9 thu\u1eadt: 0918 26 55 22<\/p>\n<p>Ph\u00f2ng K\u1ebf to\u00e1n: 0916 49 88 22<\/p>\n<p>Tell: 024 3995 0208 \/ 0916 35 88 22<\/p>\n<p>Gmail: <a href=\"mailto:toangiamayvanphong@gmail.com\">toangiamayvanphong@gmail.com<\/a><\/p>\n<p>Web: <u>https:\/\/toangiamayvanphong.vn\/<\/u><\/p>\n","protected":false},"excerpt":{"rendered":"<p><strong><span class=\"emoji-sizer emoji-outer \">?<\/span><span class=\"emoji-sizer emoji-outer \">?<\/span><span class=\"text\">?G\u1eccT CH\u00cc DELI H\u00ccNH C\u1ea6U V\u1ed2NG<\/span><\/strong><\/p>\n<p>\u2714\ufe0fG\u1ecdt b\u00fat ch\u00ec Deli \u0111\u01b0\u1ee3c thi\u1ebft k\u1ebf h\u00ecnh tr\u00f2n v\u1edbi t\u00f4ng m\u00e0u ch\u1ee7 \u0111\u1ea1o l\u00e0 m\u00e0u \u0111\u1ecf r\u1ea5t sinh \u0111\u1ed9ng, n\u1ed5i b\u1eadt.<\/p>\n<p>\u2714\ufe0fN\u1eafp gi\u1eef v\u1ee5n ch\u00ec c\u00f3 th\u1ec3 gi\u1eef cho tay b\u1ea1n s\u1ea1ch s\u1ebd<\/p>\n<p>\u2714\ufe0fL\u01b0\u1ee1i dao s\u1eafc b\u00e9n \u0111\u1ec3 \u0111\u1ea3m b\u1ea3o \u0111\u1ed9 s\u1eafc n\u00e9t<\/p>\n<p>\u2714\ufe0fV\u1ecb tr\u00ed l\u01b0\u1ee1i c\u1eaft ch\u00ednh x\u00e1c tr\u00e1nh ph\u00e1 v\u1ee1 ch\u00ec<\/p>\n<p>\u2714\ufe0f2 \u0111\u1ea7u g\u1ecdt ch\u00ec \u1edf c\u00e1c k\u00edch c\u1ee1 kh\u00e1c nhau<\/p>\n<p>\u2714\ufe0fV\u1edbi g\u1ecdt b\u00fat ch\u00ec n\u00e0y, b\u1ea1n ch\u1ec9 c\u1ea7n \u0111\u01b0a \u0111\u1ea7u b\u00fat ch\u00ec v\u00e0o v\u00e0 quay tay c\u1ea7m, chi\u1ebfc b\u00fat ch\u00ec c\u1ee7a b\u1ea1n \u0111\u00e3 \u0111\u01b0\u1ee3c chu\u1ed1t nh\u1ecdn r\u1ea5t \u0111\u01a1n gi\u1ea3n, nhanh ch\u00f3ng gi\u00fap b\u1ea1n ti\u1ebft ki\u1ec7m th\u1eddi gian v\u00e0 c\u00f4ng s\u1ee9c.<\/p>\n<p>\u2714\ufe0fK\u00edch th\u01b0\u1edbc nh\u1ecf g\u1ecdn, v\u1eeba v\u1eb7n v\u1edbi tay c\u1ea7m n\u00ean b\u1ea1n d\u1ec5 d\u00e0ng mang theo khi \u0111i h\u1ecdc m\u00e0 kh\u00f4ng chi\u1ebfm qu\u00e1 nhi\u1ec1u di\u1ec7n t\u00edch.<\/p>\n<p>Th\u01b0\u01a1ng hi\u1ec7u:\u00a0 M\u1edaI 100%\u00a0 \u00a0 \u00a0 \u00a0 \u00a0 \u00a0 | T\u00ecnh tr\u1ea1ng : C\u00f2n h\u00e0ng<\/p>\n<p>Vui l\u00f2ng li\u00ean h\u1ec7 \u0111\u1ec3 l\u1ea5y gi\u00e1 g\u1ed1c v\u00e0 khuy\u1ebfn m\u1ea1i<\/p>\n<hr \/>\n<p>Sa\u0309n ph\u00e2\u0309m \u0111\u01b0\u01a1\u0323c ba\u0301n ta\u0323i :<\/p>\n<p>C\u00d4NG TY TNHH TM-DV \u0110\u1ea6U T\u01af &amp; PH\u00c1T TRI\u1ec2N C\u00d4NG NGH\u1ec6 TO\u00c0N GIA<\/p>\n<p>VPGD: ng\u00f5 88 ph\u1ed1 Gi\u00e1p Nh\u1ecb, Th\u1ecbnh Li\u1ec7t, Ho\u00e0ng Mai, H\u00e0 N\u1ed9i<\/p>\n<p>X\u01b0\u1edfng s\u1ea3n xu\u1ea5t: L\u1ea1c \u0110\u1ea1o, V\u0103n L\u00e2m, H\u01b0ng Y\u00ean<\/p>\n<p>M\u1ecdi nhu c\u1ea7u Li\u00ean h\u1ec7:<\/p>\n<p><span style=\"color: #ff0000;\">???Hotline: 094 3030 117???<\/span><\/p>\n<p>Ph\u00f2ng Kinh doanh: 0918 92 55 22<\/p>\n<p>Ph\u00f2ng K\u1ef9 thu\u1eadt: 0918 26 55 22<\/p>\n<p>Ph\u00f2ng K\u1ebf to\u00e1n: 0916 49 88 22<\/p>\n<p>Tell: 024 3995 0208 \/ 0916 35 88 22<\/p>\n<p>Gmail: <a href=\"mailto:toangiamayvanphong@gmail.com\">toangiamayvanphong@gmail.com<\/a><\/p>\n<p>Web: <u>https:\/\/toangiamayvanphong.vn\/<\/u><\/p>\n<p>&nbsp;<\/p>\n","protected":false},"featured_media":1845,"comment_status":"open","ping_status":"closed","template":"","meta":[],"product_brand":[],"product_cat":[158],"product_tag":[229,230],"class_list":{"0":"post-2335","1":"product","2":"type-product","3":"status-publish","4":"has-post-thumbnail","6":"product_cat-van-phong-pham","7":"product_tag-got-but-chi","8":"product_tag-got-deli","10":"first","11":"instock","12":"taxable","13":"shipping-taxable","14":"product-type-simple"},"_links":{"self":[{"href":"https:\/\/toangiamayvanphong.vn\/index.php?rest_route=\/wp\/v2\/product\/2335","targetHints":{"allow":["GET"]}}],"collection":[{"href":"https:\/\/toangiamayvanphong.vn\/index.php?rest_route=\/wp\/v2\/product"}],"about":[{"href":"https:\/\/toangiamayvanphong.vn\/index.php?rest_route=\/wp\/v2\/types\/product"}],"replies":[{"embeddable":true,"href":"https:\/\/toangiamayvanphong.vn\/index.php?rest_route=%2Fwp%2Fv2%2Fcomments&post=2335"}],"wp:featuredmedia":[{"embeddable":true,"href":"https:\/\/toangiamayvanphong.vn\/index.php?rest_route=\/wp\/v2\/media\/1845"}],"wp:attachment":[{"href":"https:\/\/toangiamayvanphong.vn\/index.php?rest_route=%2Fwp%2Fv2%2Fmedia&parent=2335"}],"wp:term":[{"taxonomy":"product_brand","embeddable":true,"href":"https:\/\/toangiamayvanphong.vn\/index.php?rest_route=%2Fwp%2Fv2%2Fproduct_brand&post=2335"},{"taxonomy":"product_cat","embeddable":true,"href":"https:\/\/toangiamayvanphong.vn\/index.php?rest_route=%2Fwp%2Fv2%2Fproduct_cat&post=2335"},{"taxonomy":"product_tag","embeddable":true,"href":"https:\/\/toangiamayvanphong.vn\/index.php?rest_route=%2Fwp%2Fv2%2Fproduct_tag&post=2335"}],"curies":[{"name":"wp","href":"https:\/\/api.w.org\/{rel}","templated":true}]}}