{"id":2336,"date":"2023-07-09T11:14:50","date_gmt":"2023-07-09T04:14:50","guid":{"rendered":"https:\/\/toangiamayvanphong.vn\/?post_type=product&#038;p=2336"},"modified":"2023-07-09T11:14:52","modified_gmt":"2023-07-09T04:14:52","slug":"bam-kim-so-10-plus","status":"publish","type":"product","link":"https:\/\/toangiamayvanphong.vn\/?product=bam-kim-so-10-plus","title":{"rendered":"B\u1ea5m kim s\u1ed1 10 Plus"},"content":{"rendered":"<p><strong><span class=\"emoji-sizer emoji-outer \">?<\/span><span class=\"emoji-sizer emoji-outer \">?<\/span><span class=\"text\">?B\u1ea5m kim s\u1ed1 10 Plus <\/span><\/strong><\/p>\n<p>-L\u00e0 s\u1ea3n ph\u1ea9m v\u0103n ph\u00f2ng ch\u1ea5t l\u01b0\u1ee3ng cao v\u1edbi c\u00f4ng ngh\u1ec7 Nh\u1eadt B\u1ea3n c\u00f3 thi\u1ebft k\u1ebf \u0111\u1eb9p m\u1eaft, ch\u1ea5t li\u1ec7u b\u1ec1n b\u1ec9.<\/p>\n<p>-V\u1edbi hi\u1ec7u qu\u1ea3 s\u1eed d\u1ee5ng linh ho\u1ea1t, b\u1ea5m kim gi\u00fap h\u1ed7 tr\u1ee3 t\u1ed1t cho c\u00f4ng vi\u1ec7c k\u1ebft n\u1ed1i t\u00e0i li\u1ec7u, h\u1ed3 s\u01a1 \u0111\u1ed3ng b\u1ed9 tr\u00e1nh th\u1ea5t l\u1ea1c.<\/p>\n<p>-B\u1ea5m kim s\u1ed1 10 Plus v\u1edbi ch\u1ea5t li\u1ec7u inox cao c\u1ea5p, b\u1ecdc nh\u1ef1a b\u00ean ngo\u00e0i, c\u00f3 \u01b0u \u0111i\u1ec3m c\u1ea7m nh\u1eb9 v\u00e0 ch\u1ed1ng tr\u01a1n tr\u01b0\u1ee3t t\u1ed1t.<\/p>\n<p>-Sa\u0309n ph\u00e2\u0309m d\u1ec5 canh ch\u1ec9nh v\u1ecb tr\u00ed b\u1ea5m v\u00e0 h\u1ed9c ch\u1ee9a l\u01b0\u1ee3ng kim g\u1ea5p \u0111\u00f4i so v\u1edbi s\u1ea3n ph\u1ea9m th\u00f4ng th\u01b0\u1eddng.<\/p>\n<p>-L\u00f2 xo b\u1ea5m kim \u0111\u00e0n h\u1ed3i t\u1ed1t, cho l\u1ef1c b\u1ea5m nh\u1eb9 v\u00e0 linh ho\u1ea1t, kh\u00f4ng l\u00e0m bung kim hay r\u00e1ch gi\u1ea5y.<\/p>\n<p>-B\u1ea5m kim c\u00f3 th\u1ec3 b\u1ea5m t\u1ed1i \u0111a kho\u1ea3ng 10 t\u1edd \u0111\u1ecbnh l\u01b0\u1ee3ng 70gsm.<\/p>\n<p>***Tr\u00e2n Tr\u1ecdng***<\/p>\n<p>C\u00d4NG TY TNHH TM-DV \u0110\u1ea6U T\u01af &amp; PH\u00c1T TRI\u1ec2N C\u00d4NG NGH\u1ec6 TO\u00c0N GIA<\/p>\n<p>VPGD: ng\u00f5 88 ph\u1ed1 Gi\u00e1p Nh\u1ecb, Th\u1ecbnh Li\u1ec7t, Ho\u00e0ng Mai, H\u00e0 N\u1ed9i<\/p>\n<p>X\u01b0\u1edfng s\u1ea3n xu\u1ea5t: L\u1ea1c \u0110\u1ea1o, V\u0103n L\u00e2m, H\u01b0ng Y\u00ean<\/p>\n<p>M\u1ecdi nhu c\u1ea7u Li\u00ean h\u1ec7:<\/p>\n<p>???Hotline: 094 3030 117???<\/p>\n<p>Ph\u00f2ng Kinh doanh: 0918 92 55 22<\/p>\n<p>Ph\u00f2ng K\u1ef9 thu\u1eadt: 0918 26 55 22<\/p>\n<p>Ph\u00f2ng K\u1ebf to\u00e1n: 0916 49 88 22<\/p>\n<p>Tell: 024 3995 0208 \/ 0916 35 88 22<\/p>\n<p>Gmail: <a href=\"mailto:toangiamayvanphong@gmail.com\">toangiamayvanphong@gmail.com<\/a><\/p>\n<p>Web: <u>https:\/\/toangiamayvanphong.vn\/<\/u><\/p>\n","protected":false},"excerpt":{"rendered":"<p><strong><span class=\"emoji-sizer emoji-outer \">?<\/span><span class=\"emoji-sizer emoji-outer \">?<\/span><span class=\"text\">?B\u1ea5m kim s\u1ed1 10 Plus <\/span><\/strong><\/p>\n<p>-L\u00e0 s\u1ea3n ph\u1ea9m v\u0103n ph\u00f2ng ch\u1ea5t l\u01b0\u1ee3ng cao v\u1edbi c\u00f4ng ngh\u1ec7 Nh\u1eadt B\u1ea3n c\u00f3 thi\u1ebft k\u1ebf \u0111\u1eb9p m\u1eaft, ch\u1ea5t li\u1ec7u b\u1ec1n b\u1ec9.<\/p>\n<p>-V\u1edbi hi\u1ec7u qu\u1ea3 s\u1eed d\u1ee5ng linh ho\u1ea1t, b\u1ea5m kim gi\u00fap h\u1ed7 tr\u1ee3 t\u1ed1t cho c\u00f4ng vi\u1ec7c k\u1ebft n\u1ed1i t\u00e0i li\u1ec7u, h\u1ed3 s\u01a1 \u0111\u1ed3ng b\u1ed9 tr\u00e1nh th\u1ea5t l\u1ea1c.<\/p>\n<p>-B\u1ea5m kim s\u1ed1 10 Plus v\u1edbi ch\u1ea5t li\u1ec7u inox cao c\u1ea5p, b\u1ecdc nh\u1ef1a b\u00ean ngo\u00e0i, c\u00f3 \u01b0u \u0111i\u1ec3m c\u1ea7m nh\u1eb9 v\u00e0 ch\u1ed1ng tr\u01a1n tr\u01b0\u1ee3t t\u1ed1t.<\/p>\n<p>-Sa\u0309n ph\u00e2\u0309m d\u1ec5 canh ch\u1ec9nh v\u1ecb tr\u00ed b\u1ea5m v\u00e0 h\u1ed9c ch\u1ee9a l\u01b0\u1ee3ng kim g\u1ea5p \u0111\u00f4i so v\u1edbi s\u1ea3n ph\u1ea9m th\u00f4ng th\u01b0\u1eddng.<\/p>\n<p>-L\u00f2 xo b\u1ea5m kim \u0111\u00e0n h\u1ed3i t\u1ed1t, cho l\u1ef1c b\u1ea5m nh\u1eb9 v\u00e0 linh ho\u1ea1t, kh\u00f4ng l\u00e0m bung kim hay r\u00e1ch gi\u1ea5y.<\/p>\n<p>-B\u1ea5m kim c\u00f3 th\u1ec3 b\u1ea5m t\u1ed1i \u0111a kho\u1ea3ng 10 t\u1edd \u0111\u1ecbnh l\u01b0\u1ee3ng 70gsm.<\/p>\n<p>Th\u01b0\u01a1ng hi\u1ec7u:\u00a0 M\u1edaI 100%\u00a0 \u00a0 \u00a0 \u00a0 \u00a0 \u00a0 | T\u00ecnh tr\u1ea1ng : C\u00f2n h\u00e0ng<\/p>\n<p>Vui l\u00f2ng li\u00ean h\u1ec7 \u0111\u1ec3 l\u1ea5y gi\u00e1 g\u1ed1c v\u00e0 khuy\u1ebfn m\u1ea1i<\/p>\n<hr \/>\n<p>Sa\u0309n ph\u00e2\u0309m \u0111\u01b0\u01a1\u0323c ba\u0301n ta\u0323i :<\/p>\n<p>C\u00d4NG TY TNHH TM-DV \u0110\u1ea6U T\u01af &amp; PH\u00c1T TRI\u1ec2N C\u00d4NG NGH\u1ec6 TO\u00c0N GIA<\/p>\n<p>VPGD: ng\u00f5 88 ph\u1ed1 Gi\u00e1p Nh\u1ecb, Th\u1ecbnh Li\u1ec7t, Ho\u00e0ng Mai, H\u00e0 N\u1ed9i<\/p>\n<p>X\u01b0\u1edfng s\u1ea3n xu\u1ea5t: L\u1ea1c \u0110\u1ea1o, V\u0103n L\u00e2m, H\u01b0ng Y\u00ean<\/p>\n<p>M\u1ecdi nhu c\u1ea7u Li\u00ean h\u1ec7:<\/p>\n<p><span style=\"color: #ff0000;\">???Hotline: 094 3030 117???<\/span><\/p>\n<p>Ph\u00f2ng Kinh doanh: 0918 92 55 22<\/p>\n<p>Ph\u00f2ng K\u1ef9 thu\u1eadt: 0918 26 55 22<\/p>\n<p>Ph\u00f2ng K\u1ebf to\u00e1n: 0916 49 88 22<\/p>\n<p>Tell: 024 3995 0208 \/ 0916 35 88 22<\/p>\n<p>Gmail: <a href=\"mailto:toangiamayvanphong@gmail.com\">toangiamayvanphong@gmail.com<\/a><\/p>\n<p>Web: <u>https:\/\/toangiamayvanphong.vn\/<\/u><\/p>\n<p>&nbsp;<\/p>\n","protected":false},"featured_media":1846,"comment_status":"open","ping_status":"closed","template":"","meta":[],"product_brand":[],"product_cat":[158],"product_tag":[231,232],"class_list":{"0":"post-2336","1":"product","2":"type-product","3":"status-publish","4":"has-post-thumbnail","6":"product_cat-van-phong-pham","7":"product_tag-bam-ghim","8":"product_tag-dap-ghim","10":"first","11":"instock","12":"taxable","13":"shipping-taxable","14":"product-type-simple"},"_links":{"self":[{"href":"https:\/\/toangiamayvanphong.vn\/index.php?rest_route=\/wp\/v2\/product\/2336","targetHints":{"allow":["GET"]}}],"collection":[{"href":"https:\/\/toangiamayvanphong.vn\/index.php?rest_route=\/wp\/v2\/product"}],"about":[{"href":"https:\/\/toangiamayvanphong.vn\/index.php?rest_route=\/wp\/v2\/types\/product"}],"replies":[{"embeddable":true,"href":"https:\/\/toangiamayvanphong.vn\/index.php?rest_route=%2Fwp%2Fv2%2Fcomments&post=2336"}],"wp:featuredmedia":[{"embeddable":true,"href":"https:\/\/toangiamayvanphong.vn\/index.php?rest_route=\/wp\/v2\/media\/1846"}],"wp:attachment":[{"href":"https:\/\/toangiamayvanphong.vn\/index.php?rest_route=%2Fwp%2Fv2%2Fmedia&parent=2336"}],"wp:term":[{"taxonomy":"product_brand","embeddable":true,"href":"https:\/\/toangiamayvanphong.vn\/index.php?rest_route=%2Fwp%2Fv2%2Fproduct_brand&post=2336"},{"taxonomy":"product_cat","embeddable":true,"href":"https:\/\/toangiamayvanphong.vn\/index.php?rest_route=%2Fwp%2Fv2%2Fproduct_cat&post=2336"},{"taxonomy":"product_tag","embeddable":true,"href":"https:\/\/toangiamayvanphong.vn\/index.php?rest_route=%2Fwp%2Fv2%2Fproduct_tag&post=2336"}],"curies":[{"name":"wp","href":"https:\/\/api.w.org\/{rel}","templated":true}]}}