{"id":2338,"date":"2023-07-09T11:14:50","date_gmt":"2023-07-09T04:14:50","guid":{"rendered":"https:\/\/toangiamayvanphong.vn\/?post_type=product&#038;p=2338"},"modified":"2023-07-09T11:14:53","modified_gmt":"2023-07-09T04:14:53","slug":"but-viet-da-quang-toyo-sp25","status":"publish","type":"product","link":"https:\/\/toangiamayvanphong.vn\/?product=but-viet-da-quang-toyo-sp25","title":{"rendered":"B\u00fat Vi\u1ebft D\u1ea1 Quang Toyo SP25"},"content":{"rendered":"<p><strong><span class=\"emoji-sizer emoji-outer \">?<\/span><span class=\"emoji-sizer emoji-outer \">?<\/span><span class=\"text\">?B\u00fat Vi\u1ebft D\u1ea1 Quang Toyo SP25<\/span><\/strong><\/p>\n<p>-C\u00e2y Vi\u1ebft D\u1ea1 Quang Toyo v\u1edbi \u0111\u1ea7u ng\u00f2i b\u00fat \u0111\u01b0\u1ee3c c\u1ea5u t\u1ea1o b\u1edfi nhi\u1ec1u s\u1ee3i v\u1ea3i polyester, s\u1ea3n ph\u1ea9m s\u1ebd gi\u00fap b\u1ea1n \u0111\u00e1nh d\u1ea5u d\u00f2ng nhanh ch\u00f3ng v\u00e0 \u00eam tay.<\/p>\n<p>-B\u1ea1n ch\u1ec9 vi\u1ec7c di chuy\u1ec3n nh\u1eb9 nh\u00e0ng \u0111\u1ea7u b\u00fat l\u00e0 m\u1ef1c \u0111\u00e3 th\u1ea5m \u0111\u1ec1u v\u00e0 r\u00f5 r\u00e0ng, kh\u00f4ng g\u00e2y hi\u1ec7n t\u01b0\u1ee3ng \u0111\u1ee9t \u0111o\u1ea1n do \u0111\u1ea7u b\u00fat b\u1ecb c\u1ee9ng v\u00e0 tr\u01a1n.<\/p>\n<p>-M\u00e0u m\u1ef1c s\u00e1ng, \u0111\u1eadm, kh\u00f4ng b\u1ecb \u0111en khi photo hay scan.<\/p>\n<p>-V\u1ecf b\u00fat th\u1ec3 hi\u1ec7n m\u00e0u m\u1ef1c c\u1ee7a s\u1ea3n ph\u1ea9m gi\u00fap b\u1ea1n d\u1ec5 d\u00e0ng ph\u00e2n bi\u1ec7t v\u00e0 l\u1ef1a ch\u1ecdn s\u1eed d\u1ee5ng.<\/p>\n<p>-Thi\u1ebft k\u1ebf b\u00fat ng\u1eafn v\u1edbi b\u1ec1 ngang to, \u0111\u1ea7u b\u00fat l\u1edbn gi\u00fap b\u1ea1n highlight c\u00e1c d\u00f2ng ch\u1eef nhanh ch\u00f3ng ch\u1ec9 trong m\u1ed9t l\u1ea7n di chuy\u1ec3n b\u00fat.<\/p>\n<p>-B\u00fat d\u1ea1 quang c\u00f3 n\u1eafp \u0111\u1eady ch\u1eafc ch\u1eafn, v\u1eeba gi\u00fap b\u1ea3o qu\u1ea3n \u0111\u1ea7u b\u00fat t\u1ed1t h\u01a1n v\u1eeba tr\u00e1nh kh\u00f4 m\u1ef1c khi kh\u00f4ng d\u00f9ng \u0111\u1ebfn. N\u1eafp \u0111\u1eady c\u00f2n \u0111\u01b0\u1ee3c thi\u1ebft k\u1ebf th\u00eam k\u1eb9p g\u00e0i \u0111\u1ec3 b\u1ea1n c\u00f3 th\u1ec3 k\u1eb9p b\u00fat v\u00e0o s\u1ed5 tay, s\u00e1ch, t\u00fai \u00e1o v\u00e0 s\u1eed d\u1ee5ng b\u1ea5t k\u1ef3 l\u00fac n\u00e0o.<\/p>\n<p>-B\u00fat d\u1ea1 quang d\u00f9ng \u0111\u00e1nh d\u1ea5u, nh\u1edb d\u00f2ng cho m\u1ecdi lo\u1ea1i gi\u1ea5y, kh\u00f4ng l\u00e0m b\u1ea9n v\u00e0 th\u1ea5m sang trang sau n\u00ean ti\u1ebft ki\u1ec7m m\u1ef1c h\u01a1n so v\u1edbi c\u00e1c lo\u1ea1i b\u00fat highlight th\u00f4ng th\u01b0\u1eddng.<\/p>\n<p>***Tr\u00e2n Tr\u1ecdng***<\/p>\n<p>C\u00d4NG TY TNHH TM-DV \u0110\u1ea6U T\u01af &amp; PH\u00c1T TRI\u1ec2N C\u00d4NG NGH\u1ec6 TO\u00c0N GIA<\/p>\n<p>VPGD: ng\u00f5 88 ph\u1ed1 Gi\u00e1p Nh\u1ecb, Th\u1ecbnh Li\u1ec7t, Ho\u00e0ng Mai, H\u00e0 N\u1ed9i<\/p>\n<p>X\u01b0\u1edfng s\u1ea3n xu\u1ea5t: L\u1ea1c \u0110\u1ea1o, V\u0103n L\u00e2m, H\u01b0ng Y\u00ean<\/p>\n<p>M\u1ecdi nhu c\u1ea7u Li\u00ean h\u1ec7:<\/p>\n<p>???Hotline: 094 3030 117???<\/p>\n<p>Ph\u00f2ng Kinh doanh: 0918 92 55 22<\/p>\n<p>Ph\u00f2ng K\u1ef9 thu\u1eadt: 0918 26 55 22<\/p>\n<p>Ph\u00f2ng K\u1ebf to\u00e1n: 0916 49 88 22<\/p>\n<p>Tell: 024 3995 0208 \/ 0916 35 88 22<\/p>\n<p>Gmail: <a href=\"mailto:toangiamayvanphong@gmail.com\">toangiamayvanphong@gmail.com<\/a><\/p>\n<p>Web: <u>https:\/\/toangiamayvanphong.vn\/<\/u><\/p>\n","protected":false},"excerpt":{"rendered":"<p><strong><span class=\"emoji-sizer emoji-outer \">?<\/span><span class=\"emoji-sizer emoji-outer \">?<\/span><span class=\"text\">?B\u00fat Vi\u1ebft D\u1ea1 Quang Toyo SP25<\/span><\/strong><\/p>\n<p>-C\u00e2y Vi\u1ebft D\u1ea1 Quang Toyo v\u1edbi \u0111\u1ea7u ng\u00f2i b\u00fat \u0111\u01b0\u1ee3c c\u1ea5u t\u1ea1o b\u1edfi nhi\u1ec1u s\u1ee3i v\u1ea3i polyester, s\u1ea3n ph\u1ea9m s\u1ebd gi\u00fap b\u1ea1n \u0111\u00e1nh d\u1ea5u d\u00f2ng nhanh ch\u00f3ng v\u00e0 \u00eam tay.<\/p>\n<p>-B\u1ea1n ch\u1ec9 vi\u1ec7c di chuy\u1ec3n nh\u1eb9 nh\u00e0ng \u0111\u1ea7u b\u00fat l\u00e0 m\u1ef1c \u0111\u00e3 th\u1ea5m \u0111\u1ec1u v\u00e0 r\u00f5 r\u00e0ng, kh\u00f4ng g\u00e2y hi\u1ec7n t\u01b0\u1ee3ng \u0111\u1ee9t \u0111o\u1ea1n do \u0111\u1ea7u b\u00fat b\u1ecb c\u1ee9ng v\u00e0 tr\u01a1n.<\/p>\n<p>-M\u00e0u m\u1ef1c s\u00e1ng, \u0111\u1eadm, kh\u00f4ng b\u1ecb \u0111en khi photo hay scan.<\/p>\n<p>-V\u1ecf b\u00fat th\u1ec3 hi\u1ec7n m\u00e0u m\u1ef1c c\u1ee7a s\u1ea3n ph\u1ea9m gi\u00fap b\u1ea1n d\u1ec5 d\u00e0ng ph\u00e2n bi\u1ec7t v\u00e0 l\u1ef1a ch\u1ecdn s\u1eed d\u1ee5ng.<\/p>\n<p>-Thi\u1ebft k\u1ebf b\u00fat ng\u1eafn v\u1edbi b\u1ec1 ngang to, \u0111\u1ea7u b\u00fat l\u1edbn gi\u00fap b\u1ea1n highlight c\u00e1c d\u00f2ng ch\u1eef nhanh ch\u00f3ng ch\u1ec9 trong m\u1ed9t l\u1ea7n di chuy\u1ec3n b\u00fat.<\/p>\n<p>-B\u00fat d\u1ea1 quang c\u00f3 n\u1eafp \u0111\u1eady ch\u1eafc ch\u1eafn, v\u1eeba gi\u00fap b\u1ea3o qu\u1ea3n \u0111\u1ea7u b\u00fat t\u1ed1t h\u01a1n v\u1eeba tr\u00e1nh kh\u00f4 m\u1ef1c khi kh\u00f4ng d\u00f9ng \u0111\u1ebfn. N\u1eafp \u0111\u1eady c\u00f2n \u0111\u01b0\u1ee3c thi\u1ebft k\u1ebf th\u00eam k\u1eb9p g\u00e0i \u0111\u1ec3 b\u1ea1n c\u00f3 th\u1ec3 k\u1eb9p b\u00fat v\u00e0o s\u1ed5 tay, s\u00e1ch, t\u00fai \u00e1o v\u00e0 s\u1eed d\u1ee5ng b\u1ea5t k\u1ef3 l\u00fac n\u00e0o.<\/p>\n<p>-B\u00fat d\u1ea1 quang d\u00f9ng \u0111\u00e1nh d\u1ea5u, nh\u1edb d\u00f2ng cho m\u1ecdi lo\u1ea1i gi\u1ea5y, kh\u00f4ng l\u00e0m b\u1ea9n v\u00e0 th\u1ea5m sang trang sau n\u00ean ti\u1ebft ki\u1ec7m m\u1ef1c h\u01a1n so v\u1edbi c\u00e1c lo\u1ea1i b\u00fat highlight th\u00f4ng th\u01b0\u1eddng.<\/p>\n<p>Th\u01b0\u01a1ng hi\u1ec7u:\u00a0 M\u1edaI 100%\u00a0 \u00a0 \u00a0 \u00a0 \u00a0 \u00a0 | T\u00ecnh tr\u1ea1ng : C\u00f2n h\u00e0ng<\/p>\n<p>Vui l\u00f2ng li\u00ean h\u1ec7 \u0111\u1ec3 l\u1ea5y gi\u00e1 g\u1ed1c v\u00e0 khuy\u1ebfn m\u1ea1i<\/p>\n<hr \/>\n<p>Sa\u0309n ph\u00e2\u0309m \u0111\u01b0\u01a1\u0323c ba\u0301n ta\u0323i :<\/p>\n<p>C\u00d4NG TY TNHH TM-DV \u0110\u1ea6U T\u01af &amp; PH\u00c1T TRI\u1ec2N C\u00d4NG NGH\u1ec6 TO\u00c0N GIA<\/p>\n<p>VPGD: ng\u00f5 88 ph\u1ed1 Gi\u00e1p Nh\u1ecb, Th\u1ecbnh Li\u1ec7t, Ho\u00e0ng Mai, H\u00e0 N\u1ed9i<\/p>\n<p>X\u01b0\u1edfng s\u1ea3n xu\u1ea5t: L\u1ea1c \u0110\u1ea1o, V\u0103n L\u00e2m, H\u01b0ng Y\u00ean<\/p>\n<p>M\u1ecdi nhu c\u1ea7u Li\u00ean h\u1ec7:<\/p>\n<p><span style=\"color: #ff0000;\">???Hotline: 094 3030 117???<\/span><\/p>\n<p>Ph\u00f2ng Kinh doanh: 0918 92 55 22<\/p>\n<p>Ph\u00f2ng K\u1ef9 thu\u1eadt: 0918 26 55 22<\/p>\n<p>Ph\u00f2ng K\u1ebf to\u00e1n: 0916 49 88 22<\/p>\n<p>Tell: 024 3995 0208 \/ 0916 35 88 22<\/p>\n<p>Gmail: <a href=\"mailto:toangiamayvanphong@gmail.com\">toangiamayvanphong@gmail.com<\/a><\/p>\n<p>Web: <u>https:\/\/toangiamayvanphong.vn\/<\/u><\/p>\n<p>&nbsp;<\/p>\n","protected":false},"featured_media":1848,"comment_status":"open","ping_status":"closed","template":"","meta":[],"product_brand":[],"product_cat":[158],"product_tag":[235,236],"class_list":{"0":"post-2338","1":"product","2":"type-product","3":"status-publish","4":"has-post-thumbnail","6":"product_cat-van-phong-pham","7":"product_tag-but-da-quang","8":"product_tag-but-nho-dong","10":"first","11":"instock","12":"taxable","13":"shipping-taxable","14":"product-type-simple"},"_links":{"self":[{"href":"https:\/\/toangiamayvanphong.vn\/index.php?rest_route=\/wp\/v2\/product\/2338","targetHints":{"allow":["GET"]}}],"collection":[{"href":"https:\/\/toangiamayvanphong.vn\/index.php?rest_route=\/wp\/v2\/product"}],"about":[{"href":"https:\/\/toangiamayvanphong.vn\/index.php?rest_route=\/wp\/v2\/types\/product"}],"replies":[{"embeddable":true,"href":"https:\/\/toangiamayvanphong.vn\/index.php?rest_route=%2Fwp%2Fv2%2Fcomments&post=2338"}],"wp:featuredmedia":[{"embeddable":true,"href":"https:\/\/toangiamayvanphong.vn\/index.php?rest_route=\/wp\/v2\/media\/1848"}],"wp:attachment":[{"href":"https:\/\/toangiamayvanphong.vn\/index.php?rest_route=%2Fwp%2Fv2%2Fmedia&parent=2338"}],"wp:term":[{"taxonomy":"product_brand","embeddable":true,"href":"https:\/\/toangiamayvanphong.vn\/index.php?rest_route=%2Fwp%2Fv2%2Fproduct_brand&post=2338"},{"taxonomy":"product_cat","embeddable":true,"href":"https:\/\/toangiamayvanphong.vn\/index.php?rest_route=%2Fwp%2Fv2%2Fproduct_cat&post=2338"},{"taxonomy":"product_tag","embeddable":true,"href":"https:\/\/toangiamayvanphong.vn\/index.php?rest_route=%2Fwp%2Fv2%2Fproduct_tag&post=2338"}],"curies":[{"name":"wp","href":"https:\/\/api.w.org\/{rel}","templated":true}]}}