{"id":2339,"date":"2023-07-09T11:14:50","date_gmt":"2023-07-09T04:14:50","guid":{"rendered":"https:\/\/toangiamayvanphong.vn\/?post_type=product&#038;p=2339"},"modified":"2023-07-09T11:14:53","modified_gmt":"2023-07-09T04:14:53","slug":"vo-xe-a4","status":"publish","type":"product","link":"https:\/\/toangiamayvanphong.vn\/?product=vo-xe-a4","title":{"rendered":"V\u1ede X\u00c9 A4"},"content":{"rendered":"<p><strong><span class=\"emoji-sizer emoji-outer \">?<\/span><span class=\"emoji-sizer emoji-outer \">?<\/span><span class=\"text\">?V\u1edf x\u00e9\u00a0 A4<\/span><\/strong><\/p>\n<p>&#8211; Lo\u1ea1i 12 t\u1edd: (L\u1ed1c 40 quy\u1ec3n, 12 t\u1edd\/quy\u1ec3n)<\/p>\n<p>&#8211; Lo\u1ea1i 25 t\u1edd: (L\u1ed1c 20 quy\u1ec3n, 25 t\u1edd\/quy\u1ec3n)<\/p>\n<p>&#8211; Lo\u1ea1i 60 t\u1edd: (L\u1ed1c 10 quy\u1ec3n, 60 t\u1edd\/quy\u1ec3n)<\/p>\n<p>-L\u00e0 m\u1ed9t trong nh\u1eefng v\u1eadt d\u1ee5ng kh\u00f4ng th\u1ec3 thi\u1ebfu c\u1ee7a gi\u1edbi sinh vi\u00ean, h\u1ecdc sinh hay ng\u01b0\u1eddi l\u00e0m v\u0103n ph\u00f2ng, s\u1ea3n ph\u1ea9m s\u1ebd l\u00e0 tr\u1ee3 th\u1ee7 \u0111\u1eafc l\u1ef1c, gi\u00fap b\u1ea1n l\u01b0u tr\u1eef \u0111\u01b0\u1ee3c th\u00f4ng tin, d\u1eef li\u1ec7u, \u00fd t\u01b0\u1edfng b\u1ea5t k\u00ec khi n\u00e0o, h\u1ed7 tr\u1ee3 t\u1ed1t trong c\u00f4ng vi\u1ec7c v\u00e0 cu\u1ed9c s\u1ed1ng h\u1eb1ng ng\u00e0y c\u1ee7a b\u1ea1n.<\/p>\n<p>-S\u1ea3n ph\u1ea9m c\u00f3 ki\u1ec3u d\u00e1ng nh\u1ecf g\u1ecdn, v\u1eeba tay c\u1ea7m, ti\u1ec7n l\u1ee3i cho b\u1ea1n mang theo b\u00ean ng\u01b0\u1eddi, s\u1eed d\u1ee5ng b\u1ea5t c\u1ee9 l\u00fac n\u00e0o m\u1ed9t c\u00e1ch ti\u1ec7n l\u1ee3i v\u00e0 hi\u1ec7u qu\u1ea3. B\u00eca v\u1edf \u0111\u01b0\u1ee3c thi\u1ebft k\u1ebf ch\u1eafc ch\u1eafn, d\u00e0y d\u1eb7n, b\u1ea3o v\u1ec7 t\u1ed1t ph\u1ea7n gi\u1ea5y b\u00ean trong. Ngo\u00e0i ra, v\u1edbi m\u00e0u s\u1eafc trang nh\u00e3, s\u1ea3n ph\u1ea9m ph\u00f9 h\u1ee3p v\u1edbi nh\u1eefng b\u1ea1n kh\u00f4ng th\u00edch qu\u00e1 nhi\u1ec1u hoa v\u0103n c\u1ea7u k\u00ec. Ph\u1ea7n ru\u1ed9t l\u00e0 lo\u1ea1i gi\u1ea5y tr\u1eafng cao c\u1ea5p gi\u00fap b\u1ea1n ghi ch\u00fa nhanh, \u0111\u1eb9p, kh\u00f4ng lo vi\u1ec7c gi\u1ea5y nh\u00e0u hay r\u00e1ch. Ch\u1ea5t gi\u1ea5y t\u1ef1 nhi\u00ean, m\u1ec1m m\u1ecbn v\u00e0 d\u1ec5 d\u00e0ng l\u01b0u l\u1ea1i n\u00e9t ch\u1eef m\u00e0 kh\u00f4ng lo b\u1ecb lem. V\u1edf \u0111\u01b0\u1ee3c thi\u1ebft k\u1ebf g\u00e1y c\u00f3 l\u1edbp keo m\u1ecfng, v\u00f4 c\u00f9ng ti\u1ec7n d\u1ee5ng trong vi\u1ec7c l\u1eadt g\u1ea5p gi\u1eefa c\u00e1c trang.<\/p>\n<p>-Ngo\u00e0i ra, n\u1ebfu nh\u01b0 mu\u1ed1n x\u00e9 gi\u1ea5y \u0111i, ph\u1ea7n g\u00e1y n\u00e0y cho ph\u00e9p vi\u1ec7c thao t\u00e1c d\u1ec5 d\u00e0ng v\u00e0 g\u1ecdn g\u00e0ng, kh\u00f4ng g\u00e2y \u1ea3nh h\u01b0\u1edfng \u0111\u1ebfn c\u00e1c ph\u1ea7n kh\u00e1c c\u1ee7a v\u1edf. B\u1ea1n s\u1ebd ho\u00e0n to\u00e0n y\u00ean t\u00e2m vi\u0300 s\u1ea3n ph\u1ea9m s\u1eed d\u1ee5ng lo\u1ea1i ch\u1ea5t li\u1ec7u kh\u00f4ng ch\u1ee9a h\u00f3a ch\u1ea5t \u0111\u1ed9c h\u1ea1i, \u0111\u1ea3m b\u1ea3o an to\u00e0n cho ng\u01b0\u1eddi s\u1eed d\u1ee5ng, k\u1ec3 c\u1ea3 ng\u01b0\u1eddi l\u1edbn hay tr\u1ebb nh\u1ecf.<\/p>\n<p>***Tr\u00e2n Tr\u1ecdng***<\/p>\n<p>C\u00d4NG TY TNHH TM-DV \u0110\u1ea6U T\u01af &amp; PH\u00c1T TRI\u1ec2N C\u00d4NG NGH\u1ec6 TO\u00c0N GIA<\/p>\n<p>VPGD: ng\u00f5 88 ph\u1ed1 Gi\u00e1p Nh\u1ecb, Th\u1ecbnh Li\u1ec7t, Ho\u00e0ng Mai, H\u00e0 N\u1ed9i<\/p>\n<p>X\u01b0\u1edfng s\u1ea3n xu\u1ea5t: L\u1ea1c \u0110\u1ea1o, V\u0103n L\u00e2m, H\u01b0ng Y\u00ean<\/p>\n<p>M\u1ecdi nhu c\u1ea7u Li\u00ean h\u1ec7:<\/p>\n<p>???Hotline: 094 3030 117???<\/p>\n<p>Ph\u00f2ng Kinh doanh: 0918 92 55 22<\/p>\n<p>Ph\u00f2ng K\u1ef9 thu\u1eadt: 0918 26 55 22<\/p>\n<p>Ph\u00f2ng K\u1ebf to\u00e1n: 0916 49 88 22<\/p>\n<p>Tell: 024 3995 0208 \/ 0916 35 88 22<\/p>\n<p>Gmail: <a href=\"mailto:toangiamayvanphong@gmail.com\">toangiamayvanphong@gmail.com<\/a><\/p>\n<p>Web: <u>https:\/\/toangiamayvanphong.vn\/<\/u><\/p>\n","protected":false},"excerpt":{"rendered":"<p><strong><span class=\"emoji-sizer emoji-outer \">?<\/span><span class=\"emoji-sizer emoji-outer \">?<\/span><span class=\"text\">?V\u1edf x\u00e9\u00a0 A4<\/span><\/strong><\/p>\n<p>&#8211; Lo\u1ea1i 12 t\u1edd: (L\u1ed1c 40 quy\u1ec3n, 12 t\u1edd\/quy\u1ec3n)<\/p>\n<p>&#8211; Lo\u1ea1i 25 t\u1edd: (L\u1ed1c 20 quy\u1ec3n, 25 t\u1edd\/quy\u1ec3n)<\/p>\n<p>&#8211; Lo\u1ea1i 60 t\u1edd: (L\u1ed1c 10 quy\u1ec3n, 60 t\u1edd\/quy\u1ec3n)<\/p>\n<p>-L\u00e0 m\u1ed9t trong nh\u1eefng v\u1eadt d\u1ee5ng kh\u00f4ng th\u1ec3 thi\u1ebfu c\u1ee7a gi\u1edbi sinh vi\u00ean, h\u1ecdc sinh hay ng\u01b0\u1eddi l\u00e0m v\u0103n ph\u00f2ng, s\u1ea3n ph\u1ea9m s\u1ebd l\u00e0 tr\u1ee3 th\u1ee7 \u0111\u1eafc l\u1ef1c, gi\u00fap b\u1ea1n l\u01b0u tr\u1eef \u0111\u01b0\u1ee3c th\u00f4ng tin, d\u1eef li\u1ec7u, \u00fd t\u01b0\u1edfng b\u1ea5t k\u00ec khi n\u00e0o, h\u1ed7 tr\u1ee3 t\u1ed1t trong c\u00f4ng vi\u1ec7c v\u00e0 cu\u1ed9c s\u1ed1ng h\u1eb1ng ng\u00e0y c\u1ee7a b\u1ea1n.<\/p>\n<p>-S\u1ea3n ph\u1ea9m c\u00f3 ki\u1ec3u d\u00e1ng nh\u1ecf g\u1ecdn, v\u1eeba tay c\u1ea7m, ti\u1ec7n l\u1ee3i cho b\u1ea1n mang theo b\u00ean ng\u01b0\u1eddi, s\u1eed d\u1ee5ng b\u1ea5t c\u1ee9 l\u00fac n\u00e0o m\u1ed9t c\u00e1ch ti\u1ec7n l\u1ee3i v\u00e0 hi\u1ec7u qu\u1ea3. B\u00eca v\u1edf \u0111\u01b0\u1ee3c thi\u1ebft k\u1ebf ch\u1eafc ch\u1eafn, d\u00e0y d\u1eb7n, b\u1ea3o v\u1ec7 t\u1ed1t ph\u1ea7n gi\u1ea5y b\u00ean trong. Ngo\u00e0i ra, v\u1edbi m\u00e0u s\u1eafc trang nh\u00e3, s\u1ea3n ph\u1ea9m ph\u00f9 h\u1ee3p v\u1edbi nh\u1eefng b\u1ea1n kh\u00f4ng th\u00edch qu\u00e1 nhi\u1ec1u hoa v\u0103n c\u1ea7u k\u00ec. Ph\u1ea7n ru\u1ed9t l\u00e0 lo\u1ea1i gi\u1ea5y tr\u1eafng cao c\u1ea5p gi\u00fap b\u1ea1n ghi ch\u00fa nhanh, \u0111\u1eb9p, kh\u00f4ng lo vi\u1ec7c gi\u1ea5y nh\u00e0u hay r\u00e1ch. Ch\u1ea5t gi\u1ea5y t\u1ef1 nhi\u00ean, m\u1ec1m m\u1ecbn v\u00e0 d\u1ec5 d\u00e0ng l\u01b0u l\u1ea1i n\u00e9t ch\u1eef m\u00e0 kh\u00f4ng lo b\u1ecb lem. V\u1edf \u0111\u01b0\u1ee3c thi\u1ebft k\u1ebf g\u00e1y c\u00f3 l\u1edbp keo m\u1ecfng, v\u00f4 c\u00f9ng ti\u1ec7n d\u1ee5ng trong vi\u1ec7c l\u1eadt g\u1ea5p gi\u1eefa c\u00e1c trang.<\/p>\n<p>-Ngo\u00e0i ra, n\u1ebfu nh\u01b0 mu\u1ed1n x\u00e9 gi\u1ea5y \u0111i, ph\u1ea7n g\u00e1y n\u00e0y cho ph\u00e9p vi\u1ec7c thao t\u00e1c d\u1ec5 d\u00e0ng v\u00e0 g\u1ecdn g\u00e0ng, kh\u00f4ng g\u00e2y \u1ea3nh h\u01b0\u1edfng \u0111\u1ebfn c\u00e1c ph\u1ea7n kh\u00e1c c\u1ee7a v\u1edf. B\u1ea1n s\u1ebd ho\u00e0n to\u00e0n y\u00ean t\u00e2m vi\u0300 s\u1ea3n ph\u1ea9m s\u1eed d\u1ee5ng lo\u1ea1i ch\u1ea5t li\u1ec7u kh\u00f4ng ch\u1ee9a h\u00f3a ch\u1ea5t \u0111\u1ed9c h\u1ea1i, \u0111\u1ea3m b\u1ea3o an to\u00e0n cho ng\u01b0\u1eddi s\u1eed d\u1ee5ng, k\u1ec3 c\u1ea3 ng\u01b0\u1eddi l\u1edbn hay tr\u1ebb nh\u1ecf.<\/p>\n<p>Th\u01b0\u01a1ng hi\u1ec7u:\u00a0 M\u1edaI 100%\u00a0 \u00a0 \u00a0 \u00a0 \u00a0 \u00a0 | T\u00ecnh tr\u1ea1ng : C\u00f2n h\u00e0ng<\/p>\n<p>Vui l\u00f2ng li\u00ean h\u1ec7 \u0111\u1ec3 l\u1ea5y gi\u00e1 g\u1ed1c v\u00e0 khuy\u1ebfn m\u1ea1i<\/p>\n<hr \/>\n<p>Sa\u0309n ph\u00e2\u0309m \u0111\u01b0\u01a1\u0323c ba\u0301n ta\u0323i :<\/p>\n<p>C\u00d4NG TY TNHH TM-DV \u0110\u1ea6U T\u01af &amp; PH\u00c1T TRI\u1ec2N C\u00d4NG NGH\u1ec6 TO\u00c0N GIA<\/p>\n<p>VPGD: ng\u00f5 88 ph\u1ed1 Gi\u00e1p Nh\u1ecb, Th\u1ecbnh Li\u1ec7t, Ho\u00e0ng Mai, H\u00e0 N\u1ed9i<\/p>\n<p>X\u01b0\u1edfng s\u1ea3n xu\u1ea5t: L\u1ea1c \u0110\u1ea1o, V\u0103n L\u00e2m, H\u01b0ng Y\u00ean<\/p>\n<p>M\u1ecdi nhu c\u1ea7u Li\u00ean h\u1ec7:<\/p>\n<p><span style=\"color: #ff0000;\">???Hotline: 094 3030 117???<\/span><\/p>\n<p>Ph\u00f2ng Kinh doanh: 0918 92 55 22<\/p>\n<p>Ph\u00f2ng K\u1ef9 thu\u1eadt: 0918 26 55 22<\/p>\n<p>Ph\u00f2ng K\u1ebf to\u00e1n: 0916 49 88 22<\/p>\n<p>Tell: 024 3995 0208 \/ 0916 35 88 22<\/p>\n<p>Gmail: <a href=\"mailto:toangiamayvanphong@gmail.com\">toangiamayvanphong@gmail.com<\/a><\/p>\n<p>Web: <u>https:\/\/toangiamayvanphong.vn\/<\/u><\/p>\n<p>&nbsp;<\/p>\n","protected":false},"featured_media":1849,"comment_status":"open","ping_status":"closed","template":"","meta":[],"product_brand":[],"product_cat":[158],"product_tag":[237],"class_list":{"0":"post-2339","1":"product","2":"type-product","3":"status-publish","4":"has-post-thumbnail","6":"product_cat-van-phong-pham","7":"product_tag-xo-xe","9":"first","10":"instock","11":"taxable","12":"shipping-taxable","13":"product-type-simple"},"_links":{"self":[{"href":"https:\/\/toangiamayvanphong.vn\/index.php?rest_route=\/wp\/v2\/product\/2339","targetHints":{"allow":["GET"]}}],"collection":[{"href":"https:\/\/toangiamayvanphong.vn\/index.php?rest_route=\/wp\/v2\/product"}],"about":[{"href":"https:\/\/toangiamayvanphong.vn\/index.php?rest_route=\/wp\/v2\/types\/product"}],"replies":[{"embeddable":true,"href":"https:\/\/toangiamayvanphong.vn\/index.php?rest_route=%2Fwp%2Fv2%2Fcomments&post=2339"}],"wp:featuredmedia":[{"embeddable":true,"href":"https:\/\/toangiamayvanphong.vn\/index.php?rest_route=\/wp\/v2\/media\/1849"}],"wp:attachment":[{"href":"https:\/\/toangiamayvanphong.vn\/index.php?rest_route=%2Fwp%2Fv2%2Fmedia&parent=2339"}],"wp:term":[{"taxonomy":"product_brand","embeddable":true,"href":"https:\/\/toangiamayvanphong.vn\/index.php?rest_route=%2Fwp%2Fv2%2Fproduct_brand&post=2339"},{"taxonomy":"product_cat","embeddable":true,"href":"https:\/\/toangiamayvanphong.vn\/index.php?rest_route=%2Fwp%2Fv2%2Fproduct_cat&post=2339"},{"taxonomy":"product_tag","embeddable":true,"href":"https:\/\/toangiamayvanphong.vn\/index.php?rest_route=%2Fwp%2Fv2%2Fproduct_tag&post=2339"}],"curies":[{"name":"wp","href":"https:\/\/api.w.org\/{rel}","templated":true}]}}