{"id":2340,"date":"2023-07-09T11:14:50","date_gmt":"2023-07-09T04:14:50","guid":{"rendered":"https:\/\/toangiamayvanphong.vn\/?post_type=product&#038;p=2340"},"modified":"2023-07-09T11:14:53","modified_gmt":"2023-07-09T04:14:53","slug":"but-gel-thien-long-gel-08-sunbeam","status":"publish","type":"product","link":"https:\/\/toangiamayvanphong.vn\/?product=but-gel-thien-long-gel-08-sunbeam","title":{"rendered":"B\u00fat Gel Thi\u00ean Long GEL-08 SUNBEAM"},"content":{"rendered":"<p><strong><span class=\"emoji-sizer emoji-outer \">?<\/span><span class=\"emoji-sizer emoji-outer \">?<\/span><span class=\"text\">?B\u00fat Gel Thi\u00ean Long GEL-08 SUNBEAM<\/span><\/strong><\/p>\n<p>\u2714\ufe0fB\u00fat c\u00f3 thi\u1ebft k\u1ebf hi\u1ec7n \u0111\u1ea1i, th\u00e2n tr\u00f2n, d\u00e0i r\u1ea5t ph\u00f9 h\u1ee3p v\u1edbi tay c\u1ea7m c\u1ee7a h\u1ecdc sinh, sinh vi\u00ean, nh\u00e2n vi\u00ean v\u0103n ph\u00f2ng.<\/p>\n<p>\u2714\ufe0fTh\u00e2n b\u00fat b\u1eb1ng nh\u1ef1a trong, t\u1ea3m c\u00f3 \u0111\u1ec7m m\u1ec1m (grip) gi\u00fap c\u1ea7m \u00eam tay v\u00e0 gi\u1ea3m tr\u01a1n tr\u1ee3t khi vi\u1ebft. M\u1ef1c m\u00e0u \u0111\u1eadm v\u00e0 t\u01b0\u01a1i s\u00e1ng, vi\u1ebft \u00eam tr\u01a1n, ra \u0111\u1ec1u v\u00e0 li\u00ean t\u1ee5c.<\/p>\n<p>\u2714\ufe0f\u0110\u1eb7c \u0111i\u1ec3m: \u0110\u1ea7u bi: 0.5mm, d\u1ea1ng needle, s\u1ea3n su\u1ea5t t\u1ea1i Th\u1ee5y S\u0129. B\u00fat \u0111\u1eady n\u1eafp, c\u00f3 Grip. \u0110\u1ed9 d\u00e0i vi\u1ebft \u0111\u01b0\u1ee3c: 500-1000m.<\/p>\n<p>\u2714\ufe0fM\u1ef1c \u0111\u1ea1t chu\u1ea9n: ASTM D-4236, EN71\/3.<\/p>\n<p>\u2714\ufe0fL\u1ee3i \u00edch: B\u00fat Gel-08 \u0111\u01b0\u1ee3c thi\u1ebft k\u1ebf thon, g\u1ecdn c\u00f3 Grip gi\u00fap c\u1ea7m tho\u1ea3i m\u00e1i v\u00e0 kh\u00f4ng b\u1ecb m\u1ecfi tay khi s\u1eed d\u1ee5ng l\u00e2u<\/p>\n<p>\u2714\ufe0fB\u1ea3o qu\u1ea3n: Nhi\u1ec7t \u0111\u1ed9: 10 ~ 55\u00ba C; \u0110\u1ed9 \u1ea9m: 55 ~ 95% RH; Tr\u00e1nh xa ngu\u1ed3n nhi\u1ec7t, d\u1ea7u m\u1ee1.<\/p>\n<p>***Tr\u00e2n Tr\u1ecdng***<\/p>\n<p>C\u00d4NG TY TNHH TM-DV \u0110\u1ea6U T\u01af &amp; PH\u00c1T TRI\u1ec2N C\u00d4NG NGH\u1ec6 TO\u00c0N GIA<\/p>\n<p>VPGD: ng\u00f5 88 ph\u1ed1 Gi\u00e1p Nh\u1ecb, Th\u1ecbnh Li\u1ec7t, Ho\u00e0ng Mai, H\u00e0 N\u1ed9i<\/p>\n<p>X\u01b0\u1edfng s\u1ea3n xu\u1ea5t: L\u1ea1c \u0110\u1ea1o, V\u0103n L\u00e2m, H\u01b0ng Y\u00ean<\/p>\n<p>M\u1ecdi nhu c\u1ea7u Li\u00ean h\u1ec7:<\/p>\n<p>???Hotline: 094 3030 117???<\/p>\n<p>Ph\u00f2ng Kinh doanh: 0918 92 55 22<\/p>\n<p>Ph\u00f2ng K\u1ef9 thu\u1eadt: 0918 26 55 22<\/p>\n<p>Ph\u00f2ng K\u1ebf to\u00e1n: 0916 49 88 22<\/p>\n<p>Tell: 024 3995 0208 \/ 0916 35 88 22<\/p>\n<p>Gmail: <a href=\"mailto:toangiamayvanphong@gmail.com\">toangiamayvanphong@gmail.com<\/a><\/p>\n<p>Web: <u>https:\/\/toangiamayvanphong.vn\/<\/u><\/p>\n","protected":false},"excerpt":{"rendered":"<p><strong><span class=\"emoji-sizer emoji-outer \">?<\/span><span class=\"emoji-sizer emoji-outer \">?<\/span><span class=\"text\">?B\u00fat Gel Thi\u00ean Long GEL-08 SUNBEAM<\/span><\/strong><\/p>\n<p>\u2714\ufe0fB\u00fat c\u00f3 thi\u1ebft k\u1ebf hi\u1ec7n \u0111\u1ea1i, th\u00e2n tr\u00f2n, d\u00e0i r\u1ea5t ph\u00f9 h\u1ee3p v\u1edbi tay c\u1ea7m c\u1ee7a h\u1ecdc sinh, sinh vi\u00ean, nh\u00e2n vi\u00ean v\u0103n ph\u00f2ng.<\/p>\n<p>\u2714\ufe0fTh\u00e2n b\u00fat b\u1eb1ng nh\u1ef1a trong, t\u1ea3m c\u00f3 \u0111\u1ec7m m\u1ec1m (grip) gi\u00fap c\u1ea7m \u00eam tay v\u00e0 gi\u1ea3m tr\u01a1n tr\u1ee3t khi vi\u1ebft. M\u1ef1c m\u00e0u \u0111\u1eadm v\u00e0 t\u01b0\u01a1i s\u00e1ng, vi\u1ebft \u00eam tr\u01a1n, ra \u0111\u1ec1u v\u00e0 li\u00ean t\u1ee5c.<\/p>\n<p>\u2714\ufe0f\u0110\u1eb7c \u0111i\u1ec3m: \u0110\u1ea7u bi: 0.5mm, d\u1ea1ng needle, s\u1ea3n su\u1ea5t t\u1ea1i Th\u1ee5y S\u0129. B\u00fat \u0111\u1eady n\u1eafp, c\u00f3 Grip. \u0110\u1ed9 d\u00e0i vi\u1ebft \u0111\u01b0\u1ee3c: 500-1000m.<\/p>\n<p>\u2714\ufe0fM\u1ef1c \u0111\u1ea1t chu\u1ea9n: ASTM D-4236, EN71\/3.<\/p>\n<p>\u2714\ufe0fL\u1ee3i \u00edch: B\u00fat Gel-08 \u0111\u01b0\u1ee3c thi\u1ebft k\u1ebf thon, g\u1ecdn c\u00f3 Grip gi\u00fap c\u1ea7m tho\u1ea3i m\u00e1i v\u00e0 kh\u00f4ng b\u1ecb m\u1ecfi tay khi s\u1eed d\u1ee5ng l\u00e2u<\/p>\n<p>\u2714\ufe0fB\u1ea3o qu\u1ea3n: Nhi\u1ec7t \u0111\u1ed9: 10 ~ 55\u00ba C; \u0110\u1ed9 \u1ea9m: 55 ~ 95% RH; Tr\u00e1nh xa ngu\u1ed3n nhi\u1ec7t, d\u1ea7u m\u1ee1.<\/p>\n<p>Th\u01b0\u01a1ng hi\u1ec7u:\u00a0 M\u1edaI 100%\u00a0 \u00a0 \u00a0 \u00a0 \u00a0 \u00a0 | T\u00ecnh tr\u1ea1ng : C\u00f2n h\u00e0ng<\/p>\n<p>Vui l\u00f2ng li\u00ean h\u1ec7 \u0111\u1ec3 l\u1ea5y gi\u00e1 g\u1ed1c v\u00e0 khuy\u1ebfn m\u1ea1i<\/p>\n<hr \/>\n<p>Sa\u0309n ph\u00e2\u0309m \u0111\u01b0\u01a1\u0323c ba\u0301n ta\u0323i :<\/p>\n<p>C\u00d4NG TY TNHH TM-DV \u0110\u1ea6U T\u01af &amp; PH\u00c1T TRI\u1ec2N C\u00d4NG NGH\u1ec6 TO\u00c0N GIA<\/p>\n<p>VPGD: ng\u00f5 88 ph\u1ed1 Gi\u00e1p Nh\u1ecb, Th\u1ecbnh Li\u1ec7t, Ho\u00e0ng Mai, H\u00e0 N\u1ed9i<\/p>\n<p>X\u01b0\u1edfng s\u1ea3n xu\u1ea5t: L\u1ea1c \u0110\u1ea1o, V\u0103n L\u00e2m, H\u01b0ng Y\u00ean<\/p>\n<p>M\u1ecdi nhu c\u1ea7u Li\u00ean h\u1ec7:<\/p>\n<p><span style=\"color: #ff0000;\">???Hotline: 094 3030 117???<\/span><\/p>\n<p>Ph\u00f2ng Kinh doanh: 0918 92 55 22<\/p>\n<p>Ph\u00f2ng K\u1ef9 thu\u1eadt: 0918 26 55 22<\/p>\n<p>Ph\u00f2ng K\u1ebf to\u00e1n: 0916 49 88 22<\/p>\n<p>Tell: 024 3995 0208 \/ 0916 35 88 22<\/p>\n<p>Gmail: <a href=\"mailto:toangiamayvanphong@gmail.com\">toangiamayvanphong@gmail.com<\/a><\/p>\n<p>Web: <u>https:\/\/toangiamayvanphong.vn\/<\/u><\/p>\n<p>&nbsp;<\/p>\n","protected":false},"featured_media":1850,"comment_status":"open","ping_status":"closed","template":"","meta":[],"product_brand":[],"product_cat":[158],"product_tag":[204,238],"class_list":{"0":"post-2340","1":"product","2":"type-product","3":"status-publish","4":"has-post-thumbnail","6":"product_cat-van-phong-pham","7":"product_tag-but-bi","8":"product_tag-but-nuoc","10":"first","11":"instock","12":"taxable","13":"shipping-taxable","14":"product-type-simple"},"_links":{"self":[{"href":"https:\/\/toangiamayvanphong.vn\/index.php?rest_route=\/wp\/v2\/product\/2340","targetHints":{"allow":["GET"]}}],"collection":[{"href":"https:\/\/toangiamayvanphong.vn\/index.php?rest_route=\/wp\/v2\/product"}],"about":[{"href":"https:\/\/toangiamayvanphong.vn\/index.php?rest_route=\/wp\/v2\/types\/product"}],"replies":[{"embeddable":true,"href":"https:\/\/toangiamayvanphong.vn\/index.php?rest_route=%2Fwp%2Fv2%2Fcomments&post=2340"}],"wp:featuredmedia":[{"embeddable":true,"href":"https:\/\/toangiamayvanphong.vn\/index.php?rest_route=\/wp\/v2\/media\/1850"}],"wp:attachment":[{"href":"https:\/\/toangiamayvanphong.vn\/index.php?rest_route=%2Fwp%2Fv2%2Fmedia&parent=2340"}],"wp:term":[{"taxonomy":"product_brand","embeddable":true,"href":"https:\/\/toangiamayvanphong.vn\/index.php?rest_route=%2Fwp%2Fv2%2Fproduct_brand&post=2340"},{"taxonomy":"product_cat","embeddable":true,"href":"https:\/\/toangiamayvanphong.vn\/index.php?rest_route=%2Fwp%2Fv2%2Fproduct_cat&post=2340"},{"taxonomy":"product_tag","embeddable":true,"href":"https:\/\/toangiamayvanphong.vn\/index.php?rest_route=%2Fwp%2Fv2%2Fproduct_tag&post=2340"}],"curies":[{"name":"wp","href":"https:\/\/api.w.org\/{rel}","templated":true}]}}