{"id":2341,"date":"2023-07-09T11:14:50","date_gmt":"2023-07-09T04:14:50","guid":{"rendered":"https:\/\/toangiamayvanphong.vn\/?post_type=product&#038;p=2341"},"modified":"2023-07-09T11:14:53","modified_gmt":"2023-07-09T04:14:53","slug":"cap-xop-chun-a4","status":"publish","type":"product","link":"https:\/\/toangiamayvanphong.vn\/?product=cap-xop-chun-a4","title":{"rendered":"C\u1eb7p x\u1ed1p chun A4"},"content":{"rendered":"<p><strong><span class=\"emoji-sizer emoji-outer \">?<\/span><span class=\"emoji-sizer emoji-outer \">?<\/span><span class=\"text\">?C\u1eb7p x\u1ed1p chun A4<\/span><\/strong><\/p>\n<p>Ch\u1ea5t li\u1ec7u b\u1ec1n \u0111\u1eb9p, thi\u1ebft k\u1ebf ti\u1ec7n d\u1ee5ng C\u1eb7p x\u1ed1p c\u00f3 chun GuangBo A9161 c\u1ee1 A4 33 x 24 x 3 cm l\u00e0 s\u1ea3n ph\u1ea9m c\u1ea7n thi\u1ebft d\u00e0nh cho h\u1ecdc sinh, sinh vi\u00ean v\u00e0 nh\u00e2n vi\u00ean v\u0103n ph\u00f2ng.<\/p>\n<p>C\u1eb7p \u0111\u01b0\u1ee3c l\u00e0m t\u1eeb nh\u1ef1a PP c\u00f3 \u0111\u1ed9 b\u1ec1n, \u0111\u1ed9 d\u1ebbo dai cao, an to\u00e0n cho s\u1ee9c kh\u1ecfe ng\u01b0\u1eddi s\u1eed d\u1ee5ng.<\/p>\n<p>D\u00e2y chun ch\u1eafc ch\u1eafn, d\u1ec5 d\u00e0ng \u0111\u00f3ng m\u1edf c\u1eb7p, gi\u00fap b\u1ea1n b\u1ea3o qu\u1ea3n h\u1ed3 s\u01a1, gi\u1ea5y t\u1edd v\u00e0 t\u00e0i li\u1ec7u d\u1ec5 d\u00e0ng, ti\u1ec7n l\u1ee3i.<\/p>\n<p>Ki\u1ec3u d\u00e1ng, m\u00e0u s\u1eafc tr\u1ebb trung S\u1ea3n ph\u1ea9m c\u00f3 k\u00edch c\u1ee1 33 x 24 x 3 cm, th\u00edch h\u1ee3p \u0111\u1ec3 \u0111\u1ef1ng t\u00e0i li\u1ec7u kh\u1ed5 gi\u1ea5y A4 &#8211; kh\u1ed5 gi\u1ea5y ph\u1ed5 bi\u1ebfn c\u1ee7a \u0111a s\u1ed1 c\u00e1c lo\u1ea1i gi\u1ea5y t\u1edd hi\u1ec7n nay.<\/p>\n<p>C\u1eb7p \u0111\u1ef1ng h\u1ed3 s\u01a1 A4 GuangBo c\u00f3 m\u00e0u s\u1eafc tr\u1ebb trung, n\u1ed5i b\u1eadt. S\u1ea3n ph\u1ea9m gi\u00fap b\u1ea1n \u0111\u1ef1ng h\u1ed3 s\u01a1, gi\u1ea5y t\u1edd kh\u00f4ng b\u1ecb nh\u0103n, nh\u00e0u hay th\u1ea5t l\u1ea1c, t\u1ea1o kh\u00f4ng gian v\u00e0 t\u00e1c phong l\u00e0m vi\u1ec7c chuy\u00ean nghi\u1ec7p, ng\u0103n n\u1eafp, g\u1ecdn g\u00e0ng.<\/p>\n<p>***Tr\u00e2n Tr\u1ecdng***<\/p>\n<p>C\u00d4NG TY TNHH TM-DV \u0110\u1ea6U T\u01af &amp; PH\u00c1T TRI\u1ec2N C\u00d4NG NGH\u1ec6 TO\u00c0N GIA<\/p>\n<p>VPGD: ng\u00f5 88 ph\u1ed1 Gi\u00e1p Nh\u1ecb, Th\u1ecbnh Li\u1ec7t, Ho\u00e0ng Mai, H\u00e0 N\u1ed9i<\/p>\n<p>X\u01b0\u1edfng s\u1ea3n xu\u1ea5t: L\u1ea1c \u0110\u1ea1o, V\u0103n L\u00e2m, H\u01b0ng Y\u00ean<\/p>\n<p>M\u1ecdi nhu c\u1ea7u Li\u00ean h\u1ec7:<\/p>\n<p>???Hotline: 094 3030 117???<\/p>\n<p>Ph\u00f2ng Kinh doanh: 0918 92 55 22<\/p>\n<p>Ph\u00f2ng K\u1ef9 thu\u1eadt: 0918 26 55 22<\/p>\n<p>Ph\u00f2ng K\u1ebf to\u00e1n: 0916 49 88 22<\/p>\n<p>Tell: 024 3995 0208 \/ 0916 35 88 22<\/p>\n<p>Gmail: <a href=\"mailto:toangiamayvanphong@gmail.com\">toangiamayvanphong@gmail.com<\/a><\/p>\n<p>Web: <u>https:\/\/toangiamayvanphong.vn\/<\/u><\/p>\n","protected":false},"excerpt":{"rendered":"<p><strong><span class=\"emoji-sizer emoji-outer \">?<\/span><span class=\"emoji-sizer emoji-outer \">?<\/span><span class=\"text\">?C\u1eb7p x\u1ed1p chun A4<\/span><\/strong><\/p>\n<p>Ch\u1ea5t li\u1ec7u b\u1ec1n \u0111\u1eb9p, thi\u1ebft k\u1ebf ti\u1ec7n d\u1ee5ng C\u1eb7p x\u1ed1p c\u00f3 chun GuangBo A9161 c\u1ee1 A4 33 x 24 x 3 cm l\u00e0 s\u1ea3n ph\u1ea9m c\u1ea7n thi\u1ebft d\u00e0nh cho h\u1ecdc sinh, sinh vi\u00ean v\u00e0 nh\u00e2n vi\u00ean v\u0103n ph\u00f2ng.<\/p>\n<p>C\u1eb7p \u0111\u01b0\u1ee3c l\u00e0m t\u1eeb nh\u1ef1a PP c\u00f3 \u0111\u1ed9 b\u1ec1n, \u0111\u1ed9 d\u1ebbo dai cao, an to\u00e0n cho s\u1ee9c kh\u1ecfe ng\u01b0\u1eddi s\u1eed d\u1ee5ng.<\/p>\n<p>D\u00e2y chun ch\u1eafc ch\u1eafn, d\u1ec5 d\u00e0ng \u0111\u00f3ng m\u1edf c\u1eb7p, gi\u00fap b\u1ea1n b\u1ea3o qu\u1ea3n h\u1ed3 s\u01a1, gi\u1ea5y t\u1edd v\u00e0 t\u00e0i li\u1ec7u d\u1ec5 d\u00e0ng, ti\u1ec7n l\u1ee3i.<\/p>\n<p>Ki\u1ec3u d\u00e1ng, m\u00e0u s\u1eafc tr\u1ebb trung S\u1ea3n ph\u1ea9m c\u00f3 k\u00edch c\u1ee1 33 x 24 x 3 cm, th\u00edch h\u1ee3p \u0111\u1ec3 \u0111\u1ef1ng t\u00e0i li\u1ec7u kh\u1ed5 gi\u1ea5y A4 &#8211; kh\u1ed5 gi\u1ea5y ph\u1ed5 bi\u1ebfn c\u1ee7a \u0111a s\u1ed1 c\u00e1c lo\u1ea1i gi\u1ea5y t\u1edd hi\u1ec7n nay.<\/p>\n<p>C\u1eb7p \u0111\u1ef1ng h\u1ed3 s\u01a1 A4 GuangBo c\u00f3 m\u00e0u s\u1eafc tr\u1ebb trung, n\u1ed5i b\u1eadt. S\u1ea3n ph\u1ea9m gi\u00fap b\u1ea1n \u0111\u1ef1ng h\u1ed3 s\u01a1, gi\u1ea5y t\u1edd kh\u00f4ng b\u1ecb nh\u0103n, nh\u00e0u hay th\u1ea5t l\u1ea1c, t\u1ea1o kh\u00f4ng gian v\u00e0 t\u00e1c phong l\u00e0m vi\u1ec7c chuy\u00ean nghi\u1ec7p, ng\u0103n n\u1eafp, g\u1ecdn g\u00e0ng.<\/p>\n<p>Th\u01b0\u01a1ng hi\u1ec7u:\u00a0 M\u1edaI 100%\u00a0 \u00a0 \u00a0 \u00a0 \u00a0 \u00a0 | T\u00ecnh tr\u1ea1ng : C\u00f2n h\u00e0ng<\/p>\n<p>Vui l\u00f2ng li\u00ean h\u1ec7 \u0111\u1ec3 l\u1ea5y gi\u00e1 g\u1ed1c v\u00e0 khuy\u1ebfn m\u1ea1i<\/p>\n<hr \/>\n<p>Sa\u0309n ph\u00e2\u0309m \u0111\u01b0\u01a1\u0323c ba\u0301n ta\u0323i :<\/p>\n<p>C\u00d4NG TY TNHH TM-DV \u0110\u1ea6U T\u01af &amp; PH\u00c1T TRI\u1ec2N C\u00d4NG NGH\u1ec6 TO\u00c0N GIA<\/p>\n<p>VPGD: ng\u00f5 88 ph\u1ed1 Gi\u00e1p Nh\u1ecb, Th\u1ecbnh Li\u1ec7t, Ho\u00e0ng Mai, H\u00e0 N\u1ed9i<\/p>\n<p>X\u01b0\u1edfng s\u1ea3n xu\u1ea5t: L\u1ea1c \u0110\u1ea1o, V\u0103n L\u00e2m, H\u01b0ng Y\u00ean<\/p>\n<p>M\u1ecdi nhu c\u1ea7u Li\u00ean h\u1ec7:<\/p>\n<p><span style=\"color: #ff0000;\">???Hotline: 094 3030 117???<\/span><\/p>\n<p>Ph\u00f2ng Kinh doanh: 0918 92 55 22<\/p>\n<p>Ph\u00f2ng K\u1ef9 thu\u1eadt: 0918 26 55 22<\/p>\n<p>Ph\u00f2ng K\u1ebf to\u00e1n: 0916 49 88 22<\/p>\n<p>Tell: 024 3995 0208 \/ 0916 35 88 22<\/p>\n<p>Gmail: <a href=\"mailto:toangiamayvanphong@gmail.com\">toangiamayvanphong@gmail.com<\/a><\/p>\n<p>Web: <u>https:\/\/toangiamayvanphong.vn\/<\/u><\/p>\n<p>&nbsp;<\/p>\n","protected":false},"featured_media":1851,"comment_status":"open","ping_status":"closed","template":"","meta":[],"product_brand":[],"product_cat":[158],"product_tag":[239,240],"class_list":{"0":"post-2341","1":"product","2":"type-product","3":"status-publish","4":"has-post-thumbnail","6":"product_cat-van-phong-pham","7":"product_tag-cap-nhieu-ngan","8":"product_tag-cap-xop","10":"first","11":"instock","12":"taxable","13":"shipping-taxable","14":"product-type-simple"},"_links":{"self":[{"href":"https:\/\/toangiamayvanphong.vn\/index.php?rest_route=\/wp\/v2\/product\/2341","targetHints":{"allow":["GET"]}}],"collection":[{"href":"https:\/\/toangiamayvanphong.vn\/index.php?rest_route=\/wp\/v2\/product"}],"about":[{"href":"https:\/\/toangiamayvanphong.vn\/index.php?rest_route=\/wp\/v2\/types\/product"}],"replies":[{"embeddable":true,"href":"https:\/\/toangiamayvanphong.vn\/index.php?rest_route=%2Fwp%2Fv2%2Fcomments&post=2341"}],"wp:featuredmedia":[{"embeddable":true,"href":"https:\/\/toangiamayvanphong.vn\/index.php?rest_route=\/wp\/v2\/media\/1851"}],"wp:attachment":[{"href":"https:\/\/toangiamayvanphong.vn\/index.php?rest_route=%2Fwp%2Fv2%2Fmedia&parent=2341"}],"wp:term":[{"taxonomy":"product_brand","embeddable":true,"href":"https:\/\/toangiamayvanphong.vn\/index.php?rest_route=%2Fwp%2Fv2%2Fproduct_brand&post=2341"},{"taxonomy":"product_cat","embeddable":true,"href":"https:\/\/toangiamayvanphong.vn\/index.php?rest_route=%2Fwp%2Fv2%2Fproduct_cat&post=2341"},{"taxonomy":"product_tag","embeddable":true,"href":"https:\/\/toangiamayvanphong.vn\/index.php?rest_route=%2Fwp%2Fv2%2Fproduct_tag&post=2341"}],"curies":[{"name":"wp","href":"https:\/\/api.w.org\/{rel}","templated":true}]}}