{"id":2342,"date":"2023-07-09T11:14:51","date_gmt":"2023-07-09T04:14:51","guid":{"rendered":"https:\/\/toangiamayvanphong.vn\/?post_type=product&#038;p=2342"},"modified":"2023-07-09T11:14:53","modified_gmt":"2023-07-09T04:14:53","slug":"dao-roc-giay-lon-sdi-0423","status":"publish","type":"product","link":"https:\/\/toangiamayvanphong.vn\/?product=dao-roc-giay-lon-sdi-0423","title":{"rendered":"Dao r\u1ecdc gi\u1ea5y l\u1edbn SDI 0423"},"content":{"rendered":"<p><strong><span class=\"emoji-sizer emoji-outer \">?<\/span><span class=\"emoji-sizer emoji-outer \">?<\/span><span class=\"text\">?Dao r\u1ecdc gi\u1ea5y l\u1edbn SDI 0423<\/span><\/strong><\/p>\n<p>-Dao r\u1ecdc gi\u1ea5y l\u1edbn SDI 0423 l\u00e0 lo\u1ea1i dao r\u1ecdc gi\u1ea5y l\u1edbn v\u1edbi k\u00edch c\u1ee1 l\u01b0\u1ee1i 18mm r\u1ea5t ph\u1ed5 bi\u1ec3n trong v\u0103n ph\u00f2ng c\u00f4ng ty.<\/p>\n<p>&#8211; \u0110\u01b0\u1ee3c tin d\u00f9ng ng\u00e0y c\u00e0ng nhi\u1ec1u trong m\u00f4i tr\u01b0\u1eddng v\u0103n ph\u00f2ng. Thi\u1ebft k\u1ebf nh\u1ecf g\u1ecdn, l\u01b0\u1ee1i dao s\u0103\u0301c be\u0301n, v\u1ecf b\u1ecdc b\u1eb1ng nh\u1ef1a c\u1ee9ng c\u00f3 \u0111\u00f4\u0323 b\u00ea\u0300n hoa\u0300n ha\u0309o gi\u00fap cho thao t\u00e1c c\u1eaft gi\u1ea5y nhanh ch\u00f3ng v\u00e0 d\u1ec5 d\u00e0ng h\u01a1n.<\/p>\n<p>&#8211; L\u01b0\u1ee1i dao n\u00e0y d\u1ec5 d\u00e0ng s\u1eed d\u1ee5ng c\u0169ng nh\u01b0 b\u1ea3o qu\u1ea3n, \u0111\u1ea3m b\u1ea3o t\u00ednh an to\u00e0n tuy\u1ec7t \u0111\u1ed1i khi s\u1eed d\u1ee5ng. C\u00f3 2 l\u01b0\u1ee1i dao d\u1ef1 ph\u00f2ng, t\u1ed5ng c\u1ed9ng s\u1ea3n ph\u1ea9m c\u00f3 3 l\u01b0\u1ee1i dao.<\/p>\n<p>-Ch\u1ea5t l\u01b0\u1ee3ng: l\u01b0\u1ee1i dao h\u1ee3p kim s\u1eaft b\u1ec1n ch\u1eafc, tay c\u1ea7m nh\u1ef1a g\u1ecdn nh\u1eb9.<\/p>\n<p>***Tr\u00e2n Tr\u1ecdng***<\/p>\n<p>C\u00d4NG TY TNHH TM-DV \u0110\u1ea6U T\u01af &amp; PH\u00c1T TRI\u1ec2N C\u00d4NG NGH\u1ec6 TO\u00c0N GIA<\/p>\n<p>VPGD: ng\u00f5 88 ph\u1ed1 Gi\u00e1p Nh\u1ecb, Th\u1ecbnh Li\u1ec7t, Ho\u00e0ng Mai, H\u00e0 N\u1ed9i<\/p>\n<p>X\u01b0\u1edfng s\u1ea3n xu\u1ea5t: L\u1ea1c \u0110\u1ea1o, V\u0103n L\u00e2m, H\u01b0ng Y\u00ean<\/p>\n<p>M\u1ecdi nhu c\u1ea7u Li\u00ean h\u1ec7:<\/p>\n<p>???Hotline: 094 3030 117???<\/p>\n<p>Ph\u00f2ng Kinh doanh: 0918 92 55 22<\/p>\n<p>Ph\u00f2ng K\u1ef9 thu\u1eadt: 0918 26 55 22<\/p>\n<p>Ph\u00f2ng K\u1ebf to\u00e1n: 0916 49 88 22<\/p>\n<p>Tell: 024 3995 0208 \/ 0916 35 88 22<\/p>\n<p>Gmail: <a href=\"mailto:toangiamayvanphong@gmail.com\">toangiamayvanphong@gmail.com<\/a><\/p>\n<p>Web: <u>https:\/\/toangiamayvanphong.vn\/<\/u><\/p>\n","protected":false},"excerpt":{"rendered":"<p><strong><span class=\"emoji-sizer emoji-outer \">?<\/span><span class=\"emoji-sizer emoji-outer \">?<\/span><span class=\"text\">?Dao r\u1ecdc gi\u1ea5y l\u1edbn SDI 0423<\/span><\/strong><\/p>\n<p>-Dao r\u1ecdc gi\u1ea5y l\u1edbn SDI 0423 l\u00e0 lo\u1ea1i dao r\u1ecdc gi\u1ea5y l\u1edbn v\u1edbi k\u00edch c\u1ee1 l\u01b0\u1ee1i 18mm r\u1ea5t ph\u1ed5 bi\u1ec3n trong v\u0103n ph\u00f2ng c\u00f4ng ty.<\/p>\n<p>&#8211; \u0110\u01b0\u1ee3c tin d\u00f9ng ng\u00e0y c\u00e0ng nhi\u1ec1u trong m\u00f4i tr\u01b0\u1eddng v\u0103n ph\u00f2ng. Thi\u1ebft k\u1ebf nh\u1ecf g\u1ecdn, l\u01b0\u1ee1i dao s\u0103\u0301c be\u0301n, v\u1ecf b\u1ecdc b\u1eb1ng nh\u1ef1a c\u1ee9ng c\u00f3 \u0111\u00f4\u0323 b\u00ea\u0300n hoa\u0300n ha\u0309o gi\u00fap cho thao t\u00e1c c\u1eaft gi\u1ea5y nhanh ch\u00f3ng v\u00e0 d\u1ec5 d\u00e0ng h\u01a1n.<\/p>\n<p>&#8211; L\u01b0\u1ee1i dao n\u00e0y d\u1ec5 d\u00e0ng s\u1eed d\u1ee5ng c\u0169ng nh\u01b0 b\u1ea3o qu\u1ea3n, \u0111\u1ea3m b\u1ea3o t\u00ednh an to\u00e0n tuy\u1ec7t \u0111\u1ed1i khi s\u1eed d\u1ee5ng. C\u00f3 2 l\u01b0\u1ee1i dao d\u1ef1 ph\u00f2ng, t\u1ed5ng c\u1ed9ng s\u1ea3n ph\u1ea9m c\u00f3 3 l\u01b0\u1ee1i dao.<\/p>\n<p>-Ch\u1ea5t l\u01b0\u1ee3ng: l\u01b0\u1ee1i dao h\u1ee3p kim s\u1eaft b\u1ec1n ch\u1eafc, tay c\u1ea7m nh\u1ef1a g\u1ecdn nh\u1eb9.<\/p>\n<p>Th\u01b0\u01a1ng hi\u1ec7u:\u00a0 M\u1edaI 100%\u00a0 \u00a0 \u00a0 \u00a0 \u00a0 \u00a0 | T\u00ecnh tr\u1ea1ng : C\u00f2n h\u00e0ng<\/p>\n<p>Vui l\u00f2ng li\u00ean h\u1ec7 \u0111\u1ec3 l\u1ea5y gi\u00e1 g\u1ed1c v\u00e0 khuy\u1ebfn m\u1ea1i<\/p>\n<hr \/>\n<p>Sa\u0309n ph\u00e2\u0309m \u0111\u01b0\u01a1\u0323c ba\u0301n ta\u0323i :<\/p>\n<p>C\u00d4NG TY TNHH TM-DV \u0110\u1ea6U T\u01af &amp; PH\u00c1T TRI\u1ec2N C\u00d4NG NGH\u1ec6 TO\u00c0N GIA<\/p>\n<p>VPGD: ng\u00f5 88 ph\u1ed1 Gi\u00e1p Nh\u1ecb, Th\u1ecbnh Li\u1ec7t, Ho\u00e0ng Mai, H\u00e0 N\u1ed9i<\/p>\n<p>X\u01b0\u1edfng s\u1ea3n xu\u1ea5t: L\u1ea1c \u0110\u1ea1o, V\u0103n L\u00e2m, H\u01b0ng Y\u00ean<\/p>\n<p>M\u1ecdi nhu c\u1ea7u Li\u00ean h\u1ec7:<\/p>\n<p><span style=\"color: #ff0000;\">???Hotline: 094 3030 117???<\/span><\/p>\n<p>Ph\u00f2ng Kinh doanh: 0918 92 55 22<\/p>\n<p>Ph\u00f2ng K\u1ef9 thu\u1eadt: 0918 26 55 22<\/p>\n<p>Ph\u00f2ng K\u1ebf to\u00e1n: 0916 49 88 22<\/p>\n<p>Tell: 024 3995 0208 \/ 0916 35 88 22<\/p>\n<p>Gmail: <a href=\"mailto:toangiamayvanphong@gmail.com\">toangiamayvanphong@gmail.com<\/a><\/p>\n<p>Web: <u>https:\/\/toangiamayvanphong.vn\/<\/u><\/p>\n<p>&nbsp;<\/p>\n","protected":false},"featured_media":1852,"comment_status":"open","ping_status":"closed","template":"","meta":[],"product_brand":[],"product_cat":[158],"product_tag":[241,242],"class_list":{"0":"post-2342","1":"product","2":"type-product","3":"status-publish","4":"has-post-thumbnail","6":"product_cat-van-phong-pham","7":"product_tag-dao-doc-giay","8":"product_tag-dao-tro","10":"first","11":"instock","12":"taxable","13":"shipping-taxable","14":"product-type-simple"},"_links":{"self":[{"href":"https:\/\/toangiamayvanphong.vn\/index.php?rest_route=\/wp\/v2\/product\/2342","targetHints":{"allow":["GET"]}}],"collection":[{"href":"https:\/\/toangiamayvanphong.vn\/index.php?rest_route=\/wp\/v2\/product"}],"about":[{"href":"https:\/\/toangiamayvanphong.vn\/index.php?rest_route=\/wp\/v2\/types\/product"}],"replies":[{"embeddable":true,"href":"https:\/\/toangiamayvanphong.vn\/index.php?rest_route=%2Fwp%2Fv2%2Fcomments&post=2342"}],"wp:featuredmedia":[{"embeddable":true,"href":"https:\/\/toangiamayvanphong.vn\/index.php?rest_route=\/wp\/v2\/media\/1852"}],"wp:attachment":[{"href":"https:\/\/toangiamayvanphong.vn\/index.php?rest_route=%2Fwp%2Fv2%2Fmedia&parent=2342"}],"wp:term":[{"taxonomy":"product_brand","embeddable":true,"href":"https:\/\/toangiamayvanphong.vn\/index.php?rest_route=%2Fwp%2Fv2%2Fproduct_brand&post=2342"},{"taxonomy":"product_cat","embeddable":true,"href":"https:\/\/toangiamayvanphong.vn\/index.php?rest_route=%2Fwp%2Fv2%2Fproduct_cat&post=2342"},{"taxonomy":"product_tag","embeddable":true,"href":"https:\/\/toangiamayvanphong.vn\/index.php?rest_route=%2Fwp%2Fv2%2Fproduct_tag&post=2342"}],"curies":[{"name":"wp","href":"https:\/\/api.w.org\/{rel}","templated":true}]}}