{"id":2343,"date":"2023-07-09T11:14:51","date_gmt":"2023-07-09T04:14:51","guid":{"rendered":"https:\/\/toangiamayvanphong.vn\/?post_type=product&#038;p=2343"},"modified":"2023-07-09T11:14:53","modified_gmt":"2023-07-09T04:14:53","slug":"file-la-file-goc-file-ho-2-canh-double-ap","status":"publish","type":"product","link":"https:\/\/toangiamayvanphong.vn\/?product=file-la-file-goc-file-ho-2-canh-double-ap","title":{"rendered":"File l\u00e1 (file g\u00f3c, file h\u1edf 2 c\u1ea1nh) Double Ap)"},"content":{"rendered":"<p><strong><span class=\"emoji-sizer emoji-outer \">?<\/span><span class=\"emoji-sizer emoji-outer \">?<\/span><span class=\"text\">?File l\u00e1 (file g\u00f3c, file h\u1edf 2 c\u1ea1nh) Double A<\/span><\/strong><\/p>\n<p>-V\u1edbi thi\u1ebft k\u1ebf h\u1edf 2 c\u1ea1nh, thao t\u00e1c l\u1ea5y t\u00e0i li\u1ec7u ra, c\u1ea5t v\u00e0o s\u1ebd tr\u1edf n\u00ean \u0111\u01a1n gi\u1ea3n, nhanh ch\u00f3ng h\u01a1n bao gi\u1edd h\u1ebft.<\/p>\n<p>-Ngo\u00e0i ra, thi\u1ebft k\u1ebf n\u00e0y c\u00f2n gi\u00fap b\u1ea3o v\u1ec7 t\u00e0i li\u1ec7u t\u1ed1i \u01b0u.<\/p>\n<p>-File h\u1edf 2 c\u1ea1nh Double A m\u00e0u tr\u1eafng trong gi\u00fap ng\u01b0\u1eddi d\u00f9ng quan s\u00e1t gi\u1ea5y t\u1edd, h\u1ed3 s\u01a1 b\u00ean trong d\u1ec5 d\u00e0ng, ti\u1ec7n l\u1ee3i khi t\u00ecm ki\u1ebfm.<\/p>\n<p>-Thi\u1ebft k\u1ebf kh\u1ed5 A4 ph\u00f9 h\u1ee3p v\u1edbi \u0111a s\u1ed1 c\u00e1c lo\u1ea1i t\u00e0i li\u1ec7u hi\u1ec7n nay.<\/p>\n<p>***Tr\u00e2n Tr\u1ecdng***<\/p>\n<p>C\u00d4NG TY TNHH TM-DV \u0110\u1ea6U T\u01af &amp; PH\u00c1T TRI\u1ec2N C\u00d4NG NGH\u1ec6 TO\u00c0N GIA<\/p>\n<p>VPGD: ng\u00f5 88 ph\u1ed1 Gi\u00e1p Nh\u1ecb, Th\u1ecbnh Li\u1ec7t, Ho\u00e0ng Mai, H\u00e0 N\u1ed9i<\/p>\n<p>X\u01b0\u1edfng s\u1ea3n xu\u1ea5t: L\u1ea1c \u0110\u1ea1o, V\u0103n L\u00e2m, H\u01b0ng Y\u00ean<\/p>\n<p>M\u1ecdi nhu c\u1ea7u Li\u00ean h\u1ec7:<\/p>\n<p>???Hotline: 094 3030 117???<\/p>\n<p>Ph\u00f2ng Kinh doanh: 0918 92 55 22<\/p>\n<p>Ph\u00f2ng K\u1ef9 thu\u1eadt: 0918 26 55 22<\/p>\n<p>Ph\u00f2ng K\u1ebf to\u00e1n: 0916 49 88 22<\/p>\n<p>Tell: 024 3995 0208 \/ 0916 35 88 22<\/p>\n<p>Gmail: <a href=\"mailto:toangiamayvanphong@gmail.com\">toangiamayvanphong@gmail.com<\/a><\/p>\n<p>Web: <u>https:\/\/toangiamayvanphong.vn\/<\/u><\/p>\n","protected":false},"excerpt":{"rendered":"<p><strong><span class=\"emoji-sizer emoji-outer \">?<\/span><span class=\"emoji-sizer emoji-outer \">?<\/span><span class=\"text\">?File l\u00e1 (file g\u00f3c, file h\u1edf 2 c\u1ea1nh) Double A<\/span><\/strong><\/p>\n<p>-V\u1edbi thi\u1ebft k\u1ebf h\u1edf 2 c\u1ea1nh, thao t\u00e1c l\u1ea5y t\u00e0i li\u1ec7u ra, c\u1ea5t v\u00e0o s\u1ebd tr\u1edf n\u00ean \u0111\u01a1n gi\u1ea3n, nhanh ch\u00f3ng h\u01a1n bao gi\u1edd h\u1ebft.<\/p>\n<p>-Ngo\u00e0i ra, thi\u1ebft k\u1ebf n\u00e0y c\u00f2n gi\u00fap b\u1ea3o v\u1ec7 t\u00e0i li\u1ec7u t\u1ed1i \u01b0u.<\/p>\n<p>-File h\u1edf 2 c\u1ea1nh Double A m\u00e0u tr\u1eafng trong gi\u00fap ng\u01b0\u1eddi d\u00f9ng quan s\u00e1t gi\u1ea5y t\u1edd, h\u1ed3 s\u01a1 b\u00ean trong d\u1ec5 d\u00e0ng, ti\u1ec7n l\u1ee3i khi t\u00ecm ki\u1ebfm.<\/p>\n<p>-Thi\u1ebft k\u1ebf kh\u1ed5 A4 ph\u00f9 h\u1ee3p v\u1edbi \u0111a s\u1ed1 c\u00e1c lo\u1ea1i t\u00e0i li\u1ec7u hi\u1ec7n nay.<\/p>\n<p>Th\u01b0\u01a1ng hi\u1ec7u:\u00a0 M\u1edaI 100%\u00a0 \u00a0 \u00a0 \u00a0 \u00a0 \u00a0 | T\u00ecnh tr\u1ea1ng : C\u00f2n h\u00e0ng<\/p>\n<p>Vui l\u00f2ng li\u00ean h\u1ec7 \u0111\u1ec3 l\u1ea5y gi\u00e1 g\u1ed1c v\u00e0 khuy\u1ebfn m\u1ea1i<\/p>\n<hr \/>\n<p>Sa\u0309n ph\u00e2\u0309m \u0111\u01b0\u01a1\u0323c ba\u0301n ta\u0323i :<\/p>\n<p>C\u00d4NG TY TNHH TM-DV \u0110\u1ea6U T\u01af &amp; PH\u00c1T TRI\u1ec2N C\u00d4NG NGH\u1ec6 TO\u00c0N GIA<\/p>\n<p>VPGD: ng\u00f5 88 ph\u1ed1 Gi\u00e1p Nh\u1ecb, Th\u1ecbnh Li\u1ec7t, Ho\u00e0ng Mai, H\u00e0 N\u1ed9i<\/p>\n<p>X\u01b0\u1edfng s\u1ea3n xu\u1ea5t: L\u1ea1c \u0110\u1ea1o, V\u0103n L\u00e2m, H\u01b0ng Y\u00ean<\/p>\n<p>M\u1ecdi nhu c\u1ea7u Li\u00ean h\u1ec7:<\/p>\n<p><span style=\"color: #ff0000;\">???Hotline: 094 3030 117???<\/span><\/p>\n<p>Ph\u00f2ng Kinh doanh: 0918 92 55 22<\/p>\n<p>Ph\u00f2ng K\u1ef9 thu\u1eadt: 0918 26 55 22<\/p>\n<p>Ph\u00f2ng K\u1ebf to\u00e1n: 0916 49 88 22<\/p>\n<p>Tell: 024 3995 0208 \/ 0916 35 88 22<\/p>\n<p>Gmail: <a href=\"mailto:toangiamayvanphong@gmail.com\">toangiamayvanphong@gmail.com<\/a><\/p>\n<p>Web: <u>https:\/\/toangiamayvanphong.vn\/<\/u><\/p>\n<p>&nbsp;<\/p>\n","protected":false},"featured_media":1853,"comment_status":"open","ping_status":"closed","template":"","meta":[],"product_brand":[],"product_cat":[158],"product_tag":[243,244],"class_list":{"0":"post-2343","1":"product","2":"type-product","3":"status-publish","4":"has-post-thumbnail","6":"product_cat-van-phong-pham","7":"product_tag-file-ho-2-canh","8":"product_tag-file-la","10":"first","11":"instock","12":"taxable","13":"shipping-taxable","14":"product-type-simple"},"_links":{"self":[{"href":"https:\/\/toangiamayvanphong.vn\/index.php?rest_route=\/wp\/v2\/product\/2343","targetHints":{"allow":["GET"]}}],"collection":[{"href":"https:\/\/toangiamayvanphong.vn\/index.php?rest_route=\/wp\/v2\/product"}],"about":[{"href":"https:\/\/toangiamayvanphong.vn\/index.php?rest_route=\/wp\/v2\/types\/product"}],"replies":[{"embeddable":true,"href":"https:\/\/toangiamayvanphong.vn\/index.php?rest_route=%2Fwp%2Fv2%2Fcomments&post=2343"}],"wp:featuredmedia":[{"embeddable":true,"href":"https:\/\/toangiamayvanphong.vn\/index.php?rest_route=\/wp\/v2\/media\/1853"}],"wp:attachment":[{"href":"https:\/\/toangiamayvanphong.vn\/index.php?rest_route=%2Fwp%2Fv2%2Fmedia&parent=2343"}],"wp:term":[{"taxonomy":"product_brand","embeddable":true,"href":"https:\/\/toangiamayvanphong.vn\/index.php?rest_route=%2Fwp%2Fv2%2Fproduct_brand&post=2343"},{"taxonomy":"product_cat","embeddable":true,"href":"https:\/\/toangiamayvanphong.vn\/index.php?rest_route=%2Fwp%2Fv2%2Fproduct_cat&post=2343"},{"taxonomy":"product_tag","embeddable":true,"href":"https:\/\/toangiamayvanphong.vn\/index.php?rest_route=%2Fwp%2Fv2%2Fproduct_tag&post=2343"}],"curies":[{"name":"wp","href":"https:\/\/api.w.org\/{rel}","templated":true}]}}