{"id":2344,"date":"2023-07-09T11:14:51","date_gmt":"2023-07-09T04:14:51","guid":{"rendered":"https:\/\/toangiamayvanphong.vn\/?post_type=product&#038;p=2344"},"modified":"2026-04-26T18:05:54","modified_gmt":"2026-04-26T11:05:54","slug":"kim-bam-so-10-plus","status":"publish","type":"product","link":"https:\/\/toangiamayvanphong.vn\/?product=kim-bam-so-10-plus","title":{"rendered":"Kim b\u1ea5m s\u1ed1 10 Plus"},"content":{"rendered":"<p><strong><span class=\"emoji-sizer emoji-outer \">?<\/span><span class=\"emoji-sizer emoji-outer \">?<\/span><span class=\"text\">?Kim b\u1ea5m s\u1ed1 10 Plus<\/span><\/strong><\/p>\n<p>&#8211; Chi\u1ec1u d\u00e0i ch\u00e2n kim 4.7mm, chi\u1ec1u ngang 8.5mm, b\u1ea5m t\u1ed1i \u0111a 20 t\u1edd gi\u1ea5y<\/p>\n<p>&#8211; \u0110\u00f3ng g\u00f3i: 1 h\u1ed9p l\u1edbn c\u00f3 20 h\u1ed9p nh\u1ecf, 1 h\u1ed9p nh\u1ecf c\u00f3 1000 kim<\/p>\n<p>&#8211; Ch\u1ea5t li\u1ec7u b\u1ec1n b\u1ec9, ti\u1ec7n d\u1ee5ng cho v\u0103n ph\u00f2ng v\u00e0 c\u01a1 s\u1edf in \u1ea5n.<\/p>\n<p>&#8211; D\u00f9ng cho b\u1ea5m kim s\u1ed1 10 ph\u1ed5 bi\u1ebfn.<\/p>\n<p>&#8211; Gi\u00fap k\u1eb9p b\u1ea5m gi\u1ea5y t\u1edd \u0111\u1ed3ng b\u1ed9 v\u00e0 tr\u00e1nh th\u1ea5t l\u1ea1c.<\/p>\n<p>&#8211; S\u1ea3n xu\u1ea5t b\u1eb1ng ch\u1ea5t li\u1ec7u th\u00e9p chuy\u00ean d\u1ee5ng c\u00f3 \u0111\u1ed9 c\u1ee9ng v\u00e0 s\u1eafc b\u00e9n cao gi\u00fap d\u1ec5 d\u00e0ng \u0111\u00e2m xuy\u00ean c\u00e1c t\u1eadp gi\u1ea5y d\u00e0y.<\/p>\n<p>&#8211; Thanh kim d\u00e0i ch\u1ee9a nhi\u1ec1u kim thu\u1eadn ti\u1ec7n v\u00e0 d\u1ec5 d\u00e0ng trong qu\u00e1 tr\u00ecnh k\u1eb9p b\u1ea5m gi\u1ea5y t\u1edd, t\u00e0i li\u1ec7u.<\/p>\n<p>&#8211; Kim b\u1ea5m \u00edt b\u1ecb g\u1ec9 s\u00e9t, \u0111\u00f3ng g\u1ecdn trong h\u1ed9p nh\u1ecf d\u1ec5 b\u1ea3o qu\u1ea3n.<\/p>\n<p>&#8211; C\u00f3 th\u1ec3 s\u1eed d\u1ee5ng cho nhi\u1ec1u lo\u1ea1i b\u1ea5m kim s\u1ed1 10.<\/p>\n<p>***Tr\u00e2n Tr\u1ecdng***<\/p>\n<p>C\u00d4NG TY TNHH TM-DV \u0110\u1ea6U T\u01af &amp; PH\u00c1T TRI\u1ec2N C\u00d4NG NGH\u1ec6 TO\u00c0N GIA<\/p>\n<p>VPGD: ng\u00f5 88 ph\u1ed1 Gi\u00e1p Nh\u1ecb, Th\u1ecbnh Li\u1ec7t, Ho\u00e0ng Mai, H\u00e0 N\u1ed9i<\/p>\n<p>X\u01b0\u1edfng s\u1ea3n xu\u1ea5t: L\u1ea1c \u0110\u1ea1o, V\u0103n L\u00e2m, H\u01b0ng Y\u00ean<\/p>\n<p>M\u1ecdi nhu c\u1ea7u Li\u00ean h\u1ec7:<\/p>\n<p>???Hotline: 094 3030 117???<\/p>\n<p>Ph\u00f2ng Kinh doanh: 0918 92 55 22<\/p>\n<p>Ph\u00f2ng K\u1ef9 thu\u1eadt: 0918 26 55 22<\/p>\n<p>Ph\u00f2ng K\u1ebf to\u00e1n: 0916 49 88 22<\/p>\n<p>Tell: 024 3995 0208 \/ 0916 35 88 22<\/p>\n<p>Gmail: <a href=\"mailto:toangiamayvanphong@gmail.com\">toangiamayvanphong@gmail.com<\/a><\/p>\n<p>Web: <u>https:\/\/toangiamayvanphong.vn\/<\/u><\/p>\n","protected":false},"excerpt":{"rendered":"<p><strong><span class=\"emoji-sizer emoji-outer \">?<\/span><span class=\"emoji-sizer emoji-outer \">?<\/span><span class=\"text\">?Kim b\u1ea5m s\u1ed1 10 Plus<\/span><\/strong><\/p>\n<p>&#8211; Chi\u1ec1u d\u00e0i ch\u00e2n kim 4.7mm, chi\u1ec1u ngang 8.5mm, b\u1ea5m t\u1ed1i \u0111a 20 t\u1edd gi\u1ea5y<\/p>\n<p>&#8211; \u0110\u00f3ng g\u00f3i: 1 h\u1ed9p l\u1edbn c\u00f3 20 h\u1ed9p nh\u1ecf, 1 h\u1ed9p nh\u1ecf c\u00f3 1000 kim<\/p>\n<p>&#8211; Ch\u1ea5t li\u1ec7u b\u1ec1n b\u1ec9, ti\u1ec7n d\u1ee5ng cho v\u0103n ph\u00f2ng v\u00e0 c\u01a1 s\u1edf in \u1ea5n.<\/p>\n<p>&#8211; D\u00f9ng cho b\u1ea5m kim s\u1ed1 10 ph\u1ed5 bi\u1ebfn.<\/p>\n<p>&#8211; Gi\u00fap k\u1eb9p b\u1ea5m gi\u1ea5y t\u1edd \u0111\u1ed3ng b\u1ed9 v\u00e0 tr\u00e1nh th\u1ea5t l\u1ea1c.<\/p>\n<p>&#8211; S\u1ea3n xu\u1ea5t b\u1eb1ng ch\u1ea5t li\u1ec7u th\u00e9p chuy\u00ean d\u1ee5ng c\u00f3 \u0111\u1ed9 c\u1ee9ng v\u00e0 s\u1eafc b\u00e9n cao gi\u00fap d\u1ec5 d\u00e0ng \u0111\u00e2m xuy\u00ean c\u00e1c t\u1eadp gi\u1ea5y d\u00e0y.<\/p>\n<p>&#8211; Thanh kim d\u00e0i ch\u1ee9a nhi\u1ec1u kim thu\u1eadn ti\u1ec7n v\u00e0 d\u1ec5 d\u00e0ng trong qu\u00e1 tr\u00ecnh k\u1eb9p b\u1ea5m gi\u1ea5y t\u1edd, t\u00e0i li\u1ec7u.<\/p>\n<p>&#8211; Kim b\u1ea5m \u00edt b\u1ecb g\u1ec9 s\u00e9t, \u0111\u00f3ng g\u1ecdn trong h\u1ed9p nh\u1ecf d\u1ec5 b\u1ea3o qu\u1ea3n.<\/p>\n<p>&#8211; C\u00f3 th\u1ec3 s\u1eed d\u1ee5ng cho nhi\u1ec1u lo\u1ea1i b\u1ea5m kim s\u1ed1 10.<\/p>\n<p>Th\u01b0\u01a1ng hi\u1ec7u:\u00a0 M\u1edaI 100%\u00a0 \u00a0 \u00a0 \u00a0 \u00a0 \u00a0 | T\u00ecnh tr\u1ea1ng : C\u00f2n h\u00e0ng<\/p>\n<p>Vui l\u00f2ng li\u00ean h\u1ec7 \u0111\u1ec3 l\u1ea5y gi\u00e1 g\u1ed1c v\u00e0 khuy\u1ebfn m\u1ea1i<\/p>\n<hr \/>\n<p>Sa\u0309n ph\u00e2\u0309m \u0111\u01b0\u01a1\u0323c ba\u0301n ta\u0323i :<\/p>\n<p>C\u00d4NG TY TNHH TM-DV \u0110\u1ea6U T\u01af &amp; PH\u00c1T TRI\u1ec2N C\u00d4NG NGH\u1ec6 TO\u00c0N GIA<\/p>\n<p>VPGD: ng\u00f5 88 ph\u1ed1 Gi\u00e1p Nh\u1ecb, Th\u1ecbnh Li\u1ec7t, Ho\u00e0ng Mai, H\u00e0 N\u1ed9i<\/p>\n<p>X\u01b0\u1edfng s\u1ea3n xu\u1ea5t: L\u1ea1c \u0110\u1ea1o, V\u0103n L\u00e2m, H\u01b0ng Y\u00ean<\/p>\n<p>M\u1ecdi nhu c\u1ea7u Li\u00ean h\u1ec7:<\/p>\n<p><span style=\"color: #ff0000;\">???Hotline: 094 3030 117???<\/span><\/p>\n<p>Ph\u00f2ng Kinh doanh: 0918 92 55 22<\/p>\n<p>Ph\u00f2ng K\u1ef9 thu\u1eadt: 0918 26 55 22<\/p>\n<p>Ph\u00f2ng K\u1ebf to\u00e1n: 0916 49 88 22<\/p>\n<p>Tell: 024 3995 0208 \/ 0916 35 88 22<\/p>\n<p>Gmail: <a href=\"mailto:toangiamayvanphong@gmail.com\">toangiamayvanphong@gmail.com<\/a><\/p>\n<p>Web: <u>https:\/\/toangiamayvanphong.vn\/<\/u><\/p>\n<p>&nbsp;<\/p>\n","protected":false},"featured_media":1854,"comment_status":"open","ping_status":"closed","template":"","meta":[],"product_brand":[],"product_cat":[158],"product_tag":[245,246],"class_list":{"0":"post-2344","1":"product","2":"type-product","3":"status-publish","4":"has-post-thumbnail","6":"product_cat-van-phong-pham","7":"product_tag-dan-ghim","8":"product_tag-ghim-bam","10":"first","11":"instock","12":"taxable","13":"shipping-taxable","14":"product-type-simple"},"_links":{"self":[{"href":"https:\/\/toangiamayvanphong.vn\/index.php?rest_route=\/wp\/v2\/product\/2344","targetHints":{"allow":["GET"]}}],"collection":[{"href":"https:\/\/toangiamayvanphong.vn\/index.php?rest_route=\/wp\/v2\/product"}],"about":[{"href":"https:\/\/toangiamayvanphong.vn\/index.php?rest_route=\/wp\/v2\/types\/product"}],"replies":[{"embeddable":true,"href":"https:\/\/toangiamayvanphong.vn\/index.php?rest_route=%2Fwp%2Fv2%2Fcomments&post=2344"}],"wp:featuredmedia":[{"embeddable":true,"href":"https:\/\/toangiamayvanphong.vn\/index.php?rest_route=\/wp\/v2\/media\/1854"}],"wp:attachment":[{"href":"https:\/\/toangiamayvanphong.vn\/index.php?rest_route=%2Fwp%2Fv2%2Fmedia&parent=2344"}],"wp:term":[{"taxonomy":"product_brand","embeddable":true,"href":"https:\/\/toangiamayvanphong.vn\/index.php?rest_route=%2Fwp%2Fv2%2Fproduct_brand&post=2344"},{"taxonomy":"product_cat","embeddable":true,"href":"https:\/\/toangiamayvanphong.vn\/index.php?rest_route=%2Fwp%2Fv2%2Fproduct_cat&post=2344"},{"taxonomy":"product_tag","embeddable":true,"href":"https:\/\/toangiamayvanphong.vn\/index.php?rest_route=%2Fwp%2Fv2%2Fproduct_tag&post=2344"}],"curies":[{"name":"wp","href":"https:\/\/api.w.org\/{rel}","templated":true}]}}