{"id":2346,"date":"2023-07-09T11:14:51","date_gmt":"2023-07-09T04:14:51","guid":{"rendered":"https:\/\/toangiamayvanphong.vn\/?post_type=product&#038;p=2346"},"modified":"2026-04-26T18:06:00","modified_gmt":"2026-04-26T11:06:00","slug":"but-da-dau-tl-pm09-xanh","status":"publish","type":"product","link":"https:\/\/toangiamayvanphong.vn\/?product=but-da-dau-tl-pm09-xanh","title":{"rendered":"B\u00daT D\u1ea0 D\u1ea6U TL PM09  XANH"},"content":{"rendered":"<p><strong><span class=\"emoji-sizer emoji-outer \">?<\/span><span class=\"emoji-sizer emoji-outer \">?<\/span><span class=\"text\">?B\u00daT D\u1ea0 D\u1ea6U TL PM09 XANH<\/span><\/strong><\/p>\n<p style=\"font-weight: 400;\">-\u0110\u1ec3 \u0111\u00e1p \u1ee9ng nhu c\u1ea7u c\u1ee7a ng\u01b0\u1eddi s\u1eed d\u1ee5ng m\u00e0 ng\u01b0\u1eddi ta cho ra \u0111\u1eddi s\u1ea3n ph\u1ea9m b\u00fat l\u00f4ng d\u1ea7u c\u00f3 hai \u0111\u1ea7u vi\u1ebft, d\u1ec5 d\u00e0ng v\u00e0 r\u1ea5t thu\u1eadn ti\u1ec7n. Hi\u1ec7n nay\u00a0b\u00fat l\u00f4ng d\u1ea7u n\u1ed5i ti\u1ebfng nh\u1ea5t ch\u00ednh l\u00e0 b\u00fat l\u00f4ng d\u1ea7u c\u1ee7a nh\u00e0 s\u1ea3n xu\u1ea5t\u00a0Thi\u00ean Long<\/p>\n<p style=\"font-weight: 400;\">-Th\u00e2n b\u00fat tr\u00f2n, c\u1ee1 v\u1eeba, d\u1ec5 c\u1ea7m n\u1eafm khi vi\u1ebft.<\/p>\n<p>-\u0110\u1ea7u b\u00fat \u0111\u01b0\u1ee3c l\u00e0m b\u1eb1ng s\u1ee3i polyester v\u00ec th\u1ebf m\u00e0 khi vi\u1ebft c\u00f3 c\u1ea3m gi\u00e1c \u00eam vi\u1ebft r\u1ea5t th\u00edch, \u0111\u01b0\u1ee3c nh\u1eadp kh\u1ea9u t\u1eeb Nh\u1eadt B\u1ea3n.<\/p>\n<p>-B\u00fat c\u00f3 thi\u1ebft k\u1ebf hai \u0111\u1ea7u: m\u1ed9t \u0111\u1ea7u tr\u00f2n v\u00e0 m\u1ed9t \u0111\u1ea7u d\u1eb9t.<\/p>\n<p>-B\u00fat c\u00f3 m\u1ef1c \u0111\u1eadm,\u00a0 kh\u00f4 nhanh, c\u00f3 th\u1ec3 ghi tr\u00ean nhi\u1ec1u lo\u1ea1i b\u1ec1 m\u1eb7t: g\u1ed7, nh\u1ef1a, th\u1ee7y tinh, da, nilon\u2026 .<\/p>\n<p>-Ch\u1ea5t l\u01b0\u1ee3ng m\u1ef1c an to\u00e0n, kh\u00f4ng \u0111\u1ed9c h\u1ea1i \u0111\u1ea1t ti\u00eau chu\u1ea9n Ch\u00e2u \u00c2u EN71\/3, EN71\/9, v\u00e0 M\u1ef9 ASTM D-4236.<\/p>\n<p>-D\u00f9ng \u0111\u1ec3 \u0111\u00e1nh d\u1ea5u v\u1eadt ph\u1ea9m, ghi tr\u00ean c\u00e1c b\u1ec1 m\u1eb7t kh\u00f3 c\u00f3 th\u1ec3 tr\u00f4i m\u00e0u m\u1ef1c nh\u01b0 bao b\u00ec, th\u00f9ng x\u1ed1p, t\u00fai nilon,\u2026<\/p>\n<p>-Ph\u00f9 h\u1ee3p v\u1edbi c\u00e1c \u0111\u01a1n v\u1ecb giao g\u1eedi h\u00e0ng h\u00f3a,\u00a0 doanh nghi\u1ec7p \u0111\u00f3ng h\u00e0ng g\u1eedi \u0111i,\u2026<\/p>\n<p>-D\u00f9ng \u0111\u1ec3 vi\u1ebft th\u1ed1ng k\u00ea s\u1ed1 li\u1ec7u l\u00e2u n\u0103m tr\u00ean th\u00f9ng h\u00e0ng h\u00f3a, tr\u00ean bao b\u00ec m\u00e0 kh\u00f4ng s\u1ee3 b\u1ecb tr\u00f4i m\u00e0u m\u1ef1c.<\/p>\n<p>-C\u00f3 ch\u1ea5t l\u01b0\u1ee3ng m\u1ef1c t\u1ed1t, c\u00f3 \u0111\u1ed9 b\u00e1m d\u00ednh cao, b\u00e1m l\u00ean c\u00e1c b\u1ec1 m\u1eb7t nh\u01b0: ki\u1ebfng, g\u1ed7, b\u00eca carton, g\u1ea1ch, \u0111\u00e1, t\u01b0\u1eddng,v\u1ea3i, gi\u1ea5y\u2026.N\u00e9t m\u1ef1c \u0111\u01b0\u1ee3c ghi l\u00ean kh\u00f4ng th\u1ec3 t\u1ea9y x\u00f3a s\u1ea1ch \u0111\u01b0\u1ee3c v\u1ebft m\u1ef1c.<\/p>\n<p>***Tr\u00e2n Tr\u1ecdng***<\/p>\n<p>C\u00d4NG TY TNHH TM-DV \u0110\u1ea6U T\u01af &amp; PH\u00c1T TRI\u1ec2N C\u00d4NG NGH\u1ec6 TO\u00c0N GIA<\/p>\n<p>VPGD: ng\u00f5 88 ph\u1ed1 Gi\u00e1p Nh\u1ecb, Th\u1ecbnh Li\u1ec7t, Ho\u00e0ng Mai, H\u00e0 N\u1ed9i<\/p>\n<p>X\u01b0\u1edfng s\u1ea3n xu\u1ea5t: L\u1ea1c \u0110\u1ea1o, V\u0103n L\u00e2m, H\u01b0ng Y\u00ean<\/p>\n<p>M\u1ecdi nhu c\u1ea7u Li\u00ean h\u1ec7:<\/p>\n<p>???Hotline: 094 3030 117???<\/p>\n<p>Ph\u00f2ng Kinh doanh: 0918 92 55 22<\/p>\n<p>Ph\u00f2ng K\u1ef9 thu\u1eadt: 0918 26 55 22<\/p>\n<p>Ph\u00f2ng K\u1ebf to\u00e1n: 0916 49 88 22<\/p>\n<p>Tell: 024 3995 0208 \/ 0916 35 88 22<\/p>\n<p>Gmail: <a href=\"mailto:toangiamayvanphong@gmail.com\">toangiamayvanphong@gmail.com<\/a><\/p>\n<p>Web: <u>https:\/\/toangiamayvanphong.vn\/<\/u><\/p>\n","protected":false},"excerpt":{"rendered":"<p><strong><span class=\"emoji-sizer emoji-outer \">?<\/span><span class=\"emoji-sizer emoji-outer \">?<\/span><span class=\"text\">?B\u00daT D\u1ea0 D\u1ea6U TL PM09 XANH<\/span><\/strong><\/p>\n<p style=\"font-weight: 400;\">-\u0110\u1ec3 \u0111\u00e1p \u1ee9ng nhu c\u1ea7u c\u1ee7a ng\u01b0\u1eddi s\u1eed d\u1ee5ng m\u00e0 ng\u01b0\u1eddi ta cho ra \u0111\u1eddi s\u1ea3n ph\u1ea9m b\u00fat l\u00f4ng d\u1ea7u c\u00f3 hai \u0111\u1ea7u vi\u1ebft, d\u1ec5 d\u00e0ng v\u00e0 r\u1ea5t thu\u1eadn ti\u1ec7n. Hi\u1ec7n nay\u00a0b\u00fat l\u00f4ng d\u1ea7u n\u1ed5i ti\u1ebfng nh\u1ea5t ch\u00ednh l\u00e0 b\u00fat l\u00f4ng d\u1ea7u c\u1ee7a nh\u00e0 s\u1ea3n xu\u1ea5t\u00a0Thi\u00ean Long<\/p>\n<p style=\"font-weight: 400;\">-Th\u00e2n b\u00fat tr\u00f2n, c\u1ee1 v\u1eeba, d\u1ec5 c\u1ea7m n\u1eafm khi vi\u1ebft.<\/p>\n<p>-\u0110\u1ea7u b\u00fat \u0111\u01b0\u1ee3c l\u00e0m b\u1eb1ng s\u1ee3i polyester v\u00ec th\u1ebf m\u00e0 khi vi\u1ebft c\u00f3 c\u1ea3m gi\u00e1c \u00eam vi\u1ebft r\u1ea5t th\u00edch, \u0111\u01b0\u1ee3c nh\u1eadp kh\u1ea9u t\u1eeb Nh\u1eadt B\u1ea3n.<\/p>\n<p>-B\u00fat c\u00f3 thi\u1ebft k\u1ebf hai \u0111\u1ea7u: m\u1ed9t \u0111\u1ea7u tr\u00f2n v\u00e0 m\u1ed9t \u0111\u1ea7u d\u1eb9t.<\/p>\n<p>-B\u00fat c\u00f3 m\u1ef1c \u0111\u1eadm,\u00a0 kh\u00f4 nhanh, c\u00f3 th\u1ec3 ghi tr\u00ean nhi\u1ec1u lo\u1ea1i b\u1ec1 m\u1eb7t: g\u1ed7, nh\u1ef1a, th\u1ee7y tinh, da, nilon\u2026 .<\/p>\n<p>-Ch\u1ea5t l\u01b0\u1ee3ng m\u1ef1c an to\u00e0n, kh\u00f4ng \u0111\u1ed9c h\u1ea1i \u0111\u1ea1t ti\u00eau chu\u1ea9n Ch\u00e2u \u00c2u EN71\/3, EN71\/9, v\u00e0 M\u1ef9 ASTM D-4236.<\/p>\n<p>-D\u00f9ng \u0111\u1ec3 \u0111\u00e1nh d\u1ea5u v\u1eadt ph\u1ea9m, ghi tr\u00ean c\u00e1c b\u1ec1 m\u1eb7t kh\u00f3 c\u00f3 th\u1ec3 tr\u00f4i m\u00e0u m\u1ef1c nh\u01b0 bao b\u00ec, th\u00f9ng x\u1ed1p, t\u00fai nilon,\u2026<\/p>\n<p>-Ph\u00f9 h\u1ee3p v\u1edbi c\u00e1c \u0111\u01a1n v\u1ecb giao g\u1eedi h\u00e0ng h\u00f3a,\u00a0 doanh nghi\u1ec7p \u0111\u00f3ng h\u00e0ng g\u1eedi \u0111i,\u2026<\/p>\n<p>-D\u00f9ng \u0111\u1ec3 vi\u1ebft th\u1ed1ng k\u00ea s\u1ed1 li\u1ec7u l\u00e2u n\u0103m tr\u00ean th\u00f9ng h\u00e0ng h\u00f3a, tr\u00ean bao b\u00ec m\u00e0 kh\u00f4ng s\u1ee3 b\u1ecb tr\u00f4i m\u00e0u m\u1ef1c.<\/p>\n<p>-C\u00f3 ch\u1ea5t l\u01b0\u1ee3ng m\u1ef1c t\u1ed1t, c\u00f3 \u0111\u1ed9 b\u00e1m d\u00ednh cao, b\u00e1m l\u00ean c\u00e1c b\u1ec1 m\u1eb7t nh\u01b0: ki\u1ebfng, g\u1ed7, b\u00eca carton, g\u1ea1ch, \u0111\u00e1, t\u01b0\u1eddng,v\u1ea3i, gi\u1ea5y\u2026.N\u00e9t m\u1ef1c \u0111\u01b0\u1ee3c ghi l\u00ean kh\u00f4ng th\u1ec3 t\u1ea9y x\u00f3a s\u1ea1ch \u0111\u01b0\u1ee3c v\u1ebft m\u1ef1c.<\/p>\n<p>Th\u01b0\u01a1ng hi\u1ec7u:\u00a0 M\u1edaI 100%\u00a0 \u00a0 \u00a0 \u00a0 \u00a0 \u00a0 | T\u00ecnh tr\u1ea1ng : C\u00f2n h\u00e0ng<\/p>\n<p>Vui l\u00f2ng li\u00ean h\u1ec7 \u0111\u1ec3 l\u1ea5y gi\u00e1 g\u1ed1c v\u00e0 khuy\u1ebfn m\u1ea1i<\/p>\n<hr \/>\n<p>Sa\u0309n ph\u00e2\u0309m \u0111\u01b0\u01a1\u0323c ba\u0301n ta\u0323i :<\/p>\n<p>C\u00d4NG TY TNHH TM-DV \u0110\u1ea6U T\u01af &amp; PH\u00c1T TRI\u1ec2N C\u00d4NG NGH\u1ec6 TO\u00c0N GIA<\/p>\n<p>VPGD: ng\u00f5 88 ph\u1ed1 Gi\u00e1p Nh\u1ecb, Th\u1ecbnh Li\u1ec7t, Ho\u00e0ng Mai, H\u00e0 N\u1ed9i<\/p>\n<p>X\u01b0\u1edfng s\u1ea3n xu\u1ea5t: L\u1ea1c \u0110\u1ea1o, V\u0103n L\u00e2m, H\u01b0ng Y\u00ean<\/p>\n<p>M\u1ecdi nhu c\u1ea7u Li\u00ean h\u1ec7:<\/p>\n<p><span style=\"color: #ff0000;\">???Hotline: 094 3030 117???<\/span><\/p>\n<p>Ph\u00f2ng Kinh doanh: 0918 92 55 22<\/p>\n<p>Ph\u00f2ng K\u1ef9 thu\u1eadt: 0918 26 55 22<\/p>\n<p>Ph\u00f2ng K\u1ebf to\u00e1n: 0916 49 88 22<\/p>\n<p>Tell: 024 3995 0208 \/ 0916 35 88 22<\/p>\n<p>Gmail: <a href=\"mailto:toangiamayvanphong@gmail.com\">toangiamayvanphong@gmail.com<\/a><\/p>\n<p>Web: <u>https:\/\/toangiamayvanphong.vn\/<\/u><\/p>\n<p>&nbsp;<\/p>\n","protected":false},"featured_media":1856,"comment_status":"open","ping_status":"closed","template":"","meta":[],"product_brand":[],"product_cat":[158],"product_tag":[248,249],"class_list":{"0":"post-2346","1":"product","2":"type-product","3":"status-publish","4":"has-post-thumbnail","6":"product_cat-van-phong-pham","7":"product_tag-but-da","8":"product_tag-but-long","10":"first","11":"instock","12":"taxable","13":"shipping-taxable","14":"product-type-simple"},"_links":{"self":[{"href":"https:\/\/toangiamayvanphong.vn\/index.php?rest_route=\/wp\/v2\/product\/2346","targetHints":{"allow":["GET"]}}],"collection":[{"href":"https:\/\/toangiamayvanphong.vn\/index.php?rest_route=\/wp\/v2\/product"}],"about":[{"href":"https:\/\/toangiamayvanphong.vn\/index.php?rest_route=\/wp\/v2\/types\/product"}],"replies":[{"embeddable":true,"href":"https:\/\/toangiamayvanphong.vn\/index.php?rest_route=%2Fwp%2Fv2%2Fcomments&post=2346"}],"wp:featuredmedia":[{"embeddable":true,"href":"https:\/\/toangiamayvanphong.vn\/index.php?rest_route=\/wp\/v2\/media\/1856"}],"wp:attachment":[{"href":"https:\/\/toangiamayvanphong.vn\/index.php?rest_route=%2Fwp%2Fv2%2Fmedia&parent=2346"}],"wp:term":[{"taxonomy":"product_brand","embeddable":true,"href":"https:\/\/toangiamayvanphong.vn\/index.php?rest_route=%2Fwp%2Fv2%2Fproduct_brand&post=2346"},{"taxonomy":"product_cat","embeddable":true,"href":"https:\/\/toangiamayvanphong.vn\/index.php?rest_route=%2Fwp%2Fv2%2Fproduct_cat&post=2346"},{"taxonomy":"product_tag","embeddable":true,"href":"https:\/\/toangiamayvanphong.vn\/index.php?rest_route=%2Fwp%2Fv2%2Fproduct_tag&post=2346"}],"curies":[{"name":"wp","href":"https:\/\/api.w.org\/{rel}","templated":true}]}}