{"id":2348,"date":"2023-07-09T11:14:51","date_gmt":"2023-07-09T04:14:51","guid":{"rendered":"https:\/\/toangiamayvanphong.vn\/?post_type=product&#038;p=2348"},"modified":"2026-04-26T18:05:41","modified_gmt":"2026-04-26T11:05:41","slug":"giay-decal-a4-de-vang","status":"publish","type":"product","link":"https:\/\/toangiamayvanphong.vn\/?product=giay-decal-a4-de-vang","title":{"rendered":"Gi\u1ea5y decal A4 \u0111\u1ebf v\u00e0ng"},"content":{"rendered":"<p><strong><span class=\"emoji-sizer emoji-outer \">?<\/span><span class=\"emoji-sizer emoji-outer \">?<\/span><span class=\"text\">?Gi\u1ea5y decal A4 \u0111\u1ebf v\u00e0ng<\/span><\/strong><\/p>\n<p style=\"font-weight: 400;\">Gi\u1ea5y Decal A4 \u0111\u1ebf v\u00e0ng: \u0110\u1eb7c \u0111i\u1ec3m :<br \/>\n&#8211; M\u1eb7t tr\u01b0\u1edbc c\u1ee7a gi\u1ea5y decal \u0111\u1ebf v\u00e0ng m\u00e0u tr\u1eafng, x\u00e9 r\u00e1ch, b\u1ec1 m\u1eb7t tr\u01a1n nh\u1eb5n, h\u01a1i b\u00f3ng. S\u1eed d\u1ee5ng t\u1ed1t cho m\u1ef1c in phun cho ch\u1ea5t l\u01b0\u1ee3ng b\u1ea3n in \u0111\u1eb9p, \u0111\u1ed9 b\u00e1m cao \u2026<br \/>\n&#8211; M\u1eb7t sau c\u1ee7a gi\u1ea5y decal \u0111\u1ebf v\u00e0ng c\u00f3 ph\u1ee7 keo d\u00f9ng \u0111\u1ec3 d\u00e1n l\u00ean s\u1ea3n ph\u1ea9m. \u0110\u1ebf c\u1ee7a gi\u1ea5y m\u00e0u v\u00e0ng<br \/>\n&#8211; L\u00e0 lo\u1ea1i gi\u1ea5y decal ph\u1ed5 bi\u1ebfn nh\u1ea5t tr\u00ean th\u1ecb tr\u01b0\u1eddng hi\u1ec7n nay, \u1ee9ng d\u1ee5ng r\u1ed9ng r\u00e3i trong nhi\u1ec1u ngh\u00e0nh ngh\u1ec1: si\u00eau th\u1ecb, nh\u00e0 s\u00e1ch, may m\u1eb7c, g\u1ed1m s\u1ee9, m\u00e2y tre l\u00e1, m\u1ef9 ph\u1ea9m\u2026<br \/>\n*Ch\u1ea5t l\u01b0\u1ee3ng : \u0110\u1eb9p, l\u00e1ng.<br \/>\n*Quy c\u00e1ch : Kh\u1ed5 A4 K\u00edch th\u01b0\u1edbc 210x297mm<br \/>\n*S\u1ea3n xu\u1ea5t t\u1ea1i : Vi\u1ec7t Nam<br \/>\n*\u0110\u00f3ng g\u00f3i: Gi\u1ea5y decal \u0111\u1ebf v\u00e0ng \u0111\u01b0\u1ee3c \u0111\u00f3ng g\u00f3i 100 t\u1edd trong 1 x\u1ea5p.<\/p>\n<p>***Tr\u00e2n Tr\u1ecdng***<\/p>\n<p>C\u00d4NG TY TNHH TM-DV \u0110\u1ea6U T\u01af &amp; PH\u00c1T TRI\u1ec2N C\u00d4NG NGH\u1ec6 TO\u00c0N GIA<\/p>\n<p>VPGD: ng\u00f5 88 ph\u1ed1 Gi\u00e1p Nh\u1ecb, Th\u1ecbnh Li\u1ec7t, Ho\u00e0ng Mai, H\u00e0 N\u1ed9i<\/p>\n<p>X\u01b0\u1edfng s\u1ea3n xu\u1ea5t: L\u1ea1c \u0110\u1ea1o, V\u0103n L\u00e2m, H\u01b0ng Y\u00ean<\/p>\n<p>M\u1ecdi nhu c\u1ea7u Li\u00ean h\u1ec7:<\/p>\n<p>???Hotline: 094 3030 117???<\/p>\n<p>Ph\u00f2ng Kinh doanh: 0918 92 55 22<\/p>\n<p>Ph\u00f2ng K\u1ef9 thu\u1eadt: 0918 26 55 22<\/p>\n<p>Ph\u00f2ng K\u1ebf to\u00e1n: 0916 49 88 22<\/p>\n<p>Tell: 024 3995 0208 \/ 0916 35 88 22<\/p>\n<p>Gmail: <a href=\"mailto:toangiamayvanphong@gmail.com\">toangiamayvanphong@gmail.com<\/a><\/p>\n<p>Web: <u>https:\/\/toangiamayvanphong.vn\/<\/u><\/p>\n","protected":false},"excerpt":{"rendered":"<p><strong><span class=\"emoji-sizer emoji-outer \">?<\/span><span class=\"emoji-sizer emoji-outer \">?<\/span><span class=\"text\">?Gi\u1ea5y decal A4 \u0111\u1ebf v\u00e0ng<\/span><\/strong><\/p>\n<p style=\"font-weight: 400;\">Gi\u1ea5y Decal A4 \u0111\u1ebf v\u00e0ng: \u0110\u1eb7c \u0111i\u1ec3m :<br \/>\n&#8211; M\u1eb7t tr\u01b0\u1edbc c\u1ee7a gi\u1ea5y decal \u0111\u1ebf v\u00e0ng m\u00e0u tr\u1eafng, x\u00e9 r\u00e1ch, b\u1ec1 m\u1eb7t tr\u01a1n nh\u1eb5n, h\u01a1i b\u00f3ng. S\u1eed d\u1ee5ng t\u1ed1t cho m\u1ef1c in phun cho ch\u1ea5t l\u01b0\u1ee3ng b\u1ea3n in \u0111\u1eb9p, \u0111\u1ed9 b\u00e1m cao \u2026<br \/>\n&#8211; M\u1eb7t sau c\u1ee7a gi\u1ea5y decal \u0111\u1ebf v\u00e0ng c\u00f3 ph\u1ee7 keo d\u00f9ng \u0111\u1ec3 d\u00e1n l\u00ean s\u1ea3n ph\u1ea9m. \u0110\u1ebf c\u1ee7a gi\u1ea5y m\u00e0u v\u00e0ng<br \/>\n&#8211; L\u00e0 lo\u1ea1i gi\u1ea5y decal ph\u1ed5 bi\u1ebfn nh\u1ea5t tr\u00ean th\u1ecb tr\u01b0\u1eddng hi\u1ec7n nay, \u1ee9ng d\u1ee5ng r\u1ed9ng r\u00e3i trong nhi\u1ec1u ngh\u00e0nh ngh\u1ec1: si\u00eau th\u1ecb, nh\u00e0 s\u00e1ch, may m\u1eb7c, g\u1ed1m s\u1ee9, m\u00e2y tre l\u00e1, m\u1ef9 ph\u1ea9m\u2026<br \/>\n*Ch\u1ea5t l\u01b0\u1ee3ng : \u0110\u1eb9p, l\u00e1ng.<br \/>\n*Quy c\u00e1ch : Kh\u1ed5 A4 K\u00edch th\u01b0\u1edbc 210x297mm<br \/>\n*S\u1ea3n xu\u1ea5t t\u1ea1i : Vi\u1ec7t Nam<br \/>\n*\u0110\u00f3ng g\u00f3i: Gi\u1ea5y decal \u0111\u1ebf v\u00e0ng \u0111\u01b0\u1ee3c \u0111\u00f3ng g\u00f3i 100 t\u1edd trong 1 x\u1ea5p.<\/p>\n<p>Th\u01b0\u01a1ng hi\u1ec7u:\u00a0 M\u1edaI 100%\u00a0 \u00a0 \u00a0 \u00a0 \u00a0 \u00a0 | T\u00ecnh tr\u1ea1ng : C\u00f2n h\u00e0ng<\/p>\n<p>Vui l\u00f2ng li\u00ean h\u1ec7 \u0111\u1ec3 l\u1ea5y gi\u00e1 g\u1ed1c v\u00e0 khuy\u1ebfn m\u1ea1i<\/p>\n<hr \/>\n<p>Sa\u0309n ph\u00e2\u0309m \u0111\u01b0\u01a1\u0323c ba\u0301n ta\u0323i :<\/p>\n<p>C\u00d4NG TY TNHH TM-DV \u0110\u1ea6U T\u01af &amp; PH\u00c1T TRI\u1ec2N C\u00d4NG NGH\u1ec6 TO\u00c0N GIA<\/p>\n<p>VPGD: ng\u00f5 88 ph\u1ed1 Gi\u00e1p Nh\u1ecb, Th\u1ecbnh Li\u1ec7t, Ho\u00e0ng Mai, H\u00e0 N\u1ed9i<\/p>\n<p>X\u01b0\u1edfng s\u1ea3n xu\u1ea5t: L\u1ea1c \u0110\u1ea1o, V\u0103n L\u00e2m, H\u01b0ng Y\u00ean<\/p>\n<p>M\u1ecdi nhu c\u1ea7u Li\u00ean h\u1ec7:<\/p>\n<p><span style=\"color: #ff0000;\">???Hotline: 094 3030 117???<\/span><\/p>\n<p>Ph\u00f2ng Kinh doanh: 0918 92 55 22<\/p>\n<p>Ph\u00f2ng K\u1ef9 thu\u1eadt: 0918 26 55 22<\/p>\n<p>Ph\u00f2ng K\u1ebf to\u00e1n: 0916 49 88 22<\/p>\n<p>Tell: 024 3995 0208 \/ 0916 35 88 22<\/p>\n<p>Gmail: <a href=\"mailto:toangiamayvanphong@gmail.com\">toangiamayvanphong@gmail.com<\/a><\/p>\n<p>Web: <u>https:\/\/toangiamayvanphong.vn\/<\/u><\/p>\n<p>&nbsp;<\/p>\n","protected":false},"featured_media":1888,"comment_status":"open","ping_status":"closed","template":"","meta":[],"product_brand":[],"product_cat":[158],"product_tag":[252],"class_list":{"0":"post-2348","1":"product","2":"type-product","3":"status-publish","4":"has-post-thumbnail","6":"product_cat-van-phong-pham","7":"product_tag-de-can-a4","9":"first","10":"instock","11":"taxable","12":"shipping-taxable","13":"product-type-simple"},"_links":{"self":[{"href":"https:\/\/toangiamayvanphong.vn\/index.php?rest_route=\/wp\/v2\/product\/2348","targetHints":{"allow":["GET"]}}],"collection":[{"href":"https:\/\/toangiamayvanphong.vn\/index.php?rest_route=\/wp\/v2\/product"}],"about":[{"href":"https:\/\/toangiamayvanphong.vn\/index.php?rest_route=\/wp\/v2\/types\/product"}],"replies":[{"embeddable":true,"href":"https:\/\/toangiamayvanphong.vn\/index.php?rest_route=%2Fwp%2Fv2%2Fcomments&post=2348"}],"wp:featuredmedia":[{"embeddable":true,"href":"https:\/\/toangiamayvanphong.vn\/index.php?rest_route=\/wp\/v2\/media\/1888"}],"wp:attachment":[{"href":"https:\/\/toangiamayvanphong.vn\/index.php?rest_route=%2Fwp%2Fv2%2Fmedia&parent=2348"}],"wp:term":[{"taxonomy":"product_brand","embeddable":true,"href":"https:\/\/toangiamayvanphong.vn\/index.php?rest_route=%2Fwp%2Fv2%2Fproduct_brand&post=2348"},{"taxonomy":"product_cat","embeddable":true,"href":"https:\/\/toangiamayvanphong.vn\/index.php?rest_route=%2Fwp%2Fv2%2Fproduct_cat&post=2348"},{"taxonomy":"product_tag","embeddable":true,"href":"https:\/\/toangiamayvanphong.vn\/index.php?rest_route=%2Fwp%2Fv2%2Fproduct_tag&post=2348"}],"curies":[{"name":"wp","href":"https:\/\/api.w.org\/{rel}","templated":true}]}}