{"id":2349,"date":"2023-07-09T11:14:51","date_gmt":"2023-07-09T04:14:51","guid":{"rendered":"https:\/\/toangiamayvanphong.vn\/?post_type=product&#038;p=2349"},"modified":"2026-04-26T18:06:00","modified_gmt":"2026-04-26T11:06:00","slug":"duc-lo-kw-978","status":"publish","type":"product","link":"https:\/\/toangiamayvanphong.vn\/?product=duc-lo-kw-978","title":{"rendered":"\u0110\u1ee5c L\u1ed7 KW 978\u00a0"},"content":{"rendered":"<p><strong><span class=\"emoji-sizer emoji-outer \">?<\/span><span class=\"emoji-sizer emoji-outer \">?<\/span><span class=\"text\">?\u0110\u1ee5c L\u1ed7 KW 978\u00a0<\/span><\/strong><\/p>\n<p>-B\u1ea5m l\u1ed7 Kw978 (30 t\u1edd) lo\u1ea1i th\u01b0\u1eddng l\u00e0 chi\u1ebfc b\u1ea5m 2 l\u1ed7 , ch\u1ea5t l\u01b0\u1ee3ng \u1ed5n \u0111\u1ecbnh.<\/p>\n<p>-Ch\u1ea5t li\u1ec7u b\u1ec1n b\u1ec9, l\u01b0\u1ee1i \u0111\u1ee5c si\u00eau b\u00e9n<\/p>\n<p>-B\u1ea5m l\u1ed7 Kw978 c\u00f3 ph\u1ea7n l\u01b0\u1ee1i dao \u0111\u1ee5c \u0111\u01b0\u1ee3c l\u00e0m b\u1eb1ng th\u00e9p si\u00eau b\u1ec1n, si\u00eau b\u00e9n, \u0111\u1ee5c nhanh ma\u0300 kh\u00f4ng l\u00e0m x\u01a1 r\u00e1ch gi\u1ea5y. V\u1ecf ngo\u00e0i la\u0300 ch\u1ea5t li\u1ec7u kim lo\u1ea1i cao c\u1ea5p, s\u00e1ng b\u00f3ng, co\u0301 \u0111\u00f4\u0323 b\u1ec1n cao, ha\u0323n ch\u00ea\u0301 tr\u1ea7y x\u01b0\u1edbc v\u00e0 d\u1ec5 lau ch\u00f9i.<\/p>\n<p>-L\u00f2 xo c\u00f3 \u0111\u1ed9 \u0111\u00e0n h\u1ed3i t\u1ed1t<\/p>\n<p>-L\u00f2 xo c\u00f3 \u0111\u1ed9 \u0111\u00e0n h\u1ed3i t\u1ed1t, b\u1ea5m nhanh, d\u1ee9t kho\u00e1t v\u00e0 gi\u00fap n\u00e2ng cao \u0111\u1ed9 b\u1ec1n s\u1ea3n ph\u1ea9m. Thi\u1ebft k\u1ebf th\u00e2n m\u00e1y d\u1eadp \u0111\u01b0\u1ee3c l\u00e0m b\u1eb1ng s\u1eaft ch\u1eafc ch\u1eafn, cho kh\u1ea3 n\u0103ng b\u00e2\u0301m t\u1eeb 20 \u0111\u1ebfn 30 t\u1edd d\u1ec5 d\u00e0ng. S\u1ea3n ph\u1ea9m chuy\u00ean d\u00f9ng b\u1ea5m l\u1ed7 \u0111\u1ec3 l\u01b0u h\u1ed3 s\u01a1, ch\u1ee9ng t\u1eeb v\u00e0o file.<\/p>\n<p>-B\u1ea5m L\u1ed7 978 \u0111\u01b0\u1ee3c thi\u1ebft k\u1ebf ti\u1ec7n d\u1ee5ng, d\u1ec5 b\u1ea3o qu\u1ea3n, d\u1ec5 mang theo. Sa\u0309n ph\u00e2\u0309m co\u0301 m\u00e0u s\u1eafc sang tr\u1ecdng, \u0111\u1eb9p m\u1eaft, ph\u00f9 h\u1ee3p v\u1edbi kh\u00f4ng gian v\u0103n ph\u00f2ng.<\/p>\n<p>-Ch\u1ecbu l\u1ef1c, ch\u1ecbu nhi\u1ec7t t\u1ed1t, \u0111a d\u1ea1ng m\u00e0u s\u1eafc, m\u1eabu m\u00e3 \u0111\u1eb9p.<\/p>\n<p>-\u0110\u01b0\u1ee3c \u0111\u00f3ng g\u00f3i bao b\u00ec k\u1ef9 l\u01b0\u1ee1ng. Ch\u1ea5t l\u01b0\u1ee3ng \u0111\u00e3 \u0111\u01b0\u1ee3c ki\u1ec3m \u0111\u1ecbnh. Ngu\u1ed3n g\u1ed1c xu\u1ea5t x\u1ee9 r\u00f5 r\u00e0ng. \u0110\u01b0\u1ee3c nhi\u1ec1u kh\u00e1ch h\u00e0ng \u01b0a chu\u1ed9ng tin d\u00f9ng.<\/p>\n<p>***Tr\u00e2n Tr\u1ecdng***<\/p>\n<p>C\u00d4NG TY TNHH TM-DV \u0110\u1ea6U T\u01af &amp; PH\u00c1T TRI\u1ec2N C\u00d4NG NGH\u1ec6 TO\u00c0N GIA<\/p>\n<p>VPGD: ng\u00f5 88 ph\u1ed1 Gi\u00e1p Nh\u1ecb, Th\u1ecbnh Li\u1ec7t, Ho\u00e0ng Mai, H\u00e0 N\u1ed9i<\/p>\n<p>X\u01b0\u1edfng s\u1ea3n xu\u1ea5t: L\u1ea1c \u0110\u1ea1o, V\u0103n L\u00e2m, H\u01b0ng Y\u00ean<\/p>\n<p>M\u1ecdi nhu c\u1ea7u Li\u00ean h\u1ec7:<\/p>\n<p>???Hotline: 094 3030 117???<\/p>\n<p>Ph\u00f2ng Kinh doanh: 0918 92 55 22<\/p>\n<p>Ph\u00f2ng K\u1ef9 thu\u1eadt: 0918 26 55 22<\/p>\n<p>Ph\u00f2ng K\u1ebf to\u00e1n: 0916 49 88 22<\/p>\n<p>Tell: 024 3995 0208 \/ 0916 35 88 22<\/p>\n<p>Gmail: <a href=\"mailto:toangiamayvanphong@gmail.com\">toangiamayvanphong@gmail.com<\/a><\/p>\n<p>Web: <u>https:\/\/toangiamayvanphong.vn\/<\/u><\/p>\n","protected":false},"excerpt":{"rendered":"<p><strong><span class=\"emoji-sizer emoji-outer \">?<\/span><span class=\"emoji-sizer emoji-outer \">?<\/span><span class=\"text\">?\u0110\u1ee5c L\u1ed7 KW 978\u00a0<\/span><\/strong><\/p>\n<p>-B\u1ea5m l\u1ed7 Kw978 (30 t\u1edd) lo\u1ea1i th\u01b0\u1eddng l\u00e0 chi\u1ebfc b\u1ea5m 2 l\u1ed7 , ch\u1ea5t l\u01b0\u1ee3ng \u1ed5n \u0111\u1ecbnh.<\/p>\n<p>-Ch\u1ea5t li\u1ec7u b\u1ec1n b\u1ec9, l\u01b0\u1ee1i \u0111\u1ee5c si\u00eau b\u00e9n<\/p>\n<p>-B\u1ea5m l\u1ed7 Kw978 c\u00f3 ph\u1ea7n l\u01b0\u1ee1i dao \u0111\u1ee5c \u0111\u01b0\u1ee3c l\u00e0m b\u1eb1ng th\u00e9p si\u00eau b\u1ec1n, si\u00eau b\u00e9n, \u0111\u1ee5c nhanh ma\u0300 kh\u00f4ng l\u00e0m x\u01a1 r\u00e1ch gi\u1ea5y. V\u1ecf ngo\u00e0i la\u0300 ch\u1ea5t li\u1ec7u kim lo\u1ea1i cao c\u1ea5p, s\u00e1ng b\u00f3ng, co\u0301 \u0111\u00f4\u0323 b\u1ec1n cao, ha\u0323n ch\u00ea\u0301 tr\u1ea7y x\u01b0\u1edbc v\u00e0 d\u1ec5 lau ch\u00f9i.<\/p>\n<p>-L\u00f2 xo c\u00f3 \u0111\u1ed9 \u0111\u00e0n h\u1ed3i t\u1ed1t<\/p>\n<p>-L\u00f2 xo c\u00f3 \u0111\u1ed9 \u0111\u00e0n h\u1ed3i t\u1ed1t, b\u1ea5m nhanh, d\u1ee9t kho\u00e1t v\u00e0 gi\u00fap n\u00e2ng cao \u0111\u1ed9 b\u1ec1n s\u1ea3n ph\u1ea9m. Thi\u1ebft k\u1ebf th\u00e2n m\u00e1y d\u1eadp \u0111\u01b0\u1ee3c l\u00e0m b\u1eb1ng s\u1eaft ch\u1eafc ch\u1eafn, cho kh\u1ea3 n\u0103ng b\u00e2\u0301m t\u1eeb 20 \u0111\u1ebfn 30 t\u1edd d\u1ec5 d\u00e0ng. S\u1ea3n ph\u1ea9m chuy\u00ean d\u00f9ng b\u1ea5m l\u1ed7 \u0111\u1ec3 l\u01b0u h\u1ed3 s\u01a1, ch\u1ee9ng t\u1eeb v\u00e0o file.<\/p>\n<p>-B\u1ea5m L\u1ed7 978 \u0111\u01b0\u1ee3c thi\u1ebft k\u1ebf ti\u1ec7n d\u1ee5ng, d\u1ec5 b\u1ea3o qu\u1ea3n, d\u1ec5 mang theo. Sa\u0309n ph\u00e2\u0309m co\u0301 m\u00e0u s\u1eafc sang tr\u1ecdng, \u0111\u1eb9p m\u1eaft, ph\u00f9 h\u1ee3p v\u1edbi kh\u00f4ng gian v\u0103n ph\u00f2ng.<\/p>\n<p>-Ch\u1ecbu l\u1ef1c, ch\u1ecbu nhi\u1ec7t t\u1ed1t, \u0111a d\u1ea1ng m\u00e0u s\u1eafc, m\u1eabu m\u00e3 \u0111\u1eb9p.<\/p>\n<p>-\u0110\u01b0\u1ee3c \u0111\u00f3ng g\u00f3i bao b\u00ec k\u1ef9 l\u01b0\u1ee1ng. Ch\u1ea5t l\u01b0\u1ee3ng \u0111\u00e3 \u0111\u01b0\u1ee3c ki\u1ec3m \u0111\u1ecbnh. Ngu\u1ed3n g\u1ed1c xu\u1ea5t x\u1ee9 r\u00f5 r\u00e0ng. \u0110\u01b0\u1ee3c nhi\u1ec1u kh\u00e1ch h\u00e0ng \u01b0a chu\u1ed9ng tin d\u00f9ng.<\/p>\n<p>Th\u01b0\u01a1ng hi\u1ec7u:\u00a0 M\u1edaI 100%\u00a0 \u00a0 \u00a0 \u00a0 \u00a0 \u00a0 | T\u00ecnh tr\u1ea1ng : C\u00f2n h\u00e0ng<\/p>\n<p>Vui l\u00f2ng li\u00ean h\u1ec7 \u0111\u1ec3 l\u1ea5y gi\u00e1 g\u1ed1c v\u00e0 khuy\u1ebfn m\u1ea1i<\/p>\n<hr \/>\n<p>Sa\u0309n ph\u00e2\u0309m \u0111\u01b0\u01a1\u0323c ba\u0301n ta\u0323i :<\/p>\n<p>C\u00d4NG TY TNHH TM-DV \u0110\u1ea6U T\u01af &amp; PH\u00c1T TRI\u1ec2N C\u00d4NG NGH\u1ec6 TO\u00c0N GIA<\/p>\n<p>VPGD: ng\u00f5 88 ph\u1ed1 Gi\u00e1p Nh\u1ecb, Th\u1ecbnh Li\u1ec7t, Ho\u00e0ng Mai, H\u00e0 N\u1ed9i<\/p>\n<p>X\u01b0\u1edfng s\u1ea3n xu\u1ea5t: L\u1ea1c \u0110\u1ea1o, V\u0103n L\u00e2m, H\u01b0ng Y\u00ean<\/p>\n<p>M\u1ecdi nhu c\u1ea7u Li\u00ean h\u1ec7:<\/p>\n<p><span style=\"color: #ff0000;\">???Hotline: 094 3030 117???<\/span><\/p>\n<p>Ph\u00f2ng Kinh doanh: 0918 92 55 22<\/p>\n<p>Ph\u00f2ng K\u1ef9 thu\u1eadt: 0918 26 55 22<\/p>\n<p>Ph\u00f2ng K\u1ebf to\u00e1n: 0916 49 88 22<\/p>\n<p>Tell: 024 3995 0208 \/ 0916 35 88 22<\/p>\n<p>Gmail: <a href=\"mailto:toangiamayvanphong@gmail.com\">toangiamayvanphong@gmail.com<\/a><\/p>\n<p>Web: <u>https:\/\/toangiamayvanphong.vn\/<\/u><\/p>\n<p>&nbsp;<\/p>\n","protected":false},"featured_media":1889,"comment_status":"open","ping_status":"closed","template":"","meta":[],"product_brand":[],"product_cat":[158],"product_tag":[253,254],"class_list":{"0":"post-2349","1":"product","2":"type-product","3":"status-publish","4":"has-post-thumbnail","6":"product_cat-van-phong-pham","7":"product_tag-duc-giay","8":"product_tag-duc-lo","10":"first","11":"instock","12":"taxable","13":"shipping-taxable","14":"product-type-simple"},"_links":{"self":[{"href":"https:\/\/toangiamayvanphong.vn\/index.php?rest_route=\/wp\/v2\/product\/2349","targetHints":{"allow":["GET"]}}],"collection":[{"href":"https:\/\/toangiamayvanphong.vn\/index.php?rest_route=\/wp\/v2\/product"}],"about":[{"href":"https:\/\/toangiamayvanphong.vn\/index.php?rest_route=\/wp\/v2\/types\/product"}],"replies":[{"embeddable":true,"href":"https:\/\/toangiamayvanphong.vn\/index.php?rest_route=%2Fwp%2Fv2%2Fcomments&post=2349"}],"wp:featuredmedia":[{"embeddable":true,"href":"https:\/\/toangiamayvanphong.vn\/index.php?rest_route=\/wp\/v2\/media\/1889"}],"wp:attachment":[{"href":"https:\/\/toangiamayvanphong.vn\/index.php?rest_route=%2Fwp%2Fv2%2Fmedia&parent=2349"}],"wp:term":[{"taxonomy":"product_brand","embeddable":true,"href":"https:\/\/toangiamayvanphong.vn\/index.php?rest_route=%2Fwp%2Fv2%2Fproduct_brand&post=2349"},{"taxonomy":"product_cat","embeddable":true,"href":"https:\/\/toangiamayvanphong.vn\/index.php?rest_route=%2Fwp%2Fv2%2Fproduct_cat&post=2349"},{"taxonomy":"product_tag","embeddable":true,"href":"https:\/\/toangiamayvanphong.vn\/index.php?rest_route=%2Fwp%2Fv2%2Fproduct_tag&post=2349"}],"curies":[{"name":"wp","href":"https:\/\/api.w.org\/{rel}","templated":true}]}}