{"id":2350,"date":"2023-07-09T11:14:51","date_gmt":"2023-07-09T04:14:51","guid":{"rendered":"https:\/\/toangiamayvanphong.vn\/?post_type=product&#038;p=2350"},"modified":"2026-04-26T18:05:34","modified_gmt":"2026-04-26T11:05:34","slug":"vo-hong-ha-4-o-ly-48-trang","status":"publish","type":"product","link":"https:\/\/toangiamayvanphong.vn\/?product=vo-hong-ha-4-o-ly-48-trang","title":{"rendered":"V\u1edf H\u1ed3ng H\u00e0 4 \u00f4 ly &#8211; 48 trang"},"content":{"rendered":"<p><strong><span class=\"emoji-sizer emoji-outer \">?<\/span><span class=\"emoji-sizer emoji-outer \">?<\/span><span class=\"text\">?<\/span><\/strong><strong>V\u1edf H\u1ed3ng H\u00e0 4 \u00f4 ly &#8211; 48 trang<\/strong><\/p>\n<p>&#8211; L\u00e0 s\u1ea3n ph\u1ea9m t\u1eadp v\u1edf c\u1ee7a th\u01b0\u01a1ng hi\u1ec7u H\u1ed3ng H\u00e0, ch\u1ea5t l\u01b0\u1ee3ng cao c\u1ea5p \u0111\u01b0\u1ee3c nhi\u1ec1u kh\u00e1ch h\u00e0ng \u01b0a chu\u1ed9ng tin d\u00f9ng.<\/p>\n<p>&#8211; Kh\u1ed5 gi\u1ea5y c\u00f3 k\u00edch th\u01b0\u1edbc 170x240mm, t\u1eadp g\u1ed3m 48 trang kh\u00f4ng t\u00ednh b\u00eca.<\/p>\n<p>&#8211; \u0110\u1ecbnh l\u01b0\u1ee3ng: 100g\/m2, v\u1edf 4 \u00f4 ly th\u00f4ng d\u1ee5ng<\/p>\n<p>&#8211; Ch\u1ea5t l\u01b0\u1ee3ng gi\u1ea5y t\u1ed1t, \u0111\u1ed9 tr\u1eafng s\u00e1ng cao<\/p>\n<p>&#8211; B\u1ec1 m\u1eb7t gi\u1ea5y d\u00e0y, kh\u00f4ng b\u1ee5i gi\u1ea5y, vi\u1ebft \u00eam tay.<\/p>\n<p>Xu\u1ea5t x\u1ee9: Vi\u1ec7t Nam<\/p>\n<p>L\u01b0u \u00fd b\u1ea3o qu\u1ea3n \u1edf: Nhi\u1ec7t \u0111\u1ed9: 10 ~ 55\u00ba C, \u0110\u1ed9 \u1ea9m: 55 ~ 95% RH, Tr\u00e1nh xa ngu\u1ed3n nhi\u1ec7t, d\u1ea7u m\u1ee1.<\/p>\n<p>***Tr\u00e2n Tr\u1ecdng***<\/p>\n<p>C\u00d4NG TY TNHH TM-DV \u0110\u1ea6U T\u01af &amp; PH\u00c1T TRI\u1ec2N C\u00d4NG NGH\u1ec6 TO\u00c0N GIA<\/p>\n<p>VPGD: ng\u00f5 88 ph\u1ed1 Gi\u00e1p Nh\u1ecb, Th\u1ecbnh Li\u1ec7t, Ho\u00e0ng Mai, H\u00e0 N\u1ed9i<\/p>\n<p>X\u01b0\u1edfng s\u1ea3n xu\u1ea5t: L\u1ea1c \u0110\u1ea1o, V\u0103n L\u00e2m, H\u01b0ng Y\u00ean<\/p>\n<p>M\u1ecdi nhu c\u1ea7u Li\u00ean h\u1ec7:<\/p>\n<p>???Hotline: 094 3030 117???<\/p>\n<p>Ph\u00f2ng Kinh doanh: 0918 92 55 22<\/p>\n<p>Ph\u00f2ng K\u1ef9 thu\u1eadt: 0918 26 55 22<\/p>\n<p>Ph\u00f2ng K\u1ebf to\u00e1n: 0916 49 88 22<\/p>\n<p>Tell: 024 3995 0208 \/ 0916 35 88 22<\/p>\n<p>Gmail: <a href=\"mailto:toangiamayvanphong@gmail.com\">toangiamayvanphong@gmail.com<\/a><\/p>\n<p>Web: <u>https:\/\/toangiamayvanphong.vn\/<\/u><\/p>\n","protected":false},"excerpt":{"rendered":"<p><strong><span class=\"emoji-sizer emoji-outer \">?<\/span><span class=\"emoji-sizer emoji-outer \">?<\/span><span class=\"text\">?<\/span><\/strong><strong>V\u1edf H\u1ed3ng H\u00e0 4 \u00f4 ly &#8211; 48 trang<\/strong><\/p>\n<p>&#8211; L\u00e0 s\u1ea3n ph\u1ea9m t\u1eadp v\u1edf c\u1ee7a th\u01b0\u01a1ng hi\u1ec7u H\u1ed3ng H\u00e0, ch\u1ea5t l\u01b0\u1ee3ng cao c\u1ea5p \u0111\u01b0\u1ee3c nhi\u1ec1u kh\u00e1ch h\u00e0ng \u01b0a chu\u1ed9ng tin d\u00f9ng.<\/p>\n<p>&#8211; Kh\u1ed5 gi\u1ea5y c\u00f3 k\u00edch th\u01b0\u1edbc 170x240mm, t\u1eadp g\u1ed3m 48 trang kh\u00f4ng t\u00ednh b\u00eca.<\/p>\n<p>&#8211; \u0110\u1ecbnh l\u01b0\u1ee3ng: 100g\/m2, v\u1edf 4 \u00f4 ly th\u00f4ng d\u1ee5ng<\/p>\n<p>&#8211; Ch\u1ea5t l\u01b0\u1ee3ng gi\u1ea5y t\u1ed1t, \u0111\u1ed9 tr\u1eafng s\u00e1ng cao<\/p>\n<p>&#8211; B\u1ec1 m\u1eb7t gi\u1ea5y d\u00e0y, kh\u00f4ng b\u1ee5i gi\u1ea5y, vi\u1ebft \u00eam tay.<\/p>\n<p>Xu\u1ea5t x\u1ee9: Vi\u1ec7t Nam<\/p>\n<p>L\u01b0u \u00fd b\u1ea3o qu\u1ea3n \u1edf: Nhi\u1ec7t \u0111\u1ed9: 10 ~ 55\u00ba C, \u0110\u1ed9 \u1ea9m: 55 ~ 95% RH, Tr\u00e1nh xa ngu\u1ed3n nhi\u1ec7t, d\u1ea7u m\u1ee1.<\/p>\n<p>Th\u01b0\u01a1ng hi\u1ec7u:\u00a0 M\u1edaI 100%\u00a0 \u00a0 \u00a0 \u00a0 \u00a0 \u00a0 | T\u00ecnh tr\u1ea1ng : C\u00f2n h\u00e0ng<\/p>\n<p>Vui l\u00f2ng li\u00ean h\u1ec7 \u0111\u1ec3 l\u1ea5y gi\u00e1 g\u1ed1c v\u00e0 khuy\u1ebfn m\u1ea1i<\/p>\n<hr \/>\n<p>Sa\u0309n ph\u00e2\u0309m \u0111\u01b0\u01a1\u0323c ba\u0301n ta\u0323i :<\/p>\n<p>C\u00d4NG TY TNHH TM-DV \u0110\u1ea6U T\u01af &amp; PH\u00c1T TRI\u1ec2N C\u00d4NG NGH\u1ec6 TO\u00c0N GIA<\/p>\n<p>VPGD: ng\u00f5 88 ph\u1ed1 Gi\u00e1p Nh\u1ecb, Th\u1ecbnh Li\u1ec7t, Ho\u00e0ng Mai, H\u00e0 N\u1ed9i<\/p>\n<p>X\u01b0\u1edfng s\u1ea3n xu\u1ea5t: L\u1ea1c \u0110\u1ea1o, V\u0103n L\u00e2m, H\u01b0ng Y\u00ean<\/p>\n<p>M\u1ecdi nhu c\u1ea7u Li\u00ean h\u1ec7:<\/p>\n<p><span style=\"color: #ff0000;\">???Hotline: 094 3030 117???<\/span><\/p>\n<p>Ph\u00f2ng Kinh doanh: 0918 92 55 22<\/p>\n<p>Ph\u00f2ng K\u1ef9 thu\u1eadt: 0918 26 55 22<\/p>\n<p>Ph\u00f2ng K\u1ebf to\u00e1n: 0916 49 88 22<\/p>\n<p>Tell: 024 3995 0208 \/ 0916 35 88 22<\/p>\n<p>Gmail: <a href=\"mailto:toangiamayvanphong@gmail.com\">toangiamayvanphong@gmail.com<\/a><\/p>\n<p>Web: <u>https:\/\/toangiamayvanphong.vn\/<\/u><\/p>\n<p>&nbsp;<\/p>\n","protected":false},"featured_media":1890,"comment_status":"open","ping_status":"closed","template":"","meta":[],"product_brand":[],"product_cat":[158],"product_tag":[255],"class_list":{"0":"post-2350","1":"product","2":"type-product","3":"status-publish","4":"has-post-thumbnail","6":"product_cat-van-phong-pham","7":"product_tag-vo-o-ly","9":"first","10":"instock","11":"taxable","12":"shipping-taxable","13":"product-type-simple"},"_links":{"self":[{"href":"https:\/\/toangiamayvanphong.vn\/index.php?rest_route=\/wp\/v2\/product\/2350","targetHints":{"allow":["GET"]}}],"collection":[{"href":"https:\/\/toangiamayvanphong.vn\/index.php?rest_route=\/wp\/v2\/product"}],"about":[{"href":"https:\/\/toangiamayvanphong.vn\/index.php?rest_route=\/wp\/v2\/types\/product"}],"replies":[{"embeddable":true,"href":"https:\/\/toangiamayvanphong.vn\/index.php?rest_route=%2Fwp%2Fv2%2Fcomments&post=2350"}],"wp:featuredmedia":[{"embeddable":true,"href":"https:\/\/toangiamayvanphong.vn\/index.php?rest_route=\/wp\/v2\/media\/1890"}],"wp:attachment":[{"href":"https:\/\/toangiamayvanphong.vn\/index.php?rest_route=%2Fwp%2Fv2%2Fmedia&parent=2350"}],"wp:term":[{"taxonomy":"product_brand","embeddable":true,"href":"https:\/\/toangiamayvanphong.vn\/index.php?rest_route=%2Fwp%2Fv2%2Fproduct_brand&post=2350"},{"taxonomy":"product_cat","embeddable":true,"href":"https:\/\/toangiamayvanphong.vn\/index.php?rest_route=%2Fwp%2Fv2%2Fproduct_cat&post=2350"},{"taxonomy":"product_tag","embeddable":true,"href":"https:\/\/toangiamayvanphong.vn\/index.php?rest_route=%2Fwp%2Fv2%2Fproduct_tag&post=2350"}],"curies":[{"name":"wp","href":"https:\/\/api.w.org\/{rel}","templated":true}]}}