{"id":2351,"date":"2023-07-09T11:14:51","date_gmt":"2023-07-09T04:14:51","guid":{"rendered":"https:\/\/toangiamayvanphong.vn\/?post_type=product&#038;p=2351"},"modified":"2026-04-26T18:03:48","modified_gmt":"2026-04-26T11:03:48","slug":"kep-giay-kep-buom","status":"publish","type":"product","link":"https:\/\/toangiamayvanphong.vn\/?product=kep-giay-kep-buom","title":{"rendered":"K\u1eb9p gi\u1ea5y (K\u1eb9p B\u01b0\u1edbm)"},"content":{"rendered":"<p><strong><span class=\"emoji-sizer emoji-outer \">?<\/span><span class=\"emoji-sizer emoji-outer \">?<\/span><span class=\"text\">?K\u1eb9p gi\u1ea5y (K\u1eb9p B\u01b0\u1edbm)<\/span><\/strong><\/p>\n<p>-K\u1eb9p gi\u1ea5y (K\u1eb9p B\u01b0\u1edbm) c\u00e1c lo\u1ea1i 15mm 19mm 25mm 32mm 41mm 51mm<\/p>\n<p>-Ch\u1ea5t li\u1ec7u: th\u00e9p m\u1ea1 inox, b\u1ec1n \u0111\u1eb9p kh\u00f4ng b\u1ecb hoen r\u1ec9, c\u1ee9ng c\u00e1p v\u00e0 ch\u1eafc ch\u1eafn<\/p>\n<p>-\u0110\u01a1n v\u1ecb t\u00ednh: h\u1ed9p.<\/p>\n<p>-\u0110\u00f3ng g\u00f3i: 12 c\u00e1i\/h\u1ed9p<\/p>\n<p>-M\u00e0u s\u1eafc: \u0111en K\u00edch th\u01b0\u1edbc:<\/p>\n<p>-K\u1eb9p c\u00f3 nhi\u1ec1u lo\u1ea1i k\u00edch th\u01b0\u1edbc: lo\u1ea1i 15mm 19mm 25mm 32mm 41mm 51mm<\/p>\n<p>-C\u00f4ng d\u1ee5ng: K\u1eb9p gi\u1ea5y (K\u1eb9p B\u01b0\u1edbm) c\u00e1c lo\u1ea1i 15mm 19mm 25mm 32mm 41mm 51mm d\u00f9ng \u0111\u1ec3 k\u1eb9p gi\u1ea5y t\u1edd, v\u0103n b\u1ea3n th\u00e0nh t\u1eadp t\u00e0i li\u1ec7u.<\/p>\n<p>***Tr\u00e2n Tr\u1ecdng***<\/p>\n<p>C\u00d4NG TY TNHH TM-DV \u0110\u1ea6U T\u01af &amp; PH\u00c1T TRI\u1ec2N C\u00d4NG NGH\u1ec6 TO\u00c0N GIA<\/p>\n<p>VPGD: ng\u00f5 88 ph\u1ed1 Gi\u00e1p Nh\u1ecb, Th\u1ecbnh Li\u1ec7t, Ho\u00e0ng Mai, H\u00e0 N\u1ed9i<\/p>\n<p>X\u01b0\u1edfng s\u1ea3n xu\u1ea5t: L\u1ea1c \u0110\u1ea1o, V\u0103n L\u00e2m, H\u01b0ng Y\u00ean<\/p>\n<p>M\u1ecdi nhu c\u1ea7u Li\u00ean h\u1ec7:<\/p>\n<p>???Hotline: 094 3030 117???<\/p>\n<p>Ph\u00f2ng Kinh doanh: 0918 92 55 22<\/p>\n<p>Ph\u00f2ng K\u1ef9 thu\u1eadt: 0918 26 55 22<\/p>\n<p>Ph\u00f2ng K\u1ebf to\u00e1n: 0916 49 88 22<\/p>\n<p>Tell: 024 3995 0208 \/ 0916 35 88 22<\/p>\n<p>Gmail: <a href=\"mailto:toangiamayvanphong@gmail.com\">toangiamayvanphong@gmail.com<\/a><\/p>\n<p>Web: <u>https:\/\/toangiamayvanphong.vn\/<\/u><\/p>\n","protected":false},"excerpt":{"rendered":"<p><strong><span class=\"emoji-sizer emoji-outer \">?<\/span><span class=\"emoji-sizer emoji-outer \">?<\/span><span class=\"text\">?K\u1eb9p gi\u1ea5y (K\u1eb9p B\u01b0\u1edbm)<\/span><\/strong><\/p>\n<p>-K\u1eb9p gi\u1ea5y (K\u1eb9p B\u01b0\u1edbm) c\u00e1c lo\u1ea1i 15mm 19mm 25mm 32mm 41mm 51mm<\/p>\n<p>-Ch\u1ea5t li\u1ec7u: th\u00e9p m\u1ea1 inox, b\u1ec1n \u0111\u1eb9p kh\u00f4ng b\u1ecb hoen r\u1ec9, c\u1ee9ng c\u00e1p v\u00e0 ch\u1eafc ch\u1eafn<\/p>\n<p>-\u0110\u01a1n v\u1ecb t\u00ednh: h\u1ed9p.<\/p>\n<p>-\u0110\u00f3ng g\u00f3i: 12 c\u00e1i\/h\u1ed9p<\/p>\n<p>-M\u00e0u s\u1eafc: \u0111en K\u00edch th\u01b0\u1edbc:<\/p>\n<p>-K\u1eb9p c\u00f3 nhi\u1ec1u lo\u1ea1i k\u00edch th\u01b0\u1edbc: lo\u1ea1i 15mm 19mm 25mm 32mm 41mm 51mm<\/p>\n<p>-C\u00f4ng d\u1ee5ng: K\u1eb9p gi\u1ea5y (K\u1eb9p B\u01b0\u1edbm) c\u00e1c lo\u1ea1i 15mm 19mm 25mm 32mm 41mm 51mm -d\u00f9ng \u0111\u1ec3 k\u1eb9p gi\u1ea5y t\u1edd, v\u0103n b\u1ea3n th\u00e0nh t\u1eadp t\u00e0i li\u1ec7u.<\/p>\n<p>Th\u01b0\u01a1ng hi\u1ec7u:\u00a0 M\u1edaI 100%\u00a0 \u00a0 \u00a0 \u00a0 \u00a0 \u00a0 | T\u00ecnh tr\u1ea1ng : C\u00f2n h\u00e0ng<\/p>\n<p>Vui l\u00f2ng li\u00ean h\u1ec7 \u0111\u1ec3 l\u1ea5y gi\u00e1 g\u1ed1c v\u00e0 khuy\u1ebfn m\u1ea1i<\/p>\n<hr \/>\n<p>Sa\u0309n ph\u00e2\u0309m \u0111\u01b0\u01a1\u0323c ba\u0301n ta\u0323i :<\/p>\n<p>C\u00d4NG TY TNHH TM-DV \u0110\u1ea6U T\u01af &amp; PH\u00c1T TRI\u1ec2N C\u00d4NG NGH\u1ec6 TO\u00c0N GIA<\/p>\n<p>VPGD: ng\u00f5 88 ph\u1ed1 Gi\u00e1p Nh\u1ecb, Th\u1ecbnh Li\u1ec7t, Ho\u00e0ng Mai, H\u00e0 N\u1ed9i<\/p>\n<p>X\u01b0\u1edfng s\u1ea3n xu\u1ea5t: L\u1ea1c \u0110\u1ea1o, V\u0103n L\u00e2m, H\u01b0ng Y\u00ean<\/p>\n<p>M\u1ecdi nhu c\u1ea7u Li\u00ean h\u1ec7:<\/p>\n<p><span style=\"color: #ff0000;\">???Hotline: 094 3030 117???<\/span><\/p>\n<p>Ph\u00f2ng Kinh doanh: 0918 92 55 22<\/p>\n<p>Ph\u00f2ng K\u1ef9 thu\u1eadt: 0918 26 55 22<\/p>\n<p>Ph\u00f2ng K\u1ebf to\u00e1n: 0916 49 88 22<\/p>\n<p>Tell: 024 3995 0208 \/ 0916 35 88 22<\/p>\n<p>Gmail: <a href=\"mailto:toangiamayvanphong@gmail.com\">toangiamayvanphong@gmail.com<\/a><\/p>\n<p>Web: <u>https:\/\/toangiamayvanphong.vn\/<\/u><\/p>\n<p>&nbsp;<\/p>\n","protected":false},"featured_media":1891,"comment_status":"open","ping_status":"closed","template":"","meta":[],"product_brand":[],"product_cat":[158],"product_tag":[256,257],"class_list":{"0":"post-2351","1":"product","2":"type-product","3":"status-publish","4":"has-post-thumbnail","6":"product_cat-van-phong-pham","7":"product_tag-kep-buom","8":"product_tag-kep-giay","10":"first","11":"instock","12":"taxable","13":"shipping-taxable","14":"product-type-simple"},"_links":{"self":[{"href":"https:\/\/toangiamayvanphong.vn\/index.php?rest_route=\/wp\/v2\/product\/2351","targetHints":{"allow":["GET"]}}],"collection":[{"href":"https:\/\/toangiamayvanphong.vn\/index.php?rest_route=\/wp\/v2\/product"}],"about":[{"href":"https:\/\/toangiamayvanphong.vn\/index.php?rest_route=\/wp\/v2\/types\/product"}],"replies":[{"embeddable":true,"href":"https:\/\/toangiamayvanphong.vn\/index.php?rest_route=%2Fwp%2Fv2%2Fcomments&post=2351"}],"wp:featuredmedia":[{"embeddable":true,"href":"https:\/\/toangiamayvanphong.vn\/index.php?rest_route=\/wp\/v2\/media\/1891"}],"wp:attachment":[{"href":"https:\/\/toangiamayvanphong.vn\/index.php?rest_route=%2Fwp%2Fv2%2Fmedia&parent=2351"}],"wp:term":[{"taxonomy":"product_brand","embeddable":true,"href":"https:\/\/toangiamayvanphong.vn\/index.php?rest_route=%2Fwp%2Fv2%2Fproduct_brand&post=2351"},{"taxonomy":"product_cat","embeddable":true,"href":"https:\/\/toangiamayvanphong.vn\/index.php?rest_route=%2Fwp%2Fv2%2Fproduct_cat&post=2351"},{"taxonomy":"product_tag","embeddable":true,"href":"https:\/\/toangiamayvanphong.vn\/index.php?rest_route=%2Fwp%2Fv2%2Fproduct_tag&post=2351"}],"curies":[{"name":"wp","href":"https:\/\/api.w.org\/{rel}","templated":true}]}}