{"id":2352,"date":"2023-07-09T11:14:51","date_gmt":"2023-07-09T04:14:51","guid":{"rendered":"https:\/\/toangiamayvanphong.vn\/?post_type=product&#038;p=2352"},"modified":"2023-07-09T11:14:54","modified_gmt":"2023-07-09T04:14:54","slug":"bang-dinh-giay","status":"publish","type":"product","link":"https:\/\/toangiamayvanphong.vn\/?product=bang-dinh-giay","title":{"rendered":"B\u0103ng d\u00ednh gi\u1ea5y"},"content":{"rendered":"<p><strong><span class=\"emoji-sizer emoji-outer \">?<\/span><span class=\"emoji-sizer emoji-outer \">?<\/span><span class=\"text\">?<\/span><\/strong><strong>B\u0103ng d\u00ednh gi\u1ea5y<\/strong><\/p>\n<p>-B\u0103ng d\u00ednh gi\u1ea5y l\u00e0 lo\u1ea1i b\u0103ng d\u00ednh vi\u1ebft \u0111\u01b0\u1ee3c, \u0111\u01b0\u1ee3c s\u1ea3n xu\u1ea5t b\u1eb1ng ch\u1ea5t li\u1ec7u gi\u1ea5y k\u1ebfp v\u1edbi l\u1edbp keo cao su h\u00f2a tan tr\u00ean m\u1ed9t m\u1eb7t, c\u00f3 kh\u1ea3 n\u0103ng ch\u1ecbu \u0111\u01b0\u1ee3c nhi\u1ec7t l\u00ean t\u1edbi 180<sup>0<\/sup>C.<\/p>\n<p>-L\u00e0 s\u1ea3n ph\u1ea9m \u0111\u01b0\u1ee3c \u1ee9ng d\u1ee5ng r\u1ed9ng r\u00e3i trong l\u0129nh v\u1ef1c v\u0103n ph\u00f2ng ph\u1ea9m ho\u1eb7c d\u00e1n d\u00ednh b\u1ea3o v\u1ec7 b\u1ec1 m\u1eb7t \u0111\u1ec3 s\u01a1n hay ph\u1ee7 b\u00f3ng.<\/p>\n<p>-S\u1ea3n ph\u1ea9m c\u00f2n \u0111\u01b0\u1ee3c \u1ee9ng d\u1ee5ng h\u1eefu \u00edch trong th\u1ef1c t\u1ebf nh\u01b0 l\u00e0m nh\u00e1n d\u00e3n, ti\u00eau \u0111\u1ec1, \u0111\u00f3ng g\u00f3i qu\u00e0 t\u1eb7ng, b\u01b0u ph\u1ea9m nh\u1eb9, d\u00e1n l\u00f3t th\u1ea3m.<\/p>\n<p>***Tr\u00e2n Tr\u1ecdng***<\/p>\n<p>C\u00d4NG TY TNHH TM-DV \u0110\u1ea6U T\u01af &amp; PH\u00c1T TRI\u1ec2N C\u00d4NG NGH\u1ec6 TO\u00c0N GIA<\/p>\n<p>VPGD: ng\u00f5 88 ph\u1ed1 Gi\u00e1p Nh\u1ecb, Th\u1ecbnh Li\u1ec7t, Ho\u00e0ng Mai, H\u00e0 N\u1ed9i<\/p>\n<p>X\u01b0\u1edfng s\u1ea3n xu\u1ea5t: L\u1ea1c \u0110\u1ea1o, V\u0103n L\u00e2m, H\u01b0ng Y\u00ean<\/p>\n<p>M\u1ecdi nhu c\u1ea7u Li\u00ean h\u1ec7:<\/p>\n<p>???Hotline: 094 3030 117???<\/p>\n<p>Ph\u00f2ng Kinh doanh: 0918 92 55 22<\/p>\n<p>Ph\u00f2ng K\u1ef9 thu\u1eadt: 0918 26 55 22<\/p>\n<p>Ph\u00f2ng K\u1ebf to\u00e1n: 0916 49 88 22<\/p>\n<p>Tell: 024 3995 0208 \/ 0916 35 88 22<\/p>\n<p>Gmail: <a href=\"mailto:toangiamayvanphong@gmail.com\">toangiamayvanphong@gmail.com<\/a><\/p>\n<p>Web: <u>https:\/\/toangiamayvanphong.vn\/<\/u><\/p>\n","protected":false},"excerpt":{"rendered":"<p><strong><span class=\"emoji-sizer emoji-outer \">?<\/span><span class=\"emoji-sizer emoji-outer \">?<\/span><span class=\"text\">?<\/span><\/strong><strong>B\u0103ng d\u00ednh gi\u1ea5y<\/strong><\/p>\n<p>-B\u0103ng d\u00ednh gi\u1ea5y l\u00e0 lo\u1ea1i b\u0103ng d\u00ednh vi\u1ebft \u0111\u01b0\u1ee3c, \u0111\u01b0\u1ee3c s\u1ea3n xu\u1ea5t b\u1eb1ng ch\u1ea5t li\u1ec7u gi\u1ea5y k\u1ebfp v\u1edbi l\u1edbp keo cao su h\u00f2a tan tr\u00ean m\u1ed9t m\u1eb7t, c\u00f3 kh\u1ea3 n\u0103ng ch\u1ecbu \u0111\u01b0\u1ee3c nhi\u1ec7t l\u00ean t\u1edbi 180<sup>0<\/sup>C.<\/p>\n<p>-L\u00e0 s\u1ea3n ph\u1ea9m \u0111\u01b0\u1ee3c \u1ee9ng d\u1ee5ng r\u1ed9ng r\u00e3i trong l\u0129nh v\u1ef1c v\u0103n ph\u00f2ng ph\u1ea9m ho\u1eb7c d\u00e1n d\u00ednh b\u1ea3o v\u1ec7 b\u1ec1 m\u1eb7t \u0111\u1ec3 s\u01a1n hay ph\u1ee7 b\u00f3ng.<\/p>\n<p>-S\u1ea3n ph\u1ea9m c\u00f2n \u0111\u01b0\u1ee3c \u1ee9ng d\u1ee5ng h\u1eefu \u00edch trong th\u1ef1c t\u1ebf nh\u01b0 l\u00e0m nh\u00e1n d\u00e3n, ti\u00eau \u0111\u1ec1, \u0111\u00f3ng g\u00f3i qu\u00e0 t\u1eb7ng, b\u01b0u ph\u1ea9m nh\u1eb9, d\u00e1n l\u00f3t th\u1ea3m.<\/p>\n<p>Th\u01b0\u01a1ng hi\u1ec7u:\u00a0 M\u1edaI 100%\u00a0 \u00a0 \u00a0 \u00a0 \u00a0 \u00a0 | T\u00ecnh tr\u1ea1ng : C\u00f2n h\u00e0ng<\/p>\n<p>Vui l\u00f2ng li\u00ean h\u1ec7 \u0111\u1ec3 l\u1ea5y gi\u00e1 g\u1ed1c v\u00e0 khuy\u1ebfn m\u1ea1i<\/p>\n<hr \/>\n<p>Sa\u0309n ph\u00e2\u0309m \u0111\u01b0\u01a1\u0323c ba\u0301n ta\u0323i :<\/p>\n<p>C\u00d4NG TY TNHH TM-DV \u0110\u1ea6U T\u01af &amp; PH\u00c1T TRI\u1ec2N C\u00d4NG NGH\u1ec6 TO\u00c0N GIA<\/p>\n<p>VPGD: ng\u00f5 88 ph\u1ed1 Gi\u00e1p Nh\u1ecb, Th\u1ecbnh Li\u1ec7t, Ho\u00e0ng Mai, H\u00e0 N\u1ed9i<\/p>\n<p>X\u01b0\u1edfng s\u1ea3n xu\u1ea5t: L\u1ea1c \u0110\u1ea1o, V\u0103n L\u00e2m, H\u01b0ng Y\u00ean<\/p>\n<p>M\u1ecdi nhu c\u1ea7u Li\u00ean h\u1ec7:<\/p>\n<p><span style=\"color: #ff0000;\">???Hotline: 094 3030 117???<\/span><\/p>\n<p>Ph\u00f2ng Kinh doanh: 0918 92 55 22<\/p>\n<p>Ph\u00f2ng K\u1ef9 thu\u1eadt: 0918 26 55 22<\/p>\n<p>Ph\u00f2ng K\u1ebf to\u00e1n: 0916 49 88 22<\/p>\n<p>Tell: 024 3995 0208 \/ 0916 35 88 22<\/p>\n<p>Gmail: <a href=\"mailto:toangiamayvanphong@gmail.com\">toangiamayvanphong@gmail.com<\/a><\/p>\n<p>Web: <u>https:\/\/toangiamayvanphong.vn\/<\/u><\/p>\n<p>&nbsp;<\/p>\n","protected":false},"featured_media":1892,"comment_status":"open","ping_status":"closed","template":"","meta":[],"product_brand":[],"product_cat":[158],"product_tag":[258],"class_list":{"0":"post-2352","1":"product","2":"type-product","3":"status-publish","4":"has-post-thumbnail","6":"product_cat-van-phong-pham","7":"product_tag-bang-dinh-giay","9":"first","10":"instock","11":"taxable","12":"shipping-taxable","13":"product-type-simple"},"_links":{"self":[{"href":"https:\/\/toangiamayvanphong.vn\/index.php?rest_route=\/wp\/v2\/product\/2352","targetHints":{"allow":["GET"]}}],"collection":[{"href":"https:\/\/toangiamayvanphong.vn\/index.php?rest_route=\/wp\/v2\/product"}],"about":[{"href":"https:\/\/toangiamayvanphong.vn\/index.php?rest_route=\/wp\/v2\/types\/product"}],"replies":[{"embeddable":true,"href":"https:\/\/toangiamayvanphong.vn\/index.php?rest_route=%2Fwp%2Fv2%2Fcomments&post=2352"}],"wp:featuredmedia":[{"embeddable":true,"href":"https:\/\/toangiamayvanphong.vn\/index.php?rest_route=\/wp\/v2\/media\/1892"}],"wp:attachment":[{"href":"https:\/\/toangiamayvanphong.vn\/index.php?rest_route=%2Fwp%2Fv2%2Fmedia&parent=2352"}],"wp:term":[{"taxonomy":"product_brand","embeddable":true,"href":"https:\/\/toangiamayvanphong.vn\/index.php?rest_route=%2Fwp%2Fv2%2Fproduct_brand&post=2352"},{"taxonomy":"product_cat","embeddable":true,"href":"https:\/\/toangiamayvanphong.vn\/index.php?rest_route=%2Fwp%2Fv2%2Fproduct_cat&post=2352"},{"taxonomy":"product_tag","embeddable":true,"href":"https:\/\/toangiamayvanphong.vn\/index.php?rest_route=%2Fwp%2Fv2%2Fproduct_tag&post=2352"}],"curies":[{"name":"wp","href":"https:\/\/api.w.org\/{rel}","templated":true}]}}