{"id":2356,"date":"2023-07-09T11:14:55","date_gmt":"2023-07-09T04:14:55","guid":{"rendered":"https:\/\/toangiamayvanphong.vn\/?post_type=product&#038;p=2356"},"modified":"2026-04-26T18:06:00","modified_gmt":"2026-04-26T11:06:00","slug":"hop-cam-but-xoay-sn","status":"publish","type":"product","link":"https:\/\/toangiamayvanphong.vn\/?product=hop-cam-but-xoay-sn","title":{"rendered":"H\u1ed9p c\u1eafm b\u00fat xoay SN"},"content":{"rendered":"<p>???H\u1ed9p c\u1eafm b\u00fat xoay SN<\/p>\n<p>-Ch\u1ea5t l\u01b0\u1ee3ng: m\u1eabu m\u00e3 \u0111\u1eb9p, ch\u1ea5t li\u1ec7u nh\u1ef1a t\u1ed1t, \u0111\u1ed9 b\u1ec1n cao.<\/p>\n<p>-M\u00e0u s\u1eafc: m\u00e0u xanh<\/p>\n<p>&#8211; C\u1eafm b\u00fat xoay SN ti\u1ec7n d\u1ee5ng ch\u1ea5t l\u01b0\u1ee3ng cao (c\u00f3 th\u1ec3 xoay \u0111\u01b0\u1ee3c)<\/p>\n<p>-Ph\u00f9 h\u1ee3p cho v\u0103n ph\u00f2ng, c\u00e1 nh\u00e2n<\/p>\n<p>&#8211; \u0110\u1ec3 \u0111\u01b0\u1ee3c nhi\u1ec1u b\u00fat, gi\u1ea5y note, ghim k\u1eb9p gi\u00fap b\u00e0n l\u00e0m vi\u1ec7c ng\u0103n n\u1eafp, g\u1ecdn g\u00e0ng h\u01a1n<\/p>\n<p>&#8211; L\u00e0 s\u1ea3n ph\u1ea9m \u0111\u01b0\u1ee3c l\u00e0m b\u1eb1ng nh\u1ef1a d\u1ea1ng h\u00ecnh tr\u00f2n nh\u1ecf g\u1ecdn. S\u1ea3n ph\u1ea9m c\u00f3 05 ng\u0103n ch\u1ee9a v\u00e0 c\u00f3 c\u00e1c vi\u00ean bi xoay ph\u00eda d\u01b0\u1edbi gi\u00fap thu\u1eadn ti\u1ec7n trong vi\u1ec7c l\u01b0u gi\u1eef: b\u00fat vi\u1ebft, g\u00f4m, kim b\u1ea5m, dao, k\u00e9o, th\u01b0\u1edbc, chu\u1ed1t ch\u00ec, b\u1ea5m kim, g\u1ee1 kim,&#8230;<\/p>\n<p>***Tr\u00e2n tr\u1ecdng***<\/p>\n<p>C\u00d4NG TY TNHH TM-DV \u0110\u1ea6U T\u01af &amp; PH\u00c1T TRI\u1ec2N C\u00d4NG NGH\u1ec6 TO\u00c0N GIA<\/p>\n<p>VPGD: ng\u00f5 88 ph\u1ed1 Gi\u00e1p Nh\u1ecb, Th\u1ecbnh Li\u1ec7t, Ho\u00e0ng Mai, H\u00e0 N\u1ed9i<\/p>\n<p>X\u01b0\u1edfng s\u1ea3n xu\u1ea5t: L\u1ea1c \u0110\u1ea1o, V\u0103n L\u00e2m, H\u01b0ng Y\u00ean<\/p>\n<p>M\u1ecdi nhu c\u1ea7u Li\u00ean h\u1ec7:<\/p>\n<p>???Hotline: 094 3030 117???<\/p>\n<p>Ph\u00f2ng Kinh doanh: 0918 92 55 22<\/p>\n<p>Ph\u00f2ng K\u1ef9 thu\u1eadt: 0918 26 55 22<\/p>\n<p>Ph\u00f2ng K\u1ebf to\u00e1n: 0916 49 88 22<\/p>\n<p>Tell: 024 3995 0208 \/ 0916 35 88 22<\/p>\n<p>Gmail: <a href=\"mailto:toangiamayvanphong@gmail.com\">toangiamayvanphong@gmail.com<\/a><\/p>\n<p>Web: <u>https:\/\/toangiamayvanphong.vn\/<\/u><\/p>\n","protected":false},"excerpt":{"rendered":"<p>???H\u1ed9p c\u1eafm b\u00fat xoay SN<\/p>\n<p>-Ch\u1ea5t l\u01b0\u1ee3ng: m\u1eabu m\u00e3 \u0111\u1eb9p, ch\u1ea5t li\u1ec7u nh\u1ef1a t\u1ed1t, \u0111\u1ed9 b\u1ec1n cao.<\/p>\n<p>-M\u00e0u s\u1eafc: m\u00e0u xanh<\/p>\n<p>&#8211; C\u1eafm b\u00fat xoay SN ti\u1ec7n d\u1ee5ng ch\u1ea5t l\u01b0\u1ee3ng cao (c\u00f3 th\u1ec3 xoay \u0111\u01b0\u1ee3c)<\/p>\n<p>-Ph\u00f9 h\u1ee3p cho v\u0103n ph\u00f2ng, c\u00e1 nh\u00e2n<\/p>\n<p>&#8211; \u0110\u1ec3 \u0111\u01b0\u1ee3c nhi\u1ec1u b\u00fat, gi\u1ea5y note, ghim k\u1eb9p gi\u00fap b\u00e0n l\u00e0m vi\u1ec7c ng\u0103n n\u1eafp, g\u1ecdn g\u00e0ng h\u01a1n<\/p>\n<p>&#8211; L\u00e0 s\u1ea3n ph\u1ea9m \u0111\u01b0\u1ee3c l\u00e0m b\u1eb1ng nh\u1ef1a d\u1ea1ng h\u00ecnh tr\u00f2n nh\u1ecf g\u1ecdn. S\u1ea3n ph\u1ea9m c\u00f3 05 ng\u0103n ch\u1ee9a v\u00e0 c\u00f3 c\u00e1c vi\u00ean bi xoay ph\u00eda d\u01b0\u1edbi gi\u00fap thu\u1eadn ti\u1ec7n trong vi\u1ec7c l\u01b0u gi\u1eef: b\u00fat vi\u1ebft, g\u00f4m, kim b\u1ea5m, dao, k\u00e9o, th\u01b0\u1edbc, chu\u1ed1t ch\u00ec, b\u1ea5m kim, g\u1ee1 kim,&#8230;<\/p>\n<p>Th\u01b0\u01a1ng hi\u1ec7u:\u00a0 M\u1edaI 100%\u00a0 \u00a0 \u00a0 \u00a0 \u00a0 \u00a0 | T\u00ecnh tr\u1ea1ng : C\u00f2n h\u00e0ng<\/p>\n<p>Vui l\u00f2ng li\u00ean h\u1ec7 \u0111\u1ec3 l\u1ea5y gi\u00e1 g\u1ed1c v\u00e0 khuy\u1ebfn m\u1ea1i<\/p>\n<hr \/>\n<p>Sa\u0309n ph\u00e2\u0309m \u0111\u01b0\u01a1\u0323c ba\u0301n ta\u0323i :<\/p>\n<p>C\u00d4NG TY TNHH TM-DV \u0110\u1ea6U T\u01af &amp; PH\u00c1T TRI\u1ec2N C\u00d4NG NGH\u1ec6 TO\u00c0N GIA<\/p>\n<p>VPGD: ng\u00f5 88 ph\u1ed1 Gi\u00e1p Nh\u1ecb, Th\u1ecbnh Li\u1ec7t, Ho\u00e0ng Mai, H\u00e0 N\u1ed9i<\/p>\n<p>X\u01b0\u1edfng s\u1ea3n xu\u1ea5t: L\u1ea1c \u0110\u1ea1o, V\u0103n L\u00e2m, H\u01b0ng Y\u00ean<\/p>\n<p>M\u1ecdi nhu c\u1ea7u Li\u00ean h\u1ec7:<\/p>\n<p><span style=\"color: #ff0000;\">???Hotline: 094 3030 117???<\/span><\/p>\n<p>Ph\u00f2ng Kinh doanh: 0918 92 55 22<\/p>\n<p>Ph\u00f2ng K\u1ef9 thu\u1eadt: 0918 26 55 22<\/p>\n<p>Ph\u00f2ng K\u1ebf to\u00e1n: 0916 49 88 22<\/p>\n<p>Tell: 024 3995 0208 \/ 0916 35 88 22<\/p>\n<p>Gmail: <a href=\"mailto:toangiamayvanphong@gmail.com\">toangiamayvanphong@gmail.com<\/a><\/p>\n<p>Web: <u>https:\/\/toangiamayvanphong.vn\/<\/u><\/p>\n<p>&nbsp;<\/p>\n","protected":false},"featured_media":1896,"comment_status":"open","ping_status":"closed","template":"","meta":[],"product_brand":[],"product_cat":[158],"product_tag":[264,265],"class_list":{"0":"post-2356","1":"product","2":"type-product","3":"status-publish","4":"has-post-thumbnail","6":"product_cat-van-phong-pham","7":"product_tag-hop-cam-but","8":"product_tag-khay-dung-but","10":"first","11":"instock","12":"taxable","13":"shipping-taxable","14":"product-type-simple"},"_links":{"self":[{"href":"https:\/\/toangiamayvanphong.vn\/index.php?rest_route=\/wp\/v2\/product\/2356","targetHints":{"allow":["GET"]}}],"collection":[{"href":"https:\/\/toangiamayvanphong.vn\/index.php?rest_route=\/wp\/v2\/product"}],"about":[{"href":"https:\/\/toangiamayvanphong.vn\/index.php?rest_route=\/wp\/v2\/types\/product"}],"replies":[{"embeddable":true,"href":"https:\/\/toangiamayvanphong.vn\/index.php?rest_route=%2Fwp%2Fv2%2Fcomments&post=2356"}],"wp:featuredmedia":[{"embeddable":true,"href":"https:\/\/toangiamayvanphong.vn\/index.php?rest_route=\/wp\/v2\/media\/1896"}],"wp:attachment":[{"href":"https:\/\/toangiamayvanphong.vn\/index.php?rest_route=%2Fwp%2Fv2%2Fmedia&parent=2356"}],"wp:term":[{"taxonomy":"product_brand","embeddable":true,"href":"https:\/\/toangiamayvanphong.vn\/index.php?rest_route=%2Fwp%2Fv2%2Fproduct_brand&post=2356"},{"taxonomy":"product_cat","embeddable":true,"href":"https:\/\/toangiamayvanphong.vn\/index.php?rest_route=%2Fwp%2Fv2%2Fproduct_cat&post=2356"},{"taxonomy":"product_tag","embeddable":true,"href":"https:\/\/toangiamayvanphong.vn\/index.php?rest_route=%2Fwp%2Fv2%2Fproduct_tag&post=2356"}],"curies":[{"name":"wp","href":"https:\/\/api.w.org\/{rel}","templated":true}]}}