{"id":2357,"date":"2023-07-09T11:14:55","date_gmt":"2023-07-09T04:14:55","guid":{"rendered":"https:\/\/toangiamayvanphong.vn\/?post_type=product&#038;p=2357"},"modified":"2026-04-26T18:05:54","modified_gmt":"2026-04-26T11:05:54","slug":"bia-trinh-ky-a4-xanh-duong","status":"publish","type":"product","link":"https:\/\/toangiamayvanphong.vn\/?product=bia-trinh-ky-a4-xanh-duong","title":{"rendered":"B\u00eca Tr\u00ecnh K\u00fd A4 Xanh D\u01b0\u01a1ng"},"content":{"rendered":"<p>???<strong>B\u00eca Tr\u00ecnh K\u00fd A4 Xanh D\u01b0\u01a1ng<\/strong><\/p>\n<p>&#8211; L\u00e0 s\u1ea3n ph\u1ea9m \u0111\u01b0\u1ee3c s\u1eed d\u1ee5ng ph\u1ed5 bi\u1ebfn \u1edf c\u00e1c c\u00f4ng ty hi\u1ec7n nay.<\/p>\n<p>&#8211; B\u00eca \u0111em l\u1ea1i nhi\u1ec1u s\u1ef1 ti\u1ec7n l\u1ee3i nh\u01b0 l\u01b0u tr\u1eef h\u1ed3 s\u01a1, c\u00e1c t\u00e0i li\u1ec7u quan tr\u1ecdng.<\/p>\n<p>&#8211; T\u1ea1o s\u1ef1 thu\u1eadn ti\u1ec7n khi di chuy\u1ec3n, kh\u00f4ng b\u1ecb nh\u0103n, gi\u00fap tr\u00e1nh b\u1ee5i b\u1ea9n, m\u1ed9t ph\u1ea7n t\u1ea1o hi\u1ec7u qu\u1ea3 v\u00e0 s\u1ef1 chuy\u00ean nghi\u1ec7p trong c\u00e1c cu\u1ed9c k\u00fd k\u1ebft.<\/p>\n<p>&#8211; K\u1eb9p c\u00f3 mi\u1ebfng \u0111\u1ec7m gi\u00fap kh\u00f4ng bi\u1ebfn d\u1ea1ng t\u00e0i li\u1ec7u, v\u00e0 k\u1eb9p inox kh\u00f4ng b\u1ecb g\u1ec9 s\u00e9t.<\/p>\n<p>***Tr\u00e2n tr\u1ecdng***<\/p>\n<p>C\u00d4NG TY TNHH TM-DV \u0110\u1ea6U T\u01af &amp; PH\u00c1T TRI\u1ec2N C\u00d4NG NGH\u1ec6 TO\u00c0N GIA<\/p>\n<p>VPGD: ng\u00f5 88 ph\u1ed1 Gi\u00e1p Nh\u1ecb, Th\u1ecbnh Li\u1ec7t, Ho\u00e0ng Mai, H\u00e0 N\u1ed9i<\/p>\n<p>X\u01b0\u1edfng s\u1ea3n xu\u1ea5t: L\u1ea1c \u0110\u1ea1o, V\u0103n L\u00e2m, H\u01b0ng Y\u00ean<\/p>\n<p>M\u1ecdi nhu c\u1ea7u Li\u00ean h\u1ec7:<\/p>\n<p>???Hotline: 094 3030 117???<\/p>\n<p>Ph\u00f2ng Kinh doanh: 0918 92 55 22<\/p>\n<p>Ph\u00f2ng K\u1ef9 thu\u1eadt: 0918 26 55 22<\/p>\n<p>Ph\u00f2ng K\u1ebf to\u00e1n: 0916 49 88 22<\/p>\n<p>Tell: 024 3995 0208 \/ 0916 35 88 22<\/p>\n<p>Gmail: <a href=\"mailto:toangiamayvanphong@gmail.com\">toangiamayvanphong@gmail.com<\/a><\/p>\n<p>Web: <u>https:\/\/toangiamayvanphong.vn\/<\/u><\/p>\n","protected":false},"excerpt":{"rendered":"<p>???<strong>B\u00eca Tr\u00ecnh K\u00fd A4 Xanh D\u01b0\u01a1ng<\/strong><\/p>\n<p>&#8211; L\u00e0 s\u1ea3n ph\u1ea9m \u0111\u01b0\u1ee3c s\u1eed d\u1ee5ng ph\u1ed5 bi\u1ebfn \u1edf c\u00e1c c\u00f4ng ty hi\u1ec7n nay.<\/p>\n<p>&#8211; B\u00eca \u0111em l\u1ea1i nhi\u1ec1u s\u1ef1 ti\u1ec7n l\u1ee3i nh\u01b0 l\u01b0u tr\u1eef h\u1ed3 s\u01a1, c\u00e1c t\u00e0i li\u1ec7u quan tr\u1ecdng.<\/p>\n<p>&#8211; T\u1ea1o s\u1ef1 thu\u1eadn ti\u1ec7n khi di chuy\u1ec3n, kh\u00f4ng b\u1ecb nh\u0103n, gi\u00fap tr\u00e1nh b\u1ee5i b\u1ea9n, m\u1ed9t ph\u1ea7n t\u1ea1o hi\u1ec7u qu\u1ea3 v\u00e0 s\u1ef1 chuy\u00ean nghi\u1ec7p trong c\u00e1c cu\u1ed9c k\u00fd k\u1ebft.<\/p>\n<p>&#8211; K\u1eb9p c\u00f3 mi\u1ebfng \u0111\u1ec7m gi\u00fap kh\u00f4ng bi\u1ebfn d\u1ea1ng t\u00e0i li\u1ec7u, v\u00e0 k\u1eb9p inox kh\u00f4ng b\u1ecb g\u1ec9 s\u00e9t.<\/p>\n<p>Th\u01b0\u01a1ng hi\u1ec7u:\u00a0 M\u1edaI 100%\u00a0 \u00a0 \u00a0 \u00a0 \u00a0 \u00a0 | T\u00ecnh tr\u1ea1ng : C\u00f2n h\u00e0ng<\/p>\n<p>Vui l\u00f2ng li\u00ean h\u1ec7 \u0111\u1ec3 l\u1ea5y gi\u00e1 g\u1ed1c v\u00e0 khuy\u1ebfn m\u1ea1i<\/p>\n<hr \/>\n<p>Sa\u0309n ph\u00e2\u0309m \u0111\u01b0\u01a1\u0323c ba\u0301n ta\u0323i :<\/p>\n<p>C\u00d4NG TY TNHH TM-DV \u0110\u1ea6U T\u01af &amp; PH\u00c1T TRI\u1ec2N C\u00d4NG NGH\u1ec6 TO\u00c0N GIA<\/p>\n<p>VPGD: ng\u00f5 88 ph\u1ed1 Gi\u00e1p Nh\u1ecb, Th\u1ecbnh Li\u1ec7t, Ho\u00e0ng Mai, H\u00e0 N\u1ed9i<\/p>\n<p>X\u01b0\u1edfng s\u1ea3n xu\u1ea5t: L\u1ea1c \u0110\u1ea1o, V\u0103n L\u00e2m, H\u01b0ng Y\u00ean<\/p>\n<p>M\u1ecdi nhu c\u1ea7u Li\u00ean h\u1ec7:<\/p>\n<p><span style=\"color: #ff0000;\">???Hotline: 094 3030 117???<\/span><\/p>\n<p>Ph\u00f2ng Kinh doanh: 0918 92 55 22<\/p>\n<p>Ph\u00f2ng K\u1ef9 thu\u1eadt: 0918 26 55 22<\/p>\n<p>Ph\u00f2ng K\u1ebf to\u00e1n: 0916 49 88 22<\/p>\n<p>Tell: 024 3995 0208 \/ 0916 35 88 22<\/p>\n<p>Gmail: <a href=\"mailto:toangiamayvanphong@gmail.com\">toangiamayvanphong@gmail.com<\/a><\/p>\n<p>Web: <u>https:\/\/toangiamayvanphong.vn\/<\/u><\/p>\n<p>&nbsp;<\/p>\n","protected":false},"featured_media":1897,"comment_status":"open","ping_status":"closed","template":"","meta":[],"product_brand":[],"product_cat":[158],"product_tag":[266,267],"class_list":{"0":"post-2357","1":"product","2":"type-product","3":"status-publish","4":"has-post-thumbnail","6":"product_cat-van-phong-pham","7":"product_tag-bia-trinh-ky","8":"product_tag-trinh-ky","10":"first","11":"instock","12":"taxable","13":"shipping-taxable","14":"product-type-simple"},"_links":{"self":[{"href":"https:\/\/toangiamayvanphong.vn\/index.php?rest_route=\/wp\/v2\/product\/2357","targetHints":{"allow":["GET"]}}],"collection":[{"href":"https:\/\/toangiamayvanphong.vn\/index.php?rest_route=\/wp\/v2\/product"}],"about":[{"href":"https:\/\/toangiamayvanphong.vn\/index.php?rest_route=\/wp\/v2\/types\/product"}],"replies":[{"embeddable":true,"href":"https:\/\/toangiamayvanphong.vn\/index.php?rest_route=%2Fwp%2Fv2%2Fcomments&post=2357"}],"wp:featuredmedia":[{"embeddable":true,"href":"https:\/\/toangiamayvanphong.vn\/index.php?rest_route=\/wp\/v2\/media\/1897"}],"wp:attachment":[{"href":"https:\/\/toangiamayvanphong.vn\/index.php?rest_route=%2Fwp%2Fv2%2Fmedia&parent=2357"}],"wp:term":[{"taxonomy":"product_brand","embeddable":true,"href":"https:\/\/toangiamayvanphong.vn\/index.php?rest_route=%2Fwp%2Fv2%2Fproduct_brand&post=2357"},{"taxonomy":"product_cat","embeddable":true,"href":"https:\/\/toangiamayvanphong.vn\/index.php?rest_route=%2Fwp%2Fv2%2Fproduct_cat&post=2357"},{"taxonomy":"product_tag","embeddable":true,"href":"https:\/\/toangiamayvanphong.vn\/index.php?rest_route=%2Fwp%2Fv2%2Fproduct_tag&post=2357"}],"curies":[{"name":"wp","href":"https:\/\/api.w.org\/{rel}","templated":true}]}}