{"id":2358,"date":"2023-07-09T11:14:55","date_gmt":"2023-07-09T04:14:55","guid":{"rendered":"https:\/\/toangiamayvanphong.vn\/?post_type=product&#038;p=2358"},"modified":"2026-04-26T18:05:47","modified_gmt":"2026-04-26T11:05:47","slug":"lau-bang-trang-tay-cam","status":"publish","type":"product","link":"https:\/\/toangiamayvanphong.vn\/?product=lau-bang-trang-tay-cam","title":{"rendered":"LAU B\u1ea2NG TR\u1eaeNG TAY C\u1ea6M"},"content":{"rendered":"<p>???LAU B\u1ea2NG TR\u1eaeNG TAY C\u1ea6M<\/p>\n<p>-L\u00e0 s\u1ea3n ph\u1ea9m lau b\u1ea3ng tay c\u1ea7m th\u01b0\u01a1ng hi\u1ec7u B\u1ebfn Ngh\u00e9 d\u00f9ng \u0111\u1ec3 lau b\u1ea3ng mica tr\u1eafng, ph\u00f9 h\u1ee3p cho m\u1ecdi v\u0103n ph\u00f2ng.<\/p>\n<p>-\u0110\u00e2y l\u00e0 nhu y\u1ebfu ph\u1ea9m quan tr\u1ecdng lu\u00f4n \u0111i k\u00e8m v\u1edbi c\u00e1c lo\u1ea1i b\u00fat l\u00f4ng b\u1ea3ng<\/p>\n<p>-S\u1ea3n ph\u1ea9m c\u00f3 ph\u1ea7n b\u00f4ng m\u1ecbn t\u1ed1i m\u00e0u \u0111\u1ec3 lau s\u1ea1ch v\u1ebft m\u1ef1c v\u00e0 ph\u1ea7n \u0111\u1ebf nh\u1ef1a \u0111\u1ec3 c\u1ea7m tay<\/p>\n<p>-Ch\u1ea5t l\u01b0\u1ee3ng: ch\u1ea5t li\u1ec7u nh\u1ef1a t\u1ed1t &#8211; b\u00f4ng lau m\u1ecbn s\u1ea1ch<\/p>\n<p>&#8211; S\u1ea3n ph\u1ea9m \u0111\u1ec3 n\u01a1i cao r\u00e1o, nhi\u1ec7t \u0111\u1ed9: 10 ~ 55\u00ba C, v\u00e0 \u0111\u1ed9 \u1ea9m: 55 ~ 95% RH<\/p>\n<p>&#8211; Tr\u00e1nh \u0111\u1ec3 g\u1ea7n n\u01a1i c\u00f3 nhi\u1ec7t \u0111\u1ed9 cao<\/p>\n<p>C\u00d4NG TY TNHH TM-DV \u0110\u1ea6U T\u01af &amp; PH\u00c1T TRI\u1ec2N C\u00d4NG NGH\u1ec6 TO\u00c0N GIA<\/p>\n<p>VPGD: ng\u00f5 88 ph\u1ed1 Gi\u00e1p Nh\u1ecb, Th\u1ecbnh Li\u1ec7t, Ho\u00e0ng Mai, H\u00e0 N\u1ed9i<\/p>\n<p>X\u01b0\u1edfng s\u1ea3n xu\u1ea5t: L\u1ea1c \u0110\u1ea1o, V\u0103n L\u00e2m, H\u01b0ng Y\u00ean<\/p>\n<p>M\u1ecdi nhu c\u1ea7u Li\u00ean h\u1ec7:<\/p>\n<p>???Hotline: 094 3030 117???<\/p>\n<p>Ph\u00f2ng Kinh doanh: 0918 92 55 22<\/p>\n<p>Ph\u00f2ng K\u1ef9 thu\u1eadt: 0918 26 55 22<\/p>\n<p>Ph\u00f2ng K\u1ebf to\u00e1n: 0916 49 88 22<\/p>\n<p>Tell: 024 3995 0208 \/ 0916 35 88 22<\/p>\n<p>Gmail: <a href=\"mailto:toangiamayvanphong@gmail.com\">toangiamayvanphong@gmail.com<\/a><\/p>\n<p>Web: <u>https:\/\/toangiamayvanphong.vn\/<\/u><\/p>\n","protected":false},"excerpt":{"rendered":"<p>???LAU B\u1ea2NG TR\u1eaeNG TAY C\u1ea6M<\/p>\n<p>-L\u00e0 s\u1ea3n ph\u1ea9m lau b\u1ea3ng tay c\u1ea7m th\u01b0\u01a1ng hi\u1ec7u B\u1ebfn Ngh\u00e9 d\u00f9ng \u0111\u1ec3 lau b\u1ea3ng mica tr\u1eafng, ph\u00f9 h\u1ee3p cho m\u1ecdi v\u0103n ph\u00f2ng.<\/p>\n<p>-\u0110\u00e2y l\u00e0 nhu y\u1ebfu ph\u1ea9m quan tr\u1ecdng lu\u00f4n \u0111i k\u00e8m v\u1edbi c\u00e1c lo\u1ea1i b\u00fat l\u00f4ng b\u1ea3ng<\/p>\n<p>-S\u1ea3n ph\u1ea9m c\u00f3 ph\u1ea7n b\u00f4ng m\u1ecbn t\u1ed1i m\u00e0u \u0111\u1ec3 lau s\u1ea1ch v\u1ebft m\u1ef1c v\u00e0 ph\u1ea7n \u0111\u1ebf nh\u1ef1a \u0111\u1ec3 c\u1ea7m tay<\/p>\n<p>-Ch\u1ea5t l\u01b0\u1ee3ng: ch\u1ea5t li\u1ec7u nh\u1ef1a t\u1ed1t &#8211; b\u00f4ng lau m\u1ecbn s\u1ea1ch<\/p>\n<p>&#8211; S\u1ea3n ph\u1ea9m \u0111\u1ec3 n\u01a1i cao r\u00e1o, nhi\u1ec7t \u0111\u1ed9: 10 ~ 55\u00ba C, v\u00e0 \u0111\u1ed9 \u1ea9m: 55 ~ 95% RH<\/p>\n<p>&#8211; Tr\u00e1nh \u0111\u1ec3 g\u1ea7n n\u01a1i c\u00f3 nhi\u1ec7t \u0111\u1ed9 cao<\/p>\n<p>Th\u01b0\u01a1ng hi\u1ec7u:\u00a0 M\u1edaI 100%\u00a0 \u00a0 \u00a0 \u00a0 \u00a0 \u00a0 | T\u00ecnh tr\u1ea1ng : C\u00f2n h\u00e0ng<\/p>\n<p>Vui l\u00f2ng li\u00ean h\u1ec7 \u0111\u1ec3 l\u1ea5y gi\u00e1 g\u1ed1c v\u00e0 khuy\u1ebfn m\u1ea1i<\/p>\n<hr \/>\n<p>Sa\u0309n ph\u00e2\u0309m \u0111\u01b0\u01a1\u0323c ba\u0301n ta\u0323i :<\/p>\n<p>C\u00d4NG TY TNHH TM-DV \u0110\u1ea6U T\u01af &amp; PH\u00c1T TRI\u1ec2N C\u00d4NG NGH\u1ec6 TO\u00c0N GIA<\/p>\n<p>VPGD: ng\u00f5 88 ph\u1ed1 Gi\u00e1p Nh\u1ecb, Th\u1ecbnh Li\u1ec7t, Ho\u00e0ng Mai, H\u00e0 N\u1ed9i<\/p>\n<p>X\u01b0\u1edfng s\u1ea3n xu\u1ea5t: L\u1ea1c \u0110\u1ea1o, V\u0103n L\u00e2m, H\u01b0ng Y\u00ean<\/p>\n<p>M\u1ecdi nhu c\u1ea7u Li\u00ean h\u1ec7:<\/p>\n<p><span style=\"color: #ff0000;\">???Hotline: 094 3030 117???<\/span><\/p>\n<p>Ph\u00f2ng Kinh doanh: 0918 92 55 22<\/p>\n<p>Ph\u00f2ng K\u1ef9 thu\u1eadt: 0918 26 55 22<\/p>\n<p>Ph\u00f2ng K\u1ebf to\u00e1n: 0916 49 88 22<\/p>\n<p>Tell: 024 3995 0208 \/ 0916 35 88 22<\/p>\n<p>Gmail: <a href=\"mailto:toangiamayvanphong@gmail.com\">toangiamayvanphong@gmail.com<\/a><\/p>\n<p>Web: <u>https:\/\/toangiamayvanphong.vn\/<\/u><\/p>\n<p>&nbsp;<\/p>\n","protected":false},"featured_media":1898,"comment_status":"open","ping_status":"closed","template":"","meta":[],"product_brand":[],"product_cat":[158],"product_tag":[268],"class_list":{"0":"post-2358","1":"product","2":"type-product","3":"status-publish","4":"has-post-thumbnail","6":"product_cat-van-phong-pham","7":"product_tag-lau-bang-trang","9":"first","10":"instock","11":"taxable","12":"shipping-taxable","13":"product-type-simple"},"_links":{"self":[{"href":"https:\/\/toangiamayvanphong.vn\/index.php?rest_route=\/wp\/v2\/product\/2358","targetHints":{"allow":["GET"]}}],"collection":[{"href":"https:\/\/toangiamayvanphong.vn\/index.php?rest_route=\/wp\/v2\/product"}],"about":[{"href":"https:\/\/toangiamayvanphong.vn\/index.php?rest_route=\/wp\/v2\/types\/product"}],"replies":[{"embeddable":true,"href":"https:\/\/toangiamayvanphong.vn\/index.php?rest_route=%2Fwp%2Fv2%2Fcomments&post=2358"}],"wp:featuredmedia":[{"embeddable":true,"href":"https:\/\/toangiamayvanphong.vn\/index.php?rest_route=\/wp\/v2\/media\/1898"}],"wp:attachment":[{"href":"https:\/\/toangiamayvanphong.vn\/index.php?rest_route=%2Fwp%2Fv2%2Fmedia&parent=2358"}],"wp:term":[{"taxonomy":"product_brand","embeddable":true,"href":"https:\/\/toangiamayvanphong.vn\/index.php?rest_route=%2Fwp%2Fv2%2Fproduct_brand&post=2358"},{"taxonomy":"product_cat","embeddable":true,"href":"https:\/\/toangiamayvanphong.vn\/index.php?rest_route=%2Fwp%2Fv2%2Fproduct_cat&post=2358"},{"taxonomy":"product_tag","embeddable":true,"href":"https:\/\/toangiamayvanphong.vn\/index.php?rest_route=%2Fwp%2Fv2%2Fproduct_tag&post=2358"}],"curies":[{"name":"wp","href":"https:\/\/api.w.org\/{rel}","templated":true}]}}