{"id":2359,"date":"2023-07-09T11:14:55","date_gmt":"2023-07-09T04:14:55","guid":{"rendered":"https:\/\/toangiamayvanphong.vn\/?post_type=product&#038;p=2359"},"modified":"2026-04-26T18:06:00","modified_gmt":"2026-04-26T11:06:00","slug":"ghim-kep-giay-c62","status":"publish","type":"product","link":"https:\/\/toangiamayvanphong.vn\/?product=ghim-kep-giay-c62","title":{"rendered":"Ghim k\u1eb9p gi\u1ea5y C62"},"content":{"rendered":"<p>???Ghim k\u1eb9p gi\u1ea5y C62<\/p>\n<p>+ C\u00f3 h\u00ecnh tam gi\u00e1c, ki\u1ec3u d\u00e1ng \u0111\u01a1n gi\u1ea3n, ti\u1ec7n d\u1ee5ng.<\/p>\n<p>+ S\u1ea3n xu\u1ea5t t\u1eeb kim lo\u1ea1i ch\u1ea5t l\u01b0\u1ee3ng cao, \u0111\u01b0\u1ee3c ph\u1ee7 l\u1edbp niken ch\u1ed1ng g\u1ec9<\/p>\n<p>+ K\u00edch th\u01b0\u1edbc 25mm, k\u1eb9p \u0111\u01b0\u1ee3c t\u1ed1i \u0111a 35 t\u1edd gi\u1ea5y, gi\u1eef ch\u1eb7t, gi\u1ea5y kh\u00f4ng b\u1ecb bi\u1ebfn d\u1ea1ng<\/p>\n<p>+ D\u00f9ng \u0111\u1ec3 k\u1eb9p gi\u1ea5y t\u1edd, t\u00e0i li\u1ec7u trong c\u00f4ng vi\u1ec7c v\u0103n ph\u00f2ng v\u00e0 h\u1ecdc t\u1eadp.<\/p>\n<p>C\u00d4NG TY TNHH TM-DV \u0110\u1ea6U T\u01af &amp; PH\u00c1T TRI\u1ec2N C\u00d4NG NGH\u1ec6 TO\u00c0N GIA<\/p>\n<p>VPGD: ng\u00f5 88 ph\u1ed1 Gi\u00e1p Nh\u1ecb, Th\u1ecbnh Li\u1ec7t, Ho\u00e0ng Mai, H\u00e0 N\u1ed9i<\/p>\n<p>X\u01b0\u1edfng s\u1ea3n xu\u1ea5t: L\u1ea1c \u0110\u1ea1o, V\u0103n L\u00e2m, H\u01b0ng Y\u00ean<\/p>\n<p>M\u1ecdi nhu c\u1ea7u Li\u00ean h\u1ec7:<\/p>\n<p>???Hotline: 094 3030 117???<\/p>\n<p>Ph\u00f2ng Kinh doanh: 0918 92 55 22<\/p>\n<p>Ph\u00f2ng K\u1ef9 thu\u1eadt: 0918 26 55 22<\/p>\n<p>Ph\u00f2ng K\u1ebf to\u00e1n: 0916 49 88 22<\/p>\n<p>Tell: 024 3995 0208 \/ 0916 35 88 22<\/p>\n<p>Gmail: <a href=\"mailto:toangiamayvanphong@gmail.com\">toangiamayvanphong@gmail.com<\/a><\/p>\n<p>Web: <u>https:\/\/toangiamayvanphong.vn\/<\/u><\/p>\n","protected":false},"excerpt":{"rendered":"<p>???Ghim k\u1eb9p gi\u1ea5y C62<\/p>\n<p>+ C\u00f3 h\u00ecnh tam gi\u00e1c, ki\u1ec3u d\u00e1ng \u0111\u01a1n gi\u1ea3n, ti\u1ec7n d\u1ee5ng.<\/p>\n<p>+ S\u1ea3n xu\u1ea5t t\u1eeb kim lo\u1ea1i ch\u1ea5t l\u01b0\u1ee3ng cao, \u0111\u01b0\u1ee3c ph\u1ee7 l\u1edbp niken ch\u1ed1ng g\u1ec9<\/p>\n<p>+ K\u00edch th\u01b0\u1edbc 25mm, k\u1eb9p \u0111\u01b0\u1ee3c t\u1ed1i \u0111a 35 t\u1edd gi\u1ea5y, gi\u1eef ch\u1eb7t, gi\u1ea5y kh\u00f4ng b\u1ecb bi\u1ebfn d\u1ea1ng<\/p>\n<p>+ D\u00f9ng \u0111\u1ec3 k\u1eb9p gi\u1ea5y t\u1edd, t\u00e0i li\u1ec7u trong c\u00f4ng vi\u1ec7c v\u0103n ph\u00f2ng v\u00e0 h\u1ecdc t\u1eadp.<\/p>\n<p>Th\u01b0\u01a1ng hi\u1ec7u:\u00a0 M\u1edaI 100%\u00a0 \u00a0 \u00a0 \u00a0 \u00a0 \u00a0 | T\u00ecnh tr\u1ea1ng : C\u00f2n h\u00e0ng<\/p>\n<p>Vui l\u00f2ng li\u00ean h\u1ec7 \u0111\u1ec3 l\u1ea5y gi\u00e1 g\u1ed1c v\u00e0 khuy\u1ebfn m\u1ea1i<\/p>\n<hr \/>\n<p>Sa\u0309n ph\u00e2\u0309m \u0111\u01b0\u01a1\u0323c ba\u0301n ta\u0323i :<\/p>\n<p>C\u00d4NG TY TNHH TM-DV \u0110\u1ea6U T\u01af &amp; PH\u00c1T TRI\u1ec2N C\u00d4NG NGH\u1ec6 TO\u00c0N GIA<\/p>\n<p>VPGD: ng\u00f5 88 ph\u1ed1 Gi\u00e1p Nh\u1ecb, Th\u1ecbnh Li\u1ec7t, Ho\u00e0ng Mai, H\u00e0 N\u1ed9i<\/p>\n<p>X\u01b0\u1edfng s\u1ea3n xu\u1ea5t: L\u1ea1c \u0110\u1ea1o, V\u0103n L\u00e2m, H\u01b0ng Y\u00ean<\/p>\n<p>M\u1ecdi nhu c\u1ea7u Li\u00ean h\u1ec7:<\/p>\n<p><span style=\"color: #ff0000;\">???Hotline: 094 3030 117???<\/span><\/p>\n<p>Ph\u00f2ng Kinh doanh: 0918 92 55 22<\/p>\n<p>Ph\u00f2ng K\u1ef9 thu\u1eadt: 0918 26 55 22<\/p>\n<p>Ph\u00f2ng K\u1ebf to\u00e1n: 0916 49 88 22<\/p>\n<p>Tell: 024 3995 0208 \/ 0916 35 88 22<\/p>\n<p>Gmail: <a href=\"mailto:toangiamayvanphong@gmail.com\">toangiamayvanphong@gmail.com<\/a><\/p>\n<p>Web: <u>https:\/\/toangiamayvanphong.vn\/<\/u><\/p>\n<p>&nbsp;<\/p>\n","protected":false},"featured_media":1899,"comment_status":"open","ping_status":"closed","template":"","meta":[],"product_brand":[],"product_cat":[158],"product_tag":[269,270],"class_list":{"0":"post-2359","1":"product","2":"type-product","3":"status-publish","4":"has-post-thumbnail","6":"product_cat-van-phong-pham","7":"product_tag-ghim-cai","8":"product_tag-ghim-kep-tai-lieu","10":"first","11":"instock","12":"taxable","13":"shipping-taxable","14":"product-type-simple"},"_links":{"self":[{"href":"https:\/\/toangiamayvanphong.vn\/index.php?rest_route=\/wp\/v2\/product\/2359","targetHints":{"allow":["GET"]}}],"collection":[{"href":"https:\/\/toangiamayvanphong.vn\/index.php?rest_route=\/wp\/v2\/product"}],"about":[{"href":"https:\/\/toangiamayvanphong.vn\/index.php?rest_route=\/wp\/v2\/types\/product"}],"replies":[{"embeddable":true,"href":"https:\/\/toangiamayvanphong.vn\/index.php?rest_route=%2Fwp%2Fv2%2Fcomments&post=2359"}],"wp:featuredmedia":[{"embeddable":true,"href":"https:\/\/toangiamayvanphong.vn\/index.php?rest_route=\/wp\/v2\/media\/1899"}],"wp:attachment":[{"href":"https:\/\/toangiamayvanphong.vn\/index.php?rest_route=%2Fwp%2Fv2%2Fmedia&parent=2359"}],"wp:term":[{"taxonomy":"product_brand","embeddable":true,"href":"https:\/\/toangiamayvanphong.vn\/index.php?rest_route=%2Fwp%2Fv2%2Fproduct_brand&post=2359"},{"taxonomy":"product_cat","embeddable":true,"href":"https:\/\/toangiamayvanphong.vn\/index.php?rest_route=%2Fwp%2Fv2%2Fproduct_cat&post=2359"},{"taxonomy":"product_tag","embeddable":true,"href":"https:\/\/toangiamayvanphong.vn\/index.php?rest_route=%2Fwp%2Fv2%2Fproduct_tag&post=2359"}],"curies":[{"name":"wp","href":"https:\/\/api.w.org\/{rel}","templated":true}]}}