{"id":2361,"date":"2023-07-09T11:14:55","date_gmt":"2023-07-09T04:14:55","guid":{"rendered":"https:\/\/toangiamayvanphong.vn\/?post_type=product&#038;p=2361"},"modified":"2026-04-26T18:05:54","modified_gmt":"2026-04-26T11:05:54","slug":"keo-van-phong-s008","status":"publish","type":"product","link":"https:\/\/toangiamayvanphong.vn\/?product=keo-van-phong-s008","title":{"rendered":"K\u00e9o v\u0103n ph\u00f2ng S008"},"content":{"rendered":"<p>???K\u00e9o v\u0103n ph\u00f2ng S008 (180mm)<\/p>\n<p>&#8211;\u00a0K\u00e9o S008 ch\u00ea\u0301 ta\u0301c ph\u00e2\u0300n l\u01b0\u01a1\u0303i c\u0103\u0301t t\u01b0\u0300 ch\u00e2\u0301t li\u00ea\u0323u h\u1ee3p kim th\u00e9p cao c\u1ea5p co\u0301 \u0111\u1ed9 s\u1eafc b\u00e9n ho\u00e0n h\u1ea3o giu\u0301p ba\u0323n c\u0103\u0301t gi\u00e2\u0301y, va\u0309i,.. th\u00e2\u0323t d\u00ea\u0303 da\u0300ng.<\/p>\n<p>&#8211; L\u01b0\u1ee1i k\u00e9o kh\u00f4ng g\u1ec9 s\u00e9t n\u00ean b\u1ea1n c\u00f3 th\u1ec3 y\u00ean t\u00e2m s\u1eed d\u1ee5ng l\u00e2u d\u00e0i.<\/p>\n<p>&#8211; K\u00e9o S008 v\u1edbi thi\u1ebft k\u1ebf mu\u0303i ke\u0301o nho\u0323n, da\u0300i va\u0300 s\u0103\u0301c be\u0301n cho phe\u0301p ba\u0323n c\u0103\u0301t ca\u0301c loa\u0323i gi\u00e2\u0301y, va\u0309i ho\u0103\u0323c bi\u0300a th\u00e2\u0323t d\u00ea\u0303 da\u0300ng trong th\u01a1\u0300i gian ng\u0103\u0301n<\/p>\n<p>&#8211; Ke\u0301o \u0111\u01b0\u1ee3c b\u1ecdc th\u00eam l\u1edbp nh\u1ef1a \u1edf c\u00e1n, t\u1ea1o c\u1ea3m gi\u00e1c \u00eam \u00e1i v\u00e0 tho\u1ea3i m\u00e1i cho b\u1ea1n khi c\u1eaft, \u0111\u1ed3ng th\u1eddi gi\u00fap tr\u00e1nh cho \u0111\u00f4i tay c\u1ee7a b\u1ea1n kh\u00f4ng \u0111\u1ee5ng tr\u00fang l\u01b0\u1ee1i k\u00e9o khi s\u1eed d\u1ee5ng, \u0111a\u0309m ba\u0309o an toa\u0300n t\u00f4\u0301i \u01b0u h\u01a1n.<\/p>\n<p>&#8211; L\u00f4\u0303 khoe\u0301t \u01a1\u0309 tay c\u00e2\u0300m l\u01a1\u0301n n\u00ean kh\u00f4ng la\u0300m go\u0300 bo\u0301 ngo\u0301n tay khi chuy\u00ea\u0309n \u0111\u00f4\u0323ng<\/p>\n<p>&#8211; Gi\u01b0\u0303a tay c\u00e2\u0300m co\u0301 2 g\u01a1\u0300 gi\u01b0\u0303 cho ke\u0301o kh\u00f4ng bi\u0323 khi\u0301t la\u0323i khi bo\u0301p tay ma\u0323nh, gi\u01b0\u0303 cho chuy\u00ea\u0309n \u0111\u00f4\u0323ng ke\u0301o \u0111\u01b0\u01a1\u0323c li\u00ean tu\u0323c, su\u00f4n se\u0309 h\u01a1n&#8230;<\/p>\n<p>&#8211; Th\u01b0\u1eddng s\u1eed d\u1ee5ng c\u1eaft gi\u1ea5y, b\u00eca nh\u1ef1a ho\u1eb7c v\u1ea3i t\u00f9y theo m\u1ee5c \u0111\u00edch s\u1eed d\u1ee5ng c\u1ee7a h\u1ecdc sinh, sinh vi\u00ean v\u00e0 d\u00e2n v\u0103n ph\u00f2ng<\/p>\n<p>&#8211; K\u00edch th\u01b0\u1edbc: 180mm<\/p>\n<p>C\u00d4NG TY TNHH TM-DV \u0110\u1ea6U T\u01af &amp; PH\u00c1T TRI\u1ec2N C\u00d4NG NGH\u1ec6 TO\u00c0N GIA<\/p>\n<p>VPGD: ng\u00f5 88 ph\u1ed1 Gi\u00e1p Nh\u1ecb, Th\u1ecbnh Li\u1ec7t, Ho\u00e0ng Mai, H\u00e0 N\u1ed9i<\/p>\n<p>X\u01b0\u1edfng s\u1ea3n xu\u1ea5t: L\u1ea1c \u0110\u1ea1o, V\u0103n L\u00e2m, H\u01b0ng Y\u00ean<\/p>\n<p>M\u1ecdi nhu c\u1ea7u Li\u00ean h\u1ec7:<\/p>\n<p>???Hotline: 094 3030 117???<\/p>\n<p>Ph\u00f2ng Kinh doanh: 0918 92 55 22<\/p>\n<p>Ph\u00f2ng K\u1ef9 thu\u1eadt: 0918 26 55 22<\/p>\n<p>Ph\u00f2ng K\u1ebf to\u00e1n: 0916 49 88 22<\/p>\n<p>Tell: 024 3995 0208 \/ 0916 35 88 22<\/p>\n<p>Gmail: <a href=\"mailto:toangiamayvanphong@gmail.com\">toangiamayvanphong@gmail.com<\/a><\/p>\n<p>Web: <u>https:\/\/toangiamayvanphong.vn\/<\/u><\/p>\n","protected":false},"excerpt":{"rendered":"<p>???K\u00e9o v\u0103n ph\u00f2ng S008 (180mm)<\/p>\n<p>&#8211;\u00a0K\u00e9o S008 ch\u00ea\u0301 ta\u0301c ph\u00e2\u0300n l\u01b0\u01a1\u0303i c\u0103\u0301t t\u01b0\u0300 ch\u00e2\u0301t li\u00ea\u0323u h\u1ee3p kim th\u00e9p cao c\u1ea5p co\u0301 \u0111\u1ed9 s\u1eafc b\u00e9n ho\u00e0n h\u1ea3o giu\u0301p ba\u0323n c\u0103\u0301t gi\u00e2\u0301y, va\u0309i,.. th\u00e2\u0323t d\u00ea\u0303 da\u0300ng.<\/p>\n<p>&#8211; L\u01b0\u1ee1i k\u00e9o kh\u00f4ng g\u1ec9 s\u00e9t n\u00ean b\u1ea1n c\u00f3 th\u1ec3 y\u00ean t\u00e2m s\u1eed d\u1ee5ng l\u00e2u d\u00e0i.<\/p>\n<p>&#8211; K\u00e9o S008 v\u1edbi thi\u1ebft k\u1ebf mu\u0303i ke\u0301o nho\u0323n, da\u0300i va\u0300 s\u0103\u0301c be\u0301n cho phe\u0301p ba\u0323n c\u0103\u0301t ca\u0301c loa\u0323i gi\u00e2\u0301y, va\u0309i ho\u0103\u0323c bi\u0300a th\u00e2\u0323t d\u00ea\u0303 da\u0300ng trong th\u01a1\u0300i gian ng\u0103\u0301n<\/p>\n<p>&#8211; Ke\u0301o \u0111\u01b0\u1ee3c b\u1ecdc th\u00eam l\u1edbp nh\u1ef1a \u1edf c\u00e1n, t\u1ea1o c\u1ea3m gi\u00e1c \u00eam \u00e1i v\u00e0 tho\u1ea3i m\u00e1i cho b\u1ea1n khi c\u1eaft, \u0111\u1ed3ng th\u1eddi gi\u00fap tr\u00e1nh cho \u0111\u00f4i tay c\u1ee7a b\u1ea1n kh\u00f4ng \u0111\u1ee5ng tr\u00fang l\u01b0\u1ee1i k\u00e9o khi s\u1eed d\u1ee5ng, \u0111a\u0309m ba\u0309o an toa\u0300n t\u00f4\u0301i \u01b0u h\u01a1n.<\/p>\n<p>&#8211; L\u00f4\u0303 khoe\u0301t \u01a1\u0309 tay c\u00e2\u0300m l\u01a1\u0301n n\u00ean kh\u00f4ng la\u0300m go\u0300 bo\u0301 ngo\u0301n tay khi chuy\u00ea\u0309n \u0111\u00f4\u0323ng<\/p>\n<p>&#8211; Gi\u01b0\u0303a tay c\u00e2\u0300m co\u0301 2 g\u01a1\u0300 gi\u01b0\u0303 cho ke\u0301o kh\u00f4ng bi\u0323 khi\u0301t la\u0323i khi bo\u0301p tay ma\u0323nh, gi\u01b0\u0303 cho chuy\u00ea\u0309n \u0111\u00f4\u0323ng ke\u0301o \u0111\u01b0\u01a1\u0323c li\u00ean tu\u0323c, su\u00f4n se\u0309 h\u01a1n&#8230;<\/p>\n<p>&#8211; Th\u01b0\u1eddng s\u1eed d\u1ee5ng c\u1eaft gi\u1ea5y, b\u00eca nh\u1ef1a ho\u1eb7c v\u1ea3i t\u00f9y theo m\u1ee5c \u0111\u00edch s\u1eed d\u1ee5ng c\u1ee7a h\u1ecdc sinh, sinh vi\u00ean v\u00e0 d\u00e2n v\u0103n ph\u00f2ng<\/p>\n<p>&#8211; K\u00edch th\u01b0\u1edbc: 180mm<\/p>\n<p>Th\u01b0\u01a1ng hi\u1ec7u:\u00a0 M\u1edaI 100%\u00a0 \u00a0 \u00a0 \u00a0 \u00a0 \u00a0 | T\u00ecnh tr\u1ea1ng : C\u00f2n h\u00e0ng<\/p>\n<p>Vui l\u00f2ng li\u00ean h\u1ec7 \u0111\u1ec3 l\u1ea5y gi\u00e1 g\u1ed1c v\u00e0 khuy\u1ebfn m\u1ea1i<\/p>\n<hr \/>\n<p>Sa\u0309n ph\u00e2\u0309m \u0111\u01b0\u01a1\u0323c ba\u0301n ta\u0323i :<\/p>\n<p>C\u00d4NG TY TNHH TM-DV \u0110\u1ea6U T\u01af &amp; PH\u00c1T TRI\u1ec2N C\u00d4NG NGH\u1ec6 TO\u00c0N GIA<\/p>\n<p>VPGD: ng\u00f5 88 ph\u1ed1 Gi\u00e1p Nh\u1ecb, Th\u1ecbnh Li\u1ec7t, Ho\u00e0ng Mai, H\u00e0 N\u1ed9i<\/p>\n<p>X\u01b0\u1edfng s\u1ea3n xu\u1ea5t: L\u1ea1c \u0110\u1ea1o, V\u0103n L\u00e2m, H\u01b0ng Y\u00ean<\/p>\n<p>M\u1ecdi nhu c\u1ea7u Li\u00ean h\u1ec7:<\/p>\n<p><span style=\"color: #ff0000;\">???Hotline: 094 3030 117???<\/span><\/p>\n<p>Ph\u00f2ng Kinh doanh: 0918 92 55 22<\/p>\n<p>Ph\u00f2ng K\u1ef9 thu\u1eadt: 0918 26 55 22<\/p>\n<p>Ph\u00f2ng K\u1ebf to\u00e1n: 0916 49 88 22<\/p>\n<p>Tell: 024 3995 0208 \/ 0916 35 88 22<\/p>\n<p>Gmail: <a href=\"mailto:toangiamayvanphong@gmail.com\">toangiamayvanphong@gmail.com<\/a><\/p>\n<p>Web: <u>https:\/\/toangiamayvanphong.vn\/<\/u><\/p>\n<p>&nbsp;<\/p>\n","protected":false},"featured_media":1901,"comment_status":"open","ping_status":"closed","template":"","meta":[],"product_brand":[],"product_cat":[158],"product_tag":[273,274],"class_list":{"0":"post-2361","1":"product","2":"type-product","3":"status-publish","4":"has-post-thumbnail","6":"product_cat-van-phong-pham","7":"product_tag-keo-cat-giay","8":"product_tag-keo-van-phong","10":"first","11":"instock","12":"taxable","13":"shipping-taxable","14":"product-type-simple"},"_links":{"self":[{"href":"https:\/\/toangiamayvanphong.vn\/index.php?rest_route=\/wp\/v2\/product\/2361","targetHints":{"allow":["GET"]}}],"collection":[{"href":"https:\/\/toangiamayvanphong.vn\/index.php?rest_route=\/wp\/v2\/product"}],"about":[{"href":"https:\/\/toangiamayvanphong.vn\/index.php?rest_route=\/wp\/v2\/types\/product"}],"replies":[{"embeddable":true,"href":"https:\/\/toangiamayvanphong.vn\/index.php?rest_route=%2Fwp%2Fv2%2Fcomments&post=2361"}],"wp:featuredmedia":[{"embeddable":true,"href":"https:\/\/toangiamayvanphong.vn\/index.php?rest_route=\/wp\/v2\/media\/1901"}],"wp:attachment":[{"href":"https:\/\/toangiamayvanphong.vn\/index.php?rest_route=%2Fwp%2Fv2%2Fmedia&parent=2361"}],"wp:term":[{"taxonomy":"product_brand","embeddable":true,"href":"https:\/\/toangiamayvanphong.vn\/index.php?rest_route=%2Fwp%2Fv2%2Fproduct_brand&post=2361"},{"taxonomy":"product_cat","embeddable":true,"href":"https:\/\/toangiamayvanphong.vn\/index.php?rest_route=%2Fwp%2Fv2%2Fproduct_cat&post=2361"},{"taxonomy":"product_tag","embeddable":true,"href":"https:\/\/toangiamayvanphong.vn\/index.php?rest_route=%2Fwp%2Fv2%2Fproduct_tag&post=2361"}],"curies":[{"name":"wp","href":"https:\/\/api.w.org\/{rel}","templated":true}]}}