{"id":2362,"date":"2023-07-09T11:14:55","date_gmt":"2023-07-09T04:14:55","guid":{"rendered":"https:\/\/toangiamayvanphong.vn\/?post_type=product&#038;p=2362"},"modified":"2026-04-26T18:05:40","modified_gmt":"2026-04-26T11:05:40","slug":"ho-nuoc-thien-long-g08","status":"publish","type":"product","link":"https:\/\/toangiamayvanphong.vn\/?product=ho-nuoc-thien-long-g08","title":{"rendered":"H\u1ed3 n\u01b0\u1edbc Thi\u00ean Long G08"},"content":{"rendered":"<p>???H\u1ed3 n\u01b0\u1edbc Thi\u00ean Long G08<\/p>\n<p>&#8211; H\u1ed3 n\u01b0\u1edbc Thi\u00ean Long G08 l\u00e0 s\u1ea3n ph\u1ea9m h\u1ed3 n\u01b0\u1edbc ch\u1ea5t l\u01b0\u1ee3ng c\u1ee7a t\u1eadp \u0111o\u00e0n Thi\u00ean Long.<\/p>\n<p>-V\u1edbi ch\u1ea5t li\u1ec7u \u0111\u1ec3 l\u00e0m ra keo ho\u00e0n to\u00e0n an to\u00e0n v\u1edbi s\u1ee9c kh\u1ecfe con ng\u01b0\u1eddi v\u00e0 th\u00e2n thi\u1ec7n v\u1edbi m\u00f4i tr\u01b0\u1eddng.<\/p>\n<p>-C\u00f9ng v\u1edbi b\u0103ng keo h\u1ed3 n\u01b0\u1edbc l\u00e0 m\u1ed9t trong nh\u1eefng v\u1eadt d\u1ee5ng th\u1ee7 c\u00f4ng th\u00f4ng d\u1ee5ng trong c\u00e1c v\u0103n ph\u00f2ng, tr\u01b0\u1eddng h\u1ecdc.<\/p>\n<p>&#8211; Kh\u00f4ng c\u00f3 m\u00f9i \u0111\u1ed9c h\u1ea1i, kh\u00f4ng c\u00f3 nh\u1eefng ch\u1ea5t \u0111\u1ed9c c\u1ea5m s\u1eed d\u1ee5ng, an to\u00e0n tuy\u1ec7t \u0111\u1ed1i v\u1edbi c\u01a1 th\u1ec3 ng\u01b0\u1eddi s\u1eed d\u1ee5ng.<\/p>\n<p>&#8211; Khi b\u1ecb d\u00ednh v\u00e0o tay ho\u1eb7c da ch\u1ec9 c\u1ea7n s\u1eeda s\u1ea1ch v\u1edbi n\u01b0\u1edbc.<\/p>\n<p>&#8211; \u0110\u1ea7u keo d\u1ea1ng l\u01b0\u1ee1i g\u00e0 gi\u00fap keo ra \u0111\u1ec1u \u0111\u1ec1u m\u00e0 kh\u00f4ng b\u1ecb kh\u00f4 \u0111\u1ea7u d\u00e1n Ch\u1ea5t l\u01b0\u1ee3ng:<\/p>\n<p>&#8211; Ch\u1ea5t li\u1ec7u keo t\u1ed1t, c\u00f3 \u0111\u1ed9 b\u00e1m d\u00ednh cao<\/p>\n<p>&#8211; D\u00ednh \u0111a s\u1ed1 c\u00e1c m\u1eb7t ph\u1eb3ng ch\u1ea5t li\u1ec7u gi\u1ea5y, sau khi s\u1eed d\u1ee5ng xong n\u00ean \u0111\u00f3ng n\u1eafp l\u1ea1i \u0111\u1ec3 tr\u00e1nh keo b\u1ecb kh\u00f4 khi ti\u1ebfp x\u00fac v\u1edbi kh\u00f4ng kh\u00ed.<\/p>\n<p>&#8211; Ch\u1ea5t l\u01b0\u1ee3ng keo t\u1ed1t b\u00e1m d\u00ednh l\u00e2u ng\u00e0y, d\u1ec5 s\u1eed d\u1ee5ng<\/p>\n<p>B\u1ea3o qu\u1ea3n:<\/p>\n<p>&#8211; \u0110\u1ec3 n\u01a1i cao r\u00e1o tho\u00e1ng m\u00e1t, tr\u00e1nh n\u01a1i c\u00f3 nhi\u1ec7t \u0111\u1ed9 qu\u00e1 cao<\/p>\n<p>&#8211; Tr\u00e1nh \u0111\u1ec3 keo d\u00ednh v\u00e0o m\u1eaft khi \u0111\u1ec3 keo d\u00ednh v\u00e0o m\u1eaft c\u1ea7n r\u1eeda s\u1ea1ch v\u00e0 \u0111\u1ebfn ngay c\u00e1c c\u01a1 s\u1edf y t\u1ebf \u0111\u1ec3 ki\u1ec3m tra<\/p>\n<p>C\u00d4NG TY TNHH TM-DV \u0110\u1ea6U T\u01af &amp; PH\u00c1T TRI\u1ec2N C\u00d4NG NGH\u1ec6 TO\u00c0N GIA<\/p>\n<p>VPGD: ng\u00f5 88 ph\u1ed1 Gi\u00e1p Nh\u1ecb, Th\u1ecbnh Li\u1ec7t, Ho\u00e0ng Mai, H\u00e0 N\u1ed9i<\/p>\n<p>X\u01b0\u1edfng s\u1ea3n xu\u1ea5t: L\u1ea1c \u0110\u1ea1o, V\u0103n L\u00e2m, H\u01b0ng Y\u00ean<\/p>\n<p>M\u1ecdi nhu c\u1ea7u Li\u00ean h\u1ec7:<\/p>\n<p>???Hotline: 094 3030 117???<\/p>\n<p>Ph\u00f2ng Kinh doanh: 0918 92 55 22<\/p>\n<p>Ph\u00f2ng K\u1ef9 thu\u1eadt: 0918 26 55 22<\/p>\n<p>Ph\u00f2ng K\u1ebf to\u00e1n: 0916 49 88 22<\/p>\n<p>Tell: 024 3995 0208 \/ 0916 35 88 22<\/p>\n<p>Gmail: <a href=\"mailto:toangiamayvanphong@gmail.com\">toangiamayvanphong@gmail.com<\/a><\/p>\n<p>Web: <u>https:\/\/toangiamayvanphong.vn\/<\/u><\/p>\n","protected":false},"excerpt":{"rendered":"<p>???H\u1ed3 n\u01b0\u1edbc Thi\u00ean Long G08<\/p>\n<p>&#8211; H\u1ed3 n\u01b0\u1edbc Thi\u00ean Long G08 l\u00e0 s\u1ea3n ph\u1ea9m h\u1ed3 n\u01b0\u1edbc ch\u1ea5t l\u01b0\u1ee3ng c\u1ee7a t\u1eadp \u0111o\u00e0n Thi\u00ean Long.<\/p>\n<p>-V\u1edbi ch\u1ea5t li\u1ec7u \u0111\u1ec3 l\u00e0m ra keo ho\u00e0n to\u00e0n an to\u00e0n v\u1edbi s\u1ee9c kh\u1ecfe con ng\u01b0\u1eddi v\u00e0 th\u00e2n thi\u1ec7n v\u1edbi m\u00f4i tr\u01b0\u1eddng.<\/p>\n<p>-C\u00f9ng v\u1edbi b\u0103ng keo h\u1ed3 n\u01b0\u1edbc l\u00e0 m\u1ed9t trong nh\u1eefng v\u1eadt d\u1ee5ng th\u1ee7 c\u00f4ng th\u00f4ng d\u1ee5ng trong c\u00e1c v\u0103n ph\u00f2ng, tr\u01b0\u1eddng h\u1ecdc.<\/p>\n<p>&#8211; Kh\u00f4ng c\u00f3 m\u00f9i \u0111\u1ed9c h\u1ea1i, kh\u00f4ng c\u00f3 nh\u1eefng ch\u1ea5t \u0111\u1ed9c c\u1ea5m s\u1eed d\u1ee5ng, an to\u00e0n tuy\u1ec7t \u0111\u1ed1i v\u1edbi c\u01a1 th\u1ec3 ng\u01b0\u1eddi s\u1eed d\u1ee5ng.<\/p>\n<p>&#8211; Khi b\u1ecb d\u00ednh v\u00e0o tay ho\u1eb7c da ch\u1ec9 c\u1ea7n s\u1eeda s\u1ea1ch v\u1edbi n\u01b0\u1edbc.<\/p>\n<p>&#8211; \u0110\u1ea7u keo d\u1ea1ng l\u01b0\u1ee1i g\u00e0 gi\u00fap keo ra \u0111\u1ec1u \u0111\u1ec1u m\u00e0 kh\u00f4ng b\u1ecb kh\u00f4 \u0111\u1ea7u d\u00e1n Ch\u1ea5t l\u01b0\u1ee3ng:<\/p>\n<p>&#8211; Ch\u1ea5t li\u1ec7u keo t\u1ed1t, c\u00f3 \u0111\u1ed9 b\u00e1m d\u00ednh cao<\/p>\n<p>&#8211; D\u00ednh \u0111a s\u1ed1 c\u00e1c m\u1eb7t ph\u1eb3ng ch\u1ea5t li\u1ec7u gi\u1ea5y, sau khi s\u1eed d\u1ee5ng xong n\u00ean \u0111\u00f3ng n\u1eafp l\u1ea1i \u0111\u1ec3 tr\u00e1nh keo b\u1ecb kh\u00f4 khi ti\u1ebfp x\u00fac v\u1edbi kh\u00f4ng kh\u00ed.<\/p>\n<p>&#8211; Ch\u1ea5t l\u01b0\u1ee3ng keo t\u1ed1t b\u00e1m d\u00ednh l\u00e2u ng\u00e0y, d\u1ec5 s\u1eed d\u1ee5ng<\/p>\n<p>B\u1ea3o qu\u1ea3n:<\/p>\n<p>&#8211; \u0110\u1ec3 n\u01a1i cao r\u00e1o tho\u00e1ng m\u00e1t, tr\u00e1nh n\u01a1i c\u00f3 nhi\u1ec7t \u0111\u1ed9 qu\u00e1 cao<\/p>\n<p>&#8211; Tr\u00e1nh \u0111\u1ec3 keo d\u00ednh v\u00e0o m\u1eaft khi \u0111\u1ec3 keo d\u00ednh v\u00e0o m\u1eaft c\u1ea7n r\u1eeda s\u1ea1ch v\u00e0 \u0111\u1ebfn ngay c\u00e1c c\u01a1 s\u1edf y t\u1ebf \u0111\u1ec3 ki\u1ec3m tra<\/p>\n<p>Th\u01b0\u01a1ng hi\u1ec7u:\u00a0 M\u1edaI 100%\u00a0 \u00a0 \u00a0 \u00a0 \u00a0 \u00a0 | T\u00ecnh tr\u1ea1ng : C\u00f2n h\u00e0ng<\/p>\n<p>Vui l\u00f2ng li\u00ean h\u1ec7 \u0111\u1ec3 l\u1ea5y gi\u00e1 g\u1ed1c v\u00e0 khuy\u1ebfn m\u1ea1i<\/p>\n<hr \/>\n<p>Sa\u0309n ph\u00e2\u0309m \u0111\u01b0\u01a1\u0323c ba\u0301n ta\u0323i :<\/p>\n<p>C\u00d4NG TY TNHH TM-DV \u0110\u1ea6U T\u01af &amp; PH\u00c1T TRI\u1ec2N C\u00d4NG NGH\u1ec6 TO\u00c0N GIA<\/p>\n<p>VPGD: ng\u00f5 88 ph\u1ed1 Gi\u00e1p Nh\u1ecb, Th\u1ecbnh Li\u1ec7t, Ho\u00e0ng Mai, H\u00e0 N\u1ed9i<\/p>\n<p>X\u01b0\u1edfng s\u1ea3n xu\u1ea5t: L\u1ea1c \u0110\u1ea1o, V\u0103n L\u00e2m, H\u01b0ng Y\u00ean<\/p>\n<p>M\u1ecdi nhu c\u1ea7u Li\u00ean h\u1ec7:<\/p>\n<p><span style=\"color: #ff0000;\">???Hotline: 094 3030 117???<\/span><\/p>\n<p>Ph\u00f2ng Kinh doanh: 0918 92 55 22<\/p>\n<p>Ph\u00f2ng K\u1ef9 thu\u1eadt: 0918 26 55 22<\/p>\n<p>Ph\u00f2ng K\u1ebf to\u00e1n: 0916 49 88 22<\/p>\n<p>Tell: 024 3995 0208 \/ 0916 35 88 22<\/p>\n<p>Gmail: <a href=\"mailto:toangiamayvanphong@gmail.com\">toangiamayvanphong@gmail.com<\/a><\/p>\n<p>Web: <u>https:\/\/toangiamayvanphong.vn\/<\/u><\/p>\n<p>&nbsp;<\/p>\n","protected":false},"featured_media":1902,"comment_status":"open","ping_status":"closed","template":"","meta":[],"product_brand":[],"product_cat":[158],"product_tag":[275,276],"class_list":{"0":"post-2362","1":"product","2":"type-product","3":"status-publish","4":"has-post-thumbnail","6":"product_cat-van-phong-pham","7":"product_tag-ho-nuoc","8":"product_tag-keo-nuoc","10":"first","11":"instock","12":"taxable","13":"shipping-taxable","14":"product-type-simple"},"_links":{"self":[{"href":"https:\/\/toangiamayvanphong.vn\/index.php?rest_route=\/wp\/v2\/product\/2362","targetHints":{"allow":["GET"]}}],"collection":[{"href":"https:\/\/toangiamayvanphong.vn\/index.php?rest_route=\/wp\/v2\/product"}],"about":[{"href":"https:\/\/toangiamayvanphong.vn\/index.php?rest_route=\/wp\/v2\/types\/product"}],"replies":[{"embeddable":true,"href":"https:\/\/toangiamayvanphong.vn\/index.php?rest_route=%2Fwp%2Fv2%2Fcomments&post=2362"}],"wp:featuredmedia":[{"embeddable":true,"href":"https:\/\/toangiamayvanphong.vn\/index.php?rest_route=\/wp\/v2\/media\/1902"}],"wp:attachment":[{"href":"https:\/\/toangiamayvanphong.vn\/index.php?rest_route=%2Fwp%2Fv2%2Fmedia&parent=2362"}],"wp:term":[{"taxonomy":"product_brand","embeddable":true,"href":"https:\/\/toangiamayvanphong.vn\/index.php?rest_route=%2Fwp%2Fv2%2Fproduct_brand&post=2362"},{"taxonomy":"product_cat","embeddable":true,"href":"https:\/\/toangiamayvanphong.vn\/index.php?rest_route=%2Fwp%2Fv2%2Fproduct_cat&post=2362"},{"taxonomy":"product_tag","embeddable":true,"href":"https:\/\/toangiamayvanphong.vn\/index.php?rest_route=%2Fwp%2Fv2%2Fproduct_tag&post=2362"}],"curies":[{"name":"wp","href":"https:\/\/api.w.org\/{rel}","templated":true}]}}