{"id":2363,"date":"2023-07-09T11:14:55","date_gmt":"2023-07-09T04:14:55","guid":{"rendered":"https:\/\/toangiamayvanphong.vn\/?post_type=product&#038;p=2363"},"modified":"2026-04-26T18:06:00","modified_gmt":"2026-04-26T11:06:00","slug":"giay-supreme-a5","status":"publish","type":"product","link":"https:\/\/toangiamayvanphong.vn\/?product=giay-supreme-a5","title":{"rendered":"&#8216;-Gi\u1ea5y Supreme A5"},"content":{"rendered":"<p>???-Gi\u1ea5y Supreme A5<\/p>\n<p>-Gi\u1ea5y Supreme A5,v\u1edbi \u0111\u1ecbnh l\u01b0\u1ee3ng 70gsm l\u00e0 lo\u1ea1i gi\u1ea5y in r\u1ea5t ph\u1ed5 bi\u1ebfn tr\u00ean th\u1ecb tr\u01b0\u1eddnga, \u0111\u01b0\u1ee3c s\u1ea3n xu\u1ea5t d\u1ef1a tr\u00ean c\u00f4ng ngh\u1ec7 in \u1ea5n hi\u1ec7n \u0111\u1ea1i \u0111\u1ebfn t\u1eeb Th\u00e1i Lan. V\u0103n Ph\u00f2ng Ph\u1ea9m Khai Tr\u00ed cung c\u1ea5p gi\u1ea5y Supreme 70gsm ch\u1ea5t l\u01b0\u1ee3ng v\u1edbi gi\u00e1 th\u00e0nh r\u1ebb nh\u1ea5t.<\/p>\n<p>-\u0110\u00e2y l\u00e0 lo\u1ea1i gi\u1ea5y in &#8211; photo c\u00f3 th\u00e0nh ph\u1ea7n ch\u1ea5t h\u00f3a h\u1ecdc th\u1ea5p, th\u00e2n thi\u1ec7n v\u1edbi m\u00f4i tr\u01b0\u1eddng v\u00e0 s\u1ee9c kh\u1ecfe ng\u01b0\u1eddi s\u1eed d\u1ee5ng.<\/p>\n<p>&#8211;\u00a0S\u1eed d\u1ee5ng \u0111\u1ec3 in &#8211; photo \u0111\u00f3ng th\u00e0nh cu\u1ed1n ho\u1eb7c d\u00f9ng l\u00e0m phi\u1ebfu thu &#8211; chi &#8211; xu\u1ea5t &#8211; nh\u1eadp &#8211; \u0111\u01a1n \u0111\u1eb7t h\u00e0ng.<\/p>\n<p>&#8211; Kh\u1ed5 gi\u1ea5y A5 d\u00f9ng \u0111\u1ec3 in t\u00e0i li\u1ec7u, gi\u1ea5y t\u1edd, ch\u1ee9ng t\u1eeb, h\u00f3a \u0111\u01a1n.<\/p>\n<p>-Ch\u1ea5t l\u01b0\u1ee3ng gi\u1ea5y t\u1ed1t, c\u00f3 \u0111\u1ed9 s\u00e1ng t\u1eeb 86 tr\u1edf n\u00ean.<\/p>\n<p>&#8211; \u00a0B\u1ec1 m\u1eb7t gi\u1ea5y \u0111\u1eb9p, m\u1ecbn, l\u00e1ng, c\u00f3 \u0111\u1ecbnh l\u01b0\u1ee3ng cao 70gsm( 1m2 gi\u1ea5y n\u1eb7ng 70gr).<\/p>\n<p>&#8211; \u00a0B\u1ec1 m\u1eb7t kh\u00f4ng c\u00f3 b\u1ee5i gi\u1ea5y, c\u00f3 ch\u1ea5t keo b\u00e1m m\u1ef1c t\u1ed1t gi\u00fap qu\u00e1 tr\u00ecnh in kh\u00f4ng b\u1ecb k\u1eb9t gi\u1ea5y trong m\u00e1y<\/p>\n<p style=\"font-weight: 400;\">&#8211; \u00a0Nhi\u1ec7t \u0111\u1ed9: 10 ~ 55\u00ba C,\u00a0\u0110\u1ed9 \u1ea9m: 55 ~ 95% RH<\/p>\n<p style=\"font-weight: 400;\">&#8211; \u00a0Tr\u00e1nh xa ngu\u1ed3n nhi\u1ec7t, d\u1ea7u m\u1ee1, ch\u1ea5t l\u1ecfng.<\/p>\n<p style=\"font-weight: 400;\">&#8211; Tr\u00e1nh \u0111\u1ec3 gi\u1ea5y nh\u1eefng n\u01a1i \u1ea9m th\u1ea5p hay n\u01a1i g\u1ea7n ngu\u1ed3n n\u01b0\u1edbc.<\/p>\n<p>C\u00d4NG TY TNHH TM-DV \u0110\u1ea6U T\u01af &amp; PH\u00c1T TRI\u1ec2N C\u00d4NG NGH\u1ec6 TO\u00c0N GIA<\/p>\n<p>VPGD: ng\u00f5 88 ph\u1ed1 Gi\u00e1p Nh\u1ecb, Th\u1ecbnh Li\u1ec7t, Ho\u00e0ng Mai, H\u00e0 N\u1ed9i<\/p>\n<p>X\u01b0\u1edfng s\u1ea3n xu\u1ea5t: L\u1ea1c \u0110\u1ea1o, V\u0103n L\u00e2m, H\u01b0ng Y\u00ean<\/p>\n<p>M\u1ecdi nhu c\u1ea7u Li\u00ean h\u1ec7:<\/p>\n<p>???Hotline: 094 3030 117???<\/p>\n<p>Ph\u00f2ng Kinh doanh: 0918 92 55 22<\/p>\n<p>Ph\u00f2ng K\u1ef9 thu\u1eadt: 0918 26 55 22<\/p>\n<p>Ph\u00f2ng K\u1ebf to\u00e1n: 0916 49 88 22<\/p>\n<p>Tell: 024 3995 0208 \/ 0916 35 88 22<\/p>\n<p>Gmail: <a href=\"mailto:toangiamayvanphong@gmail.com\">toangiamayvanphong@gmail.com<\/a><\/p>\n<p>Web: <u>https:\/\/toangiamayvanphong.vn\/<\/u><\/p>\n","protected":false},"excerpt":{"rendered":"<p>???-Gi\u1ea5y Supreme A5<\/p>\n<p>-Gi\u1ea5y Supreme A5,v\u1edbi \u0111\u1ecbnh l\u01b0\u1ee3ng 70gsm l\u00e0 lo\u1ea1i gi\u1ea5y in r\u1ea5t ph\u1ed5 bi\u1ebfn tr\u00ean th\u1ecb tr\u01b0\u1eddnga, \u0111\u01b0\u1ee3c s\u1ea3n xu\u1ea5t d\u1ef1a tr\u00ean c\u00f4ng ngh\u1ec7 in \u1ea5n hi\u1ec7n \u0111\u1ea1i \u0111\u1ebfn t\u1eeb Th\u00e1i Lan. V\u0103n Ph\u00f2ng Ph\u1ea9m Khai Tr\u00ed cung c\u1ea5p gi\u1ea5y Supreme 70gsm ch\u1ea5t l\u01b0\u1ee3ng v\u1edbi gi\u00e1 th\u00e0nh r\u1ebb nh\u1ea5t.<\/p>\n<p>-\u0110\u00e2y l\u00e0 lo\u1ea1i gi\u1ea5y in &#8211; photo c\u00f3 th\u00e0nh ph\u1ea7n ch\u1ea5t h\u00f3a h\u1ecdc th\u1ea5p, th\u00e2n thi\u1ec7n v\u1edbi m\u00f4i tr\u01b0\u1eddng v\u00e0 s\u1ee9c kh\u1ecfe ng\u01b0\u1eddi s\u1eed d\u1ee5ng.<\/p>\n<p>&#8211;\u00a0S\u1eed d\u1ee5ng \u0111\u1ec3 in &#8211; photo \u0111\u00f3ng th\u00e0nh cu\u1ed1n ho\u1eb7c d\u00f9ng l\u00e0m phi\u1ebfu thu &#8211; chi &#8211; xu\u1ea5t &#8211; nh\u1eadp &#8211; \u0111\u01a1n \u0111\u1eb7t h\u00e0ng.<\/p>\n<p>&#8211; Kh\u1ed5 gi\u1ea5y A5 d\u00f9ng \u0111\u1ec3 in t\u00e0i li\u1ec7u, gi\u1ea5y t\u1edd, ch\u1ee9ng t\u1eeb, h\u00f3a \u0111\u01a1n.<\/p>\n<p>-Ch\u1ea5t l\u01b0\u1ee3ng gi\u1ea5y t\u1ed1t, c\u00f3 \u0111\u1ed9 s\u00e1ng t\u1eeb 86 tr\u1edf n\u00ean.<\/p>\n<p>&#8211; \u00a0B\u1ec1 m\u1eb7t gi\u1ea5y \u0111\u1eb9p, m\u1ecbn, l\u00e1ng, c\u00f3 \u0111\u1ecbnh l\u01b0\u1ee3ng cao 70gsm( 1m2 gi\u1ea5y n\u1eb7ng 70gr).<\/p>\n<p>&#8211; \u00a0B\u1ec1 m\u1eb7t kh\u00f4ng c\u00f3 b\u1ee5i gi\u1ea5y, c\u00f3 ch\u1ea5t keo b\u00e1m m\u1ef1c t\u1ed1t gi\u00fap qu\u00e1 tr\u00ecnh in kh\u00f4ng b\u1ecb k\u1eb9t gi\u1ea5y trong m\u00e1y<\/p>\n<p style=\"font-weight: 400;\">&#8211; \u00a0Nhi\u1ec7t \u0111\u1ed9: 10 ~ 55\u00ba C,\u00a0\u0110\u1ed9 \u1ea9m: 55 ~ 95% RH<\/p>\n<p style=\"font-weight: 400;\">&#8211; \u00a0Tr\u00e1nh xa ngu\u1ed3n nhi\u1ec7t, d\u1ea7u m\u1ee1, ch\u1ea5t l\u1ecfng.<\/p>\n<p style=\"font-weight: 400;\">&#8211; Tr\u00e1nh \u0111\u1ec3 gi\u1ea5y nh\u1eefng n\u01a1i \u1ea9m th\u1ea5p hay n\u01a1i g\u1ea7n ngu\u1ed3n n\u01b0\u1edbc.<\/p>\n<p>Th\u01b0\u01a1ng hi\u1ec7u:\u00a0 M\u1edaI 100%\u00a0 \u00a0 \u00a0 \u00a0 \u00a0 \u00a0 | T\u00ecnh tr\u1ea1ng : C\u00f2n h\u00e0ng<\/p>\n<p>Vui l\u00f2ng li\u00ean h\u1ec7 \u0111\u1ec3 l\u1ea5y gi\u00e1 g\u1ed1c v\u00e0 khuy\u1ebfn m\u1ea1i<\/p>\n<hr \/>\n<p>Sa\u0309n ph\u00e2\u0309m \u0111\u01b0\u01a1\u0323c ba\u0301n ta\u0323i :<\/p>\n<p>C\u00d4NG TY TNHH TM-DV \u0110\u1ea6U T\u01af &amp; PH\u00c1T TRI\u1ec2N C\u00d4NG NGH\u1ec6 TO\u00c0N GIA<\/p>\n<p>VPGD: ng\u00f5 88 ph\u1ed1 Gi\u00e1p Nh\u1ecb, Th\u1ecbnh Li\u1ec7t, Ho\u00e0ng Mai, H\u00e0 N\u1ed9i<\/p>\n<p>X\u01b0\u1edfng s\u1ea3n xu\u1ea5t: L\u1ea1c \u0110\u1ea1o, V\u0103n L\u00e2m, H\u01b0ng Y\u00ean<\/p>\n<p>M\u1ecdi nhu c\u1ea7u Li\u00ean h\u1ec7:<\/p>\n<p><span style=\"color: #ff0000;\">???Hotline: 094 3030 117???<\/span><\/p>\n<p>Ph\u00f2ng Kinh doanh: 0918 92 55 22<\/p>\n<p>Ph\u00f2ng K\u1ef9 thu\u1eadt: 0918 26 55 22<\/p>\n<p>Ph\u00f2ng K\u1ebf to\u00e1n: 0916 49 88 22<\/p>\n<p>Tell: 024 3995 0208 \/ 0916 35 88 22<\/p>\n<p>Gmail: <a href=\"mailto:toangiamayvanphong@gmail.com\">toangiamayvanphong@gmail.com<\/a><\/p>\n<p>Web: <u>https:\/\/toangiamayvanphong.vn\/<\/u><\/p>\n<p>&nbsp;<\/p>\n","protected":false},"featured_media":1903,"comment_status":"open","ping_status":"closed","template":"","meta":[],"product_brand":[],"product_cat":[158],"product_tag":[277,278],"class_list":{"0":"post-2363","1":"product","2":"type-product","3":"status-publish","4":"has-post-thumbnail","6":"product_cat-van-phong-pham","7":"product_tag-giay-a5","8":"product_tag-giay-superme","10":"first","11":"instock","12":"taxable","13":"shipping-taxable","14":"product-type-simple"},"_links":{"self":[{"href":"https:\/\/toangiamayvanphong.vn\/index.php?rest_route=\/wp\/v2\/product\/2363","targetHints":{"allow":["GET"]}}],"collection":[{"href":"https:\/\/toangiamayvanphong.vn\/index.php?rest_route=\/wp\/v2\/product"}],"about":[{"href":"https:\/\/toangiamayvanphong.vn\/index.php?rest_route=\/wp\/v2\/types\/product"}],"replies":[{"embeddable":true,"href":"https:\/\/toangiamayvanphong.vn\/index.php?rest_route=%2Fwp%2Fv2%2Fcomments&post=2363"}],"wp:featuredmedia":[{"embeddable":true,"href":"https:\/\/toangiamayvanphong.vn\/index.php?rest_route=\/wp\/v2\/media\/1903"}],"wp:attachment":[{"href":"https:\/\/toangiamayvanphong.vn\/index.php?rest_route=%2Fwp%2Fv2%2Fmedia&parent=2363"}],"wp:term":[{"taxonomy":"product_brand","embeddable":true,"href":"https:\/\/toangiamayvanphong.vn\/index.php?rest_route=%2Fwp%2Fv2%2Fproduct_brand&post=2363"},{"taxonomy":"product_cat","embeddable":true,"href":"https:\/\/toangiamayvanphong.vn\/index.php?rest_route=%2Fwp%2Fv2%2Fproduct_cat&post=2363"},{"taxonomy":"product_tag","embeddable":true,"href":"https:\/\/toangiamayvanphong.vn\/index.php?rest_route=%2Fwp%2Fv2%2Fproduct_tag&post=2363"}],"curies":[{"name":"wp","href":"https:\/\/api.w.org\/{rel}","templated":true}]}}