{"id":2367,"date":"2023-07-09T11:14:55","date_gmt":"2023-07-09T04:14:55","guid":{"rendered":"https:\/\/toangiamayvanphong.vn\/?post_type=product&#038;p=2367"},"modified":"2026-04-26T18:05:34","modified_gmt":"2026-04-26T11:05:34","slug":"chuot-khong-day-logitech-m185","status":"publish","type":"product","link":"https:\/\/toangiamayvanphong.vn\/?product=chuot-khong-day-logitech-m185","title":{"rendered":"Chu\u1ed9t kh\u00f4ng d\u00e2y Logitech M185"},"content":{"rendered":"<p>???Chu\u1ed9t kh\u00f4ng d\u00e2y Logitech M185<\/p>\n<div>\n<p>-Chu\u1ed9t nh\u1ecf g\u1ecdn, thi\u1ebft k\u1ebf bo tr\u00f2n \u0111\u1eb9p m\u1eaft, v\u1eeba tay c\u1ea7m<\/p>\n<p>-K\u1ebft n\u1ed1i b\u1eb1ng \u0111\u1ea7u USB, t\u01b0\u01a1ng th\u00edch t\u1ed1t v\u1edbi nhi\u1ec1u thi\u1ebft b\u1ecb<\/p>\n<p>-Pin ch\u1ea5t l\u01b0\u1ee3ng cao, an to\u00e0n, b\u1ec1n b\u1ec9, tu\u1ed5i th\u1ecd l\u00ean \u0111\u1ebfn 12 th\u00e1ng<\/p>\n<p>-C\u1ea3m bi\u1ebfn quang h\u1ecdc, thao t\u00e1c m\u01b0\u1ee3t m\u00e0 v\u00e0 ch\u00ednh x\u00e1c<\/p>\n<p>-K\u1ebft n\u1ed1i kh\u00f4ng d\u00e2y m\u1ea1nh m\u1ebd, \u1ed5n \u0111\u1ecbnh \u1edf kho\u1ea3ng c\u00e1ch 10 m<\/p>\n<table class=\"productSpecification_table\" style=\"width: 28%; height: 330px;\">\n<caption class=\"productSpecification_title\">Th\u00f4ng s\u1ed1 k\u1ef9 thu\u1eadt<\/caption>\n<tbody>\n<tr>\n<td class=\"title\" style=\"width: 52.5253%;\">Model:<\/td>\n<td class=\"value\" style=\"width: 44.7811%;\">M185<\/td>\n<\/tr>\n<tr>\n<td class=\"title\" style=\"width: 52.5253%;\">M\u00e0u s\u1eafc:<\/td>\n<td class=\"value\" style=\"width: 44.7811%;\">Xanh D\u01b0\u01a1ng<\/td>\n<\/tr>\n<tr>\n<td class=\"title\" style=\"width: 52.5253%;\">Nh\u00e0 s\u1ea3n xu\u1ea5t:<\/td>\n<td class=\"value\" style=\"width: 44.7811%;\">Logitech<\/td>\n<\/tr>\n<tr>\n<td class=\"title\" style=\"width: 52.5253%;\">Th\u1eddi gian b\u1ea3o h\u00e0nh:<\/td>\n<td class=\"value\" style=\"width: 44.7811%;\">36 th\u00e1ng<\/td>\n<\/tr>\n<tr>\n<td class=\"title\" style=\"width: 52.5253%;\">\u0110\u1ed9 ph\u00e2n gi\u1ea3i:<\/td>\n<td class=\"value\" style=\"width: 44.7811%;\">1000 DPI<\/td>\n<\/tr>\n<tr>\n<td class=\"title\" style=\"width: 52.5253%;\">D\u00e2y d\u1eabn:<\/td>\n<td class=\"value\" style=\"width: 44.7811%;\">Kh\u00f4ng<\/td>\n<\/tr>\n<tr>\n<td class=\"title\" style=\"width: 52.5253%;\">Ph\u00edm ch\u1ee9c n\u0103ng:<\/td>\n<td class=\"value\" style=\"width: 44.7811%;\">3 ph\u00edm ch\u1ee9c n\u0103ng<\/td>\n<\/tr>\n<tr>\n<td class=\"title\" style=\"width: 52.5253%;\">S\u1eed d\u1ee5ng pin:<\/td>\n<td class=\"value\" style=\"width: 44.7811%;\">AA<\/td>\n<\/tr>\n<tr>\n<td class=\"title\" style=\"width: 52.5253%;\">K\u00edch th\u01b0\u1edbc th\u00f9ng:<\/td>\n<td class=\"value\" style=\"width: 44.7811%;\">100x50x50 mm<\/td>\n<\/tr>\n<tr>\n<td class=\"title\" style=\"width: 52.5253%;\">Kh\u1ed1i l\u01b0\u1ee3ng th\u00f9ng (g):<\/td>\n<td class=\"value\" style=\"width: 44.7811%;\">50 gram<\/td>\n<\/tr>\n<\/tbody>\n<\/table>\n<\/div>\n<p>C\u00d4NG TY TNHH TM-DV \u0110\u1ea6U T\u01af &amp; PH\u00c1T TRI\u1ec2N C\u00d4NG NGH\u1ec6 TO\u00c0N GIA<\/p>\n<p>VPGD: ng\u00f5 88 ph\u1ed1 Gi\u00e1p Nh\u1ecb, Th\u1ecbnh Li\u1ec7t, Ho\u00e0ng Mai, H\u00e0 N\u1ed9i<\/p>\n<p>X\u01b0\u1edfng s\u1ea3n xu\u1ea5t: L\u1ea1c \u0110\u1ea1o, V\u0103n L\u00e2m, H\u01b0ng Y\u00ean<\/p>\n<p>M\u1ecdi nhu c\u1ea7u Li\u00ean h\u1ec7:<\/p>\n<p>???Hotline: 094 3030 117???<\/p>\n<p>Ph\u00f2ng Kinh doanh: 0918 92 55 22<\/p>\n<p>Ph\u00f2ng K\u1ef9 thu\u1eadt: 0918 26 55 22<\/p>\n<p>Ph\u00f2ng K\u1ebf to\u00e1n: 0916 49 88 22<\/p>\n<p>Tell: 024 3995 0208 \/ 0916 35 88 22<\/p>\n<p>Gmail: <a href=\"mailto:toangiamayvanphong@gmail.com\">toangiamayvanphong@gmail.com<\/a><\/p>\n<p>Web: <u>https:\/\/toangiamayvanphong.vn\/<\/u><\/p>\n","protected":false},"excerpt":{"rendered":"<p>???Chu\u1ed9t kh\u00f4ng d\u00e2y Logitech M185<\/p>\n<div>\n<p>-Chu\u1ed9t nh\u1ecf g\u1ecdn, thi\u1ebft k\u1ebf bo tr\u00f2n \u0111\u1eb9p m\u1eaft, v\u1eeba tay c\u1ea7m<\/p>\n<p>-K\u1ebft n\u1ed1i b\u1eb1ng \u0111\u1ea7u USB, t\u01b0\u01a1ng th\u00edch t\u1ed1t v\u1edbi nhi\u1ec1u thi\u1ebft b\u1ecb<\/p>\n<p>-Pin ch\u1ea5t l\u01b0\u1ee3ng cao, an to\u00e0n, b\u1ec1n b\u1ec9, tu\u1ed5i th\u1ecd l\u00ean \u0111\u1ebfn 12 th\u00e1ng<\/p>\n<p>-C\u1ea3m bi\u1ebfn quang h\u1ecdc, thao t\u00e1c m\u01b0\u1ee3t m\u00e0 v\u00e0 ch\u00ednh x\u00e1c<\/p>\n<p>-K\u1ebft n\u1ed1i kh\u00f4ng d\u00e2y m\u1ea1nh m\u1ebd, \u1ed5n \u0111\u1ecbnh \u1edf kho\u1ea3ng c\u00e1ch 10 m<\/p>\n<\/div>\n<p>Th\u01b0\u01a1ng hi\u1ec7u:\u00a0 M\u1edaI 100%\u00a0 \u00a0 \u00a0 \u00a0 \u00a0 \u00a0 | T\u00ecnh tr\u1ea1ng : C\u00f2n h\u00e0ng<\/p>\n<p>Vui l\u00f2ng li\u00ean h\u1ec7 \u0111\u1ec3 l\u1ea5y gi\u00e1 g\u1ed1c v\u00e0 khuy\u1ebfn m\u1ea1i<\/p>\n<hr \/>\n<p>Sa\u0309n ph\u00e2\u0309m \u0111\u01b0\u01a1\u0323c ba\u0301n ta\u0323i :<\/p>\n<p>C\u00d4NG TY TNHH TM-DV \u0110\u1ea6U T\u01af &amp; PH\u00c1T TRI\u1ec2N C\u00d4NG NGH\u1ec6 TO\u00c0N GIA<\/p>\n<p>VPGD: ng\u00f5 88 ph\u1ed1 Gi\u00e1p Nh\u1ecb, Th\u1ecbnh Li\u1ec7t, Ho\u00e0ng Mai, H\u00e0 N\u1ed9i<\/p>\n<p>X\u01b0\u1edfng s\u1ea3n xu\u1ea5t: L\u1ea1c \u0110\u1ea1o, V\u0103n L\u00e2m, H\u01b0ng Y\u00ean<\/p>\n<p>M\u1ecdi nhu c\u1ea7u Li\u00ean h\u1ec7:<\/p>\n<p><span style=\"color: #ff0000;\">???Hotline: 094 3030 117???<\/span><\/p>\n<p>Ph\u00f2ng Kinh doanh: 0918 92 55 22<\/p>\n<p>Ph\u00f2ng K\u1ef9 thu\u1eadt: 0918 26 55 22<\/p>\n<p>Ph\u00f2ng K\u1ebf to\u00e1n: 0916 49 88 22<\/p>\n<p>Tell: 024 3995 0208 \/ 0916 35 88 22<\/p>\n<p>Gmail: <a href=\"mailto:toangiamayvanphong@gmail.com\">toangiamayvanphong@gmail.com<\/a><\/p>\n<p>Web: <u>https:\/\/toangiamayvanphong.vn\/<\/u><\/p>\n<p>&nbsp;<\/p>\n","protected":false},"featured_media":1907,"comment_status":"open","ping_status":"closed","template":"","meta":[],"product_brand":[],"product_cat":[158],"product_tag":[284,285],"class_list":{"0":"post-2367","1":"product","2":"type-product","3":"status-publish","4":"has-post-thumbnail","6":"product_cat-van-phong-pham","7":"product_tag-chuot-khong-day","8":"product_tag-chuot-logitech","10":"first","11":"instock","12":"taxable","13":"shipping-taxable","14":"product-type-simple"},"_links":{"self":[{"href":"https:\/\/toangiamayvanphong.vn\/index.php?rest_route=\/wp\/v2\/product\/2367","targetHints":{"allow":["GET"]}}],"collection":[{"href":"https:\/\/toangiamayvanphong.vn\/index.php?rest_route=\/wp\/v2\/product"}],"about":[{"href":"https:\/\/toangiamayvanphong.vn\/index.php?rest_route=\/wp\/v2\/types\/product"}],"replies":[{"embeddable":true,"href":"https:\/\/toangiamayvanphong.vn\/index.php?rest_route=%2Fwp%2Fv2%2Fcomments&post=2367"}],"wp:featuredmedia":[{"embeddable":true,"href":"https:\/\/toangiamayvanphong.vn\/index.php?rest_route=\/wp\/v2\/media\/1907"}],"wp:attachment":[{"href":"https:\/\/toangiamayvanphong.vn\/index.php?rest_route=%2Fwp%2Fv2%2Fmedia&parent=2367"}],"wp:term":[{"taxonomy":"product_brand","embeddable":true,"href":"https:\/\/toangiamayvanphong.vn\/index.php?rest_route=%2Fwp%2Fv2%2Fproduct_brand&post=2367"},{"taxonomy":"product_cat","embeddable":true,"href":"https:\/\/toangiamayvanphong.vn\/index.php?rest_route=%2Fwp%2Fv2%2Fproduct_cat&post=2367"},{"taxonomy":"product_tag","embeddable":true,"href":"https:\/\/toangiamayvanphong.vn\/index.php?rest_route=%2Fwp%2Fv2%2Fproduct_tag&post=2367"}],"curies":[{"name":"wp","href":"https:\/\/api.w.org\/{rel}","templated":true}]}}