{"id":2368,"date":"2023-07-09T11:14:55","date_gmt":"2023-07-09T04:14:55","guid":{"rendered":"https:\/\/toangiamayvanphong.vn\/?post_type=product&#038;p=2368"},"modified":"2026-04-26T18:05:47","modified_gmt":"2026-04-26T11:05:47","slug":"gia-tai-lieu-nhua-cung-3-ngan","status":"publish","type":"product","link":"https:\/\/toangiamayvanphong.vn\/?product=gia-tai-lieu-nhua-cung-3-ngan","title":{"rendered":"Gi\u00e1 T\u00e0i Li\u1ec7u Nh\u1ef1a C\u1ee9ng 3 Ng\u0103n"},"content":{"rendered":"<p>???Gi\u00e1 T\u00e0i Li\u1ec7u Nh\u1ef1a C\u1ee9ng 3 Ng\u0103n<\/p>\n<div><b>&#8211;<\/b> \u0110\u01b0\u1ee3c thi\u1ebft k\u1ebf 3 ng\u0103n d\u1ea1ng \u0111\u1ee9ng, ph\u00f9 h\u1ee3p \u0111\u1ec3 l\u01b0u tr\u1eef c\u00e1c lo\u1ea1i t\u00e0i li\u1ec7u ho\u1eb7c c\u00e1c d\u1ee5ng c\u1ee5 v\u0103n ph\u00f2ng ph\u1ea9m kh\u00e1c.<\/div>\n<div>-C\u00e1c chi ti\u1ebft nh\u1ef1a c\u1ee7a s\u1ea3n ph\u1ea9m \u0111\u01b0\u1ee3c gia c\u00f4ng s\u1eafc s\u1ea3o, m\u00e0i nh\u1eb5n, kh\u00f4ng \u0111\u1ec3 l\u1ea1i g\u00f3c c\u1ea1nh, r\u1ea5t an to\u00e0n khi s\u1eed d\u1ee5ng.<\/div>\n<div>-S\u1ea3n ph\u1ea9m \u0111\u01b0\u1ee3c l\u00e0m b\u1eb1ng nh\u1ef1a c\u1ee9ng cao c\u1ea5p, b\u1ec1n ch\u1eafc, \u0111\u1ed3ng th\u1eddi r\u1ea5t \u00edt b\u00e1m b\u1ee5i, gi\u00fap b\u1ea1n d\u1ec5 d\u00e0ng v\u1ec7 sinh, lau ch\u00f9i.<\/div>\n<p>C\u00d4NG TY TNHH TM-DV \u0110\u1ea6U T\u01af &amp; PH\u00c1T TRI\u1ec2N C\u00d4NG NGH\u1ec6 TO\u00c0N GIA<\/p>\n<p>VPGD: ng\u00f5 88 ph\u1ed1 Gi\u00e1p Nh\u1ecb, Th\u1ecbnh Li\u1ec7t, Ho\u00e0ng Mai, H\u00e0 N\u1ed9i<\/p>\n<p>X\u01b0\u1edfng s\u1ea3n xu\u1ea5t: L\u1ea1c \u0110\u1ea1o, V\u0103n L\u00e2m, H\u01b0ng Y\u00ean<\/p>\n<p>M\u1ecdi nhu c\u1ea7u Li\u00ean h\u1ec7:<\/p>\n<p>???Hotline: 094 3030 117???<\/p>\n<p>Ph\u00f2ng Kinh doanh: 0918 92 55 22<\/p>\n<p>Ph\u00f2ng K\u1ef9 thu\u1eadt: 0918 26 55 22<\/p>\n<p>Ph\u00f2ng K\u1ebf to\u00e1n: 0916 49 88 22<\/p>\n<p>Tell: 024 3995 0208 \/ 0916 35 88 22<\/p>\n<p>Gmail: <a href=\"mailto:toangiamayvanphong@gmail.com\">toangiamayvanphong@gmail.com<\/a><\/p>\n<p>Web: <u>https:\/\/toangiamayvanphong.vn\/<\/u><\/p>\n","protected":false},"excerpt":{"rendered":"<p>???Gi\u00e1 T\u00e0i Li\u1ec7u Nh\u1ef1a C\u1ee9ng 3 Ng\u0103n<\/p>\n<div><b>&#8211;<\/b> \u0110\u01b0\u1ee3c thi\u1ebft k\u1ebf 3 ng\u0103n d\u1ea1ng \u0111\u1ee9ng, ph\u00f9 h\u1ee3p \u0111\u1ec3 l\u01b0u tr\u1eef c\u00e1c lo\u1ea1i t\u00e0i li\u1ec7u ho\u1eb7c c\u00e1c d\u1ee5ng c\u1ee5 v\u0103n ph\u00f2ng ph\u1ea9m kh\u00e1c.<\/div>\n<div>-C\u00e1c chi ti\u1ebft nh\u1ef1a c\u1ee7a s\u1ea3n ph\u1ea9m \u0111\u01b0\u1ee3c gia c\u00f4ng s\u1eafc s\u1ea3o, m\u00e0i nh\u1eb5n, kh\u00f4ng \u0111\u1ec3 l\u1ea1i g\u00f3c c\u1ea1nh, r\u1ea5t an to\u00e0n khi s\u1eed d\u1ee5ng.<\/div>\n<div>-S\u1ea3n ph\u1ea9m \u0111\u01b0\u1ee3c l\u00e0m b\u1eb1ng nh\u1ef1a c\u1ee9ng cao c\u1ea5p, b\u1ec1n ch\u1eafc, \u0111\u1ed3ng th\u1eddi r\u1ea5t \u00edt b\u00e1m b\u1ee5i, gi\u00fap b\u1ea1n d\u1ec5 d\u00e0ng v\u1ec7 sinh, lau ch\u00f9i.<\/div>\n<p>Th\u01b0\u01a1ng hi\u1ec7u:\u00a0 M\u1edaI 100%\u00a0 \u00a0 \u00a0 \u00a0 \u00a0 \u00a0 | T\u00ecnh tr\u1ea1ng : C\u00f2n h\u00e0ng<\/p>\n<p>Vui l\u00f2ng li\u00ean h\u1ec7 \u0111\u1ec3 l\u1ea5y gi\u00e1 g\u1ed1c v\u00e0 khuy\u1ebfn m\u1ea1i<\/p>\n<hr \/>\n<p>Sa\u0309n ph\u00e2\u0309m \u0111\u01b0\u01a1\u0323c ba\u0301n ta\u0323i :<\/p>\n<p>C\u00d4NG TY TNHH TM-DV \u0110\u1ea6U T\u01af &amp; PH\u00c1T TRI\u1ec2N C\u00d4NG NGH\u1ec6 TO\u00c0N GIA<\/p>\n<p>VPGD: ng\u00f5 88 ph\u1ed1 Gi\u00e1p Nh\u1ecb, Th\u1ecbnh Li\u1ec7t, Ho\u00e0ng Mai, H\u00e0 N\u1ed9i<\/p>\n<p>X\u01b0\u1edfng s\u1ea3n xu\u1ea5t: L\u1ea1c \u0110\u1ea1o, V\u0103n L\u00e2m, H\u01b0ng Y\u00ean<\/p>\n<p>M\u1ecdi nhu c\u1ea7u Li\u00ean h\u1ec7:<\/p>\n<p><span style=\"color: #ff0000;\">???Hotline: 094 3030 117???<\/span><\/p>\n<p>Ph\u00f2ng Kinh doanh: 0918 92 55 22<\/p>\n<p>Ph\u00f2ng K\u1ef9 thu\u1eadt: 0918 26 55 22<\/p>\n<p>Ph\u00f2ng K\u1ebf to\u00e1n: 0916 49 88 22<\/p>\n<p>Tell: 024 3995 0208 \/ 0916 35 88 22<\/p>\n<p>Gmail: <a href=\"mailto:toangiamayvanphong@gmail.com\">toangiamayvanphong@gmail.com<\/a><\/p>\n<p>Web: <u>https:\/\/toangiamayvanphong.vn\/<\/u><\/p>\n<p>&nbsp;<\/p>\n","protected":false},"featured_media":1908,"comment_status":"open","ping_status":"closed","template":"","meta":[],"product_brand":[],"product_cat":[158],"product_tag":[286,287,288],"class_list":{"0":"post-2368","1":"product","2":"type-product","3":"status-publish","4":"has-post-thumbnail","6":"product_cat-van-phong-pham","7":"product_tag-gia-sach-3-ngan","8":"product_tag-hop-dung-tai-lieu","9":"product_tag-khay-dung-tai-lieu","11":"first","12":"instock","13":"taxable","14":"shipping-taxable","15":"product-type-simple"},"_links":{"self":[{"href":"https:\/\/toangiamayvanphong.vn\/index.php?rest_route=\/wp\/v2\/product\/2368","targetHints":{"allow":["GET"]}}],"collection":[{"href":"https:\/\/toangiamayvanphong.vn\/index.php?rest_route=\/wp\/v2\/product"}],"about":[{"href":"https:\/\/toangiamayvanphong.vn\/index.php?rest_route=\/wp\/v2\/types\/product"}],"replies":[{"embeddable":true,"href":"https:\/\/toangiamayvanphong.vn\/index.php?rest_route=%2Fwp%2Fv2%2Fcomments&post=2368"}],"wp:featuredmedia":[{"embeddable":true,"href":"https:\/\/toangiamayvanphong.vn\/index.php?rest_route=\/wp\/v2\/media\/1908"}],"wp:attachment":[{"href":"https:\/\/toangiamayvanphong.vn\/index.php?rest_route=%2Fwp%2Fv2%2Fmedia&parent=2368"}],"wp:term":[{"taxonomy":"product_brand","embeddable":true,"href":"https:\/\/toangiamayvanphong.vn\/index.php?rest_route=%2Fwp%2Fv2%2Fproduct_brand&post=2368"},{"taxonomy":"product_cat","embeddable":true,"href":"https:\/\/toangiamayvanphong.vn\/index.php?rest_route=%2Fwp%2Fv2%2Fproduct_cat&post=2368"},{"taxonomy":"product_tag","embeddable":true,"href":"https:\/\/toangiamayvanphong.vn\/index.php?rest_route=%2Fwp%2Fv2%2Fproduct_tag&post=2368"}],"curies":[{"name":"wp","href":"https:\/\/api.w.org\/{rel}","templated":true}]}}