{"id":2370,"date":"2023-07-09T11:14:56","date_gmt":"2023-07-09T04:14:56","guid":{"rendered":"https:\/\/toangiamayvanphong.vn\/?post_type=product&#038;p=2370"},"modified":"2026-04-26T18:05:54","modified_gmt":"2026-04-26T11:05:54","slug":"may-tinh-casio-df-120-fm","status":"publish","type":"product","link":"https:\/\/toangiamayvanphong.vn\/?product=may-tinh-casio-df-120-fm","title":{"rendered":"M\u00e1y t\u00ednh Casio DF 120 FM"},"content":{"rendered":"<div>\n<p><img decoding=\"async\" class=\"emoji\" role=\"img\" draggable=\"false\" src=\"https:\/\/s.w.org\/images\/core\/emoji\/14.0.0\/svg\/1f308.svg\" alt=\"?\" \/><img decoding=\"async\" class=\"emoji\" role=\"img\" draggable=\"false\" src=\"https:\/\/s.w.org\/images\/core\/emoji\/14.0.0\/svg\/1f308.svg\" alt=\"?\" \/><img decoding=\"async\" class=\"emoji\" role=\"img\" draggable=\"false\" src=\"https:\/\/s.w.org\/images\/core\/emoji\/14.0.0\/svg\/1f308.svg\" alt=\"?\" \/>M\u00e1y t\u00ednh Casio DF 120 FM<\/p>\n<p><strong>\u0110\u1eb7c \u0111i\u1ec3m:<\/strong><\/p>\n<p>-M\u00e0n h\u00ecnh l\u1edbn d\u1ec5 d\u00e0ng \u0111\u1ecdc d\u1eef li\u1ec7u.\u00a0S\u1eed d\u1ee5ng 2 ngu\u1ed3n n\u0103ng l\u01b0\u1ee3ng: pin v\u00e0 m\u1eb7t tr\u1eddi.\u00a0Ph\u00edm cu\u1ed1n \u0111\u1ea3m b\u1ea3o kh\u00f4ng m\u1ea5t d\u1eef li\u1ec7u khi l\u00e0m vi\u1ec7c v\u1edbi t\u1ed1c \u0111\u1ed9 cao<\/p>\n<p>-Thich h\u1ee3p cho h\u1ecdc sinh, sinh vi\u00ean, d\u00e2n v\u0103n ph\u00f2ng, ng\u01b0\u1eddi th\u01b0\u1eddng xuy\u00ean t\u00ednh to\u00e1n s\u1ed5 s\u00e1ch.<\/p>\n<p><strong>Ch\u1ea5t l\u01b0\u1ee3ng:<\/strong><\/p>\n<p>-B\u1ec1 m\u1eb7t kim lo\u1ea1i b\u1ec1n, c\u00f3 nh\u00f3m l\u1ec7nh ch\u1ee9c n\u0103ng.\u00a0Ch\u1ee9c n\u0103ng n\u1ed5i tr\u1ed9i:\u00a0t\u00ednh t\u1ef7 l\u1ec7 ph\u1ea7n tr\u0103m, t\u00ednh thu\u1ebf, \u0111\u1ed5i t\u1ef7 gi\u00e1.<\/p>\n<p>-\u0110\u01b0\u1ee3c \u0111\u00f3ng g\u00f3i bao b\u00ec k\u0129 l\u01b0\u1ee1ng, \u0111\u01b0\u1ee3c ki\u1ec3m \u0111\u1ecbnh ngu\u1ed3n g\u1ed1c xu\u1ea5t x\u1ee9 tr\u01b0\u1edbc khi b\u00e1n ra ngo\u00e0i th\u1ecb tr\u01b0\u1eddng<\/p>\n<p>-\u0110\u01b0\u1ee3c nhi\u1ec1u kh\u00e1ch h\u00e0ng \u01b0a chu\u1ed9ng tin d\u00f9ng<\/p>\n<\/div>\n<p>C\u00d4NG TY TNHH TM-DV \u0110\u1ea6U T\u01af &amp; PH\u00c1T TRI\u1ec2N C\u00d4NG NGH\u1ec6 TO\u00c0N GIA<\/p>\n<p>VPGD: ng\u00f5 88 ph\u1ed1 Gi\u00e1p Nh\u1ecb, Th\u1ecbnh Li\u1ec7t, Ho\u00e0ng Mai, H\u00e0 N\u1ed9i<\/p>\n<p>X\u01b0\u1edfng s\u1ea3n xu\u1ea5t: L\u1ea1c \u0110\u1ea1o, V\u0103n L\u00e2m, H\u01b0ng Y\u00ean<\/p>\n<p>M\u1ecdi nhu c\u1ea7u Li\u00ean h\u1ec7:<\/p>\n<p>???Hotline: 094 3030 117???<\/p>\n<p>Ph\u00f2ng Kinh doanh: 0918 92 55 22<\/p>\n<p>Ph\u00f2ng K\u1ef9 thu\u1eadt: 0918 26 55 22<\/p>\n<p>Ph\u00f2ng K\u1ebf to\u00e1n: 0916 49 88 22<\/p>\n<p>Tell: 024 3995 0208 \/ 0916 35 88 22<\/p>\n<p>Gmail: <a href=\"mailto:toangiamayvanphong@gmail.com\">toangiamayvanphong@gmail.com<\/a><\/p>\n<p>Web: <u>https:\/\/toangiamayvanphong.vn\/<\/u><\/p>\n","protected":false},"excerpt":{"rendered":"<p><img decoding=\"async\" class=\"emoji\" role=\"img\" draggable=\"false\" src=\"https:\/\/s.w.org\/images\/core\/emoji\/14.0.0\/svg\/1f308.svg\" alt=\"?\" \/><img decoding=\"async\" class=\"emoji\" role=\"img\" draggable=\"false\" src=\"https:\/\/s.w.org\/images\/core\/emoji\/14.0.0\/svg\/1f308.svg\" alt=\"?\" \/><img decoding=\"async\" class=\"emoji\" role=\"img\" draggable=\"false\" src=\"https:\/\/s.w.org\/images\/core\/emoji\/14.0.0\/svg\/1f308.svg\" alt=\"?\" \/>M\u00e1y t\u00ednh Casio DF 120 FM<\/p>\n<p><strong>\u0110\u1eb7c \u0111i\u1ec3m:<\/strong><\/p>\n<p>-M\u00e0n h\u00ecnh l\u1edbn d\u1ec5 d\u00e0ng \u0111\u1ecdc d\u1eef li\u1ec7u.\u00a0S\u1eed d\u1ee5ng 2 ngu\u1ed3n n\u0103ng l\u01b0\u1ee3ng: pin v\u00e0 m\u1eb7t tr\u1eddi.\u00a0Ph\u00edm cu\u1ed1n \u0111\u1ea3m b\u1ea3o kh\u00f4ng m\u1ea5t d\u1eef li\u1ec7u khi l\u00e0m vi\u1ec7c v\u1edbi t\u1ed1c \u0111\u1ed9 cao<\/p>\n<p>-Thich h\u1ee3p cho h\u1ecdc sinh, sinh vi\u00ean, d\u00e2n v\u0103n ph\u00f2ng, ng\u01b0\u1eddi th\u01b0\u1eddng xuy\u00ean t\u00ednh to\u00e1n s\u1ed5 s\u00e1ch.<\/p>\n<p><strong>Ch\u1ea5t l\u01b0\u1ee3ng:<\/strong><\/p>\n<p>-B\u1ec1 m\u1eb7t kim lo\u1ea1i b\u1ec1n, c\u00f3 nh\u00f3m l\u1ec7nh ch\u1ee9c n\u0103ng.\u00a0Ch\u1ee9c n\u0103ng n\u1ed5i tr\u1ed9i:\u00a0t\u00ednh t\u1ef7 l\u1ec7 ph\u1ea7n tr\u0103m, t\u00ednh thu\u1ebf, \u0111\u1ed5i t\u1ef7 gi\u00e1.<\/p>\n<p>-\u0110\u01b0\u1ee3c \u0111\u00f3ng g\u00f3i bao b\u00ec k\u0129 l\u01b0\u1ee1ng, \u0111\u01b0\u1ee3c ki\u1ec3m \u0111\u1ecbnh ngu\u1ed3n g\u1ed1c xu\u1ea5t x\u1ee9 tr\u01b0\u1edbc khi b\u00e1n ra ngo\u00e0i th\u1ecb tr\u01b0\u1eddng<\/p>\n<p>-\u0110\u01b0\u1ee3c nhi\u1ec1u kh\u00e1ch h\u00e0ng \u01b0a chu\u1ed9ng tin d\u00f9ng<\/p>\n<p>Th\u01b0\u01a1ng hi\u1ec7u:\u00a0 M\u1edaI 100%\u00a0 \u00a0 \u00a0 \u00a0 \u00a0 \u00a0 | T\u00ecnh tr\u1ea1ng : C\u00f2n h\u00e0ng<\/p>\n<p>Vui l\u00f2ng li\u00ean h\u1ec7 \u0111\u1ec3 l\u1ea5y gi\u00e1 g\u1ed1c v\u00e0 khuy\u1ebfn m\u1ea1i<\/p>\n<hr \/>\n<p>Sa\u0309n ph\u00e2\u0309m \u0111\u01b0\u01a1\u0323c ba\u0301n ta\u0323i :<\/p>\n<p>C\u00d4NG TY TNHH TM-DV \u0110\u1ea6U T\u01af &amp; PH\u00c1T TRI\u1ec2N C\u00d4NG NGH\u1ec6 TO\u00c0N GIA<\/p>\n<p>VPGD: ng\u00f5 88 ph\u1ed1 Gi\u00e1p Nh\u1ecb, Th\u1ecbnh Li\u1ec7t, Ho\u00e0ng Mai, H\u00e0 N\u1ed9i<\/p>\n<p>X\u01b0\u1edfng s\u1ea3n xu\u1ea5t: L\u1ea1c \u0110\u1ea1o, V\u0103n L\u00e2m, H\u01b0ng Y\u00ean<\/p>\n<p>M\u1ecdi nhu c\u1ea7u Li\u00ean h\u1ec7:<\/p>\n<p><span style=\"color: #ff0000;\">???Hotline: 094 3030 117???<\/span><\/p>\n<p>Ph\u00f2ng Kinh doanh: 0918 92 55 22<\/p>\n<p>Ph\u00f2ng K\u1ef9 thu\u1eadt: 0918 26 55 22<\/p>\n<p>Ph\u00f2ng K\u1ebf to\u00e1n: 0916 49 88 22<\/p>\n<p>Tell: 024 3995 0208 \/ 0916 35 88 22<\/p>\n<p>Gmail: <a href=\"mailto:toangiamayvanphong@gmail.com\">toangiamayvanphong@gmail.com<\/a><\/p>\n<p>Web: <u>https:\/\/toangiamayvanphong.vn\/<\/u><\/p>\n<p>&nbsp;<\/p>\n","protected":false},"featured_media":1910,"comment_status":"open","ping_status":"closed","template":"","meta":[],"product_brand":[],"product_cat":[158],"product_tag":[291],"class_list":{"0":"post-2370","1":"product","2":"type-product","3":"status-publish","4":"has-post-thumbnail","6":"product_cat-van-phong-pham","7":"product_tag-may-tinh-cam-tay","9":"first","10":"instock","11":"taxable","12":"shipping-taxable","13":"product-type-simple"},"_links":{"self":[{"href":"https:\/\/toangiamayvanphong.vn\/index.php?rest_route=\/wp\/v2\/product\/2370","targetHints":{"allow":["GET"]}}],"collection":[{"href":"https:\/\/toangiamayvanphong.vn\/index.php?rest_route=\/wp\/v2\/product"}],"about":[{"href":"https:\/\/toangiamayvanphong.vn\/index.php?rest_route=\/wp\/v2\/types\/product"}],"replies":[{"embeddable":true,"href":"https:\/\/toangiamayvanphong.vn\/index.php?rest_route=%2Fwp%2Fv2%2Fcomments&post=2370"}],"wp:featuredmedia":[{"embeddable":true,"href":"https:\/\/toangiamayvanphong.vn\/index.php?rest_route=\/wp\/v2\/media\/1910"}],"wp:attachment":[{"href":"https:\/\/toangiamayvanphong.vn\/index.php?rest_route=%2Fwp%2Fv2%2Fmedia&parent=2370"}],"wp:term":[{"taxonomy":"product_brand","embeddable":true,"href":"https:\/\/toangiamayvanphong.vn\/index.php?rest_route=%2Fwp%2Fv2%2Fproduct_brand&post=2370"},{"taxonomy":"product_cat","embeddable":true,"href":"https:\/\/toangiamayvanphong.vn\/index.php?rest_route=%2Fwp%2Fv2%2Fproduct_cat&post=2370"},{"taxonomy":"product_tag","embeddable":true,"href":"https:\/\/toangiamayvanphong.vn\/index.php?rest_route=%2Fwp%2Fv2%2Fproduct_tag&post=2370"}],"curies":[{"name":"wp","href":"https:\/\/api.w.org\/{rel}","templated":true}]}}