{"id":2371,"date":"2023-07-09T11:14:56","date_gmt":"2023-07-09T04:14:56","guid":{"rendered":"https:\/\/toangiamayvanphong.vn\/?post_type=product&#038;p=2371"},"modified":"2026-04-26T18:05:34","modified_gmt":"2026-04-26T11:05:34","slug":"may-tinh-bo-tui-casio-ax-12b","status":"publish","type":"product","link":"https:\/\/toangiamayvanphong.vn\/?product=may-tinh-bo-tui-casio-ax-12b","title":{"rendered":"M\u00e1y t\u00ednh b\u1ecf t\u00fai Casio AX-12B"},"content":{"rendered":"<div>\n<p><img decoding=\"async\" class=\"emoji\" role=\"img\" draggable=\"false\" src=\"https:\/\/s.w.org\/images\/core\/emoji\/14.0.0\/svg\/1f308.svg\" alt=\"?\" \/><img decoding=\"async\" class=\"emoji\" role=\"img\" draggable=\"false\" src=\"https:\/\/s.w.org\/images\/core\/emoji\/14.0.0\/svg\/1f308.svg\" alt=\"?\" \/><img decoding=\"async\" class=\"emoji\" role=\"img\" draggable=\"false\" src=\"https:\/\/s.w.org\/images\/core\/emoji\/14.0.0\/svg\/1f308.svg\" alt=\"?\" \/>M\u00e1y t\u00ednh b\u1ecf t\u00fai Casio AX-12B<\/p>\n<p>-M\u00e1y t\u00ednh b\u1ecf t\u00fai Casio AX-12B l\u00e0 s\u1ea3n ph\u1ea9m h\u1eefu \u00edch gi\u00fap c\u00f4ng vi\u1ec7c t\u00ednh to\u00e1n c\u00e1c b\u00e0i to\u00e1n, c\u00e1c t\u1ed5ng k\u1ebft b\u00e1o c\u00e1o&#8230; \u0111\u01b0\u1ee3c ho\u00e0n th\u00e0nh nhanh ch\u00f3ng h\u01a1n v\u1edbi \u0111\u1ed9 ch\u00ednh x\u00e1c tuy\u1ec7t \u0111\u1ed1i.<\/p>\n<p>-M\u00e1y t\u00ednh Casio\u00a0AX-12B c\u00f3 tr\u1ecdng l\u01b0\u1ee3ng ch\u1ec9 150g, b\u1ec1 m\u1eb7t ph\u00edm nh\u1ea5n b\u1eb1ng cao su m\u1ec1m d\u1ebbo, thao t\u00e1c v\u1edbi t\u1ed1c \u0111\u1ed9 cao kh\u00f4ng b\u1ecb nh\u1ea7m l\u1eabn v\u00e0 kh\u00f4ng b\u1ecb \u0111au tay. V\u1ecf m\u00e1y b\u1eb1ng nh\u1ef1a cho \u0111\u1ed9 b\u1ec1n cao. M\u00e0n h\u00ecnh c\u1ee1 l\u1edbn c\u00f3 th\u1ec3 hi\u1ec3n th\u1ecb 12 s\u1ed1, d\u1ec5 quan s\u00e1t v\u00e0 d\u1ec5 \u0111\u1ecdc k\u1ebft qu\u1ea3.<\/p>\n<p>-C\u00e1c ph\u00edm nh\u1ea5n r\u00f5 r\u00e0ng, kh\u00f4ng b\u1ecb m\u1edd theo th\u1eddi gian s\u1eed d\u1ee5ng.\u00a0M\u00e1y t\u00ednh b\u1ecf t\u00fai Casio AX-12B gi\u00fap b\u1ea1n t\u00ednh c\u00e1c ph\u00e9p t\u00ednh t\u1eeb \u0111\u01a1n gi\u1ea3n \u0111\u1ebfn ph\u1ee9c t\u1ea1p, c\u00f3 ph\u00edm % \u0111\u1ec3 t\u00ednh ph\u1ea7n tr\u0103m th\u00f4ng th\u01b0\u1eddng.\u00a0M\u00e1y t\u00ednh \u0111\u1ec3 b\u00e0n Casio AX-12B s\u1eed d\u1ee5ng 2 ngu\u1ed3n n\u0103ng l\u01b0\u1ee3ng: pin v\u00e0 m\u1eb7t tr\u1eddi ti\u1ec7n \u00edch h\u01a1n cho ng\u01b0\u1eddi d\u00f9ng.<\/p>\n<p>-Ch\u1ee9c n\u0103ng nh\u1ea5n \u0111\u1ed3ng th\u1eddi ph\u00edm s\u1ebd gi\u00fap c\u00e1c\u00a0thao t\u00e1c ph\u00edm \u0111\u01b0\u1ee3c l\u01b0u tr\u1eef trong b\u1ed9 nh\u1edb \u0111\u1ec7m, nh\u1edd v\u1eady s\u1ebd kh\u00f4ng b\u1ecb m\u1ea5t d\u1eef li\u1ec7u ngay c\u1ea3 khi nh\u1eadp v\u1edbi t\u1ed1c \u0111\u1ed9 cao.<\/p>\n<\/div>\n<p>C\u00d4NG TY TNHH TM-DV \u0110\u1ea6U T\u01af &amp; PH\u00c1T TRI\u1ec2N C\u00d4NG NGH\u1ec6 TO\u00c0N GIA<\/p>\n<p>VPGD: ng\u00f5 88 ph\u1ed1 Gi\u00e1p Nh\u1ecb, Th\u1ecbnh Li\u1ec7t, Ho\u00e0ng Mai, H\u00e0 N\u1ed9i<\/p>\n<p>X\u01b0\u1edfng s\u1ea3n xu\u1ea5t: L\u1ea1c \u0110\u1ea1o, V\u0103n L\u00e2m, H\u01b0ng Y\u00ean<\/p>\n<p>M\u1ecdi nhu c\u1ea7u Li\u00ean h\u1ec7:<\/p>\n<p>???Hotline: 094 3030 117???<\/p>\n<p>Ph\u00f2ng Kinh doanh: 0918 92 55 22<\/p>\n<p>Ph\u00f2ng K\u1ef9 thu\u1eadt: 0918 26 55 22<\/p>\n<p>Ph\u00f2ng K\u1ebf to\u00e1n: 0916 49 88 22<\/p>\n<p>Tell: 024 3995 0208 \/ 0916 35 88 22<\/p>\n<p>Gmail: <a href=\"mailto:toangiamayvanphong@gmail.com\">toangiamayvanphong@gmail.com<\/a><\/p>\n<p>Web: <u>https:\/\/toangiamayvanphong.vn\/<\/u><\/p>\n","protected":false},"excerpt":{"rendered":"<p><img decoding=\"async\" class=\"emoji\" role=\"img\" draggable=\"false\" src=\"https:\/\/s.w.org\/images\/core\/emoji\/14.0.0\/svg\/1f308.svg\" alt=\"?\" \/><img decoding=\"async\" class=\"emoji\" role=\"img\" draggable=\"false\" src=\"https:\/\/s.w.org\/images\/core\/emoji\/14.0.0\/svg\/1f308.svg\" alt=\"?\" \/><img decoding=\"async\" class=\"emoji\" role=\"img\" draggable=\"false\" src=\"https:\/\/s.w.org\/images\/core\/emoji\/14.0.0\/svg\/1f308.svg\" alt=\"?\" \/>M\u00e1y t\u00ednh b\u1ecf t\u00fai Casio AX-12B<\/p>\n<p>-M\u00e1y t\u00ednh b\u1ecf t\u00fai Casio AX-12B l\u00e0 s\u1ea3n ph\u1ea9m h\u1eefu \u00edch gi\u00fap c\u00f4ng vi\u1ec7c t\u00ednh to\u00e1n c\u00e1c b\u00e0i to\u00e1n, c\u00e1c t\u1ed5ng k\u1ebft b\u00e1o c\u00e1o&#8230; \u0111\u01b0\u1ee3c ho\u00e0n th\u00e0nh nhanh ch\u00f3ng h\u01a1n v\u1edbi \u0111\u1ed9 ch\u00ednh x\u00e1c tuy\u1ec7t \u0111\u1ed1i.<\/p>\n<p>-M\u00e1y t\u00ednh Casio\u00a0AX-12B c\u00f3 tr\u1ecdng l\u01b0\u1ee3ng ch\u1ec9 150g, b\u1ec1 m\u1eb7t ph\u00edm nh\u1ea5n b\u1eb1ng cao su m\u1ec1m d\u1ebbo, thao t\u00e1c v\u1edbi t\u1ed1c \u0111\u1ed9 cao kh\u00f4ng b\u1ecb nh\u1ea7m l\u1eabn v\u00e0 kh\u00f4ng b\u1ecb \u0111au tay. V\u1ecf m\u00e1y b\u1eb1ng nh\u1ef1a cho \u0111\u1ed9 b\u1ec1n cao. M\u00e0n h\u00ecnh c\u1ee1 l\u1edbn c\u00f3 th\u1ec3 hi\u1ec3n th\u1ecb 12 s\u1ed1, d\u1ec5 quan s\u00e1t v\u00e0 d\u1ec5 \u0111\u1ecdc k\u1ebft qu\u1ea3.<\/p>\n<p>-C\u00e1c ph\u00edm nh\u1ea5n r\u00f5 r\u00e0ng, kh\u00f4ng b\u1ecb m\u1edd theo th\u1eddi gian s\u1eed d\u1ee5ng.\u00a0M\u00e1y t\u00ednh b\u1ecf t\u00fai Casio AX-12B gi\u00fap b\u1ea1n t\u00ednh c\u00e1c ph\u00e9p t\u00ednh t\u1eeb \u0111\u01a1n gi\u1ea3n \u0111\u1ebfn ph\u1ee9c t\u1ea1p, c\u00f3 ph\u00edm % \u0111\u1ec3 t\u00ednh ph\u1ea7n tr\u0103m th\u00f4ng th\u01b0\u1eddng.\u00a0M\u00e1y t\u00ednh \u0111\u1ec3 b\u00e0n Casio AX-12B s\u1eed d\u1ee5ng 2 ngu\u1ed3n n\u0103ng l\u01b0\u1ee3ng: pin v\u00e0 m\u1eb7t tr\u1eddi ti\u1ec7n \u00edch h\u01a1n cho ng\u01b0\u1eddi d\u00f9ng.<\/p>\n<p>-Ch\u1ee9c n\u0103ng nh\u1ea5n \u0111\u1ed3ng th\u1eddi ph\u00edm s\u1ebd gi\u00fap c\u00e1c\u00a0thao t\u00e1c ph\u00edm \u0111\u01b0\u1ee3c l\u01b0u tr\u1eef trong b\u1ed9 nh\u1edb \u0111\u1ec7m, nh\u1edd v\u1eady s\u1ebd kh\u00f4ng b\u1ecb m\u1ea5t d\u1eef li\u1ec7u ngay c\u1ea3 khi nh\u1eadp v\u1edbi t\u1ed1c \u0111\u1ed9 cao.<\/p>\n<p>Th\u01b0\u01a1ng hi\u1ec7u:\u00a0 M\u1edaI 100%\u00a0 \u00a0 \u00a0 \u00a0 \u00a0 \u00a0 | T\u00ecnh tr\u1ea1ng : C\u00f2n h\u00e0ng<\/p>\n<p>Vui l\u00f2ng li\u00ean h\u1ec7 \u0111\u1ec3 l\u1ea5y gi\u00e1 g\u1ed1c v\u00e0 khuy\u1ebfn m\u1ea1i<\/p>\n<hr \/>\n<p>Sa\u0309n ph\u00e2\u0309m \u0111\u01b0\u01a1\u0323c ba\u0301n ta\u0323i :<\/p>\n<p>C\u00d4NG TY TNHH TM-DV \u0110\u1ea6U T\u01af &amp; PH\u00c1T TRI\u1ec2N C\u00d4NG NGH\u1ec6 TO\u00c0N GIA<\/p>\n<p>VPGD: ng\u00f5 88 ph\u1ed1 Gi\u00e1p Nh\u1ecb, Th\u1ecbnh Li\u1ec7t, Ho\u00e0ng Mai, H\u00e0 N\u1ed9i<\/p>\n<p>X\u01b0\u1edfng s\u1ea3n xu\u1ea5t: L\u1ea1c \u0110\u1ea1o, V\u0103n L\u00e2m, H\u01b0ng Y\u00ean<\/p>\n<p>M\u1ecdi nhu c\u1ea7u Li\u00ean h\u1ec7:<\/p>\n<p><span style=\"color: #ff0000;\">???Hotline: 094 3030 117???<\/span><\/p>\n<p>Ph\u00f2ng Kinh doanh: 0918 92 55 22<\/p>\n<p>Ph\u00f2ng K\u1ef9 thu\u1eadt: 0918 26 55 22<\/p>\n<p>Ph\u00f2ng K\u1ebf to\u00e1n: 0916 49 88 22<\/p>\n<p>Tell: 024 3995 0208 \/ 0916 35 88 22<\/p>\n<p>Gmail: <a href=\"mailto:toangiamayvanphong@gmail.com\">toangiamayvanphong@gmail.com<\/a><\/p>\n<p>Web: <u>https:\/\/toangiamayvanphong.vn\/<\/u><\/p>\n<p>&nbsp;<\/p>\n","protected":false},"featured_media":1911,"comment_status":"open","ping_status":"closed","template":"","meta":[],"product_brand":[],"product_cat":[158],"product_tag":[292],"class_list":{"0":"post-2371","1":"product","2":"type-product","3":"status-publish","4":"has-post-thumbnail","6":"product_cat-van-phong-pham","7":"product_tag-may-tinh-bo-tui","9":"first","10":"instock","11":"taxable","12":"shipping-taxable","13":"product-type-simple"},"_links":{"self":[{"href":"https:\/\/toangiamayvanphong.vn\/index.php?rest_route=\/wp\/v2\/product\/2371","targetHints":{"allow":["GET"]}}],"collection":[{"href":"https:\/\/toangiamayvanphong.vn\/index.php?rest_route=\/wp\/v2\/product"}],"about":[{"href":"https:\/\/toangiamayvanphong.vn\/index.php?rest_route=\/wp\/v2\/types\/product"}],"replies":[{"embeddable":true,"href":"https:\/\/toangiamayvanphong.vn\/index.php?rest_route=%2Fwp%2Fv2%2Fcomments&post=2371"}],"wp:featuredmedia":[{"embeddable":true,"href":"https:\/\/toangiamayvanphong.vn\/index.php?rest_route=\/wp\/v2\/media\/1911"}],"wp:attachment":[{"href":"https:\/\/toangiamayvanphong.vn\/index.php?rest_route=%2Fwp%2Fv2%2Fmedia&parent=2371"}],"wp:term":[{"taxonomy":"product_brand","embeddable":true,"href":"https:\/\/toangiamayvanphong.vn\/index.php?rest_route=%2Fwp%2Fv2%2Fproduct_brand&post=2371"},{"taxonomy":"product_cat","embeddable":true,"href":"https:\/\/toangiamayvanphong.vn\/index.php?rest_route=%2Fwp%2Fv2%2Fproduct_cat&post=2371"},{"taxonomy":"product_tag","embeddable":true,"href":"https:\/\/toangiamayvanphong.vn\/index.php?rest_route=%2Fwp%2Fv2%2Fproduct_tag&post=2371"}],"curies":[{"name":"wp","href":"https:\/\/api.w.org\/{rel}","templated":true}]}}