{"id":2373,"date":"2023-07-09T11:14:56","date_gmt":"2023-07-09T04:14:56","guid":{"rendered":"https:\/\/toangiamayvanphong.vn\/?post_type=product&#038;p=2373"},"modified":"2023-07-09T11:14:58","modified_gmt":"2023-07-09T04:14:58","slug":"thuoc-ke-30cm","status":"publish","type":"product","link":"https:\/\/toangiamayvanphong.vn\/?product=thuoc-ke-30cm","title":{"rendered":"Th\u01b0\u1edbc k\u1ebb 30cm"},"content":{"rendered":"<div>\n<p><img decoding=\"async\" class=\"emoji\" role=\"img\" draggable=\"false\" src=\"https:\/\/s.w.org\/images\/core\/emoji\/14.0.0\/svg\/1f308.svg\" alt=\"?\" \/><img decoding=\"async\" class=\"emoji\" role=\"img\" draggable=\"false\" src=\"https:\/\/s.w.org\/images\/core\/emoji\/14.0.0\/svg\/1f308.svg\" alt=\"?\" \/><img decoding=\"async\" class=\"emoji\" role=\"img\" draggable=\"false\" src=\"https:\/\/s.w.org\/images\/core\/emoji\/14.0.0\/svg\/1f308.svg\" alt=\"?\" \/><strong>Th\u01b0\u1edbc k\u1ebb 30cm<\/strong><\/p>\n<div class=\"mo_ta_sanpham\">\n<p>-Th\u01b0\u1edbc k\u1ebb 30cm\u00a0l\u00e0 ng\u01b0\u1eddi b\u1ea1n \u0111\u1ed3ng h\u00e0nh kh\u00f4ng th\u1ec3 thi\u1ebfu trong m\u00f4n to\u00e1n c\u1ee7a c\u1ee7a c\u00e1c b\u1ea1n h\u1ecdc sinh, sinh vi\u00ean. S\u1ea3n ph\u1ea9m s\u1edf h\u1eefu k\u00edch th\u01b0\u1edbc 30cm, \u0111\u01b0\u1ee3c l\u00e0m b\u1eb1ng nh\u1ef1a trong su\u1ed1t, th\u1eb3ng, \u0111\u1ed9 b\u1ec1n cao. Tr\u00ean th\u01b0\u1edbc c\u00f3 v\u1ea1ch chia k\u00edch th\u01b0\u1edbc r\u00f5 r\u00e0ng, \u0111\u1eadm n\u00e9t, thu\u1eadn ti\u1ec7n \u0111\u1ec3 k\u1ebb nh\u1eefng \u0111\u01b0\u1eddng th\u1eb3ng ch\u00ednh x\u00e1c nh\u1ea5t.<\/p>\n<p>Th\u01b0\u1edbc c\u00f3 \u0111\u1ed9 d\u00e0i 30cm, thu\u1eadn ti\u1ec7n cho h\u1ecdc sinh, sinh vi\u00ean, nh\u00e2n vi\u00ean v\u0103n ph\u00f2ng \u0111o \u0111\u1ea1c hay v\u1ebd c\u00e1c \u0111\u01b0\u1eddng th\u1eb3ng. Ngo\u00e0i ra, v\u1edbi k\u00edch th\u01b0\u1edbc nh\u1ecf g\u1ecdn c\u00f9ng tr\u1ecdng l\u01b0\u1ee3ng nh\u1eb9, b\u1ea1n c\u00f3 th\u1ec3 mang s\u1ea3n ph\u1ea9m \u0111i h\u1ecdc, \u0111i l\u00e0m m\u00e0 kh\u00f4ng chi\u1ebfm qu\u00e1 nhi\u1ec1u di\u1ec7n t\u00edch.<\/p>\n<\/div>\n<\/div>\n<p>C\u00d4NG TY TNHH TM-DV \u0110\u1ea6U T\u01af &amp; PH\u00c1T TRI\u1ec2N C\u00d4NG NGH\u1ec6 TO\u00c0N GIA<\/p>\n<p>VPGD: ng\u00f5 88 ph\u1ed1 Gi\u00e1p Nh\u1ecb, Th\u1ecbnh Li\u1ec7t, Ho\u00e0ng Mai, H\u00e0 N\u1ed9i<\/p>\n<p>X\u01b0\u1edfng s\u1ea3n xu\u1ea5t: L\u1ea1c \u0110\u1ea1o, V\u0103n L\u00e2m, H\u01b0ng Y\u00ean<\/p>\n<p>M\u1ecdi nhu c\u1ea7u Li\u00ean h\u1ec7:<\/p>\n<p>???Hotline: 094 3030 117???<\/p>\n<p>Ph\u00f2ng Kinh doanh: 0918 92 55 22<\/p>\n<p>Ph\u00f2ng K\u1ef9 thu\u1eadt: 0918 26 55 22<\/p>\n<p>Ph\u00f2ng K\u1ebf to\u00e1n: 0916 49 88 22<\/p>\n<p>Tell: 024 3995 0208 \/ 0916 35 88 22<\/p>\n<p>Gmail: <a href=\"mailto:toangiamayvanphong@gmail.com\">toangiamayvanphong@gmail.com<\/a><\/p>\n<p>Web: <u>https:\/\/toangiamayvanphong.vn\/<\/u><\/p>\n","protected":false},"excerpt":{"rendered":"<p><img decoding=\"async\" class=\"emoji\" role=\"img\" draggable=\"false\" src=\"https:\/\/s.w.org\/images\/core\/emoji\/14.0.0\/svg\/1f308.svg\" alt=\"?\" \/><img decoding=\"async\" class=\"emoji\" role=\"img\" draggable=\"false\" src=\"https:\/\/s.w.org\/images\/core\/emoji\/14.0.0\/svg\/1f308.svg\" alt=\"?\" \/><img decoding=\"async\" class=\"emoji\" role=\"img\" draggable=\"false\" src=\"https:\/\/s.w.org\/images\/core\/emoji\/14.0.0\/svg\/1f308.svg\" alt=\"?\" \/><strong>Th\u01b0\u1edbc k\u1ebb 30cm<\/strong><\/p>\n<div class=\"mo_ta_sanpham\">\n<p>-Th\u01b0\u1edbc k\u1ebb 30cm\u00a0l\u00e0 ng\u01b0\u1eddi b\u1ea1n \u0111\u1ed3ng h\u00e0nh kh\u00f4ng th\u1ec3 thi\u1ebfu trong m\u00f4n to\u00e1n c\u1ee7a c\u1ee7a c\u00e1c b\u1ea1n h\u1ecdc sinh, sinh vi\u00ean. S\u1ea3n ph\u1ea9m s\u1edf h\u1eefu k\u00edch th\u01b0\u1edbc 30cm, \u0111\u01b0\u1ee3c l\u00e0m b\u1eb1ng nh\u1ef1a trong su\u1ed1t, th\u1eb3ng, \u0111\u1ed9 b\u1ec1n cao. Tr\u00ean th\u01b0\u1edbc c\u00f3 v\u1ea1ch chia k\u00edch th\u01b0\u1edbc r\u00f5 r\u00e0ng, \u0111\u1eadm n\u00e9t, thu\u1eadn ti\u1ec7n \u0111\u1ec3 k\u1ebb nh\u1eefng \u0111\u01b0\u1eddng th\u1eb3ng ch\u00ednh x\u00e1c nh\u1ea5t.<\/p>\n<p>Th\u01b0\u1edbc c\u00f3 \u0111\u1ed9 d\u00e0i 30cm, thu\u1eadn ti\u1ec7n cho h\u1ecdc sinh, sinh vi\u00ean, nh\u00e2n vi\u00ean v\u0103n ph\u00f2ng \u0111o \u0111\u1ea1c hay v\u1ebd c\u00e1c \u0111\u01b0\u1eddng th\u1eb3ng. Ngo\u00e0i ra, v\u1edbi k\u00edch th\u01b0\u1edbc nh\u1ecf g\u1ecdn c\u00f9ng tr\u1ecdng l\u01b0\u1ee3ng nh\u1eb9, b\u1ea1n c\u00f3 th\u1ec3 mang s\u1ea3n ph\u1ea9m \u0111i h\u1ecdc, \u0111i l\u00e0m m\u00e0 kh\u00f4ng chi\u1ebfm qu\u00e1 nhi\u1ec1u di\u1ec7n t\u00edch.<\/p>\n<\/div>\n<p>Th\u01b0\u01a1ng hi\u1ec7u:\u00a0 M\u1edaI 100%\u00a0 \u00a0 \u00a0 \u00a0 \u00a0 \u00a0 | T\u00ecnh tr\u1ea1ng : C\u00f2n h\u00e0ng<\/p>\n<p>Vui l\u00f2ng li\u00ean h\u1ec7 \u0111\u1ec3 l\u1ea5y gi\u00e1 g\u1ed1c v\u00e0 khuy\u1ebfn m\u1ea1i<\/p>\n<hr \/>\n<p>Sa\u0309n ph\u00e2\u0309m \u0111\u01b0\u01a1\u0323c ba\u0301n ta\u0323i :<\/p>\n<p>C\u00d4NG TY TNHH TM-DV \u0110\u1ea6U T\u01af &amp; PH\u00c1T TRI\u1ec2N C\u00d4NG NGH\u1ec6 TO\u00c0N GIA<\/p>\n<p>VPGD: ng\u00f5 88 ph\u1ed1 Gi\u00e1p Nh\u1ecb, Th\u1ecbnh Li\u1ec7t, Ho\u00e0ng Mai, H\u00e0 N\u1ed9i<\/p>\n<p>X\u01b0\u1edfng s\u1ea3n xu\u1ea5t: L\u1ea1c \u0110\u1ea1o, V\u0103n L\u00e2m, H\u01b0ng Y\u00ean<\/p>\n<p>M\u1ecdi nhu c\u1ea7u Li\u00ean h\u1ec7:<\/p>\n<p><span style=\"color: #ff0000;\">???Hotline: 094 3030 117???<\/span><\/p>\n<p>Ph\u00f2ng Kinh doanh: 0918 92 55 22<\/p>\n<p>Ph\u00f2ng K\u1ef9 thu\u1eadt: 0918 26 55 22<\/p>\n<p>Ph\u00f2ng K\u1ebf to\u00e1n: 0916 49 88 22<\/p>\n<p>Tell: 024 3995 0208 \/ 0916 35 88 22<\/p>\n<p>Gmail: <a href=\"mailto:toangiamayvanphong@gmail.com\">toangiamayvanphong@gmail.com<\/a><\/p>\n<p>Web: <u>https:\/\/toangiamayvanphong.vn\/<\/u><\/p>\n<p>&nbsp;<\/p>\n","protected":false},"featured_media":1913,"comment_status":"open","ping_status":"closed","template":"","meta":[],"product_brand":[],"product_cat":[158],"product_tag":[293,294],"class_list":{"0":"post-2373","1":"product","2":"type-product","3":"status-publish","4":"has-post-thumbnail","6":"product_cat-van-phong-pham","7":"product_tag-pin-panasonic","8":"product_tag-pin-tieu","10":"first","11":"instock","12":"taxable","13":"shipping-taxable","14":"product-type-simple"},"_links":{"self":[{"href":"https:\/\/toangiamayvanphong.vn\/index.php?rest_route=\/wp\/v2\/product\/2373","targetHints":{"allow":["GET"]}}],"collection":[{"href":"https:\/\/toangiamayvanphong.vn\/index.php?rest_route=\/wp\/v2\/product"}],"about":[{"href":"https:\/\/toangiamayvanphong.vn\/index.php?rest_route=\/wp\/v2\/types\/product"}],"replies":[{"embeddable":true,"href":"https:\/\/toangiamayvanphong.vn\/index.php?rest_route=%2Fwp%2Fv2%2Fcomments&post=2373"}],"wp:featuredmedia":[{"embeddable":true,"href":"https:\/\/toangiamayvanphong.vn\/index.php?rest_route=\/wp\/v2\/media\/1913"}],"wp:attachment":[{"href":"https:\/\/toangiamayvanphong.vn\/index.php?rest_route=%2Fwp%2Fv2%2Fmedia&parent=2373"}],"wp:term":[{"taxonomy":"product_brand","embeddable":true,"href":"https:\/\/toangiamayvanphong.vn\/index.php?rest_route=%2Fwp%2Fv2%2Fproduct_brand&post=2373"},{"taxonomy":"product_cat","embeddable":true,"href":"https:\/\/toangiamayvanphong.vn\/index.php?rest_route=%2Fwp%2Fv2%2Fproduct_cat&post=2373"},{"taxonomy":"product_tag","embeddable":true,"href":"https:\/\/toangiamayvanphong.vn\/index.php?rest_route=%2Fwp%2Fv2%2Fproduct_tag&post=2373"}],"curies":[{"name":"wp","href":"https:\/\/api.w.org\/{rel}","templated":true}]}}