{"id":2375,"date":"2023-07-09T11:14:56","date_gmt":"2023-07-09T04:14:56","guid":{"rendered":"https:\/\/toangiamayvanphong.vn\/?post_type=product&#038;p=2375"},"modified":"2023-07-09T11:14:59","modified_gmt":"2023-07-09T04:14:59","slug":"giay-in-mau-a3-epson","status":"publish","type":"product","link":"https:\/\/toangiamayvanphong.vn\/?product=giay-in-mau-a3-epson","title":{"rendered":"GI\u1ea4Y IN M\u00c0U A3 EPSON"},"content":{"rendered":"<div>\n<p><img decoding=\"async\" class=\"emoji\" role=\"img\" draggable=\"false\" src=\"https:\/\/s.w.org\/images\/core\/emoji\/14.0.0\/svg\/1f308.svg\" alt=\"?\" \/><img decoding=\"async\" class=\"emoji\" role=\"img\" draggable=\"false\" src=\"https:\/\/s.w.org\/images\/core\/emoji\/14.0.0\/svg\/1f308.svg\" alt=\"?\" \/><img decoding=\"async\" class=\"emoji\" role=\"img\" draggable=\"false\" src=\"https:\/\/s.w.org\/images\/core\/emoji\/14.0.0\/svg\/1f308.svg\" alt=\"?\" \/>GI\u1ea4Y IN M\u00c0U A3 EPSON<\/p>\n<div class=\"mo_ta_sanpham\">\n<p>&#8211; Lo\u1ea1i gi\u1ea5y in \u1ea3nh c\u1ee7a h\u00e3ng Epson v\u1edbi m\u1eb7t in l\u00e1ng b\u00f3ng, m\u1eb7t sau c\u00f3 ch\u1ee9 Epson m\u00e0u xanh. Gi\u1ea5y Epson kh\u1ed5 A4 ch\u1ec9 in \u0111\u01b0\u1ee3c m\u1ed9t m\u1eb7t, ph\u00f9 h\u1ee3p v\u1edbi c\u00e1c d\u00f2ng m\u00e1y in m\u00e0u c\u00f3 tr\u00ean th\u1ecb tr\u01b0\u1eddng. Gi\u1ea5y Epson kh\u1ed5 A4 \u0111\u01b0\u1ee3c thay th\u1ebf cho c\u00e1c d\u00f2ng gi\u1ea5y lab c\u00f3 th\u1ec3 in h\u00ecnh th\u1ebb, in card, in h\u00ecnh c\u01b0\u1edbi, in tranh \u1ea3nh,&#8230;<\/p>\n<p>&#8211; L\u00e0 lo\u1ea1i gi\u1ea5y in \u1ea3nh 1 m\u1eb7t, thay th\u1ebf cho gi\u1ea5y \u1ea3nh chuy\u00ean nghi\u1ec7p, ph\u00f9 h\u1ee3p trong in \u1ea5n, thi\u1ebft k\u1ebf, in \u1ea5n ki\u1ebfn tr\u00fac, in t\u00e0i li\u1ec7u m\u00e0u gi\u00e1 r\u1ebb.<\/p>\n<p><strong>\u0110\u1eb7c \u0111i\u1ec3m:<\/strong><\/p>\n<p><span style=\"font-family: arial, helvetica, sans-serif;\">&#8211; M\u1eb7t tr\u01b0\u1edbc b\u00f3ng m\u1ecbn, in h\u00ecnh t\u01b0\u01a1i \u0111\u1eb9p.<\/span><\/p>\n<p><span style=\"font-family: arial, helvetica, sans-serif;\">&#8211; B\u1ec1 m\u1eb7t l\u00e1ng m\u1ecbn, m\u00e0u s\u1eafc m\u00e1t d\u1ecbu.<\/span><\/p>\n<p><span style=\"font-family: arial, helvetica, sans-serif;\">&#8211; T\u01b0\u01a1ng th\u00edch v\u1edbi t\u1ea5t c\u1ea3 c\u00e1c th\u01b0\u01a1ng hi\u1ec7u m\u00e1y in phun tr\u00ean th\u1ecb tr\u01b0\u1eddng.<\/span><\/p>\n<p><span style=\"font-family: arial, helvetica, sans-serif;\">&#8211; Xu\u1ea5t x\u1ee9: Vi\u1ec7t Nam.<\/span><\/p>\n<p><span style=\"font-family: arial, helvetica, sans-serif;\"><strong>\u0110\u1eb7c t\u00ednh:<\/strong>\u00a0ph\u00f9 h\u1ee3p in \u1ea3nh, danh thi\u1ebfp, thi\u1ebfp m\u1eddi, th\u1ef1c \u0111\u01a1n, t\u1edd r\u01a1i, thi\u1ebft k\u1ebf, qu\u1ea3ng c\u00e1o, in b\u00eca t\u00e0i li\u1ec7u,&#8230;<\/span><\/p>\n<p><span style=\"font-family: arial, helvetica, sans-serif;\"><strong>B\u1ea3o qu\u1ea3n:<\/strong>\u00a0N\u01a1i kh\u00f4 r\u00e1o, tr\u00e1nh \u00e1nh n\u1eafng chi\u1ebfu tr\u1ef1c ti\u1ebfp.<\/span><\/p>\n<\/div>\n<\/div>\n<p>C\u00d4NG TY TNHH TM-DV \u0110\u1ea6U T\u01af &amp; PH\u00c1T TRI\u1ec2N C\u00d4NG NGH\u1ec6 TO\u00c0N GIA<\/p>\n<p>VPGD: ng\u00f5 88 ph\u1ed1 Gi\u00e1p Nh\u1ecb, Th\u1ecbnh Li\u1ec7t, Ho\u00e0ng Mai, H\u00e0 N\u1ed9i<\/p>\n<p>X\u01b0\u1edfng s\u1ea3n xu\u1ea5t: L\u1ea1c \u0110\u1ea1o, V\u0103n L\u00e2m, H\u01b0ng Y\u00ean<\/p>\n<p>M\u1ecdi nhu c\u1ea7u Li\u00ean h\u1ec7:<\/p>\n<p>???Hotline: 094 3030 117???<\/p>\n<p>Ph\u00f2ng Kinh doanh: 0918 92 55 22<\/p>\n<p>Ph\u00f2ng K\u1ef9 thu\u1eadt: 0918 26 55 22<\/p>\n<p>Ph\u00f2ng K\u1ebf to\u00e1n: 0916 49 88 22<\/p>\n<p>Tell: 024 3995 0208 \/ 0916 35 88 22<\/p>\n<p>Gmail: <a href=\"mailto:toangiamayvanphong@gmail.com\">toangiamayvanphong@gmail.com<\/a><\/p>\n<p>Web: <u>https:\/\/toangiamayvanphong.vn\/<\/u><\/p>\n","protected":false},"excerpt":{"rendered":"<p><img decoding=\"async\" class=\"emoji\" role=\"img\" draggable=\"false\" src=\"https:\/\/s.w.org\/images\/core\/emoji\/14.0.0\/svg\/1f308.svg\" alt=\"?\" \/><img decoding=\"async\" class=\"emoji\" role=\"img\" draggable=\"false\" src=\"https:\/\/s.w.org\/images\/core\/emoji\/14.0.0\/svg\/1f308.svg\" alt=\"?\" \/><img decoding=\"async\" class=\"emoji\" role=\"img\" draggable=\"false\" src=\"https:\/\/s.w.org\/images\/core\/emoji\/14.0.0\/svg\/1f308.svg\" alt=\"?\" \/>GI\u1ea4Y IN M\u00c0U A3 EPSON<\/p>\n<div class=\"mo_ta_sanpham\">\n<p>&#8211; Lo\u1ea1i gi\u1ea5y in \u1ea3nh c\u1ee7a h\u00e3ng Epson v\u1edbi m\u1eb7t in l\u00e1ng b\u00f3ng, m\u1eb7t sau c\u00f3 ch\u1ee9 Epson m\u00e0u xanh. Gi\u1ea5y Epson kh\u1ed5 A4 ch\u1ec9 in \u0111\u01b0\u1ee3c m\u1ed9t m\u1eb7t, ph\u00f9 h\u1ee3p v\u1edbi c\u00e1c d\u00f2ng m\u00e1y in m\u00e0u c\u00f3 tr\u00ean th\u1ecb tr\u01b0\u1eddng. Gi\u1ea5y Epson kh\u1ed5 A4 \u0111\u01b0\u1ee3c thay th\u1ebf cho c\u00e1c d\u00f2ng gi\u1ea5y lab c\u00f3 th\u1ec3 in h\u00ecnh th\u1ebb, in card, in h\u00ecnh c\u01b0\u1edbi, in tranh \u1ea3nh,&#8230;<\/p>\n<p>&#8211; L\u00e0 lo\u1ea1i gi\u1ea5y in \u1ea3nh 1 m\u1eb7t, thay th\u1ebf cho gi\u1ea5y \u1ea3nh chuy\u00ean nghi\u1ec7p, ph\u00f9 h\u1ee3p trong in \u1ea5n, thi\u1ebft k\u1ebf, in \u1ea5n ki\u1ebfn tr\u00fac, in t\u00e0i li\u1ec7u m\u00e0u gi\u00e1 r\u1ebb.<\/p>\n<p><strong>\u0110\u1eb7c \u0111i\u1ec3m:<\/strong><\/p>\n<p><span style=\"font-family: arial, helvetica, sans-serif;\">&#8211; M\u1eb7t tr\u01b0\u1edbc b\u00f3ng m\u1ecbn, in h\u00ecnh t\u01b0\u01a1i \u0111\u1eb9p.<\/span><\/p>\n<p><span style=\"font-family: arial, helvetica, sans-serif;\">&#8211; B\u1ec1 m\u1eb7t l\u00e1ng m\u1ecbn, m\u00e0u s\u1eafc m\u00e1t d\u1ecbu.<\/span><\/p>\n<p><span style=\"font-family: arial, helvetica, sans-serif;\">&#8211; T\u01b0\u01a1ng th\u00edch v\u1edbi t\u1ea5t c\u1ea3 c\u00e1c th\u01b0\u01a1ng hi\u1ec7u m\u00e1y in phun tr\u00ean th\u1ecb tr\u01b0\u1eddng.<\/span><\/p>\n<p><span style=\"font-family: arial, helvetica, sans-serif;\">&#8211; Xu\u1ea5t x\u1ee9: Vi\u1ec7t Nam.<\/span><\/p>\n<p><span style=\"font-family: arial, helvetica, sans-serif;\"><strong>\u0110\u1eb7c t\u00ednh:<\/strong>\u00a0ph\u00f9 h\u1ee3p in \u1ea3nh, danh thi\u1ebfp, thi\u1ebfp m\u1eddi, th\u1ef1c \u0111\u01a1n, t\u1edd r\u01a1i, thi\u1ebft k\u1ebf, qu\u1ea3ng c\u00e1o, in b\u00eca t\u00e0i li\u1ec7u,&#8230;<\/span><\/p>\n<p><span style=\"font-family: arial, helvetica, sans-serif;\"><strong>B\u1ea3o qu\u1ea3n:<\/strong>\u00a0N\u01a1i kh\u00f4 r\u00e1o, tr\u00e1nh \u00e1nh n\u1eafng chi\u1ebfu tr\u1ef1c ti\u1ebfp.<\/span><\/p>\n<\/div>\n<p>Th\u01b0\u01a1ng hi\u1ec7u:\u00a0 M\u1edaI 100%\u00a0 \u00a0 \u00a0 \u00a0 \u00a0 \u00a0 | T\u00ecnh tr\u1ea1ng : C\u00f2n h\u00e0ng<\/p>\n<p>Vui l\u00f2ng li\u00ean h\u1ec7 \u0111\u1ec3 l\u1ea5y gi\u00e1 g\u1ed1c v\u00e0 khuy\u1ebfn m\u1ea1i<\/p>\n<hr \/>\n<p>Sa\u0309n ph\u00e2\u0309m \u0111\u01b0\u01a1\u0323c ba\u0301n ta\u0323i :<\/p>\n<p>C\u00d4NG TY TNHH TM-DV \u0110\u1ea6U T\u01af &amp; PH\u00c1T TRI\u1ec2N C\u00d4NG NGH\u1ec6 TO\u00c0N GIA<\/p>\n<p>VPGD: ng\u00f5 88 ph\u1ed1 Gi\u00e1p Nh\u1ecb, Th\u1ecbnh Li\u1ec7t, Ho\u00e0ng Mai, H\u00e0 N\u1ed9i<\/p>\n<p>X\u01b0\u1edfng s\u1ea3n xu\u1ea5t: L\u1ea1c \u0110\u1ea1o, V\u0103n L\u00e2m, H\u01b0ng Y\u00ean<\/p>\n<p>M\u1ecdi nhu c\u1ea7u Li\u00ean h\u1ec7:<\/p>\n<p><span style=\"color: #ff0000;\">???Hotline: 094 3030 117???<\/span><\/p>\n<p>Ph\u00f2ng Kinh doanh: 0918 92 55 22<\/p>\n<p>Ph\u00f2ng K\u1ef9 thu\u1eadt: 0918 26 55 22<\/p>\n<p>Ph\u00f2ng K\u1ebf to\u00e1n: 0916 49 88 22<\/p>\n<p>Tell: 024 3995 0208 \/ 0916 35 88 22<\/p>\n<p>Gmail: <a href=\"mailto:toangiamayvanphong@gmail.com\">toangiamayvanphong@gmail.com<\/a><\/p>\n<p>Web: <u>https:\/\/toangiamayvanphong.vn\/<\/u><\/p>\n<p>&nbsp;<\/p>\n","protected":false},"featured_media":1915,"comment_status":"open","ping_status":"closed","template":"","meta":[],"product_brand":[],"product_cat":[158],"product_tag":[297,298],"class_list":{"0":"post-2375","1":"product","2":"type-product","3":"status-publish","4":"has-post-thumbnail","6":"product_cat-van-phong-pham","7":"product_tag-giay-in-anh","8":"product_tag-giay-in-mau","10":"first","11":"instock","12":"taxable","13":"shipping-taxable","14":"product-type-simple"},"_links":{"self":[{"href":"https:\/\/toangiamayvanphong.vn\/index.php?rest_route=\/wp\/v2\/product\/2375","targetHints":{"allow":["GET"]}}],"collection":[{"href":"https:\/\/toangiamayvanphong.vn\/index.php?rest_route=\/wp\/v2\/product"}],"about":[{"href":"https:\/\/toangiamayvanphong.vn\/index.php?rest_route=\/wp\/v2\/types\/product"}],"replies":[{"embeddable":true,"href":"https:\/\/toangiamayvanphong.vn\/index.php?rest_route=%2Fwp%2Fv2%2Fcomments&post=2375"}],"wp:featuredmedia":[{"embeddable":true,"href":"https:\/\/toangiamayvanphong.vn\/index.php?rest_route=\/wp\/v2\/media\/1915"}],"wp:attachment":[{"href":"https:\/\/toangiamayvanphong.vn\/index.php?rest_route=%2Fwp%2Fv2%2Fmedia&parent=2375"}],"wp:term":[{"taxonomy":"product_brand","embeddable":true,"href":"https:\/\/toangiamayvanphong.vn\/index.php?rest_route=%2Fwp%2Fv2%2Fproduct_brand&post=2375"},{"taxonomy":"product_cat","embeddable":true,"href":"https:\/\/toangiamayvanphong.vn\/index.php?rest_route=%2Fwp%2Fv2%2Fproduct_cat&post=2375"},{"taxonomy":"product_tag","embeddable":true,"href":"https:\/\/toangiamayvanphong.vn\/index.php?rest_route=%2Fwp%2Fv2%2Fproduct_tag&post=2375"}],"curies":[{"name":"wp","href":"https:\/\/api.w.org\/{rel}","templated":true}]}}