{"id":2376,"date":"2023-07-09T11:14:56","date_gmt":"2023-07-09T04:14:56","guid":{"rendered":"https:\/\/toangiamayvanphong.vn\/?post_type=product&#038;p=2376"},"modified":"2023-07-09T11:14:59","modified_gmt":"2023-07-09T04:14:59","slug":"giay-bia-duplex-a4","status":"publish","type":"product","link":"https:\/\/toangiamayvanphong.vn\/?product=giay-bia-duplex-a4","title":{"rendered":"Gi\u1ea5y b\u00eca\u00a0Duplex A4"},"content":{"rendered":"<div>\n<p><img decoding=\"async\" class=\"emoji\" role=\"img\" draggable=\"false\" src=\"https:\/\/s.w.org\/images\/core\/emoji\/14.0.0\/svg\/1f308.svg\" alt=\"?\" \/><img decoding=\"async\" class=\"emoji\" role=\"img\" draggable=\"false\" src=\"https:\/\/s.w.org\/images\/core\/emoji\/14.0.0\/svg\/1f308.svg\" alt=\"?\" \/><img decoding=\"async\" class=\"emoji\" role=\"img\" draggable=\"false\" src=\"https:\/\/s.w.org\/images\/core\/emoji\/14.0.0\/svg\/1f308.svg\" alt=\"?\" \/>Gi\u1ea5y b\u00eca\u00a0Duplex A4<\/p>\n<p>&#8211;\u00a0 K\u00edch th\u01b0\u1edbc: 21(cm) x 29,7(cm)<\/p>\n<p>&#8211; M\u00e0u s\u1eafc: 1 m\u1eb7t tr\u1eafng 1 m\u1eb7t x\u00e1m<\/p>\n<p>&#8211; \u0110\u1ecbnh l\u01b0\u1ee3ng: 240 &#8211; 400 (gsm)<\/p>\n<p>&#8211; Gi\u1ea5y Duplex c\u00f3 m\u1ed9t b\u1ec1 m\u1eb7t tr\u1eafng v\u00e0 l\u00e1ng, m\u1eb7t c\u00f2n l\u1ea1i th\u01b0\u1eddng s\u1eabm. V\u1edbi \u0111\u1eb7c \u0111i\u1ec3m l\u00e0 c\u1ee9ng, c\u00f3 \u0111\u1ed9 b\u00f3ng m\u1ecbn cao, b\u00e1m m\u1ee9c t\u1ed1t th\u00ec gi\u1ea5y duplex \u0111ang \u0111\u01b0\u1ee3c s\u1eed d\u1ee5ng r\u1ed9ng r\u00e3i trong \u0111\u1eddi s\u1ed1ng \u0111\u1ec3 in c\u00e1c h\u1ed9p gi\u1ea5y duplex, c\u1ee5 th\u1ec3 nh\u01b0 in bao b\u00ec \u0111\u1ef1ng m\u1ef9 ph\u1ea9m, in h\u1ed9p \u0111\u1ef1ng b\u00e1nh kem, in h\u1ed9p d\u01b0\u1ee3c ph\u1ea9m, in h\u1ed9p \u0111\u1ef1ng qu\u00e0\u2026Ngo\u00e0i nh\u1eefng ph\u00e2n kh\u00fac s\u1ea3n ph\u1ea9m h\u1ed9p gi\u1ea5y duplex \u0111\u01b0\u1ee3c li\u1ec7t k\u00ea \u1edf tr\u00ean, gi\u1ea5y duplex v\u1edbi \u0111\u1eb7c \u0111i\u1ec3m l\u00e0 \u0111\u1ecbnh l\u01b0\u1ee3ng l\u1edbn, \u0111\u1ed9 c\u1ee9ng cao c\u00f2n \u0111\u01b0\u1ee3c s\u1eed d\u1ee5ng trong l\u0129nh v\u1ef1c in h\u1ed9p carton c\u1ee9ng, in th\u00f9ng carton, b\u00eca h\u1ed3 s\u01a1, in bao th\u01b0\u2026<\/p>\n<p>L\u01b0u \u00fd: N\u1ebfu gi\u1ea5y b\u1ecb b\u1ea9n th\u00ec th\u1ed5i qua v\u1ebft b\u1ea9n v\u00e0 d\u00f9ng kh\u0103n lau s\u1ebd s\u1ea1ch; n\u1ebfu gi\u1ea5y b\u1ecb qu\u0103n c\u00f3 th\u1ec3 d\u00f9ng b\u00e0n l\u00e0 \u0111\u1ec3 l\u00e0 ph\u1eb3ng<\/p>\n<\/div>\n<p>C\u00d4NG TY TNHH TM-DV \u0110\u1ea6U T\u01af &amp; PH\u00c1T TRI\u1ec2N C\u00d4NG NGH\u1ec6 TO\u00c0N GIA<\/p>\n<p>VPGD: ng\u00f5 88 ph\u1ed1 Gi\u00e1p Nh\u1ecb, Th\u1ecbnh Li\u1ec7t, Ho\u00e0ng Mai, H\u00e0 N\u1ed9i<\/p>\n<p>X\u01b0\u1edfng s\u1ea3n xu\u1ea5t: L\u1ea1c \u0110\u1ea1o, V\u0103n L\u00e2m, H\u01b0ng Y\u00ean<\/p>\n<p>M\u1ecdi nhu c\u1ea7u Li\u00ean h\u1ec7:<\/p>\n<p>???Hotline: 094 3030 117???<\/p>\n<p>Ph\u00f2ng Kinh doanh: 0918 92 55 22<\/p>\n<p>Ph\u00f2ng K\u1ef9 thu\u1eadt: 0918 26 55 22<\/p>\n<p>Ph\u00f2ng K\u1ebf to\u00e1n: 0916 49 88 22<\/p>\n<p>Tell: 024 3995 0208 \/ 0916 35 88 22<\/p>\n<p>Gmail: <a href=\"mailto:toangiamayvanphong@gmail.com\">toangiamayvanphong@gmail.com<\/a><\/p>\n<p>Web: <u>https:\/\/toangiamayvanphong.vn\/<\/u><\/p>\n","protected":false},"excerpt":{"rendered":"<p><img decoding=\"async\" class=\"emoji\" role=\"img\" draggable=\"false\" src=\"https:\/\/s.w.org\/images\/core\/emoji\/14.0.0\/svg\/1f308.svg\" alt=\"?\" \/><img decoding=\"async\" class=\"emoji\" role=\"img\" draggable=\"false\" src=\"https:\/\/s.w.org\/images\/core\/emoji\/14.0.0\/svg\/1f308.svg\" alt=\"?\" \/><img decoding=\"async\" class=\"emoji\" role=\"img\" draggable=\"false\" src=\"https:\/\/s.w.org\/images\/core\/emoji\/14.0.0\/svg\/1f308.svg\" alt=\"?\" \/>Gi\u1ea5y b\u00eca\u00a0Duplex A4<\/p>\n<p>&#8211;\u00a0 K\u00edch th\u01b0\u1edbc: 21(cm) x 29,7(cm)<\/p>\n<p>&#8211; M\u00e0u s\u1eafc: 1 m\u1eb7t tr\u1eafng 1 m\u1eb7t x\u00e1m<\/p>\n<p>&#8211; \u0110\u1ecbnh l\u01b0\u1ee3ng: 240 &#8211; 400 (gsm)<\/p>\n<p>&#8211; Gi\u1ea5y Duplex c\u00f3 m\u1ed9t b\u1ec1 m\u1eb7t tr\u1eafng v\u00e0 l\u00e1ng, m\u1eb7t c\u00f2n l\u1ea1i th\u01b0\u1eddng s\u1eabm. V\u1edbi \u0111\u1eb7c \u0111i\u1ec3m l\u00e0 c\u1ee9ng, c\u00f3 \u0111\u1ed9 b\u00f3ng m\u1ecbn cao, b\u00e1m m\u1ee9c t\u1ed1t th\u00ec gi\u1ea5y duplex \u0111ang \u0111\u01b0\u1ee3c s\u1eed d\u1ee5ng r\u1ed9ng r\u00e3i trong \u0111\u1eddi s\u1ed1ng \u0111\u1ec3 in c\u00e1c h\u1ed9p gi\u1ea5y duplex, c\u1ee5 th\u1ec3 nh\u01b0 in bao b\u00ec \u0111\u1ef1ng m\u1ef9 ph\u1ea9m, in h\u1ed9p \u0111\u1ef1ng b\u00e1nh kem, in h\u1ed9p d\u01b0\u1ee3c ph\u1ea9m, in h\u1ed9p \u0111\u1ef1ng qu\u00e0\u2026Ngo\u00e0i nh\u1eefng ph\u00e2n kh\u00fac s\u1ea3n ph\u1ea9m h\u1ed9p gi\u1ea5y duplex \u0111\u01b0\u1ee3c li\u1ec7t k\u00ea \u1edf tr\u00ean, gi\u1ea5y duplex v\u1edbi \u0111\u1eb7c \u0111i\u1ec3m l\u00e0 \u0111\u1ecbnh l\u01b0\u1ee3ng l\u1edbn, \u0111\u1ed9 c\u1ee9ng cao c\u00f2n \u0111\u01b0\u1ee3c s\u1eed d\u1ee5ng trong l\u0129nh v\u1ef1c in h\u1ed9p carton c\u1ee9ng, in th\u00f9ng carton, b\u00eca h\u1ed3 s\u01a1, in bao th\u01b0\u2026<\/p>\n<p>L\u01b0u \u00fd: N\u1ebfu gi\u1ea5y b\u1ecb b\u1ea9n th\u00ec th\u1ed5i qua v\u1ebft b\u1ea9n v\u00e0 d\u00f9ng kh\u0103n lau s\u1ebd s\u1ea1ch; n\u1ebfu gi\u1ea5y b\u1ecb qu\u0103n c\u00f3 th\u1ec3 d\u00f9ng b\u00e0n l\u00e0 \u0111\u1ec3 l\u00e0 ph\u1eb3ng<\/p>\n<p>Th\u01b0\u01a1ng hi\u1ec7u:\u00a0 M\u1edaI 100%\u00a0 \u00a0 \u00a0 \u00a0 \u00a0 \u00a0 | T\u00ecnh tr\u1ea1ng : C\u00f2n h\u00e0ng<\/p>\n<p>Vui l\u00f2ng li\u00ean h\u1ec7 \u0111\u1ec3 l\u1ea5y gi\u00e1 g\u1ed1c v\u00e0 khuy\u1ebfn m\u1ea1i<\/p>\n<hr \/>\n<p>Sa\u0309n ph\u00e2\u0309m \u0111\u01b0\u01a1\u0323c ba\u0301n ta\u0323i :<\/p>\n<p>C\u00d4NG TY TNHH TM-DV \u0110\u1ea6U T\u01af &amp; PH\u00c1T TRI\u1ec2N C\u00d4NG NGH\u1ec6 TO\u00c0N GIA<\/p>\n<p>VPGD: ng\u00f5 88 ph\u1ed1 Gi\u00e1p Nh\u1ecb, Th\u1ecbnh Li\u1ec7t, Ho\u00e0ng Mai, H\u00e0 N\u1ed9i<\/p>\n<p>X\u01b0\u1edfng s\u1ea3n xu\u1ea5t: L\u1ea1c \u0110\u1ea1o, V\u0103n L\u00e2m, H\u01b0ng Y\u00ean<\/p>\n<p>M\u1ecdi nhu c\u1ea7u Li\u00ean h\u1ec7:<\/p>\n<p><span style=\"color: #ff0000;\">???Hotline: 094 3030 117???<\/span><\/p>\n<p>Ph\u00f2ng Kinh doanh: 0918 92 55 22<\/p>\n<p>Ph\u00f2ng K\u1ef9 thu\u1eadt: 0918 26 55 22<\/p>\n<p>Ph\u00f2ng K\u1ebf to\u00e1n: 0916 49 88 22<\/p>\n<p>Tell: 024 3995 0208 \/ 0916 35 88 22<\/p>\n<p>Gmail: <a href=\"mailto:toangiamayvanphong@gmail.com\">toangiamayvanphong@gmail.com<\/a><\/p>\n<p>Web: <u>https:\/\/toangiamayvanphong.vn\/<\/u><\/p>\n<p>&nbsp;<\/p>\n","protected":false},"featured_media":1916,"comment_status":"open","ping_status":"closed","template":"","meta":[],"product_brand":[],"product_cat":[158],"product_tag":[299],"class_list":{"0":"post-2376","1":"product","2":"type-product","3":"status-publish","4":"has-post-thumbnail","6":"product_cat-van-phong-pham","7":"product_tag-giay-bia","9":"first","10":"instock","11":"taxable","12":"shipping-taxable","13":"product-type-simple"},"_links":{"self":[{"href":"https:\/\/toangiamayvanphong.vn\/index.php?rest_route=\/wp\/v2\/product\/2376","targetHints":{"allow":["GET"]}}],"collection":[{"href":"https:\/\/toangiamayvanphong.vn\/index.php?rest_route=\/wp\/v2\/product"}],"about":[{"href":"https:\/\/toangiamayvanphong.vn\/index.php?rest_route=\/wp\/v2\/types\/product"}],"replies":[{"embeddable":true,"href":"https:\/\/toangiamayvanphong.vn\/index.php?rest_route=%2Fwp%2Fv2%2Fcomments&post=2376"}],"wp:featuredmedia":[{"embeddable":true,"href":"https:\/\/toangiamayvanphong.vn\/index.php?rest_route=\/wp\/v2\/media\/1916"}],"wp:attachment":[{"href":"https:\/\/toangiamayvanphong.vn\/index.php?rest_route=%2Fwp%2Fv2%2Fmedia&parent=2376"}],"wp:term":[{"taxonomy":"product_brand","embeddable":true,"href":"https:\/\/toangiamayvanphong.vn\/index.php?rest_route=%2Fwp%2Fv2%2Fproduct_brand&post=2376"},{"taxonomy":"product_cat","embeddable":true,"href":"https:\/\/toangiamayvanphong.vn\/index.php?rest_route=%2Fwp%2Fv2%2Fproduct_cat&post=2376"},{"taxonomy":"product_tag","embeddable":true,"href":"https:\/\/toangiamayvanphong.vn\/index.php?rest_route=%2Fwp%2Fv2%2Fproduct_tag&post=2376"}],"curies":[{"name":"wp","href":"https:\/\/api.w.org\/{rel}","templated":true}]}}