{"id":2378,"date":"2023-07-09T11:14:56","date_gmt":"2023-07-09T04:14:56","guid":{"rendered":"https:\/\/toangiamayvanphong.vn\/?post_type=product&#038;p=2378"},"modified":"2026-04-26T18:06:00","modified_gmt":"2026-04-26T11:06:00","slug":"giay-fax-sakura-a4-nho","status":"publish","type":"product","link":"https:\/\/toangiamayvanphong.vn\/?product=giay-fax-sakura-a4-nho","title":{"rendered":"GI\u1ea4Y FAX SAKURA A4 &#8211; NH\u1ece"},"content":{"rendered":"<div>\n<p><img decoding=\"async\" class=\"emoji\" role=\"img\" draggable=\"false\" src=\"https:\/\/s.w.org\/images\/core\/emoji\/14.0.0\/svg\/1f308.svg\" alt=\"?\" \/><img decoding=\"async\" class=\"emoji\" role=\"img\" draggable=\"false\" src=\"https:\/\/s.w.org\/images\/core\/emoji\/14.0.0\/svg\/1f308.svg\" alt=\"?\" \/><img decoding=\"async\" class=\"emoji\" role=\"img\" draggable=\"false\" src=\"https:\/\/s.w.org\/images\/core\/emoji\/14.0.0\/svg\/1f308.svg\" alt=\"?\" \/>GI\u1ea4Y FAX SAKURA A4 &#8211; NH\u1ece<\/p>\n<p><strong>\u0110\u1eb7c \u0111i\u1ec3m :<\/strong><\/p>\n<p>&#8211; Gi\u1ea5y c\u1ea3m nhi\u1ec7t m\u1eb7t kh\u00f4ng nhi\u1ec7t \u0111\u01b0\u1ee3c qu\u1ea5n b\u00ean trong, m\u1eb7t nhi\u1ec7t \u0111\u01b0\u1ee3c qu\u1ea5n ra ngo\u00e0i,<\/p>\n<div>&#8211; \u0110\u01b0\u1eddng k\u00ednh trong l\u00f5i 27 mm, g\u00f3i gi\u1ea5y b\u1ea1c c\u00e1ch nhi\u1ec7t, d\u00e1n tem hai \u0111\u1ea7u, c\u00f3 m\u00e0ng co.<\/div>\n<div>&#8211; Gi\u1ea5y Fax Kosaka l\u00e0 s\u1ea3n ph\u1ea9m c\u1ee7a OJI Nh\u1eadt B\u1ea3n ph\u00f9 h\u1ee3p cho t\u1ea5t c\u1ea3 m\u00e1y \u00a0Fax c\u1ea3m nhi\u1ec7t.<\/div>\n<div><\/div>\n<div><strong>\u00a0Ch\u1ea5t l\u01b0\u1ee3ng:\u00a0<\/strong><\/div>\n<div>&#8211; B\u1ec1 m\u1eb7t gi\u1ea5y l\u00e1ng m\u1ecbn, kh\u00f4ng g\u00e2y b\u1ee5i, ch\u1ea5t c\u1ea3m nhi\u1ec7t t\u1ed1t, kh\u00f4ng b\u1ecb m\u1ea5t n\u00e9t, nh\u00f2e n\u00e9t khi in.<\/div>\n<div>&#8211; S\u1ea3n ph\u1ea9m c\u00f3 tem ch\u1ed1ng h\u00e0ng gi\u1ea3.<\/div>\n<div>&#8211; Quy c\u00e1ch: Kh\u1ed5 gi\u1ea5y A4 v\u1eeba cho ng\u01b0\u1eddi s\u1eed d\u1ee5ng.<\/div>\n<div>&#8211; \u0110\u1ecbnh l\u01b0\u1ee3ng: 50m.<\/div>\n<\/div>\n<p>C\u00d4NG TY TNHH TM-DV \u0110\u1ea6U T\u01af &amp; PH\u00c1T TRI\u1ec2N C\u00d4NG NGH\u1ec6 TO\u00c0N GIA<\/p>\n<p>VPGD: ng\u00f5 88 ph\u1ed1 Gi\u00e1p Nh\u1ecb, Th\u1ecbnh Li\u1ec7t, Ho\u00e0ng Mai, H\u00e0 N\u1ed9i<\/p>\n<p>X\u01b0\u1edfng s\u1ea3n xu\u1ea5t: L\u1ea1c \u0110\u1ea1o, V\u0103n L\u00e2m, H\u01b0ng Y\u00ean<\/p>\n<p>M\u1ecdi nhu c\u1ea7u Li\u00ean h\u1ec7:<\/p>\n<p>???Hotline: 094 3030 117???<\/p>\n<p>Ph\u00f2ng Kinh doanh: 0918 92 55 22<\/p>\n<p>Ph\u00f2ng K\u1ef9 thu\u1eadt: 0918 26 55 22<\/p>\n<p>Ph\u00f2ng K\u1ebf to\u00e1n: 0916 49 88 22<\/p>\n<p>Tell: 024 3995 0208 \/ 0916 35 88 22<\/p>\n<p>Gmail: <a href=\"mailto:toangiamayvanphong@gmail.com\">toangiamayvanphong@gmail.com<\/a><\/p>\n<p>Web: <u>https:\/\/toangiamayvanphong.vn\/<\/u><\/p>\n","protected":false},"excerpt":{"rendered":"<p><img decoding=\"async\" class=\"emoji\" role=\"img\" draggable=\"false\" src=\"https:\/\/s.w.org\/images\/core\/emoji\/14.0.0\/svg\/1f308.svg\" alt=\"?\" \/><img decoding=\"async\" class=\"emoji\" role=\"img\" draggable=\"false\" src=\"https:\/\/s.w.org\/images\/core\/emoji\/14.0.0\/svg\/1f308.svg\" alt=\"?\" \/><img decoding=\"async\" class=\"emoji\" role=\"img\" draggable=\"false\" src=\"https:\/\/s.w.org\/images\/core\/emoji\/14.0.0\/svg\/1f308.svg\" alt=\"?\" \/>GI\u1ea4Y FAX SAKURA A4 &#8211; NH\u1ece<\/p>\n<p><strong>\u0110\u1eb7c \u0111i\u1ec3m :<\/strong><\/p>\n<p>&#8211; Gi\u1ea5y c\u1ea3m nhi\u1ec7t m\u1eb7t kh\u00f4ng nhi\u1ec7t \u0111\u01b0\u1ee3c qu\u1ea5n b\u00ean trong, m\u1eb7t nhi\u1ec7t \u0111\u01b0\u1ee3c qu\u1ea5n ra ngo\u00e0i,<\/p>\n<div>&#8211; \u0110\u01b0\u1eddng k\u00ednh trong l\u00f5i 27 mm, g\u00f3i gi\u1ea5y b\u1ea1c c\u00e1ch nhi\u1ec7t, d\u00e1n tem hai \u0111\u1ea7u, c\u00f3 m\u00e0ng co.<\/div>\n<div>&#8211; Gi\u1ea5y Fax Kosaka l\u00e0 s\u1ea3n ph\u1ea9m c\u1ee7a OJI Nh\u1eadt B\u1ea3n ph\u00f9 h\u1ee3p cho t\u1ea5t c\u1ea3 m\u00e1y \u00a0Fax c\u1ea3m nhi\u1ec7t.<\/div>\n<div><\/div>\n<div><strong>\u00a0Ch\u1ea5t l\u01b0\u1ee3ng:\u00a0<\/strong><\/div>\n<div>&#8211; B\u1ec1 m\u1eb7t gi\u1ea5y l\u00e1ng m\u1ecbn, kh\u00f4ng g\u00e2y b\u1ee5i, ch\u1ea5t c\u1ea3m nhi\u1ec7t t\u1ed1t, kh\u00f4ng b\u1ecb m\u1ea5t n\u00e9t, nh\u00f2e n\u00e9t khi in.<\/div>\n<div>&#8211; S\u1ea3n ph\u1ea9m c\u00f3 tem ch\u1ed1ng h\u00e0ng gi\u1ea3.<\/div>\n<div>&#8211; Quy c\u00e1ch: Kh\u1ed5 gi\u1ea5y A4 v\u1eeba cho ng\u01b0\u1eddi s\u1eed d\u1ee5ng.<\/div>\n<div>&#8211; \u0110\u1ecbnh l\u01b0\u1ee3ng: 50m.<\/div>\n<p>Th\u01b0\u01a1ng hi\u1ec7u:\u00a0 M\u1edaI 100%\u00a0 \u00a0 \u00a0 \u00a0 \u00a0 \u00a0 | T\u00ecnh tr\u1ea1ng : C\u00f2n h\u00e0ng<\/p>\n<p>Vui l\u00f2ng li\u00ean h\u1ec7 \u0111\u1ec3 l\u1ea5y gi\u00e1 g\u1ed1c v\u00e0 khuy\u1ebfn m\u1ea1i<\/p>\n<hr \/>\n<p>Sa\u0309n ph\u00e2\u0309m \u0111\u01b0\u01a1\u0323c ba\u0301n ta\u0323i :<\/p>\n<p>C\u00d4NG TY TNHH TM-DV \u0110\u1ea6U T\u01af &amp; PH\u00c1T TRI\u1ec2N C\u00d4NG NGH\u1ec6 TO\u00c0N GIA<\/p>\n<p>VPGD: ng\u00f5 88 ph\u1ed1 Gi\u00e1p Nh\u1ecb, Th\u1ecbnh Li\u1ec7t, Ho\u00e0ng Mai, H\u00e0 N\u1ed9i<\/p>\n<p>X\u01b0\u1edfng s\u1ea3n xu\u1ea5t: L\u1ea1c \u0110\u1ea1o, V\u0103n L\u00e2m, H\u01b0ng Y\u00ean<\/p>\n<p>M\u1ecdi nhu c\u1ea7u Li\u00ean h\u1ec7:<\/p>\n<p><span style=\"color: #ff0000;\">???Hotline: 094 3030 117???<\/span><\/p>\n<p>Ph\u00f2ng Kinh doanh: 0918 92 55 22<\/p>\n<p>Ph\u00f2ng K\u1ef9 thu\u1eadt: 0918 26 55 22<\/p>\n<p>Ph\u00f2ng K\u1ebf to\u00e1n: 0916 49 88 22<\/p>\n<p>Tell: 024 3995 0208 \/ 0916 35 88 22<\/p>\n<p>Gmail: <a href=\"mailto:toangiamayvanphong@gmail.com\">toangiamayvanphong@gmail.com<\/a><\/p>\n<p>Web: <u>https:\/\/toangiamayvanphong.vn\/<\/u><\/p>\n<p>&nbsp;<\/p>\n","protected":false},"featured_media":1948,"comment_status":"open","ping_status":"closed","template":"","meta":[],"product_brand":[],"product_cat":[158],"product_tag":[302,303],"class_list":{"0":"post-2378","1":"product","2":"type-product","3":"status-publish","4":"has-post-thumbnail","6":"product_cat-van-phong-pham","7":"product_tag-giay-fax","8":"product_tag-giay-sakura","10":"first","11":"instock","12":"taxable","13":"shipping-taxable","14":"product-type-simple"},"_links":{"self":[{"href":"https:\/\/toangiamayvanphong.vn\/index.php?rest_route=\/wp\/v2\/product\/2378","targetHints":{"allow":["GET"]}}],"collection":[{"href":"https:\/\/toangiamayvanphong.vn\/index.php?rest_route=\/wp\/v2\/product"}],"about":[{"href":"https:\/\/toangiamayvanphong.vn\/index.php?rest_route=\/wp\/v2\/types\/product"}],"replies":[{"embeddable":true,"href":"https:\/\/toangiamayvanphong.vn\/index.php?rest_route=%2Fwp%2Fv2%2Fcomments&post=2378"}],"wp:featuredmedia":[{"embeddable":true,"href":"https:\/\/toangiamayvanphong.vn\/index.php?rest_route=\/wp\/v2\/media\/1948"}],"wp:attachment":[{"href":"https:\/\/toangiamayvanphong.vn\/index.php?rest_route=%2Fwp%2Fv2%2Fmedia&parent=2378"}],"wp:term":[{"taxonomy":"product_brand","embeddable":true,"href":"https:\/\/toangiamayvanphong.vn\/index.php?rest_route=%2Fwp%2Fv2%2Fproduct_brand&post=2378"},{"taxonomy":"product_cat","embeddable":true,"href":"https:\/\/toangiamayvanphong.vn\/index.php?rest_route=%2Fwp%2Fv2%2Fproduct_cat&post=2378"},{"taxonomy":"product_tag","embeddable":true,"href":"https:\/\/toangiamayvanphong.vn\/index.php?rest_route=%2Fwp%2Fv2%2Fproduct_tag&post=2378"}],"curies":[{"name":"wp","href":"https:\/\/api.w.org\/{rel}","templated":true}]}}